{"id":133342,"date":"2024-02-13T15:25:41","date_gmt":"2024-02-13T13:25:41","guid":{"rendered":"https:\/\/metaltale.com\/produktas\/stacionarais-virtuves-krans-plain-melns\/"},"modified":"2024-02-13T15:25:41","modified_gmt":"2024-02-13T13:25:41","slug":"stacionarais-virtuves-krans-plain-melns","status":"publish","type":"product","link":"https:\/\/metaltale.com\/lv\/produkts\/stacionarais-virtuves-krans-plain-melns\/","title":{"rendered":"Stacion\u0101rais virtuves kr\u0101ns PLAIN, melns"},"content":{"rendered":"<div class=\"prod_data\">\n<p><strong>Modelis<\/strong> QZ.CF-057-CZ<br \/>\nModern\u0101 <strong>kolekcija<\/strong><br \/>\n<strong>Augstums (cm<\/strong> ) 39<br \/>\n<strong>Pamatnes diametrs (cm)<\/strong> 4,6<br \/>\n<strong>Kop\u0113j\u0101 projekcija (cm<\/strong> ) 23<br \/>\n<strong>Izsmidzin\u0101t\u0101ja garums (cm<\/strong> ) 17,5<br \/>\n<strong>Augstums l\u012bdz izsmidzin\u0101t\u0101jam (cm<\/strong> ) 28<br \/>\n<strong>Materi\u0101ls<\/strong> Ner\u016bs\u0113jo\u0161ais t\u0113rauds<br \/>\nKr\u0101sa Melna<br \/>\n<strong>Apdares<\/strong> sp\u012bdums<br \/>\n<strong>Rot\u0113jo\u0161s izsmidzin\u0101t\u0101js<\/strong> J\u0101<br \/>\n<strong>Perlators (aerators<\/strong> ) J\u0101<\/p>\n<p>Sienas mais\u012bt\u0101js no ner\u016bs\u0113jo\u0161\u0101 t\u0113rauda<\/p>\n<p>360&#8242; rot\u0113jo\u0161ais izsmidzin\u0101t\u0101js<\/p>\n<p>Aerators &#8211; aerators, kas samazina \u016bdens pat\u0113ri\u0146u<\/p>\n<p>keramikas galva &#8211; elements, kas nodro\u0161ina pareizu \u016bdens sadali.<\/p>\n<p>Komplekt\u0101 ir iek\u013cauti visi uzst\u0101d\u012b\u0161anai nepiecie\u0161amie elementi (\u0161\u013c\u016btene, skr\u016bve galda virsmai, skr\u016bv\u0113jam\u0101s starplikas).<\/p>\n<hr>\n<p>Praktisk\u0101 forma un mat\u0113ti meln\u0101 apdare pie\u0161\u0137ir m\u016bsu izlietnes mais\u012bt\u0101jam m\u016bsdien\u012bgu stilu, padarot to piem\u0113rotu b\u0113ni\u0146u un industri\u0101lam interjeram. Br\u012bvst\u0101vo\u0161ajam kr\u0101nam Plain ir pagrie\u017eams izsmidzin\u0101t\u0101js, kas nodro\u0161ina praktiskumu, savuk\u0101rt keramisk\u0101 galvi\u0146a un aerators nodro\u0161ina lieto\u0161anas kvalit\u0101ti. \u0160im izlietnes mais\u012bt\u0101jam ir ar\u012b ergonomisks rokturis, kas \u013cauj \u0113rti regul\u0113t \u016bdens pl\u016bsmu un temperat\u016bru.<\/p>\n<\/div>\n","protected":false},"excerpt":{"rendered":"<p>Modelis QZ.CF-057-CZ Modern\u0101 kolekcija Augstums (cm ) 39 Pamatnes diametrs (cm) 4,6 Kop\u0113j\u0101 projekcija (cm ) 23 Izsmidzin\u0101t\u0101ja garums (cm<\/p>\n","protected":false},"featured_media":96682,"comment_status":"open","ping_status":"closed","template":"","meta":{"_acf_changed":false,"pmpro_default_level":""},"product_brand":[],"product_cat":[24097,24096],"product_tag":[],"class_list":{"0":"post-133342","1":"product","2":"type-product","3":"status-publish","4":"has-post-thumbnail","6":"product_cat-brivi-stavosi-virtuves-maisitaji","7":"product_cat-virtuves-maisitaji","8":"pmpro-has-access","10":"first","11":"instock","12":"shipping-taxable","13":"purchasable","14":"product-type-simple"},"acf":[],"yoast_head":"<!-- This site is optimized with the Yoast SEO plugin v24.9 - https:\/\/yoast.com\/wordpress\/plugins\/seo\/ -->\n<title>Stacion\u0101rais virtuves kr\u0101ns PLAIN, melns - MetalTale.com<\/title>\n<meta name=\"robots\" content=\"index, follow, max-snippet:-1, max-image-preview:large, max-video-preview:-1\" \/>\n<link rel=\"canonical\" href=\"https:\/\/metaltale.com\/lv\/produkts\/stacionarais-virtuves-krans-plain-melns\/\" \/>\n<meta property=\"og:locale\" content=\"lv_LV\" \/>\n<meta property=\"og:type\" content=\"article\" \/>\n<meta property=\"og:title\" content=\"Stacion\u0101rais virtuves kr\u0101ns PLAIN, melns - MetalTale.com\" \/>\n<meta property=\"og:description\" content=\"Modelis QZ.CF-057-CZ Modern\u0101 kolekcija Augstums (cm ) 39 Pamatnes diametrs (cm) 4,6 Kop\u0113j\u0101 projekcija (cm ) 23 Izsmidzin\u0101t\u0101ja garums (cm\" \/>\n<meta property=\"og:url\" content=\"https:\/\/metaltale.com\/lv\/produkts\/stacionarais-virtuves-krans-plain-melns\/\" \/>\n<meta property=\"og:site_name\" content=\"MetalTale.com\" \/>\n<meta property=\"og:image\" content=\"https:\/\/metaltale.com\/wp-content\/uploads\/2023\/10\/Laisvai-pastatomi-virtuviniai-maix161ytuvai.jpg\" \/>\n\t<meta property=\"og:image:width\" content=\"800\" \/>\n\t<meta property=\"og:image:height\" content=\"800\" \/>\n\t<meta property=\"og:image:type\" content=\"image\/jpeg\" \/>\n<meta name=\"twitter:card\" content=\"summary_large_image\" \/>\n<meta name=\"twitter:label1\" content=\"Est. reading time\" \/>\n\t<meta name=\"twitter:data1\" content=\"1 minute\" \/>\n<script type=\"application\/ld+json\" class=\"yoast-schema-graph\">{\"@context\":\"https:\/\/schema.org\",\"@graph\":[{\"@type\":\"WebPage\",\"@id\":\"https:\/\/metaltale.com\/lv\/produkts\/stacionarais-virtuves-krans-plain-melns\/\",\"url\":\"https:\/\/metaltale.com\/lv\/produkts\/stacionarais-virtuves-krans-plain-melns\/\",\"name\":\"Stacion\u0101rais virtuves kr\u0101ns PLAIN, melns - MetalTale.com\",\"isPartOf\":{\"@id\":\"https:\/\/metaltale.com\/lv\/#website\"},\"primaryImageOfPage\":{\"@id\":\"https:\/\/metaltale.com\/lv\/produkts\/stacionarais-virtuves-krans-plain-melns\/#primaryimage\"},\"image\":{\"@id\":\"https:\/\/metaltale.com\/lv\/produkts\/stacionarais-virtuves-krans-plain-melns\/#primaryimage\"},\"thumbnailUrl\":\"https:\/\/metaltale.com\/wp-content\/uploads\/2023\/10\/Laisvai-pastatomi-virtuviniai-maix161ytuvai.jpg\",\"datePublished\":\"2024-02-13T13:25:41+00:00\",\"breadcrumb\":{\"@id\":\"https:\/\/metaltale.com\/lv\/produkts\/stacionarais-virtuves-krans-plain-melns\/#breadcrumb\"},\"inLanguage\":\"lv-LV\",\"potentialAction\":[{\"@type\":\"ReadAction\",\"target\":[\"https:\/\/metaltale.com\/lv\/produkts\/stacionarais-virtuves-krans-plain-melns\/\"]}]},{\"@type\":\"ImageObject\",\"inLanguage\":\"lv-LV\",\"@id\":\"https:\/\/metaltale.com\/lv\/produkts\/stacionarais-virtuves-krans-plain-melns\/#primaryimage\",\"url\":\"https:\/\/metaltale.com\/wp-content\/uploads\/2023\/10\/Laisvai-pastatomi-virtuviniai-maix161ytuvai.jpg\",\"contentUrl\":\"https:\/\/metaltale.com\/wp-content\/uploads\/2023\/10\/Laisvai-pastatomi-virtuviniai-maix161ytuvai.jpg\",\"width\":800,\"height\":800,\"caption\":\"Stacion\u0101rais virtuves kr\u0101ns PLAIN, melns\"},{\"@type\":\"BreadcrumbList\",\"@id\":\"https:\/\/metaltale.com\/lv\/produkts\/stacionarais-virtuves-krans-plain-melns\/#breadcrumb\",\"itemListElement\":[{\"@type\":\"ListItem\",\"position\":1,\"name\":\"Home\",\"item\":\"https:\/\/metaltale.com\/lv\/majas\/\"},{\"@type\":\"ListItem\",\"position\":2,\"name\":\"Veikals\",\"item\":\"https:\/\/metaltale.com\/lv\/shop\/\"},{\"@type\":\"ListItem\",\"position\":3,\"name\":\"Stacion\u0101rais virtuves kr\u0101ns PLAIN, melns\"}]},{\"@type\":\"WebSite\",\"@id\":\"https:\/\/metaltale.com\/lv\/#website\",\"url\":\"https:\/\/metaltale.com\/lv\/\",\"name\":\"Metaltale.com\",\"description\":\"\",\"potentialAction\":[{\"@type\":\"SearchAction\",\"target\":{\"@type\":\"EntryPoint\",\"urlTemplate\":\"https:\/\/metaltale.com\/lv\/?s={search_term_string}\"},\"query-input\":{\"@type\":\"PropertyValueSpecification\",\"valueRequired\":true,\"valueName\":\"search_term_string\"}}],\"inLanguage\":\"lv-LV\"}]}<\/script>\n<!-- \/ Yoast SEO plugin. -->","yoast_head_json":{"title":"Stacion\u0101rais virtuves kr\u0101ns PLAIN, melns - MetalTale.com","robots":{"index":"index","follow":"follow","max-snippet":"max-snippet:-1","max-image-preview":"max-image-preview:large","max-video-preview":"max-video-preview:-1"},"canonical":"https:\/\/metaltale.com\/lv\/produkts\/stacionarais-virtuves-krans-plain-melns\/","og_locale":"lv_LV","og_type":"article","og_title":"Stacion\u0101rais virtuves kr\u0101ns PLAIN, melns - MetalTale.com","og_description":"Modelis QZ.CF-057-CZ Modern\u0101 kolekcija Augstums (cm ) 39 Pamatnes diametrs (cm) 4,6 Kop\u0113j\u0101 projekcija (cm ) 23 Izsmidzin\u0101t\u0101ja garums (cm","og_url":"https:\/\/metaltale.com\/lv\/produkts\/stacionarais-virtuves-krans-plain-melns\/","og_site_name":"MetalTale.com","og_image":[{"width":800,"height":800,"url":"https:\/\/metaltale.com\/wp-content\/uploads\/2023\/10\/Laisvai-pastatomi-virtuviniai-maix161ytuvai.jpg","type":"image\/jpeg"}],"twitter_card":"summary_large_image","twitter_misc":{"Est. reading time":"1 minute"},"schema":{"@context":"https:\/\/schema.org","@graph":[{"@type":"WebPage","@id":"https:\/\/metaltale.com\/lv\/produkts\/stacionarais-virtuves-krans-plain-melns\/","url":"https:\/\/metaltale.com\/lv\/produkts\/stacionarais-virtuves-krans-plain-melns\/","name":"Stacion\u0101rais virtuves kr\u0101ns PLAIN, melns - MetalTale.com","isPartOf":{"@id":"https:\/\/metaltale.com\/lv\/#website"},"primaryImageOfPage":{"@id":"https:\/\/metaltale.com\/lv\/produkts\/stacionarais-virtuves-krans-plain-melns\/#primaryimage"},"image":{"@id":"https:\/\/metaltale.com\/lv\/produkts\/stacionarais-virtuves-krans-plain-melns\/#primaryimage"},"thumbnailUrl":"https:\/\/metaltale.com\/wp-content\/uploads\/2023\/10\/Laisvai-pastatomi-virtuviniai-maix161ytuvai.jpg","datePublished":"2024-02-13T13:25:41+00:00","breadcrumb":{"@id":"https:\/\/metaltale.com\/lv\/produkts\/stacionarais-virtuves-krans-plain-melns\/#breadcrumb"},"inLanguage":"lv-LV","potentialAction":[{"@type":"ReadAction","target":["https:\/\/metaltale.com\/lv\/produkts\/stacionarais-virtuves-krans-plain-melns\/"]}]},{"@type":"ImageObject","inLanguage":"lv-LV","@id":"https:\/\/metaltale.com\/lv\/produkts\/stacionarais-virtuves-krans-plain-melns\/#primaryimage","url":"https:\/\/metaltale.com\/wp-content\/uploads\/2023\/10\/Laisvai-pastatomi-virtuviniai-maix161ytuvai.jpg","contentUrl":"https:\/\/metaltale.com\/wp-content\/uploads\/2023\/10\/Laisvai-pastatomi-virtuviniai-maix161ytuvai.jpg","width":800,"height":800,"caption":"Stacion\u0101rais virtuves kr\u0101ns PLAIN, melns"},{"@type":"BreadcrumbList","@id":"https:\/\/metaltale.com\/lv\/produkts\/stacionarais-virtuves-krans-plain-melns\/#breadcrumb","itemListElement":[{"@type":"ListItem","position":1,"name":"Home","item":"https:\/\/metaltale.com\/lv\/majas\/"},{"@type":"ListItem","position":2,"name":"Veikals","item":"https:\/\/metaltale.com\/lv\/shop\/"},{"@type":"ListItem","position":3,"name":"Stacion\u0101rais virtuves kr\u0101ns PLAIN, melns"}]},{"@type":"WebSite","@id":"https:\/\/metaltale.com\/lv\/#website","url":"https:\/\/metaltale.com\/lv\/","name":"Metaltale.com","description":"","potentialAction":[{"@type":"SearchAction","target":{"@type":"EntryPoint","urlTemplate":"https:\/\/metaltale.com\/lv\/?s={search_term_string}"},"query-input":{"@type":"PropertyValueSpecification","valueRequired":true,"valueName":"search_term_string"}}],"inLanguage":"lv-LV"}]}},"_links":{"self":[{"href":"https:\/\/metaltale.com\/lv\/wp-json\/wp\/v2\/product\/133342","targetHints":{"allow":["GET"]}}],"collection":[{"href":"https:\/\/metaltale.com\/lv\/wp-json\/wp\/v2\/product"}],"about":[{"href":"https:\/\/metaltale.com\/lv\/wp-json\/wp\/v2\/types\/product"}],"replies":[{"embeddable":true,"href":"https:\/\/metaltale.com\/lv\/wp-json\/wp\/v2\/comments?post=133342"}],"version-history":[{"count":0,"href":"https:\/\/metaltale.com\/lv\/wp-json\/wp\/v2\/product\/133342\/revisions"}],"wp:featuredmedia":[{"embeddable":true,"href":"https:\/\/metaltale.com\/lv\/wp-json\/wp\/v2\/media\/96682"}],"wp:attachment":[{"href":"https:\/\/metaltale.com\/lv\/wp-json\/wp\/v2\/media?parent=133342"}],"wp:term":[{"taxonomy":"product_brand","embeddable":true,"href":"https:\/\/metaltale.com\/lv\/wp-json\/wp\/v2\/product_brand?post=133342"},{"taxonomy":"product_cat","embeddable":true,"href":"https:\/\/metaltale.com\/lv\/wp-json\/wp\/v2\/product_cat?post=133342"},{"taxonomy":"product_tag","embeddable":true,"href":"https:\/\/metaltale.com\/lv\/wp-json\/wp\/v2\/product_tag?post=133342"}],"curies":[{"name":"wp","href":"https:\/\/api.w.org\/{rel}","templated":true}]}}