{"id":133329,"date":"2024-02-13T15:25:41","date_gmt":"2024-02-13T13:25:41","guid":{"rendered":"https:\/\/metaltale.com\/produktas\/teramo-stacionarais-izlietnes-maisitajs-antika-bronza\/"},"modified":"2024-02-13T15:25:41","modified_gmt":"2024-02-13T13:25:41","slug":"teramo-stacionarais-izlietnes-maisitajs-antika-bronza","status":"publish","type":"product","link":"https:\/\/metaltale.com\/lv\/produkts\/teramo-stacionarais-izlietnes-maisitajs-antika-bronza\/","title":{"rendered":"TERAMO stacion\u0101rais izlietnes mais\u012bt\u0101js, ant\u012bk\u0101 bronza"},"content":{"rendered":"<div class=\"prod_data\">\n<p><strong>Modelis<\/strong> QZ.MP-003.S-RZL<br \/>\nModern\u0101 <strong>kolekcija<\/strong><br \/>\n<strong>Augstums (cm<\/strong> ) 17,5<br \/>\n<strong>Vien\u012bg\u0101s zoles platums<\/strong> 5 cm<br \/>\n<strong>Kop\u0113j\u0101 projekcija (cm<\/strong> ) 15,5<br \/>\n<strong>Izsmidzin\u0101t\u0101ja garums (cm<\/strong> ) 11,5<br \/>\n<strong>Augstums l\u012bdz izsmidzin\u0101t\u0101jam (cm<\/strong> ) 13<br \/>\n<strong>Materi\u0101ls<\/strong> Ner\u016bs\u0113jo\u0161ais t\u0113rauds<br \/>\n<strong>Kr\u0101sa<\/strong> Antique bronze<br \/>\nApdare mat\u0113ta<br \/>\n<strong>Rot\u0113jo\u0161s izsmidzin\u0101t\u0101js<\/strong> N\u0113<br \/>\n<strong>Perlators (aerators<\/strong> ) J\u0101<br \/>\n<strong>Mais\u012bt\u0101ja tips<\/strong> Br\u012bvi st\u0101vo\u0161s<\/p>\n<p>Sienas mais\u012bt\u0101js no ner\u016bs\u0113jo\u0161\u0101 t\u0113rauda<\/p>\n<p>viena izsmidzin\u0101t\u0101ja modelis<\/p>\n<p>fiks\u0113ts izpl\u016bdes<\/p>\n<p>Aerators &#8211; \u016bdens pat\u0113ri\u0146a samazin\u0101\u0161anai<\/p>\n<p>keramikas galva &#8211; elements, kas nodro\u0161ina pareizu \u016bdens sadali.<\/p>\n<p>Komplekt\u0101 ir iek\u013cauti visi uzst\u0101d\u012b\u0161anai nepiecie\u0161amie elementi (\u0161\u013c\u016btene, skr\u016bve galda virsmai, skr\u016bv\u0113jam\u0101s starplikas).<\/p>\n<hr>\n<p>Modern\u0101 forma apvienojum\u0101 ar ant\u012bko bronzas apdari rada kr\u0101nu ar at\u0161\u0137ir\u012bgu raksturu. Teramo br\u012bvi st\u0101vo\u0161ais izlietnes mais\u012bt\u0101js ir lielisks papildin\u0101jums glam\u016br\u012bg\u0101m vai minim\u0101lisma stila vannas istab\u0101m. Jauc\u0113jkr\u0101ns ir izgatavots no ner\u016bs\u0113jo\u0161\u0101 t\u0113rauda, kas garant\u0113 \u016bdensnecaurlaid\u012bgu korpusu gadiem ilgi. Ja mekl\u0113jat praktisku, bet ori\u0123in\u0101lu produktu, Teramo mais\u012bt\u0101js ir \u012bstais jums.<\/p>\n<\/div>\n","protected":false},"excerpt":{"rendered":"<p>Modelis QZ.MP-003.S-RZL Modern\u0101 kolekcija Augstums (cm ) 17,5 Vien\u012bg\u0101s zoles platums 5 cm Kop\u0113j\u0101 projekcija (cm ) 15,5 Izsmidzin\u0101t\u0101ja garums<\/p>\n","protected":false},"featured_media":96574,"comment_status":"open","ping_status":"closed","template":"","meta":{"_acf_changed":false,"pmpro_default_level":""},"product_brand":[],"product_cat":[24094,24073],"product_tag":[],"class_list":{"0":"post-133329","1":"product","2":"type-product","3":"status-publish","4":"has-post-thumbnail","6":"product_cat-izlietnes-maisitaji","7":"product_cat-vannas-istabas-krani","8":"pmpro-has-access","10":"first","11":"instock","12":"shipping-taxable","13":"purchasable","14":"product-type-simple"},"acf":[],"yoast_head":"<!-- This site is optimized with the Yoast SEO plugin v24.9 - https:\/\/yoast.com\/wordpress\/plugins\/seo\/ -->\n<title>TERAMO stacion\u0101rais izlietnes mais\u012bt\u0101js, ant\u012bk\u0101 bronza - MetalTale.com<\/title>\n<meta name=\"robots\" content=\"index, follow, max-snippet:-1, max-image-preview:large, max-video-preview:-1\" \/>\n<link rel=\"canonical\" href=\"https:\/\/metaltale.com\/lv\/produkts\/teramo-stacionarais-izlietnes-maisitajs-antika-bronza\/\" \/>\n<meta property=\"og:locale\" content=\"lv_LV\" \/>\n<meta property=\"og:type\" content=\"article\" \/>\n<meta property=\"og:title\" content=\"TERAMO stacion\u0101rais izlietnes mais\u012bt\u0101js, ant\u012bk\u0101 bronza - MetalTale.com\" \/>\n<meta property=\"og:description\" content=\"Modelis QZ.MP-003.S-RZL Modern\u0101 kolekcija Augstums (cm ) 17,5 Vien\u012bg\u0101s zoles platums 5 cm Kop\u0113j\u0101 projekcija (cm ) 15,5 Izsmidzin\u0101t\u0101ja garums\" \/>\n<meta property=\"og:url\" content=\"https:\/\/metaltale.com\/lv\/produkts\/teramo-stacionarais-izlietnes-maisitajs-antika-bronza\/\" \/>\n<meta property=\"og:site_name\" content=\"MetalTale.com\" \/>\n<meta name=\"twitter:card\" content=\"summary_large_image\" \/>\n<meta name=\"twitter:label1\" content=\"Est. reading time\" \/>\n\t<meta name=\"twitter:data1\" content=\"1 minute\" \/>\n<script type=\"application\/ld+json\" class=\"yoast-schema-graph\">{\"@context\":\"https:\/\/schema.org\",\"@graph\":[{\"@type\":\"WebPage\",\"@id\":\"https:\/\/metaltale.com\/lv\/produkts\/teramo-stacionarais-izlietnes-maisitajs-antika-bronza\/\",\"url\":\"https:\/\/metaltale.com\/lv\/produkts\/teramo-stacionarais-izlietnes-maisitajs-antika-bronza\/\",\"name\":\"TERAMO stacion\u0101rais izlietnes mais\u012bt\u0101js, ant\u012bk\u0101 bronza - MetalTale.com\",\"isPartOf\":{\"@id\":\"https:\/\/metaltale.com\/lv\/#website\"},\"primaryImageOfPage\":{\"@id\":\"https:\/\/metaltale.com\/lv\/produkts\/teramo-stacionarais-izlietnes-maisitajs-antika-bronza\/#primaryimage\"},\"image\":{\"@id\":\"https:\/\/metaltale.com\/lv\/produkts\/teramo-stacionarais-izlietnes-maisitajs-antika-bronza\/#primaryimage\"},\"thumbnailUrl\":\"https:\/\/metaltale.com\/wp-content\/uploads\/2023\/10\/Praustuvo-maix161ytuvai-11.jpg\",\"datePublished\":\"2024-02-13T13:25:41+00:00\",\"breadcrumb\":{\"@id\":\"https:\/\/metaltale.com\/lv\/produkts\/teramo-stacionarais-izlietnes-maisitajs-antika-bronza\/#breadcrumb\"},\"inLanguage\":\"lv-LV\",\"potentialAction\":[{\"@type\":\"ReadAction\",\"target\":[\"https:\/\/metaltale.com\/lv\/produkts\/teramo-stacionarais-izlietnes-maisitajs-antika-bronza\/\"]}]},{\"@type\":\"ImageObject\",\"inLanguage\":\"lv-LV\",\"@id\":\"https:\/\/metaltale.com\/lv\/produkts\/teramo-stacionarais-izlietnes-maisitajs-antika-bronza\/#primaryimage\",\"url\":\"https:\/\/metaltale.com\/wp-content\/uploads\/2023\/10\/Praustuvo-maix161ytuvai-11.jpg\",\"contentUrl\":\"https:\/\/metaltale.com\/wp-content\/uploads\/2023\/10\/Praustuvo-maix161ytuvai-11.jpg\",\"width\":800,\"height\":800,\"caption\":\"TERAMO stacion\u0101rais izlietnes mais\u012bt\u0101js, ant\u012bk\u0101 bronza\"},{\"@type\":\"BreadcrumbList\",\"@id\":\"https:\/\/metaltale.com\/lv\/produkts\/teramo-stacionarais-izlietnes-maisitajs-antika-bronza\/#breadcrumb\",\"itemListElement\":[{\"@type\":\"ListItem\",\"position\":1,\"name\":\"Home\",\"item\":\"https:\/\/metaltale.com\/lv\/majas\/\"},{\"@type\":\"ListItem\",\"position\":2,\"name\":\"Veikals\",\"item\":\"https:\/\/metaltale.com\/lv\/shop\/\"},{\"@type\":\"ListItem\",\"position\":3,\"name\":\"TERAMO stacion\u0101rais izlietnes mais\u012bt\u0101js, ant\u012bk\u0101 bronza\"}]},{\"@type\":\"WebSite\",\"@id\":\"https:\/\/metaltale.com\/lv\/#website\",\"url\":\"https:\/\/metaltale.com\/lv\/\",\"name\":\"Metaltale.com\",\"description\":\"\",\"potentialAction\":[{\"@type\":\"SearchAction\",\"target\":{\"@type\":\"EntryPoint\",\"urlTemplate\":\"https:\/\/metaltale.com\/lv\/?s={search_term_string}\"},\"query-input\":{\"@type\":\"PropertyValueSpecification\",\"valueRequired\":true,\"valueName\":\"search_term_string\"}}],\"inLanguage\":\"lv-LV\"}]}<\/script>\n<!-- \/ Yoast SEO plugin. -->","yoast_head_json":{"title":"TERAMO stacion\u0101rais izlietnes mais\u012bt\u0101js, ant\u012bk\u0101 bronza - MetalTale.com","robots":{"index":"index","follow":"follow","max-snippet":"max-snippet:-1","max-image-preview":"max-image-preview:large","max-video-preview":"max-video-preview:-1"},"canonical":"https:\/\/metaltale.com\/lv\/produkts\/teramo-stacionarais-izlietnes-maisitajs-antika-bronza\/","og_locale":"lv_LV","og_type":"article","og_title":"TERAMO stacion\u0101rais izlietnes mais\u012bt\u0101js, ant\u012bk\u0101 bronza - MetalTale.com","og_description":"Modelis QZ.MP-003.S-RZL Modern\u0101 kolekcija Augstums (cm ) 17,5 Vien\u012bg\u0101s zoles platums 5 cm Kop\u0113j\u0101 projekcija (cm ) 15,5 Izsmidzin\u0101t\u0101ja garums","og_url":"https:\/\/metaltale.com\/lv\/produkts\/teramo-stacionarais-izlietnes-maisitajs-antika-bronza\/","og_site_name":"MetalTale.com","twitter_card":"summary_large_image","twitter_misc":{"Est. reading time":"1 minute"},"schema":{"@context":"https:\/\/schema.org","@graph":[{"@type":"WebPage","@id":"https:\/\/metaltale.com\/lv\/produkts\/teramo-stacionarais-izlietnes-maisitajs-antika-bronza\/","url":"https:\/\/metaltale.com\/lv\/produkts\/teramo-stacionarais-izlietnes-maisitajs-antika-bronza\/","name":"TERAMO stacion\u0101rais izlietnes mais\u012bt\u0101js, ant\u012bk\u0101 bronza - MetalTale.com","isPartOf":{"@id":"https:\/\/metaltale.com\/lv\/#website"},"primaryImageOfPage":{"@id":"https:\/\/metaltale.com\/lv\/produkts\/teramo-stacionarais-izlietnes-maisitajs-antika-bronza\/#primaryimage"},"image":{"@id":"https:\/\/metaltale.com\/lv\/produkts\/teramo-stacionarais-izlietnes-maisitajs-antika-bronza\/#primaryimage"},"thumbnailUrl":"https:\/\/metaltale.com\/wp-content\/uploads\/2023\/10\/Praustuvo-maix161ytuvai-11.jpg","datePublished":"2024-02-13T13:25:41+00:00","breadcrumb":{"@id":"https:\/\/metaltale.com\/lv\/produkts\/teramo-stacionarais-izlietnes-maisitajs-antika-bronza\/#breadcrumb"},"inLanguage":"lv-LV","potentialAction":[{"@type":"ReadAction","target":["https:\/\/metaltale.com\/lv\/produkts\/teramo-stacionarais-izlietnes-maisitajs-antika-bronza\/"]}]},{"@type":"ImageObject","inLanguage":"lv-LV","@id":"https:\/\/metaltale.com\/lv\/produkts\/teramo-stacionarais-izlietnes-maisitajs-antika-bronza\/#primaryimage","url":"https:\/\/metaltale.com\/wp-content\/uploads\/2023\/10\/Praustuvo-maix161ytuvai-11.jpg","contentUrl":"https:\/\/metaltale.com\/wp-content\/uploads\/2023\/10\/Praustuvo-maix161ytuvai-11.jpg","width":800,"height":800,"caption":"TERAMO stacion\u0101rais izlietnes mais\u012bt\u0101js, ant\u012bk\u0101 bronza"},{"@type":"BreadcrumbList","@id":"https:\/\/metaltale.com\/lv\/produkts\/teramo-stacionarais-izlietnes-maisitajs-antika-bronza\/#breadcrumb","itemListElement":[{"@type":"ListItem","position":1,"name":"Home","item":"https:\/\/metaltale.com\/lv\/majas\/"},{"@type":"ListItem","position":2,"name":"Veikals","item":"https:\/\/metaltale.com\/lv\/shop\/"},{"@type":"ListItem","position":3,"name":"TERAMO stacion\u0101rais izlietnes mais\u012bt\u0101js, ant\u012bk\u0101 bronza"}]},{"@type":"WebSite","@id":"https:\/\/metaltale.com\/lv\/#website","url":"https:\/\/metaltale.com\/lv\/","name":"Metaltale.com","description":"","potentialAction":[{"@type":"SearchAction","target":{"@type":"EntryPoint","urlTemplate":"https:\/\/metaltale.com\/lv\/?s={search_term_string}"},"query-input":{"@type":"PropertyValueSpecification","valueRequired":true,"valueName":"search_term_string"}}],"inLanguage":"lv-LV"}]}},"_links":{"self":[{"href":"https:\/\/metaltale.com\/lv\/wp-json\/wp\/v2\/product\/133329","targetHints":{"allow":["GET"]}}],"collection":[{"href":"https:\/\/metaltale.com\/lv\/wp-json\/wp\/v2\/product"}],"about":[{"href":"https:\/\/metaltale.com\/lv\/wp-json\/wp\/v2\/types\/product"}],"replies":[{"embeddable":true,"href":"https:\/\/metaltale.com\/lv\/wp-json\/wp\/v2\/comments?post=133329"}],"version-history":[{"count":0,"href":"https:\/\/metaltale.com\/lv\/wp-json\/wp\/v2\/product\/133329\/revisions"}],"wp:featuredmedia":[{"embeddable":true,"href":"https:\/\/metaltale.com\/lv\/wp-json\/wp\/v2\/media\/96574"}],"wp:attachment":[{"href":"https:\/\/metaltale.com\/lv\/wp-json\/wp\/v2\/media?parent=133329"}],"wp:term":[{"taxonomy":"product_brand","embeddable":true,"href":"https:\/\/metaltale.com\/lv\/wp-json\/wp\/v2\/product_brand?post=133329"},{"taxonomy":"product_cat","embeddable":true,"href":"https:\/\/metaltale.com\/lv\/wp-json\/wp\/v2\/product_cat?post=133329"},{"taxonomy":"product_tag","embeddable":true,"href":"https:\/\/metaltale.com\/lv\/wp-json\/wp\/v2\/product_tag?post=133329"}],"curies":[{"name":"wp","href":"https:\/\/api.w.org\/{rel}","templated":true}]}}