{"id":133313,"date":"2024-02-13T15:25:41","date_gmt":"2024-02-13T13:25:41","guid":{"rendered":"https:\/\/metaltale.com\/produktas\/plauktu-balsti-bumerang-180x190mm-black\/"},"modified":"2024-02-13T15:25:41","modified_gmt":"2024-02-13T13:25:41","slug":"plauktu-balsti-bumerang-180x190mm-black","status":"publish","type":"product","link":"https:\/\/metaltale.com\/lv\/produkts\/plauktu-balsti-bumerang-180x190mm-black\/","title":{"rendered":"Plauktu balsti BUMERANG 180x190mm BLACK"},"content":{"rendered":"<div class=\"prod_data\">\n<p><strong>Modelis<\/strong> AG.AA2E<br \/>\n<strong>EAN.<\/strong>  5905369911866<br \/>\n<strong>Materi\u0101ls<\/strong> T\u0113rauds<br \/>\n<strong>Kop\u0113jais augstums (cm<\/strong> ) 19<br \/>\n<strong>Kop\u0113jais platums (cm<\/strong> ) 2,6<br \/>\n<strong>Kop\u0113j\u0101 projekcija (cm<\/strong> ) 18<br \/>\nMont\u0101\u017eas skr\u016bves N\u0113<br \/>\nKr\u0101sa Melna<br \/>\n<strong>Apdare<\/strong> Lakots<br \/>\n<strong>Daudzums komplekt\u0101<\/strong> 2 gab.<\/p>\n<p><span style=\"font-size: medium;\">&#8211; tur\u0113t\u0101js ir izgatavots no augstas kvalit\u0101tes t\u0113rauda<\/span><br \/>\n<span style=\"font-size: medium;\">&#8211; Kron\u0161teins ir izgatavots no augst\u0101k\u0101s kvalit\u0101tes t\u0113rauda ar augstu detaliz\u0101cijas pak\u0101pi, t\u0101p\u0113c to ir dro\u0161i uzst\u0101d\u012bt un lietot.<\/span><br \/>\n<span style=\"font-size: medium;\">&#8211; profesion\u0101ls lako\u0161anas process nodro\u0161ina perfekti gludu izstr\u0101d\u0101jumu.<\/span><br \/>\n<span style=\"font-size: medium;\">&#8211; augstas kvalit\u0101tes laka padara izstr\u0101d\u0101jumu piem\u0113rotu lieto\u0161anai gan iek\u0161telp\u0101s, gan \u0101rpus telp\u0101m.<\/span><br \/>\n<span style=\"font-size: medium;\">&#8211; plaukts var b\u016bt izgatavots no da\u017e\u0101da biezuma d\u0113\u013ciem\/d\u0113l\u012b\u0161iem.<\/span><br \/>\n<span style=\"font-size: medium;\">&#8211; izstr\u0101d\u0101juma forma \u013cauj to piestiprin\u0101t pie jebkura balsta.<\/span><\/p>\n<hr>\n<p><span style=\"font-size: medium;\">Melns vienk\u0101r\u0161as arhitekt\u016bras tur\u0113t\u0101js ar pietic\u012bgiem dekorat\u012bviem izgriezumiem s\u0101nos. Pateicoties t\u0101s vienk\u0101r\u0161\u012bbai, to var izmantot m\u0101j\u0101s, gar\u0101\u017e\u0101 vai pal\u012bgtelp\u0101s. Tas ir ide\u0101ls risin\u0101jums vienk\u0101r\u0161am plauktam biroj\u0101, dz\u012bvojam\u0101 istab\u0101 vai darba kabinet\u0101.<\/span><\/p>\n<hr>\n<p style=\"text-align: center;\">\n<\/div>\n","protected":false},"excerpt":{"rendered":"<p>Modelis AG.AA2E EAN. 5905369911866 Materi\u0101ls T\u0113rauds Kop\u0113jais augstums (cm ) 19 Kop\u0113jais platums (cm ) 2,6 Kop\u0113j\u0101 projekcija (cm )<\/p>\n","protected":false},"featured_media":96244,"comment_status":"open","ping_status":"closed","template":"","meta":{"_acf_changed":false,"pmpro_default_level":""},"product_brand":[],"product_cat":[23861,23837],"product_tag":[],"class_list":{"0":"post-133313","1":"product","2":"type-product","3":"status-publish","4":"has-post-thumbnail","6":"product_cat-lentynu-laikikliai-lv","7":"product_cat-mebeles-piederumi","8":"pmpro-has-access","10":"first","11":"instock","12":"shipping-taxable","13":"purchasable","14":"product-type-simple"},"acf":[],"yoast_head":"<!-- This site is optimized with the Yoast SEO plugin v24.9 - https:\/\/yoast.com\/wordpress\/plugins\/seo\/ -->\n<title>Plauktu balsti BUMERANG 180x190mm BLACK - MetalTale.com<\/title>\n<meta name=\"robots\" content=\"index, follow, max-snippet:-1, max-image-preview:large, max-video-preview:-1\" \/>\n<link rel=\"canonical\" href=\"https:\/\/metaltale.com\/lv\/produkts\/plauktu-balsti-bumerang-180x190mm-black\/\" \/>\n<meta property=\"og:locale\" content=\"lv_LV\" \/>\n<meta property=\"og:type\" content=\"article\" \/>\n<meta property=\"og:title\" content=\"Plauktu balsti BUMERANG 180x190mm BLACK - MetalTale.com\" \/>\n<meta property=\"og:description\" content=\"Modelis AG.AA2E EAN. 5905369911866 Materi\u0101ls T\u0113rauds Kop\u0113jais augstums (cm ) 19 Kop\u0113jais platums (cm ) 2,6 Kop\u0113j\u0101 projekcija (cm )\" \/>\n<meta property=\"og:url\" content=\"https:\/\/metaltale.com\/lv\/produkts\/plauktu-balsti-bumerang-180x190mm-black\/\" \/>\n<meta property=\"og:site_name\" content=\"MetalTale.com\" \/>\n<meta property=\"og:image\" content=\"https:\/\/metaltale.com\/wp-content\/uploads\/2023\/10\/Laikikliai.jpg\" \/>\n\t<meta property=\"og:image:width\" content=\"800\" \/>\n\t<meta property=\"og:image:height\" content=\"800\" \/>\n\t<meta property=\"og:image:type\" content=\"image\/jpeg\" \/>\n<meta name=\"twitter:card\" content=\"summary_large_image\" \/>\n<meta name=\"twitter:label1\" content=\"Est. reading time\" \/>\n\t<meta name=\"twitter:data1\" content=\"1 minute\" \/>\n<script type=\"application\/ld+json\" class=\"yoast-schema-graph\">{\"@context\":\"https:\/\/schema.org\",\"@graph\":[{\"@type\":\"WebPage\",\"@id\":\"https:\/\/metaltale.com\/lv\/produkts\/plauktu-balsti-bumerang-180x190mm-black\/\",\"url\":\"https:\/\/metaltale.com\/lv\/produkts\/plauktu-balsti-bumerang-180x190mm-black\/\",\"name\":\"Plauktu balsti BUMERANG 180x190mm BLACK - MetalTale.com\",\"isPartOf\":{\"@id\":\"https:\/\/metaltale.com\/lv\/#website\"},\"primaryImageOfPage\":{\"@id\":\"https:\/\/metaltale.com\/lv\/produkts\/plauktu-balsti-bumerang-180x190mm-black\/#primaryimage\"},\"image\":{\"@id\":\"https:\/\/metaltale.com\/lv\/produkts\/plauktu-balsti-bumerang-180x190mm-black\/#primaryimage\"},\"thumbnailUrl\":\"https:\/\/metaltale.com\/wp-content\/uploads\/2023\/10\/Laikikliai.jpg\",\"datePublished\":\"2024-02-13T13:25:41+00:00\",\"breadcrumb\":{\"@id\":\"https:\/\/metaltale.com\/lv\/produkts\/plauktu-balsti-bumerang-180x190mm-black\/#breadcrumb\"},\"inLanguage\":\"lv-LV\",\"potentialAction\":[{\"@type\":\"ReadAction\",\"target\":[\"https:\/\/metaltale.com\/lv\/produkts\/plauktu-balsti-bumerang-180x190mm-black\/\"]}]},{\"@type\":\"ImageObject\",\"inLanguage\":\"lv-LV\",\"@id\":\"https:\/\/metaltale.com\/lv\/produkts\/plauktu-balsti-bumerang-180x190mm-black\/#primaryimage\",\"url\":\"https:\/\/metaltale.com\/wp-content\/uploads\/2023\/10\/Laikikliai.jpg\",\"contentUrl\":\"https:\/\/metaltale.com\/wp-content\/uploads\/2023\/10\/Laikikliai.jpg\",\"width\":800,\"height\":800},{\"@type\":\"BreadcrumbList\",\"@id\":\"https:\/\/metaltale.com\/lv\/produkts\/plauktu-balsti-bumerang-180x190mm-black\/#breadcrumb\",\"itemListElement\":[{\"@type\":\"ListItem\",\"position\":1,\"name\":\"Home\",\"item\":\"https:\/\/metaltale.com\/lv\/majas\/\"},{\"@type\":\"ListItem\",\"position\":2,\"name\":\"Veikals\",\"item\":\"https:\/\/metaltale.com\/lv\/shop\/\"},{\"@type\":\"ListItem\",\"position\":3,\"name\":\"Plauktu balsti BUMERANG 180x190mm BLACK\"}]},{\"@type\":\"WebSite\",\"@id\":\"https:\/\/metaltale.com\/lv\/#website\",\"url\":\"https:\/\/metaltale.com\/lv\/\",\"name\":\"Metaltale.com\",\"description\":\"\",\"potentialAction\":[{\"@type\":\"SearchAction\",\"target\":{\"@type\":\"EntryPoint\",\"urlTemplate\":\"https:\/\/metaltale.com\/lv\/?s={search_term_string}\"},\"query-input\":{\"@type\":\"PropertyValueSpecification\",\"valueRequired\":true,\"valueName\":\"search_term_string\"}}],\"inLanguage\":\"lv-LV\"}]}<\/script>\n<!-- \/ Yoast SEO plugin. -->","yoast_head_json":{"title":"Plauktu balsti BUMERANG 180x190mm BLACK - MetalTale.com","robots":{"index":"index","follow":"follow","max-snippet":"max-snippet:-1","max-image-preview":"max-image-preview:large","max-video-preview":"max-video-preview:-1"},"canonical":"https:\/\/metaltale.com\/lv\/produkts\/plauktu-balsti-bumerang-180x190mm-black\/","og_locale":"lv_LV","og_type":"article","og_title":"Plauktu balsti BUMERANG 180x190mm BLACK - MetalTale.com","og_description":"Modelis AG.AA2E EAN. 5905369911866 Materi\u0101ls T\u0113rauds Kop\u0113jais augstums (cm ) 19 Kop\u0113jais platums (cm ) 2,6 Kop\u0113j\u0101 projekcija (cm )","og_url":"https:\/\/metaltale.com\/lv\/produkts\/plauktu-balsti-bumerang-180x190mm-black\/","og_site_name":"MetalTale.com","og_image":[{"width":800,"height":800,"url":"https:\/\/metaltale.com\/wp-content\/uploads\/2023\/10\/Laikikliai.jpg","type":"image\/jpeg"}],"twitter_card":"summary_large_image","twitter_misc":{"Est. reading time":"1 minute"},"schema":{"@context":"https:\/\/schema.org","@graph":[{"@type":"WebPage","@id":"https:\/\/metaltale.com\/lv\/produkts\/plauktu-balsti-bumerang-180x190mm-black\/","url":"https:\/\/metaltale.com\/lv\/produkts\/plauktu-balsti-bumerang-180x190mm-black\/","name":"Plauktu balsti BUMERANG 180x190mm BLACK - MetalTale.com","isPartOf":{"@id":"https:\/\/metaltale.com\/lv\/#website"},"primaryImageOfPage":{"@id":"https:\/\/metaltale.com\/lv\/produkts\/plauktu-balsti-bumerang-180x190mm-black\/#primaryimage"},"image":{"@id":"https:\/\/metaltale.com\/lv\/produkts\/plauktu-balsti-bumerang-180x190mm-black\/#primaryimage"},"thumbnailUrl":"https:\/\/metaltale.com\/wp-content\/uploads\/2023\/10\/Laikikliai.jpg","datePublished":"2024-02-13T13:25:41+00:00","breadcrumb":{"@id":"https:\/\/metaltale.com\/lv\/produkts\/plauktu-balsti-bumerang-180x190mm-black\/#breadcrumb"},"inLanguage":"lv-LV","potentialAction":[{"@type":"ReadAction","target":["https:\/\/metaltale.com\/lv\/produkts\/plauktu-balsti-bumerang-180x190mm-black\/"]}]},{"@type":"ImageObject","inLanguage":"lv-LV","@id":"https:\/\/metaltale.com\/lv\/produkts\/plauktu-balsti-bumerang-180x190mm-black\/#primaryimage","url":"https:\/\/metaltale.com\/wp-content\/uploads\/2023\/10\/Laikikliai.jpg","contentUrl":"https:\/\/metaltale.com\/wp-content\/uploads\/2023\/10\/Laikikliai.jpg","width":800,"height":800},{"@type":"BreadcrumbList","@id":"https:\/\/metaltale.com\/lv\/produkts\/plauktu-balsti-bumerang-180x190mm-black\/#breadcrumb","itemListElement":[{"@type":"ListItem","position":1,"name":"Home","item":"https:\/\/metaltale.com\/lv\/majas\/"},{"@type":"ListItem","position":2,"name":"Veikals","item":"https:\/\/metaltale.com\/lv\/shop\/"},{"@type":"ListItem","position":3,"name":"Plauktu balsti BUMERANG 180x190mm BLACK"}]},{"@type":"WebSite","@id":"https:\/\/metaltale.com\/lv\/#website","url":"https:\/\/metaltale.com\/lv\/","name":"Metaltale.com","description":"","potentialAction":[{"@type":"SearchAction","target":{"@type":"EntryPoint","urlTemplate":"https:\/\/metaltale.com\/lv\/?s={search_term_string}"},"query-input":{"@type":"PropertyValueSpecification","valueRequired":true,"valueName":"search_term_string"}}],"inLanguage":"lv-LV"}]}},"_links":{"self":[{"href":"https:\/\/metaltale.com\/lv\/wp-json\/wp\/v2\/product\/133313","targetHints":{"allow":["GET"]}}],"collection":[{"href":"https:\/\/metaltale.com\/lv\/wp-json\/wp\/v2\/product"}],"about":[{"href":"https:\/\/metaltale.com\/lv\/wp-json\/wp\/v2\/types\/product"}],"replies":[{"embeddable":true,"href":"https:\/\/metaltale.com\/lv\/wp-json\/wp\/v2\/comments?post=133313"}],"version-history":[{"count":0,"href":"https:\/\/metaltale.com\/lv\/wp-json\/wp\/v2\/product\/133313\/revisions"}],"wp:featuredmedia":[{"embeddable":true,"href":"https:\/\/metaltale.com\/lv\/wp-json\/wp\/v2\/media\/96244"}],"wp:attachment":[{"href":"https:\/\/metaltale.com\/lv\/wp-json\/wp\/v2\/media?parent=133313"}],"wp:term":[{"taxonomy":"product_brand","embeddable":true,"href":"https:\/\/metaltale.com\/lv\/wp-json\/wp\/v2\/product_brand?post=133313"},{"taxonomy":"product_cat","embeddable":true,"href":"https:\/\/metaltale.com\/lv\/wp-json\/wp\/v2\/product_cat?post=133313"},{"taxonomy":"product_tag","embeddable":true,"href":"https:\/\/metaltale.com\/lv\/wp-json\/wp\/v2\/product_tag?post=133313"}],"curies":[{"name":"wp","href":"https:\/\/api.w.org\/{rel}","templated":true}]}}