{"id":133281,"date":"2024-02-13T15:29:45","date_gmt":"2024-02-13T13:29:45","guid":{"rendered":"https:\/\/metaltale.com\/produktas\/mebelu-poga-stokotka\/"},"modified":"2024-02-13T15:29:45","modified_gmt":"2024-02-13T13:29:45","slug":"mebelu-poga-stokotka","status":"publish","type":"product","link":"https:\/\/metaltale.com\/lv\/produkts\/mebelu-poga-stokotka\/","title":{"rendered":"M\u0113be\u013cu poga STOKOTKA"},"content":{"rendered":"<div class=\"prod_data\">\n<p><strong>Modelis<\/strong> CH.8707-D<br \/>\nMateri\u0101ls Ketus<br \/>\n<strong>Kop\u0113jais diametrs (cm<\/strong> ) 3,6<br \/>\n<strong>Kop\u0113j\u0101 projekcija (cm<\/strong> ) 3,5<br \/>\n<strong>Mont\u0101\u017eas skr\u016bves<\/strong> Skr\u016bve<br \/>\nT\u0113rauda <strong>kr\u0101sa<\/strong><br \/>\n<strong>Apdare<\/strong> Lakots<\/p>\n<p>izgatavots no augst\u0101k\u0101s kvalit\u0101tes \u010duguna, kas nodro\u0161ina iztur\u012bbu un iztur\u012bbu.<\/p>\n<p>Dekor\u0113t\u0101 virsma izce\u013c izstr\u0101d\u0101juma lauku raksturu.<\/p>\n<p>klasisk\u0101 forma padara to \u013coti funkcion\u0101lu<\/p>\n<p>izstr\u0101d\u0101jumam ir skr\u016bve vieglai un \u0101trai mont\u0101\u017eai.<\/p>\n<hr>\n<p>Pat vismaz\u0101k\u0101s deta\u013cas un pareizi izv\u0113l\u0113ti lauku aksesu\u0101ri var iev\u0113rojami uzlabot visa komplekta vizu\u0101lo efektu. M\u0113be\u013cu rokturi ir elements, kas \u0101tri un efekt\u012bvi var pie\u0161\u0137irt m\u0113bel\u0113m jaunu raksturu.<\/p>\n<p>\u0160is rokturis, kas izgatavots no cieta \u010duguna, ir ne tikai iztur\u012bgs un ilgm\u016b\u017e\u012bgs, bet ar\u012b izce\u013cas ar rustik\u0101lu raksturu. T\u0101s dabiskais izskats un apdare pie\u0161\u0137ir m\u0113bel\u0113m autentisku \u0161armu. Uz pogas virsmas ir iegrav\u0113ts pievilc\u012bgs ziedu mot\u012bvs, kas pie\u0161\u0137irs j\u016bsu m\u0113bel\u0113m lauku stilu. \u0160\u012b m\u0113be\u013cu poga ir \u0101tri un viegli samont\u0113jama, t\u0101p\u0113c varat viegli main\u012bt savu m\u0113be\u013cu izskatu bez lielas piep\u016bles.<\/p>\n<\/div>\n","protected":false},"excerpt":{"rendered":"<p>Modelis CH.8707-D Materi\u0101ls Ketus Kop\u0113jais diametrs (cm ) 3,6 Kop\u0113j\u0101 projekcija (cm ) 3,5 Mont\u0101\u017eas skr\u016bves Skr\u016bve T\u0113rauda kr\u0101sa Apdare<\/p>\n","protected":false},"featured_media":110120,"comment_status":"open","ping_status":"closed","template":"","meta":{"_acf_changed":false,"pmpro_default_level":""},"product_brand":[],"product_cat":[23864,23837,23875],"product_tag":[],"class_list":{"0":"post-133281","1":"product","2":"type-product","3":"status-publish","4":"has-post-thumbnail","6":"product_cat-baldu-rankeneles-lv","7":"product_cat-mebeles-piederumi","8":"product_cat-rankeneles-lv","9":"pmpro-has-access","11":"first","12":"instock","13":"shipping-taxable","14":"purchasable","15":"product-type-simple"},"acf":[],"yoast_head":"<!-- This site is optimized with the Yoast SEO plugin v24.9 - https:\/\/yoast.com\/wordpress\/plugins\/seo\/ -->\n<title>M\u0113be\u013cu poga STOKOTKA - MetalTale.com<\/title>\n<meta name=\"robots\" content=\"index, follow, max-snippet:-1, max-image-preview:large, max-video-preview:-1\" \/>\n<link rel=\"canonical\" href=\"https:\/\/metaltale.com\/lv\/produkts\/mebelu-poga-stokotka\/\" \/>\n<meta property=\"og:locale\" content=\"lv_LV\" \/>\n<meta property=\"og:type\" content=\"article\" \/>\n<meta property=\"og:title\" content=\"M\u0113be\u013cu poga STOKOTKA - MetalTale.com\" \/>\n<meta property=\"og:description\" content=\"Modelis CH.8707-D Materi\u0101ls Ketus Kop\u0113jais diametrs (cm ) 3,6 Kop\u0113j\u0101 projekcija (cm ) 3,5 Mont\u0101\u017eas skr\u016bves Skr\u016bve T\u0113rauda kr\u0101sa Apdare\" \/>\n<meta property=\"og:url\" content=\"https:\/\/metaltale.com\/lv\/produkts\/mebelu-poga-stokotka\/\" \/>\n<meta property=\"og:site_name\" content=\"MetalTale.com\" \/>\n<meta property=\"og:image\" content=\"https:\/\/metaltale.com\/wp-content\/uploads\/2023\/11\/Rankenx117lx117s-1.jpg\" \/>\n\t<meta property=\"og:image:width\" content=\"800\" \/>\n\t<meta property=\"og:image:height\" content=\"800\" \/>\n\t<meta property=\"og:image:type\" content=\"image\/jpeg\" \/>\n<meta name=\"twitter:card\" content=\"summary_large_image\" \/>\n<meta name=\"twitter:label1\" content=\"Est. reading time\" \/>\n\t<meta name=\"twitter:data1\" content=\"1 minute\" \/>\n<script type=\"application\/ld+json\" class=\"yoast-schema-graph\">{\"@context\":\"https:\/\/schema.org\",\"@graph\":[{\"@type\":\"WebPage\",\"@id\":\"https:\/\/metaltale.com\/lv\/produkts\/mebelu-poga-stokotka\/\",\"url\":\"https:\/\/metaltale.com\/lv\/produkts\/mebelu-poga-stokotka\/\",\"name\":\"M\u0113be\u013cu poga STOKOTKA - MetalTale.com\",\"isPartOf\":{\"@id\":\"https:\/\/metaltale.com\/lv\/#website\"},\"primaryImageOfPage\":{\"@id\":\"https:\/\/metaltale.com\/lv\/produkts\/mebelu-poga-stokotka\/#primaryimage\"},\"image\":{\"@id\":\"https:\/\/metaltale.com\/lv\/produkts\/mebelu-poga-stokotka\/#primaryimage\"},\"thumbnailUrl\":\"https:\/\/metaltale.com\/wp-content\/uploads\/2023\/11\/Rankenx117lx117s-1.jpg\",\"datePublished\":\"2024-02-13T13:29:45+00:00\",\"breadcrumb\":{\"@id\":\"https:\/\/metaltale.com\/lv\/produkts\/mebelu-poga-stokotka\/#breadcrumb\"},\"inLanguage\":\"lv-LV\",\"potentialAction\":[{\"@type\":\"ReadAction\",\"target\":[\"https:\/\/metaltale.com\/lv\/produkts\/mebelu-poga-stokotka\/\"]}]},{\"@type\":\"ImageObject\",\"inLanguage\":\"lv-LV\",\"@id\":\"https:\/\/metaltale.com\/lv\/produkts\/mebelu-poga-stokotka\/#primaryimage\",\"url\":\"https:\/\/metaltale.com\/wp-content\/uploads\/2023\/11\/Rankenx117lx117s-1.jpg\",\"contentUrl\":\"https:\/\/metaltale.com\/wp-content\/uploads\/2023\/11\/Rankenx117lx117s-1.jpg\",\"width\":800,\"height\":800,\"caption\":\"M\u0113be\u013cu poga STOKOTKA\"},{\"@type\":\"BreadcrumbList\",\"@id\":\"https:\/\/metaltale.com\/lv\/produkts\/mebelu-poga-stokotka\/#breadcrumb\",\"itemListElement\":[{\"@type\":\"ListItem\",\"position\":1,\"name\":\"Home\",\"item\":\"https:\/\/metaltale.com\/lv\/majas\/\"},{\"@type\":\"ListItem\",\"position\":2,\"name\":\"Veikals\",\"item\":\"https:\/\/metaltale.com\/lv\/shop\/\"},{\"@type\":\"ListItem\",\"position\":3,\"name\":\"M\u0113be\u013cu poga STOKOTKA\"}]},{\"@type\":\"WebSite\",\"@id\":\"https:\/\/metaltale.com\/lv\/#website\",\"url\":\"https:\/\/metaltale.com\/lv\/\",\"name\":\"Metaltale.com\",\"description\":\"\",\"potentialAction\":[{\"@type\":\"SearchAction\",\"target\":{\"@type\":\"EntryPoint\",\"urlTemplate\":\"https:\/\/metaltale.com\/lv\/?s={search_term_string}\"},\"query-input\":{\"@type\":\"PropertyValueSpecification\",\"valueRequired\":true,\"valueName\":\"search_term_string\"}}],\"inLanguage\":\"lv-LV\"}]}<\/script>\n<!-- \/ Yoast SEO plugin. -->","yoast_head_json":{"title":"M\u0113be\u013cu poga STOKOTKA - MetalTale.com","robots":{"index":"index","follow":"follow","max-snippet":"max-snippet:-1","max-image-preview":"max-image-preview:large","max-video-preview":"max-video-preview:-1"},"canonical":"https:\/\/metaltale.com\/lv\/produkts\/mebelu-poga-stokotka\/","og_locale":"lv_LV","og_type":"article","og_title":"M\u0113be\u013cu poga STOKOTKA - MetalTale.com","og_description":"Modelis CH.8707-D Materi\u0101ls Ketus Kop\u0113jais diametrs (cm ) 3,6 Kop\u0113j\u0101 projekcija (cm ) 3,5 Mont\u0101\u017eas skr\u016bves Skr\u016bve T\u0113rauda kr\u0101sa Apdare","og_url":"https:\/\/metaltale.com\/lv\/produkts\/mebelu-poga-stokotka\/","og_site_name":"MetalTale.com","og_image":[{"width":800,"height":800,"url":"https:\/\/metaltale.com\/wp-content\/uploads\/2023\/11\/Rankenx117lx117s-1.jpg","type":"image\/jpeg"}],"twitter_card":"summary_large_image","twitter_misc":{"Est. reading time":"1 minute"},"schema":{"@context":"https:\/\/schema.org","@graph":[{"@type":"WebPage","@id":"https:\/\/metaltale.com\/lv\/produkts\/mebelu-poga-stokotka\/","url":"https:\/\/metaltale.com\/lv\/produkts\/mebelu-poga-stokotka\/","name":"M\u0113be\u013cu poga STOKOTKA - MetalTale.com","isPartOf":{"@id":"https:\/\/metaltale.com\/lv\/#website"},"primaryImageOfPage":{"@id":"https:\/\/metaltale.com\/lv\/produkts\/mebelu-poga-stokotka\/#primaryimage"},"image":{"@id":"https:\/\/metaltale.com\/lv\/produkts\/mebelu-poga-stokotka\/#primaryimage"},"thumbnailUrl":"https:\/\/metaltale.com\/wp-content\/uploads\/2023\/11\/Rankenx117lx117s-1.jpg","datePublished":"2024-02-13T13:29:45+00:00","breadcrumb":{"@id":"https:\/\/metaltale.com\/lv\/produkts\/mebelu-poga-stokotka\/#breadcrumb"},"inLanguage":"lv-LV","potentialAction":[{"@type":"ReadAction","target":["https:\/\/metaltale.com\/lv\/produkts\/mebelu-poga-stokotka\/"]}]},{"@type":"ImageObject","inLanguage":"lv-LV","@id":"https:\/\/metaltale.com\/lv\/produkts\/mebelu-poga-stokotka\/#primaryimage","url":"https:\/\/metaltale.com\/wp-content\/uploads\/2023\/11\/Rankenx117lx117s-1.jpg","contentUrl":"https:\/\/metaltale.com\/wp-content\/uploads\/2023\/11\/Rankenx117lx117s-1.jpg","width":800,"height":800,"caption":"M\u0113be\u013cu poga STOKOTKA"},{"@type":"BreadcrumbList","@id":"https:\/\/metaltale.com\/lv\/produkts\/mebelu-poga-stokotka\/#breadcrumb","itemListElement":[{"@type":"ListItem","position":1,"name":"Home","item":"https:\/\/metaltale.com\/lv\/majas\/"},{"@type":"ListItem","position":2,"name":"Veikals","item":"https:\/\/metaltale.com\/lv\/shop\/"},{"@type":"ListItem","position":3,"name":"M\u0113be\u013cu poga STOKOTKA"}]},{"@type":"WebSite","@id":"https:\/\/metaltale.com\/lv\/#website","url":"https:\/\/metaltale.com\/lv\/","name":"Metaltale.com","description":"","potentialAction":[{"@type":"SearchAction","target":{"@type":"EntryPoint","urlTemplate":"https:\/\/metaltale.com\/lv\/?s={search_term_string}"},"query-input":{"@type":"PropertyValueSpecification","valueRequired":true,"valueName":"search_term_string"}}],"inLanguage":"lv-LV"}]}},"_links":{"self":[{"href":"https:\/\/metaltale.com\/lv\/wp-json\/wp\/v2\/product\/133281","targetHints":{"allow":["GET"]}}],"collection":[{"href":"https:\/\/metaltale.com\/lv\/wp-json\/wp\/v2\/product"}],"about":[{"href":"https:\/\/metaltale.com\/lv\/wp-json\/wp\/v2\/types\/product"}],"replies":[{"embeddable":true,"href":"https:\/\/metaltale.com\/lv\/wp-json\/wp\/v2\/comments?post=133281"}],"version-history":[{"count":0,"href":"https:\/\/metaltale.com\/lv\/wp-json\/wp\/v2\/product\/133281\/revisions"}],"wp:featuredmedia":[{"embeddable":true,"href":"https:\/\/metaltale.com\/lv\/wp-json\/wp\/v2\/media\/110120"}],"wp:attachment":[{"href":"https:\/\/metaltale.com\/lv\/wp-json\/wp\/v2\/media?parent=133281"}],"wp:term":[{"taxonomy":"product_brand","embeddable":true,"href":"https:\/\/metaltale.com\/lv\/wp-json\/wp\/v2\/product_brand?post=133281"},{"taxonomy":"product_cat","embeddable":true,"href":"https:\/\/metaltale.com\/lv\/wp-json\/wp\/v2\/product_cat?post=133281"},{"taxonomy":"product_tag","embeddable":true,"href":"https:\/\/metaltale.com\/lv\/wp-json\/wp\/v2\/product_tag?post=133281"}],"curies":[{"name":"wp","href":"https:\/\/api.w.org\/{rel}","templated":true}]}}