{"id":133272,"date":"2024-02-13T15:29:45","date_gmt":"2024-02-13T13:29:45","guid":{"rendered":"https:\/\/metaltale.com\/produktas\/grisa-apali-dekorativie-paliktni\/"},"modified":"2024-02-13T15:29:45","modified_gmt":"2024-02-13T13:29:45","slug":"grisa-apali-dekorativie-paliktni","status":"publish","type":"product","link":"https:\/\/metaltale.com\/lv\/produkts\/grisa-apali-dekorativie-paliktni\/","title":{"rendered":"GRISA apa\u013ci dekorat\u012bvie palikt\u0146i"},"content":{"rendered":"<div class=\"prod_data\"><strong>Modelis<\/strong> AF.785.0XX  <br \/><strong>Materi\u0101ls<\/strong> Met\u0101ls  <br \/><strong>Kop\u0113jais augstums (cm<\/strong> ) 1,5  <br \/><strong>Kop\u0113jais diametrs (cm<\/strong> ) 12 \/ 15 \/ 18,5  <br \/>Pel\u0113ka <strong>kr\u0101sa<\/strong>  <\/p>\n<p>&#8211; tr\u012bs pl\u0101k\u0161\u0146u izm\u0113ri: 120 mm, 150 mm, 180 mm.<br \/>&#8211; pel\u0113kajai virsmai ir nodiluma paz\u012bmes, kas pie\u0161\u0137ir papl\u0101t\u0113m novecoju\u0161u izskatu.  <br \/>&#8211; dekorat\u012bvs akcents uz malas, kas pie\u0161\u0137ir vieglumu un eleganci.<\/p>\n<hr>\n<p>GRISA dekorat\u012bvie paliktn\u012b\u0161i ir lieliska alternat\u012bva tradicion\u0101lajiem sve\u010du palikt\u0146iem. Praktiski un dekorat\u012bvi, tos var izmantot visda\u017e\u0101d\u0101kajos stilos, s\u0101kot no minim\u0101lisma modern\u0101 interjera, industri\u0101l\u0101 un lofta interjera l\u012bdz pat maig\u0101kam un grezn\u0101kam boho interjeram.<\/p>\n<hr>\n<\/div>\n","protected":false},"excerpt":{"rendered":"<p>Modelis AF.785.0XX Materi\u0101ls Met\u0101ls Kop\u0113jais augstums (cm ) 1,5 Kop\u0113jais diametrs (cm ) 12 \/ 15 \/ 18,5 Pel\u0113ka kr\u0101sa<\/p>\n","protected":false},"featured_media":110031,"comment_status":"open","ping_status":"closed","template":"","meta":{"_acf_changed":false,"pmpro_default_level":""},"product_brand":[],"product_cat":[24055],"product_tag":[],"class_list":{"0":"post-133272","1":"product","2":"type-product","3":"status-publish","4":"has-post-thumbnail","6":"product_cat-rotajumi","7":"pmpro-has-access","9":"first","10":"instock","11":"shipping-taxable","12":"purchasable","13":"product-type-simple"},"acf":[],"yoast_head":"<!-- This site is optimized with the Yoast SEO plugin v24.9 - https:\/\/yoast.com\/wordpress\/plugins\/seo\/ -->\n<title>GRISA apa\u013ci dekorat\u012bvie palikt\u0146i - MetalTale.com<\/title>\n<meta name=\"robots\" content=\"index, follow, max-snippet:-1, max-image-preview:large, max-video-preview:-1\" \/>\n<link rel=\"canonical\" href=\"https:\/\/metaltale.com\/lv\/produkts\/grisa-apali-dekorativie-paliktni\/\" \/>\n<meta property=\"og:locale\" content=\"lv_LV\" \/>\n<meta property=\"og:type\" content=\"article\" \/>\n<meta property=\"og:title\" content=\"GRISA apa\u013ci dekorat\u012bvie palikt\u0146i - MetalTale.com\" \/>\n<meta property=\"og:description\" content=\"Modelis AF.785.0XX Materi\u0101ls Met\u0101ls Kop\u0113jais augstums (cm ) 1,5 Kop\u0113jais diametrs (cm ) 12 \/ 15 \/ 18,5 Pel\u0113ka kr\u0101sa\" \/>\n<meta property=\"og:url\" content=\"https:\/\/metaltale.com\/lv\/produkts\/grisa-apali-dekorativie-paliktni\/\" \/>\n<meta property=\"og:site_name\" content=\"MetalTale.com\" \/>\n<meta name=\"twitter:card\" content=\"summary_large_image\" \/>\n<meta name=\"twitter:label1\" content=\"Est. reading time\" \/>\n\t<meta name=\"twitter:data1\" content=\"1 minute\" \/>\n<script type=\"application\/ld+json\" class=\"yoast-schema-graph\">{\"@context\":\"https:\/\/schema.org\",\"@graph\":[{\"@type\":\"WebPage\",\"@id\":\"https:\/\/metaltale.com\/lv\/produkts\/grisa-apali-dekorativie-paliktni\/\",\"url\":\"https:\/\/metaltale.com\/lv\/produkts\/grisa-apali-dekorativie-paliktni\/\",\"name\":\"GRISA apa\u013ci dekorat\u012bvie palikt\u0146i - MetalTale.com\",\"isPartOf\":{\"@id\":\"https:\/\/metaltale.com\/lv\/#website\"},\"primaryImageOfPage\":{\"@id\":\"https:\/\/metaltale.com\/lv\/produkts\/grisa-apali-dekorativie-paliktni\/#primaryimage\"},\"image\":{\"@id\":\"https:\/\/metaltale.com\/lv\/produkts\/grisa-apali-dekorativie-paliktni\/#primaryimage\"},\"thumbnailUrl\":\"https:\/\/metaltale.com\/wp-content\/uploads\/2023\/11\/Dekoracija-11.jpg\",\"datePublished\":\"2024-02-13T13:29:45+00:00\",\"breadcrumb\":{\"@id\":\"https:\/\/metaltale.com\/lv\/produkts\/grisa-apali-dekorativie-paliktni\/#breadcrumb\"},\"inLanguage\":\"lv-LV\",\"potentialAction\":[{\"@type\":\"ReadAction\",\"target\":[\"https:\/\/metaltale.com\/lv\/produkts\/grisa-apali-dekorativie-paliktni\/\"]}]},{\"@type\":\"ImageObject\",\"inLanguage\":\"lv-LV\",\"@id\":\"https:\/\/metaltale.com\/lv\/produkts\/grisa-apali-dekorativie-paliktni\/#primaryimage\",\"url\":\"https:\/\/metaltale.com\/wp-content\/uploads\/2023\/11\/Dekoracija-11.jpg\",\"contentUrl\":\"https:\/\/metaltale.com\/wp-content\/uploads\/2023\/11\/Dekoracija-11.jpg\",\"width\":800,\"height\":800},{\"@type\":\"BreadcrumbList\",\"@id\":\"https:\/\/metaltale.com\/lv\/produkts\/grisa-apali-dekorativie-paliktni\/#breadcrumb\",\"itemListElement\":[{\"@type\":\"ListItem\",\"position\":1,\"name\":\"Home\",\"item\":\"https:\/\/metaltale.com\/lv\/majas\/\"},{\"@type\":\"ListItem\",\"position\":2,\"name\":\"Veikals\",\"item\":\"https:\/\/metaltale.com\/lv\/shop\/\"},{\"@type\":\"ListItem\",\"position\":3,\"name\":\"GRISA apa\u013ci dekorat\u012bvie palikt\u0146i\"}]},{\"@type\":\"WebSite\",\"@id\":\"https:\/\/metaltale.com\/lv\/#website\",\"url\":\"https:\/\/metaltale.com\/lv\/\",\"name\":\"Metaltale.com\",\"description\":\"\",\"potentialAction\":[{\"@type\":\"SearchAction\",\"target\":{\"@type\":\"EntryPoint\",\"urlTemplate\":\"https:\/\/metaltale.com\/lv\/?s={search_term_string}\"},\"query-input\":{\"@type\":\"PropertyValueSpecification\",\"valueRequired\":true,\"valueName\":\"search_term_string\"}}],\"inLanguage\":\"lv-LV\"}]}<\/script>\n<!-- \/ Yoast SEO plugin. -->","yoast_head_json":{"title":"GRISA apa\u013ci dekorat\u012bvie palikt\u0146i - MetalTale.com","robots":{"index":"index","follow":"follow","max-snippet":"max-snippet:-1","max-image-preview":"max-image-preview:large","max-video-preview":"max-video-preview:-1"},"canonical":"https:\/\/metaltale.com\/lv\/produkts\/grisa-apali-dekorativie-paliktni\/","og_locale":"lv_LV","og_type":"article","og_title":"GRISA apa\u013ci dekorat\u012bvie palikt\u0146i - MetalTale.com","og_description":"Modelis AF.785.0XX Materi\u0101ls Met\u0101ls Kop\u0113jais augstums (cm ) 1,5 Kop\u0113jais diametrs (cm ) 12 \/ 15 \/ 18,5 Pel\u0113ka kr\u0101sa","og_url":"https:\/\/metaltale.com\/lv\/produkts\/grisa-apali-dekorativie-paliktni\/","og_site_name":"MetalTale.com","twitter_card":"summary_large_image","twitter_misc":{"Est. reading time":"1 minute"},"schema":{"@context":"https:\/\/schema.org","@graph":[{"@type":"WebPage","@id":"https:\/\/metaltale.com\/lv\/produkts\/grisa-apali-dekorativie-paliktni\/","url":"https:\/\/metaltale.com\/lv\/produkts\/grisa-apali-dekorativie-paliktni\/","name":"GRISA apa\u013ci dekorat\u012bvie palikt\u0146i - MetalTale.com","isPartOf":{"@id":"https:\/\/metaltale.com\/lv\/#website"},"primaryImageOfPage":{"@id":"https:\/\/metaltale.com\/lv\/produkts\/grisa-apali-dekorativie-paliktni\/#primaryimage"},"image":{"@id":"https:\/\/metaltale.com\/lv\/produkts\/grisa-apali-dekorativie-paliktni\/#primaryimage"},"thumbnailUrl":"https:\/\/metaltale.com\/wp-content\/uploads\/2023\/11\/Dekoracija-11.jpg","datePublished":"2024-02-13T13:29:45+00:00","breadcrumb":{"@id":"https:\/\/metaltale.com\/lv\/produkts\/grisa-apali-dekorativie-paliktni\/#breadcrumb"},"inLanguage":"lv-LV","potentialAction":[{"@type":"ReadAction","target":["https:\/\/metaltale.com\/lv\/produkts\/grisa-apali-dekorativie-paliktni\/"]}]},{"@type":"ImageObject","inLanguage":"lv-LV","@id":"https:\/\/metaltale.com\/lv\/produkts\/grisa-apali-dekorativie-paliktni\/#primaryimage","url":"https:\/\/metaltale.com\/wp-content\/uploads\/2023\/11\/Dekoracija-11.jpg","contentUrl":"https:\/\/metaltale.com\/wp-content\/uploads\/2023\/11\/Dekoracija-11.jpg","width":800,"height":800},{"@type":"BreadcrumbList","@id":"https:\/\/metaltale.com\/lv\/produkts\/grisa-apali-dekorativie-paliktni\/#breadcrumb","itemListElement":[{"@type":"ListItem","position":1,"name":"Home","item":"https:\/\/metaltale.com\/lv\/majas\/"},{"@type":"ListItem","position":2,"name":"Veikals","item":"https:\/\/metaltale.com\/lv\/shop\/"},{"@type":"ListItem","position":3,"name":"GRISA apa\u013ci dekorat\u012bvie palikt\u0146i"}]},{"@type":"WebSite","@id":"https:\/\/metaltale.com\/lv\/#website","url":"https:\/\/metaltale.com\/lv\/","name":"Metaltale.com","description":"","potentialAction":[{"@type":"SearchAction","target":{"@type":"EntryPoint","urlTemplate":"https:\/\/metaltale.com\/lv\/?s={search_term_string}"},"query-input":{"@type":"PropertyValueSpecification","valueRequired":true,"valueName":"search_term_string"}}],"inLanguage":"lv-LV"}]}},"_links":{"self":[{"href":"https:\/\/metaltale.com\/lv\/wp-json\/wp\/v2\/product\/133272","targetHints":{"allow":["GET"]}}],"collection":[{"href":"https:\/\/metaltale.com\/lv\/wp-json\/wp\/v2\/product"}],"about":[{"href":"https:\/\/metaltale.com\/lv\/wp-json\/wp\/v2\/types\/product"}],"replies":[{"embeddable":true,"href":"https:\/\/metaltale.com\/lv\/wp-json\/wp\/v2\/comments?post=133272"}],"version-history":[{"count":0,"href":"https:\/\/metaltale.com\/lv\/wp-json\/wp\/v2\/product\/133272\/revisions"}],"wp:featuredmedia":[{"embeddable":true,"href":"https:\/\/metaltale.com\/lv\/wp-json\/wp\/v2\/media\/110031"}],"wp:attachment":[{"href":"https:\/\/metaltale.com\/lv\/wp-json\/wp\/v2\/media?parent=133272"}],"wp:term":[{"taxonomy":"product_brand","embeddable":true,"href":"https:\/\/metaltale.com\/lv\/wp-json\/wp\/v2\/product_brand?post=133272"},{"taxonomy":"product_cat","embeddable":true,"href":"https:\/\/metaltale.com\/lv\/wp-json\/wp\/v2\/product_cat?post=133272"},{"taxonomy":"product_tag","embeddable":true,"href":"https:\/\/metaltale.com\/lv\/wp-json\/wp\/v2\/product_tag?post=133272"}],"curies":[{"name":"wp","href":"https:\/\/api.w.org\/{rel}","templated":true}]}}