{"id":133267,"date":"2024-02-13T15:29:45","date_gmt":"2024-02-13T13:29:45","guid":{"rendered":"https:\/\/metaltale.com\/produktas\/asv-metala-numura-zime-new-mexico-1\/"},"modified":"2024-02-13T15:29:45","modified_gmt":"2024-02-13T13:29:45","slug":"asv-metala-numura-zime-new-mexico-1","status":"publish","type":"product","link":"https:\/\/metaltale.com\/lv\/produkts\/asv-metala-numura-zime-new-mexico-1\/","title":{"rendered":"ASV met\u0101la numura z\u012bme NEW MEXICO 1"},"content":{"rendered":"<div class=\"prod_data\"><strong>Modelis<\/strong> FJ.C01.140  <br \/><strong>EAN.<\/strong>  5907772070987  <br \/><strong>Motivu<\/strong> pane\u013ci  <br \/><strong>Augstums (cm<\/strong> ) 15  <br \/><strong>Platums (cm<\/strong> ) 30  <br \/><strong>Materi\u0101ls<\/strong> T\u0113rauds  <br \/><strong>Formas<\/strong> Taisnst\u016bra <strong>formas<\/strong>  <br \/><strong>Orient\u0101cija<\/strong> Horizont\u0101l\u0101  <\/p>\n<p>Taisnst\u016bra formas met\u0101la pl\u0101ksne. Pl\u0101ksne ir p\u0101rkl\u0101ta ar \u013coti abraz\u012bvu kr\u0101su un aizsarg\u0101ta ar laku, lai to pasarg\u0101tu no nodiluma. Reljefi un uzraksti uz pl\u0101ksn\u012btes padara to unik\u0101lu. Uz izstr\u0101d\u0101juma ir att\u0113lota numura z\u012bme tie\u0161i no Amerikas pils\u0113t\u0101m. Tas b\u016bs ori\u0123in\u0101ls jebkura v\u012brie\u0161a telpas rot\u0101jums. Pl\u0101ksni var piestiprin\u0101t ar smalkiem caurumiem.<\/p>\n<p>Uz produkta ir att\u0113lota NEW MEXICO 323 CBC numura z\u012bme.<\/p>\n<p>Galds ir lieliski piem\u0113rots b\u0101riem, restor\u0101niem un k\u0101 stil\u012bgs papildin\u0101jums vintage interjeriem.<br \/>Met\u0101la plak\u0101ts ir ori\u0123in\u0101la d\u0101vin\u0101juma ideja.<\/p>\n<\/div>\n","protected":false},"excerpt":{"rendered":"<p>Modelis FJ.C01.140 EAN. 5907772070987 Motivu pane\u013ci Augstums (cm ) 15 Platums (cm ) 30 Materi\u0101ls T\u0113rauds Formas Taisnst\u016bra formas Orient\u0101cija<\/p>\n","protected":false},"featured_media":117939,"comment_status":"open","ping_status":"closed","template":"","meta":{"_acf_changed":false,"pmpro_default_level":""},"product_brand":[],"product_cat":[24055],"product_tag":[],"class_list":{"0":"post-133267","1":"product","2":"type-product","3":"status-publish","4":"has-post-thumbnail","6":"product_cat-rotajumi","7":"pmpro-has-access","9":"first","10":"instock","11":"shipping-taxable","12":"purchasable","13":"product-type-simple"},"acf":[],"yoast_head":"<!-- This site is optimized with the Yoast SEO plugin v24.9 - https:\/\/yoast.com\/wordpress\/plugins\/seo\/ -->\n<title>ASV met\u0101la numura z\u012bme NEW MEXICO 1 - MetalTale.com<\/title>\n<meta name=\"robots\" content=\"index, follow, max-snippet:-1, max-image-preview:large, max-video-preview:-1\" \/>\n<link rel=\"canonical\" href=\"https:\/\/metaltale.com\/lv\/produkts\/asv-metala-numura-zime-new-mexico-1\/\" \/>\n<meta property=\"og:locale\" content=\"lv_LV\" \/>\n<meta property=\"og:type\" content=\"article\" \/>\n<meta property=\"og:title\" content=\"ASV met\u0101la numura z\u012bme NEW MEXICO 1 - MetalTale.com\" \/>\n<meta property=\"og:description\" content=\"Modelis FJ.C01.140 EAN. 5907772070987 Motivu pane\u013ci Augstums (cm ) 15 Platums (cm ) 30 Materi\u0101ls T\u0113rauds Formas Taisnst\u016bra formas Orient\u0101cija\" \/>\n<meta property=\"og:url\" content=\"https:\/\/metaltale.com\/lv\/produkts\/asv-metala-numura-zime-new-mexico-1\/\" \/>\n<meta property=\"og:site_name\" content=\"MetalTale.com\" \/>\n<meta name=\"twitter:card\" content=\"summary_large_image\" \/>\n<meta name=\"twitter:label1\" content=\"Est. reading time\" \/>\n\t<meta name=\"twitter:data1\" content=\"1 minute\" \/>\n<script type=\"application\/ld+json\" class=\"yoast-schema-graph\">{\"@context\":\"https:\/\/schema.org\",\"@graph\":[{\"@type\":\"WebPage\",\"@id\":\"https:\/\/metaltale.com\/lv\/produkts\/asv-metala-numura-zime-new-mexico-1\/\",\"url\":\"https:\/\/metaltale.com\/lv\/produkts\/asv-metala-numura-zime-new-mexico-1\/\",\"name\":\"ASV met\u0101la numura z\u012bme NEW MEXICO 1 - MetalTale.com\",\"isPartOf\":{\"@id\":\"https:\/\/metaltale.com\/lv\/#website\"},\"primaryImageOfPage\":{\"@id\":\"https:\/\/metaltale.com\/lv\/produkts\/asv-metala-numura-zime-new-mexico-1\/#primaryimage\"},\"image\":{\"@id\":\"https:\/\/metaltale.com\/lv\/produkts\/asv-metala-numura-zime-new-mexico-1\/#primaryimage\"},\"thumbnailUrl\":\"https:\/\/metaltale.com\/wp-content\/uploads\/2023\/12\/JAV-metalinis-valstybinio-numerio-x17Eenklas-NEW-MEXICO-1.jpg\",\"datePublished\":\"2024-02-13T13:29:45+00:00\",\"breadcrumb\":{\"@id\":\"https:\/\/metaltale.com\/lv\/produkts\/asv-metala-numura-zime-new-mexico-1\/#breadcrumb\"},\"inLanguage\":\"lv-LV\",\"potentialAction\":[{\"@type\":\"ReadAction\",\"target\":[\"https:\/\/metaltale.com\/lv\/produkts\/asv-metala-numura-zime-new-mexico-1\/\"]}]},{\"@type\":\"ImageObject\",\"inLanguage\":\"lv-LV\",\"@id\":\"https:\/\/metaltale.com\/lv\/produkts\/asv-metala-numura-zime-new-mexico-1\/#primaryimage\",\"url\":\"https:\/\/metaltale.com\/wp-content\/uploads\/2023\/12\/JAV-metalinis-valstybinio-numerio-x17Eenklas-NEW-MEXICO-1.jpg\",\"contentUrl\":\"https:\/\/metaltale.com\/wp-content\/uploads\/2023\/12\/JAV-metalinis-valstybinio-numerio-x17Eenklas-NEW-MEXICO-1.jpg\",\"width\":800,\"height\":800},{\"@type\":\"BreadcrumbList\",\"@id\":\"https:\/\/metaltale.com\/lv\/produkts\/asv-metala-numura-zime-new-mexico-1\/#breadcrumb\",\"itemListElement\":[{\"@type\":\"ListItem\",\"position\":1,\"name\":\"Home\",\"item\":\"https:\/\/metaltale.com\/lv\/majas\/\"},{\"@type\":\"ListItem\",\"position\":2,\"name\":\"Veikals\",\"item\":\"https:\/\/metaltale.com\/lv\/shop\/\"},{\"@type\":\"ListItem\",\"position\":3,\"name\":\"ASV met\u0101la numura z\u012bme NEW MEXICO 1\"}]},{\"@type\":\"WebSite\",\"@id\":\"https:\/\/metaltale.com\/lv\/#website\",\"url\":\"https:\/\/metaltale.com\/lv\/\",\"name\":\"Metaltale.com\",\"description\":\"\",\"potentialAction\":[{\"@type\":\"SearchAction\",\"target\":{\"@type\":\"EntryPoint\",\"urlTemplate\":\"https:\/\/metaltale.com\/lv\/?s={search_term_string}\"},\"query-input\":{\"@type\":\"PropertyValueSpecification\",\"valueRequired\":true,\"valueName\":\"search_term_string\"}}],\"inLanguage\":\"lv-LV\"}]}<\/script>\n<!-- \/ Yoast SEO plugin. -->","yoast_head_json":{"title":"ASV met\u0101la numura z\u012bme NEW MEXICO 1 - MetalTale.com","robots":{"index":"index","follow":"follow","max-snippet":"max-snippet:-1","max-image-preview":"max-image-preview:large","max-video-preview":"max-video-preview:-1"},"canonical":"https:\/\/metaltale.com\/lv\/produkts\/asv-metala-numura-zime-new-mexico-1\/","og_locale":"lv_LV","og_type":"article","og_title":"ASV met\u0101la numura z\u012bme NEW MEXICO 1 - MetalTale.com","og_description":"Modelis FJ.C01.140 EAN. 5907772070987 Motivu pane\u013ci Augstums (cm ) 15 Platums (cm ) 30 Materi\u0101ls T\u0113rauds Formas Taisnst\u016bra formas Orient\u0101cija","og_url":"https:\/\/metaltale.com\/lv\/produkts\/asv-metala-numura-zime-new-mexico-1\/","og_site_name":"MetalTale.com","twitter_card":"summary_large_image","twitter_misc":{"Est. reading time":"1 minute"},"schema":{"@context":"https:\/\/schema.org","@graph":[{"@type":"WebPage","@id":"https:\/\/metaltale.com\/lv\/produkts\/asv-metala-numura-zime-new-mexico-1\/","url":"https:\/\/metaltale.com\/lv\/produkts\/asv-metala-numura-zime-new-mexico-1\/","name":"ASV met\u0101la numura z\u012bme NEW MEXICO 1 - MetalTale.com","isPartOf":{"@id":"https:\/\/metaltale.com\/lv\/#website"},"primaryImageOfPage":{"@id":"https:\/\/metaltale.com\/lv\/produkts\/asv-metala-numura-zime-new-mexico-1\/#primaryimage"},"image":{"@id":"https:\/\/metaltale.com\/lv\/produkts\/asv-metala-numura-zime-new-mexico-1\/#primaryimage"},"thumbnailUrl":"https:\/\/metaltale.com\/wp-content\/uploads\/2023\/12\/JAV-metalinis-valstybinio-numerio-x17Eenklas-NEW-MEXICO-1.jpg","datePublished":"2024-02-13T13:29:45+00:00","breadcrumb":{"@id":"https:\/\/metaltale.com\/lv\/produkts\/asv-metala-numura-zime-new-mexico-1\/#breadcrumb"},"inLanguage":"lv-LV","potentialAction":[{"@type":"ReadAction","target":["https:\/\/metaltale.com\/lv\/produkts\/asv-metala-numura-zime-new-mexico-1\/"]}]},{"@type":"ImageObject","inLanguage":"lv-LV","@id":"https:\/\/metaltale.com\/lv\/produkts\/asv-metala-numura-zime-new-mexico-1\/#primaryimage","url":"https:\/\/metaltale.com\/wp-content\/uploads\/2023\/12\/JAV-metalinis-valstybinio-numerio-x17Eenklas-NEW-MEXICO-1.jpg","contentUrl":"https:\/\/metaltale.com\/wp-content\/uploads\/2023\/12\/JAV-metalinis-valstybinio-numerio-x17Eenklas-NEW-MEXICO-1.jpg","width":800,"height":800},{"@type":"BreadcrumbList","@id":"https:\/\/metaltale.com\/lv\/produkts\/asv-metala-numura-zime-new-mexico-1\/#breadcrumb","itemListElement":[{"@type":"ListItem","position":1,"name":"Home","item":"https:\/\/metaltale.com\/lv\/majas\/"},{"@type":"ListItem","position":2,"name":"Veikals","item":"https:\/\/metaltale.com\/lv\/shop\/"},{"@type":"ListItem","position":3,"name":"ASV met\u0101la numura z\u012bme NEW MEXICO 1"}]},{"@type":"WebSite","@id":"https:\/\/metaltale.com\/lv\/#website","url":"https:\/\/metaltale.com\/lv\/","name":"Metaltale.com","description":"","potentialAction":[{"@type":"SearchAction","target":{"@type":"EntryPoint","urlTemplate":"https:\/\/metaltale.com\/lv\/?s={search_term_string}"},"query-input":{"@type":"PropertyValueSpecification","valueRequired":true,"valueName":"search_term_string"}}],"inLanguage":"lv-LV"}]}},"_links":{"self":[{"href":"https:\/\/metaltale.com\/lv\/wp-json\/wp\/v2\/product\/133267","targetHints":{"allow":["GET"]}}],"collection":[{"href":"https:\/\/metaltale.com\/lv\/wp-json\/wp\/v2\/product"}],"about":[{"href":"https:\/\/metaltale.com\/lv\/wp-json\/wp\/v2\/types\/product"}],"replies":[{"embeddable":true,"href":"https:\/\/metaltale.com\/lv\/wp-json\/wp\/v2\/comments?post=133267"}],"version-history":[{"count":0,"href":"https:\/\/metaltale.com\/lv\/wp-json\/wp\/v2\/product\/133267\/revisions"}],"wp:featuredmedia":[{"embeddable":true,"href":"https:\/\/metaltale.com\/lv\/wp-json\/wp\/v2\/media\/117939"}],"wp:attachment":[{"href":"https:\/\/metaltale.com\/lv\/wp-json\/wp\/v2\/media?parent=133267"}],"wp:term":[{"taxonomy":"product_brand","embeddable":true,"href":"https:\/\/metaltale.com\/lv\/wp-json\/wp\/v2\/product_brand?post=133267"},{"taxonomy":"product_cat","embeddable":true,"href":"https:\/\/metaltale.com\/lv\/wp-json\/wp\/v2\/product_cat?post=133267"},{"taxonomy":"product_tag","embeddable":true,"href":"https:\/\/metaltale.com\/lv\/wp-json\/wp\/v2\/product_tag?post=133267"}],"curies":[{"name":"wp","href":"https:\/\/api.w.org\/{rel}","templated":true}]}}