{"id":133210,"date":"2024-02-13T15:27:41","date_gmt":"2024-02-13T13:27:41","guid":{"rendered":"https:\/\/metaltale.com\/produktas\/koka-ozolkoka-bidamas-durvis-chevron\/"},"modified":"2024-02-13T15:27:41","modified_gmt":"2024-02-13T13:27:41","slug":"koka-ozolkoka-bidamas-durvis-chevron","status":"publish","type":"product","link":"https:\/\/metaltale.com\/lv\/produkts\/koka-ozolkoka-bidamas-durvis-chevron\/","title":{"rendered":"Koka ozolkoka b\u012bd\u0101m\u0101s durvis CHEVRON"},"content":{"rendered":"<div class=\"prod_data\">\n<p><strong>Modelis<\/strong> SZN<br \/>\nMateri\u0101ls Ozolkoka koks<br \/>\n<strong>Biezums (cm<\/strong> ) 4<br \/>\n<strong>Kop\u0113jais augstums (cm<\/strong> ) 210<br \/>\n<strong>Kop\u0113jais platums (cm<\/strong> ) 100<br \/>\n<strong>Apdare<\/strong> Rough<br \/>\n<strong>Virsmas tips<\/strong> Gluda <strong>virsma<\/strong><br \/>\n<strong>PAPILDU INFORM\u0100CIJA<\/strong> Pied\u0101v\u0101jums attiecas tikai uz vienu durvju paneli un neietver b\u012bd\u0101mo sist\u0113mu un citus piederumus.<\/p>\n<hr>\n<p>&#8211; mas\u012bvkoka durvis<br \/>\n&#8211; 4 cm biezs d\u0113\u013cu karkass un taisn\u0101 le\u0146\u0137\u012b novietoti \u0161\u0137\u0113rsp\u012bl\u0101ri nodro\u0161ina stipru un stabilu konstrukciju.<br \/>\n&#8211; rakstainie mas\u012bvie d\u0113\u013ci ir ieb\u016bv\u0113ti r\u0101m\u012b, un \u0161\u0137\u0113rsbalsti<br \/>\n&#8211; v\u0113rtne ir vizu\u0101li sadal\u012bta div\u0101s da\u013c\u0101s, no kur\u0101m viena ir ar stil\u012bgu si\u013c\u0137es rakstu, bet otra &#8211; ar klasisk\u0101m vertik\u0101l\u0101m pl\u0101ksn\u0113m.<br \/>\n&#8211; visas durvju deta\u013cas ir apstr\u0101d\u0101tas ar rok\u0101m<br \/>\n&#8211; durv\u012bm var b\u016bt nelielas plaisas un mezgli\u0146i, kas radu\u0161ies koksnes dabisk\u0101s strukt\u016bras d\u0113\u013c un nesniedzas l\u012bdz pat v\u0101rtiem vis\u0101 to biezum\u0101.<br \/>\n&#8211; univers\u0101la konstrukcija \u013cauj veikt jebkuru mont\u0101\u017eu (uz aug\u0161u un uz leju)<br \/>\n&#8211; durvju konstrukcija \u013cauj izmantot gandr\u012bz jebkuru b\u012bd\u0101mo durvju sist\u0113mu.<br \/>\n&#8211; modelis bez apak\u0161\u0113j\u0101 profila<\/p>\n<hr>\n<p>Koka ozolkoka b\u012bd\u0101m\u0101s durvis Chevron ir modelis ar smalku lauku raksturu. Iztur\u012bgais koka r\u0101mis nodro\u0161ina durvju v\u0113rtnes iztur\u012bbu un kalpo ar\u012b k\u0101 dekorat\u012bvs elements. Elegantais &#8220;Chevron&#8221; e\u0146\u0123es kauli\u0146u raksts ir l\u012bdzsvarots ar taisnajiem d\u0113\u013ciem durvju otr\u0101 pus\u0113, pie\u0161\u0137irot t\u0101m smalku lauku raksturu. Durvju m\u016b\u017e\u012bgais skaistums nav vien\u012bg\u0101 mode\u013ca priek\u0161roc\u012bba &#8211; priek\u0161roc\u012bba ir ar\u012b iesp\u0113ja iek\u0101rt durvis uz vadotnes. Chevron aug\u0161pus\u0113 vai apak\u0161pus\u0113? Uzst\u0101d\u012b\u0161anas virziens ir atkar\u012bgs no individu\u0101laj\u0101m v\u0113lm\u0113m. Intri\u0123\u0113jo\u0161\u0101 rakstu kombin\u0101cija ir intri\u0123\u0113jo\u0161a un harmoniska, kas pan\u0101kta, saglab\u0101jot simetriju. Ozolkoka durvju virsma skaisti izce\u013c koksnes tekst\u016bru un dabisko arhitekt\u016bru, padarot katru deta\u013cu unik\u0101lu un \u012bpa\u0161u. R\u016bp\u012bga izejmateri\u0101lu izv\u0113le un uzman\u012bba deta\u013c\u0101m \u013cauj Chevron ozolkoka durv\u012bm pied\u0101v\u0101t visaugst\u0101ko kvalit\u0101ti.<\/p>\n<\/div>\n","protected":false},"excerpt":{"rendered":"<p>Modelis SZN Materi\u0101ls Ozolkoka koks Biezums (cm ) 4 Kop\u0113jais augstums (cm ) 210 Kop\u0113jais platums (cm ) 100 Apdare<\/p>\n","protected":false},"featured_media":132015,"comment_status":"open","ping_status":"closed","template":"","meta":{"_acf_changed":false,"pmpro_default_level":""},"product_brand":[],"product_cat":[24064,24059,24074],"product_tag":[],"class_list":{"0":"post-133210","1":"product","2":"type-product","3":"status-publish","4":"has-post-thumbnail","6":"product_cat-bidamas-durvis-lv","7":"product_cat-bidamo-durvju-sistemas","8":"product_cat-ozolkoka-bidamas-durvis","9":"pmpro-has-access","11":"first","12":"instock","13":"shipping-taxable","14":"purchasable","15":"product-type-simple"},"acf":[],"yoast_head":"<!-- This site is optimized with the Yoast SEO plugin v24.9 - https:\/\/yoast.com\/wordpress\/plugins\/seo\/ -->\n<title>Koka ozolkoka b\u012bd\u0101m\u0101s durvis CHEVRON - MetalTale.com<\/title>\n<meta name=\"robots\" content=\"index, follow, max-snippet:-1, max-image-preview:large, max-video-preview:-1\" \/>\n<link rel=\"canonical\" href=\"https:\/\/metaltale.com\/lv\/produkts\/koka-ozolkoka-bidamas-durvis-chevron\/\" \/>\n<meta property=\"og:locale\" content=\"lv_LV\" \/>\n<meta property=\"og:type\" content=\"article\" \/>\n<meta property=\"og:title\" content=\"Koka ozolkoka b\u012bd\u0101m\u0101s durvis CHEVRON - MetalTale.com\" \/>\n<meta property=\"og:description\" content=\"Modelis SZN Materi\u0101ls Ozolkoka koks Biezums (cm ) 4 Kop\u0113jais augstums (cm ) 210 Kop\u0113jais platums (cm ) 100 Apdare\" \/>\n<meta property=\"og:url\" content=\"https:\/\/metaltale.com\/lv\/produkts\/koka-ozolkoka-bidamas-durvis-chevron\/\" \/>\n<meta property=\"og:site_name\" content=\"MetalTale.com\" \/>\n<meta property=\"og:image\" content=\"https:\/\/metaltale.com\/wp-content\/uploads\/2024\/02\/Medines-azuolines-stumdomosios-durys-CHEVRON.jpg\" \/>\n\t<meta property=\"og:image:width\" content=\"800\" \/>\n\t<meta property=\"og:image:height\" content=\"800\" \/>\n\t<meta property=\"og:image:type\" content=\"image\/jpeg\" \/>\n<meta name=\"twitter:card\" content=\"summary_large_image\" \/>\n<meta name=\"twitter:label1\" content=\"Est. reading time\" \/>\n\t<meta name=\"twitter:data1\" content=\"2 minutes\" \/>\n<script type=\"application\/ld+json\" class=\"yoast-schema-graph\">{\"@context\":\"https:\/\/schema.org\",\"@graph\":[{\"@type\":\"WebPage\",\"@id\":\"https:\/\/metaltale.com\/lv\/produkts\/koka-ozolkoka-bidamas-durvis-chevron\/\",\"url\":\"https:\/\/metaltale.com\/lv\/produkts\/koka-ozolkoka-bidamas-durvis-chevron\/\",\"name\":\"Koka ozolkoka b\u012bd\u0101m\u0101s durvis CHEVRON - MetalTale.com\",\"isPartOf\":{\"@id\":\"https:\/\/metaltale.com\/lv\/#website\"},\"primaryImageOfPage\":{\"@id\":\"https:\/\/metaltale.com\/lv\/produkts\/koka-ozolkoka-bidamas-durvis-chevron\/#primaryimage\"},\"image\":{\"@id\":\"https:\/\/metaltale.com\/lv\/produkts\/koka-ozolkoka-bidamas-durvis-chevron\/#primaryimage\"},\"thumbnailUrl\":\"https:\/\/metaltale.com\/wp-content\/uploads\/2024\/02\/Medines-azuolines-stumdomosios-durys-CHEVRON.jpg\",\"datePublished\":\"2024-02-13T13:27:41+00:00\",\"breadcrumb\":{\"@id\":\"https:\/\/metaltale.com\/lv\/produkts\/koka-ozolkoka-bidamas-durvis-chevron\/#breadcrumb\"},\"inLanguage\":\"lv-LV\",\"potentialAction\":[{\"@type\":\"ReadAction\",\"target\":[\"https:\/\/metaltale.com\/lv\/produkts\/koka-ozolkoka-bidamas-durvis-chevron\/\"]}]},{\"@type\":\"ImageObject\",\"inLanguage\":\"lv-LV\",\"@id\":\"https:\/\/metaltale.com\/lv\/produkts\/koka-ozolkoka-bidamas-durvis-chevron\/#primaryimage\",\"url\":\"https:\/\/metaltale.com\/wp-content\/uploads\/2024\/02\/Medines-azuolines-stumdomosios-durys-CHEVRON.jpg\",\"contentUrl\":\"https:\/\/metaltale.com\/wp-content\/uploads\/2024\/02\/Medines-azuolines-stumdomosios-durys-CHEVRON.jpg\",\"width\":800,\"height\":800,\"caption\":\"Koka ozolkoka b\u012bd\u0101m\u0101s durvis CHEVRON\"},{\"@type\":\"BreadcrumbList\",\"@id\":\"https:\/\/metaltale.com\/lv\/produkts\/koka-ozolkoka-bidamas-durvis-chevron\/#breadcrumb\",\"itemListElement\":[{\"@type\":\"ListItem\",\"position\":1,\"name\":\"Home\",\"item\":\"https:\/\/metaltale.com\/lv\/majas\/\"},{\"@type\":\"ListItem\",\"position\":2,\"name\":\"Veikals\",\"item\":\"https:\/\/metaltale.com\/lv\/shop\/\"},{\"@type\":\"ListItem\",\"position\":3,\"name\":\"Koka ozolkoka b\u012bd\u0101m\u0101s durvis CHEVRON\"}]},{\"@type\":\"WebSite\",\"@id\":\"https:\/\/metaltale.com\/lv\/#website\",\"url\":\"https:\/\/metaltale.com\/lv\/\",\"name\":\"Metaltale.com\",\"description\":\"\",\"potentialAction\":[{\"@type\":\"SearchAction\",\"target\":{\"@type\":\"EntryPoint\",\"urlTemplate\":\"https:\/\/metaltale.com\/lv\/?s={search_term_string}\"},\"query-input\":{\"@type\":\"PropertyValueSpecification\",\"valueRequired\":true,\"valueName\":\"search_term_string\"}}],\"inLanguage\":\"lv-LV\"}]}<\/script>\n<!-- \/ Yoast SEO plugin. -->","yoast_head_json":{"title":"Koka ozolkoka b\u012bd\u0101m\u0101s durvis CHEVRON - MetalTale.com","robots":{"index":"index","follow":"follow","max-snippet":"max-snippet:-1","max-image-preview":"max-image-preview:large","max-video-preview":"max-video-preview:-1"},"canonical":"https:\/\/metaltale.com\/lv\/produkts\/koka-ozolkoka-bidamas-durvis-chevron\/","og_locale":"lv_LV","og_type":"article","og_title":"Koka ozolkoka b\u012bd\u0101m\u0101s durvis CHEVRON - MetalTale.com","og_description":"Modelis SZN Materi\u0101ls Ozolkoka koks Biezums (cm ) 4 Kop\u0113jais augstums (cm ) 210 Kop\u0113jais platums (cm ) 100 Apdare","og_url":"https:\/\/metaltale.com\/lv\/produkts\/koka-ozolkoka-bidamas-durvis-chevron\/","og_site_name":"MetalTale.com","og_image":[{"width":800,"height":800,"url":"https:\/\/metaltale.com\/wp-content\/uploads\/2024\/02\/Medines-azuolines-stumdomosios-durys-CHEVRON.jpg","type":"image\/jpeg"}],"twitter_card":"summary_large_image","twitter_misc":{"Est. reading time":"2 minutes"},"schema":{"@context":"https:\/\/schema.org","@graph":[{"@type":"WebPage","@id":"https:\/\/metaltale.com\/lv\/produkts\/koka-ozolkoka-bidamas-durvis-chevron\/","url":"https:\/\/metaltale.com\/lv\/produkts\/koka-ozolkoka-bidamas-durvis-chevron\/","name":"Koka ozolkoka b\u012bd\u0101m\u0101s durvis CHEVRON - MetalTale.com","isPartOf":{"@id":"https:\/\/metaltale.com\/lv\/#website"},"primaryImageOfPage":{"@id":"https:\/\/metaltale.com\/lv\/produkts\/koka-ozolkoka-bidamas-durvis-chevron\/#primaryimage"},"image":{"@id":"https:\/\/metaltale.com\/lv\/produkts\/koka-ozolkoka-bidamas-durvis-chevron\/#primaryimage"},"thumbnailUrl":"https:\/\/metaltale.com\/wp-content\/uploads\/2024\/02\/Medines-azuolines-stumdomosios-durys-CHEVRON.jpg","datePublished":"2024-02-13T13:27:41+00:00","breadcrumb":{"@id":"https:\/\/metaltale.com\/lv\/produkts\/koka-ozolkoka-bidamas-durvis-chevron\/#breadcrumb"},"inLanguage":"lv-LV","potentialAction":[{"@type":"ReadAction","target":["https:\/\/metaltale.com\/lv\/produkts\/koka-ozolkoka-bidamas-durvis-chevron\/"]}]},{"@type":"ImageObject","inLanguage":"lv-LV","@id":"https:\/\/metaltale.com\/lv\/produkts\/koka-ozolkoka-bidamas-durvis-chevron\/#primaryimage","url":"https:\/\/metaltale.com\/wp-content\/uploads\/2024\/02\/Medines-azuolines-stumdomosios-durys-CHEVRON.jpg","contentUrl":"https:\/\/metaltale.com\/wp-content\/uploads\/2024\/02\/Medines-azuolines-stumdomosios-durys-CHEVRON.jpg","width":800,"height":800,"caption":"Koka ozolkoka b\u012bd\u0101m\u0101s durvis CHEVRON"},{"@type":"BreadcrumbList","@id":"https:\/\/metaltale.com\/lv\/produkts\/koka-ozolkoka-bidamas-durvis-chevron\/#breadcrumb","itemListElement":[{"@type":"ListItem","position":1,"name":"Home","item":"https:\/\/metaltale.com\/lv\/majas\/"},{"@type":"ListItem","position":2,"name":"Veikals","item":"https:\/\/metaltale.com\/lv\/shop\/"},{"@type":"ListItem","position":3,"name":"Koka ozolkoka b\u012bd\u0101m\u0101s durvis CHEVRON"}]},{"@type":"WebSite","@id":"https:\/\/metaltale.com\/lv\/#website","url":"https:\/\/metaltale.com\/lv\/","name":"Metaltale.com","description":"","potentialAction":[{"@type":"SearchAction","target":{"@type":"EntryPoint","urlTemplate":"https:\/\/metaltale.com\/lv\/?s={search_term_string}"},"query-input":{"@type":"PropertyValueSpecification","valueRequired":true,"valueName":"search_term_string"}}],"inLanguage":"lv-LV"}]}},"_links":{"self":[{"href":"https:\/\/metaltale.com\/lv\/wp-json\/wp\/v2\/product\/133210","targetHints":{"allow":["GET"]}}],"collection":[{"href":"https:\/\/metaltale.com\/lv\/wp-json\/wp\/v2\/product"}],"about":[{"href":"https:\/\/metaltale.com\/lv\/wp-json\/wp\/v2\/types\/product"}],"replies":[{"embeddable":true,"href":"https:\/\/metaltale.com\/lv\/wp-json\/wp\/v2\/comments?post=133210"}],"version-history":[{"count":0,"href":"https:\/\/metaltale.com\/lv\/wp-json\/wp\/v2\/product\/133210\/revisions"}],"wp:featuredmedia":[{"embeddable":true,"href":"https:\/\/metaltale.com\/lv\/wp-json\/wp\/v2\/media\/132015"}],"wp:attachment":[{"href":"https:\/\/metaltale.com\/lv\/wp-json\/wp\/v2\/media?parent=133210"}],"wp:term":[{"taxonomy":"product_brand","embeddable":true,"href":"https:\/\/metaltale.com\/lv\/wp-json\/wp\/v2\/product_brand?post=133210"},{"taxonomy":"product_cat","embeddable":true,"href":"https:\/\/metaltale.com\/lv\/wp-json\/wp\/v2\/product_cat?post=133210"},{"taxonomy":"product_tag","embeddable":true,"href":"https:\/\/metaltale.com\/lv\/wp-json\/wp\/v2\/product_tag?post=133210"}],"curies":[{"name":"wp","href":"https:\/\/api.w.org\/{rel}","templated":true}]}}