{"id":133209,"date":"2024-02-13T15:27:41","date_gmt":"2024-02-13T13:27:41","guid":{"rendered":"https:\/\/metaltale.com\/produktas\/dusas-maisitajs-akron-roza-zelts\/"},"modified":"2024-02-13T15:27:41","modified_gmt":"2024-02-13T13:27:41","slug":"dusas-maisitajs-akron-roza-zelts","status":"publish","type":"product","link":"https:\/\/metaltale.com\/lv\/produkts\/dusas-maisitajs-akron-roza-zelts\/","title":{"rendered":"Du\u0161as mais\u012bt\u0101js AKRON, roz\u0101 zelts"},"content":{"rendered":"<div class=\"prod_data\">\n<p><strong>Modelis<\/strong> QZ.HS-005.WS-RZL<br \/>\nModern\u0101 <strong>kolekcija<\/strong><br \/>\n<strong>Augstums (cm<\/strong> ) 130<br \/>\n<strong>Kop\u0113j\u0101 projekcija (cm<\/strong> ) 49<br \/>\n<strong>Du\u0161as galvas izm\u0113ri (cm)<\/strong> 20&#215;20<br \/>\n<strong>Materi\u0101ls<\/strong> Ner\u016bs\u0113jo\u0161ais t\u0113rauds<br \/>\n<strong>Kr\u0101sa<\/strong> Roz\u0101 zelts<br \/>\nApdare mat\u0113ta<br \/>\n<strong>\u0160\u013c\u016btenes garums (cm<\/strong> ) 150<br \/>\n<strong>Du\u0161as galvas garums (cm<\/strong> ) 24<br \/>\n<strong>Rot\u0113jo\u0161s izsmidzin\u0101t\u0101js<\/strong> J\u0101<\/p>\n<p>ner\u016bs\u0113jo\u0161\u0101 t\u0113rauda du\u0161as mais\u012bt\u0101js<\/p>\n<p>Du\u0161as komplekts: vannas pild\u012bt\u0101js, rokas du\u0161a, lietus du\u0161a<\/p>\n<p>keramikas galva &#8211; elements, kas nodro\u0161ina pareizu \u016bdens sadali.<\/p>\n<p>&#8220;Anti-Calc &#8211; sist\u0113ma, kas nov\u0113r\u0161 ka\u013c\u0137akmens veido\u0161anos<\/p>\n<hr>\n<p>Ja mekl\u0113jat unik\u0101la stila du\u0161as mais\u012bt\u0101ju, tad j\u016bs noteikti ieinteres\u0113s Akron modelis! T\u0101 sp\u012bd\u012bgais roz\u0101 zelta tonis ir unik\u0101ls kr\u0101su pied\u0101v\u0101jums, kas izgaismos jebkuru telpu. \u0160is du\u0161as mais\u012bt\u0101js lieliski izskat\u0101s caursp\u012bd\u012bg\u0101s du\u0161as kab\u012bn\u0113s, kur t\u0101 \u017eilbino\u0161ais dizains var p\u0101rsteigt ne tikai vanno\u0161an\u0101s laik\u0101. Du\u0161as galva ir uzst\u0101d\u012bta uz elast\u012bga savienot\u0101ja, kas \u013cauj piel\u0101got \u016bdens str\u016bklas le\u0146\u0137i atbilsto\u0161i j\u016bsu individu\u0101laj\u0101m vajadz\u012bb\u0101m. Tas ir funkcion\u0101ls risin\u0101jums, kas atvieglo mais\u012bt\u0101ja lieto\u0161anu.<\/p>\n<\/div>\n","protected":false},"excerpt":{"rendered":"<p>Modelis QZ.HS-005.WS-RZL Modern\u0101 kolekcija Augstums (cm ) 130 Kop\u0113j\u0101 projekcija (cm ) 49 Du\u0161as galvas izm\u0113ri (cm) 20&#215;20 Materi\u0101ls Ner\u016bs\u0113jo\u0161ais<\/p>\n","protected":false},"featured_media":117932,"comment_status":"open","ping_status":"closed","template":"","meta":{"_acf_changed":false,"pmpro_default_level":""},"product_brand":[],"product_cat":[24112,24073],"product_tag":[],"class_list":{"0":"post-133209","1":"product","2":"type-product","3":"status-publish","4":"has-post-thumbnail","6":"product_cat-dusas-maisitaji","7":"product_cat-vannas-istabas-krani","8":"pmpro-has-access","10":"first","11":"instock","12":"shipping-taxable","13":"purchasable","14":"product-type-simple"},"acf":[],"yoast_head":"<!-- This site is optimized with the Yoast SEO plugin v24.9 - https:\/\/yoast.com\/wordpress\/plugins\/seo\/ -->\n<title>Du\u0161as mais\u012bt\u0101js AKRON, roz\u0101 zelts - MetalTale.com<\/title>\n<meta name=\"robots\" content=\"index, follow, max-snippet:-1, max-image-preview:large, max-video-preview:-1\" \/>\n<link rel=\"canonical\" href=\"https:\/\/metaltale.com\/lv\/produkts\/dusas-maisitajs-akron-roza-zelts\/\" \/>\n<meta property=\"og:locale\" content=\"lv_LV\" \/>\n<meta property=\"og:type\" content=\"article\" \/>\n<meta property=\"og:title\" content=\"Du\u0161as mais\u012bt\u0101js AKRON, roz\u0101 zelts - MetalTale.com\" \/>\n<meta property=\"og:description\" content=\"Modelis QZ.HS-005.WS-RZL Modern\u0101 kolekcija Augstums (cm ) 130 Kop\u0113j\u0101 projekcija (cm ) 49 Du\u0161as galvas izm\u0113ri (cm) 20&#215;20 Materi\u0101ls Ner\u016bs\u0113jo\u0161ais\" \/>\n<meta property=\"og:url\" content=\"https:\/\/metaltale.com\/lv\/produkts\/dusas-maisitajs-akron-roza-zelts\/\" \/>\n<meta property=\"og:site_name\" content=\"MetalTale.com\" \/>\n<meta property=\"og:image\" content=\"https:\/\/metaltale.com\/wp-content\/uploads\/2023\/12\/Dux161o-maix161ytuvas-rox17Einio-aukso-spalvos-AKRON.jpg\" \/>\n\t<meta property=\"og:image:width\" content=\"800\" \/>\n\t<meta property=\"og:image:height\" content=\"800\" \/>\n\t<meta property=\"og:image:type\" content=\"image\/jpeg\" \/>\n<meta name=\"twitter:card\" content=\"summary_large_image\" \/>\n<meta name=\"twitter:label1\" content=\"Est. reading time\" \/>\n\t<meta name=\"twitter:data1\" content=\"1 minute\" \/>\n<script type=\"application\/ld+json\" class=\"yoast-schema-graph\">{\"@context\":\"https:\/\/schema.org\",\"@graph\":[{\"@type\":\"WebPage\",\"@id\":\"https:\/\/metaltale.com\/lv\/produkts\/dusas-maisitajs-akron-roza-zelts\/\",\"url\":\"https:\/\/metaltale.com\/lv\/produkts\/dusas-maisitajs-akron-roza-zelts\/\",\"name\":\"Du\u0161as mais\u012bt\u0101js AKRON, roz\u0101 zelts - MetalTale.com\",\"isPartOf\":{\"@id\":\"https:\/\/metaltale.com\/lv\/#website\"},\"primaryImageOfPage\":{\"@id\":\"https:\/\/metaltale.com\/lv\/produkts\/dusas-maisitajs-akron-roza-zelts\/#primaryimage\"},\"image\":{\"@id\":\"https:\/\/metaltale.com\/lv\/produkts\/dusas-maisitajs-akron-roza-zelts\/#primaryimage\"},\"thumbnailUrl\":\"https:\/\/metaltale.com\/wp-content\/uploads\/2023\/12\/Dux161o-maix161ytuvas-rox17Einio-aukso-spalvos-AKRON.jpg\",\"datePublished\":\"2024-02-13T13:27:41+00:00\",\"breadcrumb\":{\"@id\":\"https:\/\/metaltale.com\/lv\/produkts\/dusas-maisitajs-akron-roza-zelts\/#breadcrumb\"},\"inLanguage\":\"lv-LV\",\"potentialAction\":[{\"@type\":\"ReadAction\",\"target\":[\"https:\/\/metaltale.com\/lv\/produkts\/dusas-maisitajs-akron-roza-zelts\/\"]}]},{\"@type\":\"ImageObject\",\"inLanguage\":\"lv-LV\",\"@id\":\"https:\/\/metaltale.com\/lv\/produkts\/dusas-maisitajs-akron-roza-zelts\/#primaryimage\",\"url\":\"https:\/\/metaltale.com\/wp-content\/uploads\/2023\/12\/Dux161o-maix161ytuvas-rox17Einio-aukso-spalvos-AKRON.jpg\",\"contentUrl\":\"https:\/\/metaltale.com\/wp-content\/uploads\/2023\/12\/Dux161o-maix161ytuvas-rox17Einio-aukso-spalvos-AKRON.jpg\",\"width\":800,\"height\":800,\"caption\":\"Du\u0161as mais\u012bt\u0101js AKRON, roz\u0101 zelts\"},{\"@type\":\"BreadcrumbList\",\"@id\":\"https:\/\/metaltale.com\/lv\/produkts\/dusas-maisitajs-akron-roza-zelts\/#breadcrumb\",\"itemListElement\":[{\"@type\":\"ListItem\",\"position\":1,\"name\":\"Home\",\"item\":\"https:\/\/metaltale.com\/lv\/majas\/\"},{\"@type\":\"ListItem\",\"position\":2,\"name\":\"Veikals\",\"item\":\"https:\/\/metaltale.com\/lv\/shop\/\"},{\"@type\":\"ListItem\",\"position\":3,\"name\":\"Du\u0161as mais\u012bt\u0101js AKRON, roz\u0101 zelts\"}]},{\"@type\":\"WebSite\",\"@id\":\"https:\/\/metaltale.com\/lv\/#website\",\"url\":\"https:\/\/metaltale.com\/lv\/\",\"name\":\"Metaltale.com\",\"description\":\"\",\"potentialAction\":[{\"@type\":\"SearchAction\",\"target\":{\"@type\":\"EntryPoint\",\"urlTemplate\":\"https:\/\/metaltale.com\/lv\/?s={search_term_string}\"},\"query-input\":{\"@type\":\"PropertyValueSpecification\",\"valueRequired\":true,\"valueName\":\"search_term_string\"}}],\"inLanguage\":\"lv-LV\"}]}<\/script>\n<!-- \/ Yoast SEO plugin. -->","yoast_head_json":{"title":"Du\u0161as mais\u012bt\u0101js AKRON, roz\u0101 zelts - MetalTale.com","robots":{"index":"index","follow":"follow","max-snippet":"max-snippet:-1","max-image-preview":"max-image-preview:large","max-video-preview":"max-video-preview:-1"},"canonical":"https:\/\/metaltale.com\/lv\/produkts\/dusas-maisitajs-akron-roza-zelts\/","og_locale":"lv_LV","og_type":"article","og_title":"Du\u0161as mais\u012bt\u0101js AKRON, roz\u0101 zelts - MetalTale.com","og_description":"Modelis QZ.HS-005.WS-RZL Modern\u0101 kolekcija Augstums (cm ) 130 Kop\u0113j\u0101 projekcija (cm ) 49 Du\u0161as galvas izm\u0113ri (cm) 20&#215;20 Materi\u0101ls Ner\u016bs\u0113jo\u0161ais","og_url":"https:\/\/metaltale.com\/lv\/produkts\/dusas-maisitajs-akron-roza-zelts\/","og_site_name":"MetalTale.com","og_image":[{"width":800,"height":800,"url":"https:\/\/metaltale.com\/wp-content\/uploads\/2023\/12\/Dux161o-maix161ytuvas-rox17Einio-aukso-spalvos-AKRON.jpg","type":"image\/jpeg"}],"twitter_card":"summary_large_image","twitter_misc":{"Est. reading time":"1 minute"},"schema":{"@context":"https:\/\/schema.org","@graph":[{"@type":"WebPage","@id":"https:\/\/metaltale.com\/lv\/produkts\/dusas-maisitajs-akron-roza-zelts\/","url":"https:\/\/metaltale.com\/lv\/produkts\/dusas-maisitajs-akron-roza-zelts\/","name":"Du\u0161as mais\u012bt\u0101js AKRON, roz\u0101 zelts - MetalTale.com","isPartOf":{"@id":"https:\/\/metaltale.com\/lv\/#website"},"primaryImageOfPage":{"@id":"https:\/\/metaltale.com\/lv\/produkts\/dusas-maisitajs-akron-roza-zelts\/#primaryimage"},"image":{"@id":"https:\/\/metaltale.com\/lv\/produkts\/dusas-maisitajs-akron-roza-zelts\/#primaryimage"},"thumbnailUrl":"https:\/\/metaltale.com\/wp-content\/uploads\/2023\/12\/Dux161o-maix161ytuvas-rox17Einio-aukso-spalvos-AKRON.jpg","datePublished":"2024-02-13T13:27:41+00:00","breadcrumb":{"@id":"https:\/\/metaltale.com\/lv\/produkts\/dusas-maisitajs-akron-roza-zelts\/#breadcrumb"},"inLanguage":"lv-LV","potentialAction":[{"@type":"ReadAction","target":["https:\/\/metaltale.com\/lv\/produkts\/dusas-maisitajs-akron-roza-zelts\/"]}]},{"@type":"ImageObject","inLanguage":"lv-LV","@id":"https:\/\/metaltale.com\/lv\/produkts\/dusas-maisitajs-akron-roza-zelts\/#primaryimage","url":"https:\/\/metaltale.com\/wp-content\/uploads\/2023\/12\/Dux161o-maix161ytuvas-rox17Einio-aukso-spalvos-AKRON.jpg","contentUrl":"https:\/\/metaltale.com\/wp-content\/uploads\/2023\/12\/Dux161o-maix161ytuvas-rox17Einio-aukso-spalvos-AKRON.jpg","width":800,"height":800,"caption":"Du\u0161as mais\u012bt\u0101js AKRON, roz\u0101 zelts"},{"@type":"BreadcrumbList","@id":"https:\/\/metaltale.com\/lv\/produkts\/dusas-maisitajs-akron-roza-zelts\/#breadcrumb","itemListElement":[{"@type":"ListItem","position":1,"name":"Home","item":"https:\/\/metaltale.com\/lv\/majas\/"},{"@type":"ListItem","position":2,"name":"Veikals","item":"https:\/\/metaltale.com\/lv\/shop\/"},{"@type":"ListItem","position":3,"name":"Du\u0161as mais\u012bt\u0101js AKRON, roz\u0101 zelts"}]},{"@type":"WebSite","@id":"https:\/\/metaltale.com\/lv\/#website","url":"https:\/\/metaltale.com\/lv\/","name":"Metaltale.com","description":"","potentialAction":[{"@type":"SearchAction","target":{"@type":"EntryPoint","urlTemplate":"https:\/\/metaltale.com\/lv\/?s={search_term_string}"},"query-input":{"@type":"PropertyValueSpecification","valueRequired":true,"valueName":"search_term_string"}}],"inLanguage":"lv-LV"}]}},"_links":{"self":[{"href":"https:\/\/metaltale.com\/lv\/wp-json\/wp\/v2\/product\/133209","targetHints":{"allow":["GET"]}}],"collection":[{"href":"https:\/\/metaltale.com\/lv\/wp-json\/wp\/v2\/product"}],"about":[{"href":"https:\/\/metaltale.com\/lv\/wp-json\/wp\/v2\/types\/product"}],"replies":[{"embeddable":true,"href":"https:\/\/metaltale.com\/lv\/wp-json\/wp\/v2\/comments?post=133209"}],"version-history":[{"count":0,"href":"https:\/\/metaltale.com\/lv\/wp-json\/wp\/v2\/product\/133209\/revisions"}],"wp:featuredmedia":[{"embeddable":true,"href":"https:\/\/metaltale.com\/lv\/wp-json\/wp\/v2\/media\/117932"}],"wp:attachment":[{"href":"https:\/\/metaltale.com\/lv\/wp-json\/wp\/v2\/media?parent=133209"}],"wp:term":[{"taxonomy":"product_brand","embeddable":true,"href":"https:\/\/metaltale.com\/lv\/wp-json\/wp\/v2\/product_brand?post=133209"},{"taxonomy":"product_cat","embeddable":true,"href":"https:\/\/metaltale.com\/lv\/wp-json\/wp\/v2\/product_cat?post=133209"},{"taxonomy":"product_tag","embeddable":true,"href":"https:\/\/metaltale.com\/lv\/wp-json\/wp\/v2\/product_tag?post=133209"}],"curies":[{"name":"wp","href":"https:\/\/api.w.org\/{rel}","templated":true}]}}