{"id":133181,"date":"2024-02-13T15:27:41","date_gmt":"2024-02-13T13:27:41","guid":{"rendered":"https:\/\/metaltale.com\/produktas\/dekorativs-metala-sienas-vacins-pepsi-2\/"},"modified":"2024-02-13T15:27:41","modified_gmt":"2024-02-13T13:27:41","slug":"dekorativs-metala-sienas-vacins-pepsi-2","status":"publish","type":"product","link":"https:\/\/metaltale.com\/lv\/produkts\/dekorativs-metala-sienas-vacins-pepsi-2\/","title":{"rendered":"Dekorat\u012bvs met\u0101la sienas v\u0101ci\u0146\u0161 PEPSI 2"},"content":{"rendered":"<div class=\"prod_data\"><strong>Modelis<\/strong> FJ.JHBC.2027  <br \/><strong>EAN.<\/strong>  5905369925474  <br \/><strong>Motif<\/strong> dz\u0113rieni  <br \/><strong>Dzi\u013cums (cm<\/strong> ) 4  <br \/><strong>Kop\u0113jais diametrs (cm<\/strong> ) 35  <br \/><strong>Materi\u0101ls<\/strong> T\u0113rauds  <br \/><strong>Forma<\/strong> Apa\u013ca  <br \/><strong>Orient\u0113\u0161an\u0101s<\/strong> Univers\u0101l\u0101  <\/p>\n<p>Met\u0101la sienas v\u0101ci\u0146\u0161, ko var piek\u0101rt, pateicoties rokturim izstr\u0101d\u0101juma aizmugur\u0113. Izdruka tika lakota, lai pasarg\u0101tu to no nodiluma. Ir saglab\u0101ta retro stila grafika, kas atg\u0101dina PEPSI logotipa rekl\u0101mas no iepriek\u0161\u0113j\u0101m desmitgad\u0113m. Met\u0101la apdare ir ide\u0101li piem\u0113rota gan retro, gan vintage interjeriem. V\u0101ks iepriecin\u0101s ikvienu ori\u0123in\u0101lo rot\u0101jumu cien\u012bt\u0101ju.<\/p>\n<p>Uz produkta ir PEPSI-COLA logotips un uzraksts PEPSI-COLA.<\/p>\n<p>\u0160is v\u0101ci\u0146\u0161 ir ide\u0101li piem\u0113rots b\u0101riem, restor\u0101niem un kafejn\u012bc\u0101m, ta\u010du b\u016bs noder\u012bgs ar\u012b senatn\u012bgos interjeros. met\u0101la v\u0101ci\u0146\u0161 &#8211; ori\u0123in\u0101la d\u0101vin\u0101juma ideja.<\/p>\n<\/div>\n","protected":false},"excerpt":{"rendered":"<p>Modelis FJ.JHBC.2027 EAN. 5905369925474 Motif dz\u0113rieni Dzi\u013cums (cm ) 4 Kop\u0113jais diametrs (cm ) 35 Materi\u0101ls T\u0113rauds Forma Apa\u013ca Orient\u0113\u0161an\u0101s<\/p>\n","protected":false},"featured_media":108335,"comment_status":"open","ping_status":"closed","template":"","meta":{"_acf_changed":false,"pmpro_default_level":""},"product_brand":[],"product_cat":[24088],"product_tag":[],"class_list":{"0":"post-133181","1":"product","2":"type-product","3":"status-publish","4":"has-post-thumbnail","6":"product_cat-dekorativie-pudelu-aizbazni","7":"pmpro-has-access","9":"first","10":"instock","11":"shipping-taxable","12":"purchasable","13":"product-type-simple"},"acf":[],"yoast_head":"<!-- This site is optimized with the Yoast SEO plugin v24.9 - https:\/\/yoast.com\/wordpress\/plugins\/seo\/ -->\n<title>Dekorat\u012bvs met\u0101la sienas v\u0101ci\u0146\u0161 PEPSI 2 - MetalTale.com<\/title>\n<meta name=\"robots\" content=\"index, follow, max-snippet:-1, max-image-preview:large, max-video-preview:-1\" \/>\n<link rel=\"canonical\" href=\"https:\/\/metaltale.com\/lv\/produkts\/dekorativs-metala-sienas-vacins-pepsi-2\/\" \/>\n<meta property=\"og:locale\" content=\"lv_LV\" \/>\n<meta property=\"og:type\" content=\"article\" \/>\n<meta property=\"og:title\" content=\"Dekorat\u012bvs met\u0101la sienas v\u0101ci\u0146\u0161 PEPSI 2 - MetalTale.com\" \/>\n<meta property=\"og:description\" content=\"Modelis FJ.JHBC.2027 EAN. 5905369925474 Motif dz\u0113rieni Dzi\u013cums (cm ) 4 Kop\u0113jais diametrs (cm ) 35 Materi\u0101ls T\u0113rauds Forma Apa\u013ca Orient\u0113\u0161an\u0101s\" \/>\n<meta property=\"og:url\" content=\"https:\/\/metaltale.com\/lv\/produkts\/dekorativs-metala-sienas-vacins-pepsi-2\/\" \/>\n<meta property=\"og:site_name\" content=\"MetalTale.com\" \/>\n<meta name=\"twitter:card\" content=\"summary_large_image\" \/>\n<meta name=\"twitter:label1\" content=\"Est. reading time\" \/>\n\t<meta name=\"twitter:data1\" content=\"1 minute\" \/>\n<script type=\"application\/ld+json\" class=\"yoast-schema-graph\">{\"@context\":\"https:\/\/schema.org\",\"@graph\":[{\"@type\":\"WebPage\",\"@id\":\"https:\/\/metaltale.com\/lv\/produkts\/dekorativs-metala-sienas-vacins-pepsi-2\/\",\"url\":\"https:\/\/metaltale.com\/lv\/produkts\/dekorativs-metala-sienas-vacins-pepsi-2\/\",\"name\":\"Dekorat\u012bvs met\u0101la sienas v\u0101ci\u0146\u0161 PEPSI 2 - MetalTale.com\",\"isPartOf\":{\"@id\":\"https:\/\/metaltale.com\/lv\/#website\"},\"primaryImageOfPage\":{\"@id\":\"https:\/\/metaltale.com\/lv\/produkts\/dekorativs-metala-sienas-vacins-pepsi-2\/#primaryimage\"},\"image\":{\"@id\":\"https:\/\/metaltale.com\/lv\/produkts\/dekorativs-metala-sienas-vacins-pepsi-2\/#primaryimage\"},\"thumbnailUrl\":\"https:\/\/metaltale.com\/wp-content\/uploads\/2023\/11\/Dekoratyviniai-butelix173-kamx161tukai-3.jpg\",\"datePublished\":\"2024-02-13T13:27:41+00:00\",\"breadcrumb\":{\"@id\":\"https:\/\/metaltale.com\/lv\/produkts\/dekorativs-metala-sienas-vacins-pepsi-2\/#breadcrumb\"},\"inLanguage\":\"lv-LV\",\"potentialAction\":[{\"@type\":\"ReadAction\",\"target\":[\"https:\/\/metaltale.com\/lv\/produkts\/dekorativs-metala-sienas-vacins-pepsi-2\/\"]}]},{\"@type\":\"ImageObject\",\"inLanguage\":\"lv-LV\",\"@id\":\"https:\/\/metaltale.com\/lv\/produkts\/dekorativs-metala-sienas-vacins-pepsi-2\/#primaryimage\",\"url\":\"https:\/\/metaltale.com\/wp-content\/uploads\/2023\/11\/Dekoratyviniai-butelix173-kamx161tukai-3.jpg\",\"contentUrl\":\"https:\/\/metaltale.com\/wp-content\/uploads\/2023\/11\/Dekoratyviniai-butelix173-kamx161tukai-3.jpg\",\"width\":800,\"height\":800},{\"@type\":\"BreadcrumbList\",\"@id\":\"https:\/\/metaltale.com\/lv\/produkts\/dekorativs-metala-sienas-vacins-pepsi-2\/#breadcrumb\",\"itemListElement\":[{\"@type\":\"ListItem\",\"position\":1,\"name\":\"Home\",\"item\":\"https:\/\/metaltale.com\/lv\/majas\/\"},{\"@type\":\"ListItem\",\"position\":2,\"name\":\"Veikals\",\"item\":\"https:\/\/metaltale.com\/lv\/shop\/\"},{\"@type\":\"ListItem\",\"position\":3,\"name\":\"Dekorat\u012bvs met\u0101la sienas v\u0101ci\u0146\u0161 PEPSI 2\"}]},{\"@type\":\"WebSite\",\"@id\":\"https:\/\/metaltale.com\/lv\/#website\",\"url\":\"https:\/\/metaltale.com\/lv\/\",\"name\":\"Metaltale.com\",\"description\":\"\",\"potentialAction\":[{\"@type\":\"SearchAction\",\"target\":{\"@type\":\"EntryPoint\",\"urlTemplate\":\"https:\/\/metaltale.com\/lv\/?s={search_term_string}\"},\"query-input\":{\"@type\":\"PropertyValueSpecification\",\"valueRequired\":true,\"valueName\":\"search_term_string\"}}],\"inLanguage\":\"lv-LV\"}]}<\/script>\n<!-- \/ Yoast SEO plugin. -->","yoast_head_json":{"title":"Dekorat\u012bvs met\u0101la sienas v\u0101ci\u0146\u0161 PEPSI 2 - MetalTale.com","robots":{"index":"index","follow":"follow","max-snippet":"max-snippet:-1","max-image-preview":"max-image-preview:large","max-video-preview":"max-video-preview:-1"},"canonical":"https:\/\/metaltale.com\/lv\/produkts\/dekorativs-metala-sienas-vacins-pepsi-2\/","og_locale":"lv_LV","og_type":"article","og_title":"Dekorat\u012bvs met\u0101la sienas v\u0101ci\u0146\u0161 PEPSI 2 - MetalTale.com","og_description":"Modelis FJ.JHBC.2027 EAN. 5905369925474 Motif dz\u0113rieni Dzi\u013cums (cm ) 4 Kop\u0113jais diametrs (cm ) 35 Materi\u0101ls T\u0113rauds Forma Apa\u013ca Orient\u0113\u0161an\u0101s","og_url":"https:\/\/metaltale.com\/lv\/produkts\/dekorativs-metala-sienas-vacins-pepsi-2\/","og_site_name":"MetalTale.com","twitter_card":"summary_large_image","twitter_misc":{"Est. reading time":"1 minute"},"schema":{"@context":"https:\/\/schema.org","@graph":[{"@type":"WebPage","@id":"https:\/\/metaltale.com\/lv\/produkts\/dekorativs-metala-sienas-vacins-pepsi-2\/","url":"https:\/\/metaltale.com\/lv\/produkts\/dekorativs-metala-sienas-vacins-pepsi-2\/","name":"Dekorat\u012bvs met\u0101la sienas v\u0101ci\u0146\u0161 PEPSI 2 - MetalTale.com","isPartOf":{"@id":"https:\/\/metaltale.com\/lv\/#website"},"primaryImageOfPage":{"@id":"https:\/\/metaltale.com\/lv\/produkts\/dekorativs-metala-sienas-vacins-pepsi-2\/#primaryimage"},"image":{"@id":"https:\/\/metaltale.com\/lv\/produkts\/dekorativs-metala-sienas-vacins-pepsi-2\/#primaryimage"},"thumbnailUrl":"https:\/\/metaltale.com\/wp-content\/uploads\/2023\/11\/Dekoratyviniai-butelix173-kamx161tukai-3.jpg","datePublished":"2024-02-13T13:27:41+00:00","breadcrumb":{"@id":"https:\/\/metaltale.com\/lv\/produkts\/dekorativs-metala-sienas-vacins-pepsi-2\/#breadcrumb"},"inLanguage":"lv-LV","potentialAction":[{"@type":"ReadAction","target":["https:\/\/metaltale.com\/lv\/produkts\/dekorativs-metala-sienas-vacins-pepsi-2\/"]}]},{"@type":"ImageObject","inLanguage":"lv-LV","@id":"https:\/\/metaltale.com\/lv\/produkts\/dekorativs-metala-sienas-vacins-pepsi-2\/#primaryimage","url":"https:\/\/metaltale.com\/wp-content\/uploads\/2023\/11\/Dekoratyviniai-butelix173-kamx161tukai-3.jpg","contentUrl":"https:\/\/metaltale.com\/wp-content\/uploads\/2023\/11\/Dekoratyviniai-butelix173-kamx161tukai-3.jpg","width":800,"height":800},{"@type":"BreadcrumbList","@id":"https:\/\/metaltale.com\/lv\/produkts\/dekorativs-metala-sienas-vacins-pepsi-2\/#breadcrumb","itemListElement":[{"@type":"ListItem","position":1,"name":"Home","item":"https:\/\/metaltale.com\/lv\/majas\/"},{"@type":"ListItem","position":2,"name":"Veikals","item":"https:\/\/metaltale.com\/lv\/shop\/"},{"@type":"ListItem","position":3,"name":"Dekorat\u012bvs met\u0101la sienas v\u0101ci\u0146\u0161 PEPSI 2"}]},{"@type":"WebSite","@id":"https:\/\/metaltale.com\/lv\/#website","url":"https:\/\/metaltale.com\/lv\/","name":"Metaltale.com","description":"","potentialAction":[{"@type":"SearchAction","target":{"@type":"EntryPoint","urlTemplate":"https:\/\/metaltale.com\/lv\/?s={search_term_string}"},"query-input":{"@type":"PropertyValueSpecification","valueRequired":true,"valueName":"search_term_string"}}],"inLanguage":"lv-LV"}]}},"_links":{"self":[{"href":"https:\/\/metaltale.com\/lv\/wp-json\/wp\/v2\/product\/133181","targetHints":{"allow":["GET"]}}],"collection":[{"href":"https:\/\/metaltale.com\/lv\/wp-json\/wp\/v2\/product"}],"about":[{"href":"https:\/\/metaltale.com\/lv\/wp-json\/wp\/v2\/types\/product"}],"replies":[{"embeddable":true,"href":"https:\/\/metaltale.com\/lv\/wp-json\/wp\/v2\/comments?post=133181"}],"version-history":[{"count":0,"href":"https:\/\/metaltale.com\/lv\/wp-json\/wp\/v2\/product\/133181\/revisions"}],"wp:featuredmedia":[{"embeddable":true,"href":"https:\/\/metaltale.com\/lv\/wp-json\/wp\/v2\/media\/108335"}],"wp:attachment":[{"href":"https:\/\/metaltale.com\/lv\/wp-json\/wp\/v2\/media?parent=133181"}],"wp:term":[{"taxonomy":"product_brand","embeddable":true,"href":"https:\/\/metaltale.com\/lv\/wp-json\/wp\/v2\/product_brand?post=133181"},{"taxonomy":"product_cat","embeddable":true,"href":"https:\/\/metaltale.com\/lv\/wp-json\/wp\/v2\/product_cat?post=133181"},{"taxonomy":"product_tag","embeddable":true,"href":"https:\/\/metaltale.com\/lv\/wp-json\/wp\/v2\/product_tag?post=133181"}],"curies":[{"name":"wp","href":"https:\/\/api.w.org\/{rel}","templated":true}]}}