{"id":133158,"date":"2024-02-13T15:27:41","date_gmt":"2024-02-13T13:27:41","guid":{"rendered":"https:\/\/metaltale.com\/produktas\/stacionarais-izlietnes-maisitajs-lexie-fumar-1-melns\/"},"modified":"2024-02-13T15:27:41","modified_gmt":"2024-02-13T13:27:41","slug":"stacionarais-izlietnes-maisitajs-lexie-fumar-1-melns","status":"publish","type":"product","link":"https:\/\/metaltale.com\/lv\/produkts\/stacionarais-izlietnes-maisitajs-lexie-fumar-1-melns\/","title":{"rendered":"Stacion\u0101rais izlietnes mais\u012bt\u0101js LEXIE FUMAR 1, melns"},"content":{"rendered":"<div class=\"prod_data\">\n<p><strong>Modelis<\/strong> WX.HT99552.SHO.BLA<br \/>\nLola &amp; Lexie <strong>kolekcija<\/strong><br \/>\n<strong>EAN.<\/strong>  5905369900747<br \/>\n<strong>Mais\u012bt\u0101ja tips<\/strong> Br\u012bvi st\u0101vo\u0161s<br \/>\n<strong>Iztekas garums (cm<\/strong> ) 14<br \/>\n<strong>Augstums l\u012bdz izsmidzin\u0101t\u0101jam (cm<\/strong> ) 10,5<br \/>\n<strong>Materi\u0101ls<\/strong> Misi\u0146\u0161<br \/>\n<strong>Uzst\u0101d\u012b\u0161anas atveres diametrs<\/strong> 3,2<br \/>\n<strong>Kop\u0113jais augstums (cm<\/strong> ) 16,5<br \/>\n<strong>Perlators (aerators<\/strong> ) J\u0101<br \/>\n<strong>Rot\u0113jo\u0161s izsmidzin\u0101t\u0101js<\/strong> N\u0113<br \/>\nKr\u0101sa Melna<br \/>\n<strong>Apdare<\/strong> M\u012bksta, sat\u012bna efekts<\/p>\n<p>&#8211; misi\u0146a past\u0101v\u012bgais mais\u012bt\u0101js<br \/>\n&#8211; keramikas galva &#8211; elements, kas nodro\u0161ina pareizu \u016bdens sadali.<br \/>\n&#8211; Aerators &#8211; \u016bdens pat\u0113ri\u0146a samazin\u0101\u0161anai<br \/>\n&#8211; Komplekt\u0101 ir iek\u013cauti visi uzst\u0101d\u012b\u0161anai nepiecie\u0161amie elementi (\u0161\u013c\u016btenes, galda skr\u016bve, skr\u016bvju bl\u012bves).<\/p>\n<hr>\n<p>Vai esat k\u0101dreiz aizdom\u0101jies, k\u0101 m\u016bsdien\u012bgumu var apvienot ar retro stilu? Lexie Fumar st\u0101vo\u0161ais mais\u012bt\u0101js ir dizaina sv\u0113tki \u0161\u0101du kompoz\u012bciju cien\u012bt\u0101jiem. Dabiski izliektais izlietnis izce\u013c m\u016bsdien\u012bgo dizainu, savuk\u0101rt kr\u0101nu ornamenti atg\u0101dina idillisku pag\u0101tni. Melnais komplekts ar sat\u012bna apdari izstaro eleganci un ori\u0123inalit\u0101ti.<\/p>\n<\/div>\n","protected":false},"excerpt":{"rendered":"<p>Modelis WX.HT99552.SHO.BLA Lola &amp; Lexie kolekcija EAN. 5905369900747 Mais\u012bt\u0101ja tips Br\u012bvi st\u0101vo\u0161s Iztekas garums (cm ) 14 Augstums l\u012bdz izsmidzin\u0101t\u0101jam<\/p>\n","protected":false},"featured_media":105586,"comment_status":"open","ping_status":"closed","template":"","meta":{"_acf_changed":false,"pmpro_default_level":""},"product_brand":[],"product_cat":[24094,24073],"product_tag":[],"class_list":{"0":"post-133158","1":"product","2":"type-product","3":"status-publish","4":"has-post-thumbnail","6":"product_cat-izlietnes-maisitaji","7":"product_cat-vannas-istabas-krani","8":"pmpro-has-access","10":"first","11":"instock","12":"shipping-taxable","13":"purchasable","14":"product-type-simple"},"acf":[],"yoast_head":"<!-- This site is optimized with the Yoast SEO plugin v24.9 - https:\/\/yoast.com\/wordpress\/plugins\/seo\/ -->\n<title>Stacion\u0101rais izlietnes mais\u012bt\u0101js LEXIE FUMAR 1, melns - MetalTale.com<\/title>\n<meta name=\"robots\" content=\"index, follow, max-snippet:-1, max-image-preview:large, max-video-preview:-1\" \/>\n<link rel=\"canonical\" href=\"https:\/\/metaltale.com\/lv\/produkts\/stacionarais-izlietnes-maisitajs-lexie-fumar-1-melns\/\" \/>\n<meta property=\"og:locale\" content=\"lv_LV\" \/>\n<meta property=\"og:type\" content=\"article\" \/>\n<meta property=\"og:title\" content=\"Stacion\u0101rais izlietnes mais\u012bt\u0101js LEXIE FUMAR 1, melns - MetalTale.com\" \/>\n<meta property=\"og:description\" content=\"Modelis WX.HT99552.SHO.BLA Lola &amp; Lexie kolekcija EAN. 5905369900747 Mais\u012bt\u0101ja tips Br\u012bvi st\u0101vo\u0161s Iztekas garums (cm ) 14 Augstums l\u012bdz izsmidzin\u0101t\u0101jam\" \/>\n<meta property=\"og:url\" content=\"https:\/\/metaltale.com\/lv\/produkts\/stacionarais-izlietnes-maisitajs-lexie-fumar-1-melns\/\" \/>\n<meta property=\"og:site_name\" content=\"MetalTale.com\" \/>\n<meta property=\"og:image\" content=\"https:\/\/metaltale.com\/wp-content\/uploads\/2023\/11\/Kriauklx117s-maix161ytuvai.jpg\" \/>\n\t<meta property=\"og:image:width\" content=\"800\" \/>\n\t<meta property=\"og:image:height\" content=\"800\" \/>\n\t<meta property=\"og:image:type\" content=\"image\/jpeg\" \/>\n<meta name=\"twitter:card\" content=\"summary_large_image\" \/>\n<meta name=\"twitter:label1\" content=\"Est. reading time\" \/>\n\t<meta name=\"twitter:data1\" content=\"1 minute\" \/>\n<script type=\"application\/ld+json\" class=\"yoast-schema-graph\">{\"@context\":\"https:\/\/schema.org\",\"@graph\":[{\"@type\":\"WebPage\",\"@id\":\"https:\/\/metaltale.com\/lv\/produkts\/stacionarais-izlietnes-maisitajs-lexie-fumar-1-melns\/\",\"url\":\"https:\/\/metaltale.com\/lv\/produkts\/stacionarais-izlietnes-maisitajs-lexie-fumar-1-melns\/\",\"name\":\"Stacion\u0101rais izlietnes mais\u012bt\u0101js LEXIE FUMAR 1, melns - MetalTale.com\",\"isPartOf\":{\"@id\":\"https:\/\/metaltale.com\/lv\/#website\"},\"primaryImageOfPage\":{\"@id\":\"https:\/\/metaltale.com\/lv\/produkts\/stacionarais-izlietnes-maisitajs-lexie-fumar-1-melns\/#primaryimage\"},\"image\":{\"@id\":\"https:\/\/metaltale.com\/lv\/produkts\/stacionarais-izlietnes-maisitajs-lexie-fumar-1-melns\/#primaryimage\"},\"thumbnailUrl\":\"https:\/\/metaltale.com\/wp-content\/uploads\/2023\/11\/Kriauklx117s-maix161ytuvai.jpg\",\"datePublished\":\"2024-02-13T13:27:41+00:00\",\"breadcrumb\":{\"@id\":\"https:\/\/metaltale.com\/lv\/produkts\/stacionarais-izlietnes-maisitajs-lexie-fumar-1-melns\/#breadcrumb\"},\"inLanguage\":\"lv-LV\",\"potentialAction\":[{\"@type\":\"ReadAction\",\"target\":[\"https:\/\/metaltale.com\/lv\/produkts\/stacionarais-izlietnes-maisitajs-lexie-fumar-1-melns\/\"]}]},{\"@type\":\"ImageObject\",\"inLanguage\":\"lv-LV\",\"@id\":\"https:\/\/metaltale.com\/lv\/produkts\/stacionarais-izlietnes-maisitajs-lexie-fumar-1-melns\/#primaryimage\",\"url\":\"https:\/\/metaltale.com\/wp-content\/uploads\/2023\/11\/Kriauklx117s-maix161ytuvai.jpg\",\"contentUrl\":\"https:\/\/metaltale.com\/wp-content\/uploads\/2023\/11\/Kriauklx117s-maix161ytuvai.jpg\",\"width\":800,\"height\":800,\"caption\":\"Stacion\u0101rais izlietnes mais\u012bt\u0101js LEXIE FUMAR 1, melns\"},{\"@type\":\"BreadcrumbList\",\"@id\":\"https:\/\/metaltale.com\/lv\/produkts\/stacionarais-izlietnes-maisitajs-lexie-fumar-1-melns\/#breadcrumb\",\"itemListElement\":[{\"@type\":\"ListItem\",\"position\":1,\"name\":\"Home\",\"item\":\"https:\/\/metaltale.com\/lv\/majas\/\"},{\"@type\":\"ListItem\",\"position\":2,\"name\":\"Veikals\",\"item\":\"https:\/\/metaltale.com\/lv\/shop\/\"},{\"@type\":\"ListItem\",\"position\":3,\"name\":\"Stacion\u0101rais izlietnes mais\u012bt\u0101js LEXIE FUMAR 1, melns\"}]},{\"@type\":\"WebSite\",\"@id\":\"https:\/\/metaltale.com\/lv\/#website\",\"url\":\"https:\/\/metaltale.com\/lv\/\",\"name\":\"Metaltale.com\",\"description\":\"\",\"potentialAction\":[{\"@type\":\"SearchAction\",\"target\":{\"@type\":\"EntryPoint\",\"urlTemplate\":\"https:\/\/metaltale.com\/lv\/?s={search_term_string}\"},\"query-input\":{\"@type\":\"PropertyValueSpecification\",\"valueRequired\":true,\"valueName\":\"search_term_string\"}}],\"inLanguage\":\"lv-LV\"}]}<\/script>\n<!-- \/ Yoast SEO plugin. -->","yoast_head_json":{"title":"Stacion\u0101rais izlietnes mais\u012bt\u0101js LEXIE FUMAR 1, melns - MetalTale.com","robots":{"index":"index","follow":"follow","max-snippet":"max-snippet:-1","max-image-preview":"max-image-preview:large","max-video-preview":"max-video-preview:-1"},"canonical":"https:\/\/metaltale.com\/lv\/produkts\/stacionarais-izlietnes-maisitajs-lexie-fumar-1-melns\/","og_locale":"lv_LV","og_type":"article","og_title":"Stacion\u0101rais izlietnes mais\u012bt\u0101js LEXIE FUMAR 1, melns - MetalTale.com","og_description":"Modelis WX.HT99552.SHO.BLA Lola &amp; Lexie kolekcija EAN. 5905369900747 Mais\u012bt\u0101ja tips Br\u012bvi st\u0101vo\u0161s Iztekas garums (cm ) 14 Augstums l\u012bdz izsmidzin\u0101t\u0101jam","og_url":"https:\/\/metaltale.com\/lv\/produkts\/stacionarais-izlietnes-maisitajs-lexie-fumar-1-melns\/","og_site_name":"MetalTale.com","og_image":[{"width":800,"height":800,"url":"https:\/\/metaltale.com\/wp-content\/uploads\/2023\/11\/Kriauklx117s-maix161ytuvai.jpg","type":"image\/jpeg"}],"twitter_card":"summary_large_image","twitter_misc":{"Est. reading time":"1 minute"},"schema":{"@context":"https:\/\/schema.org","@graph":[{"@type":"WebPage","@id":"https:\/\/metaltale.com\/lv\/produkts\/stacionarais-izlietnes-maisitajs-lexie-fumar-1-melns\/","url":"https:\/\/metaltale.com\/lv\/produkts\/stacionarais-izlietnes-maisitajs-lexie-fumar-1-melns\/","name":"Stacion\u0101rais izlietnes mais\u012bt\u0101js LEXIE FUMAR 1, melns - MetalTale.com","isPartOf":{"@id":"https:\/\/metaltale.com\/lv\/#website"},"primaryImageOfPage":{"@id":"https:\/\/metaltale.com\/lv\/produkts\/stacionarais-izlietnes-maisitajs-lexie-fumar-1-melns\/#primaryimage"},"image":{"@id":"https:\/\/metaltale.com\/lv\/produkts\/stacionarais-izlietnes-maisitajs-lexie-fumar-1-melns\/#primaryimage"},"thumbnailUrl":"https:\/\/metaltale.com\/wp-content\/uploads\/2023\/11\/Kriauklx117s-maix161ytuvai.jpg","datePublished":"2024-02-13T13:27:41+00:00","breadcrumb":{"@id":"https:\/\/metaltale.com\/lv\/produkts\/stacionarais-izlietnes-maisitajs-lexie-fumar-1-melns\/#breadcrumb"},"inLanguage":"lv-LV","potentialAction":[{"@type":"ReadAction","target":["https:\/\/metaltale.com\/lv\/produkts\/stacionarais-izlietnes-maisitajs-lexie-fumar-1-melns\/"]}]},{"@type":"ImageObject","inLanguage":"lv-LV","@id":"https:\/\/metaltale.com\/lv\/produkts\/stacionarais-izlietnes-maisitajs-lexie-fumar-1-melns\/#primaryimage","url":"https:\/\/metaltale.com\/wp-content\/uploads\/2023\/11\/Kriauklx117s-maix161ytuvai.jpg","contentUrl":"https:\/\/metaltale.com\/wp-content\/uploads\/2023\/11\/Kriauklx117s-maix161ytuvai.jpg","width":800,"height":800,"caption":"Stacion\u0101rais izlietnes mais\u012bt\u0101js LEXIE FUMAR 1, melns"},{"@type":"BreadcrumbList","@id":"https:\/\/metaltale.com\/lv\/produkts\/stacionarais-izlietnes-maisitajs-lexie-fumar-1-melns\/#breadcrumb","itemListElement":[{"@type":"ListItem","position":1,"name":"Home","item":"https:\/\/metaltale.com\/lv\/majas\/"},{"@type":"ListItem","position":2,"name":"Veikals","item":"https:\/\/metaltale.com\/lv\/shop\/"},{"@type":"ListItem","position":3,"name":"Stacion\u0101rais izlietnes mais\u012bt\u0101js LEXIE FUMAR 1, melns"}]},{"@type":"WebSite","@id":"https:\/\/metaltale.com\/lv\/#website","url":"https:\/\/metaltale.com\/lv\/","name":"Metaltale.com","description":"","potentialAction":[{"@type":"SearchAction","target":{"@type":"EntryPoint","urlTemplate":"https:\/\/metaltale.com\/lv\/?s={search_term_string}"},"query-input":{"@type":"PropertyValueSpecification","valueRequired":true,"valueName":"search_term_string"}}],"inLanguage":"lv-LV"}]}},"_links":{"self":[{"href":"https:\/\/metaltale.com\/lv\/wp-json\/wp\/v2\/product\/133158","targetHints":{"allow":["GET"]}}],"collection":[{"href":"https:\/\/metaltale.com\/lv\/wp-json\/wp\/v2\/product"}],"about":[{"href":"https:\/\/metaltale.com\/lv\/wp-json\/wp\/v2\/types\/product"}],"replies":[{"embeddable":true,"href":"https:\/\/metaltale.com\/lv\/wp-json\/wp\/v2\/comments?post=133158"}],"version-history":[{"count":0,"href":"https:\/\/metaltale.com\/lv\/wp-json\/wp\/v2\/product\/133158\/revisions"}],"wp:featuredmedia":[{"embeddable":true,"href":"https:\/\/metaltale.com\/lv\/wp-json\/wp\/v2\/media\/105586"}],"wp:attachment":[{"href":"https:\/\/metaltale.com\/lv\/wp-json\/wp\/v2\/media?parent=133158"}],"wp:term":[{"taxonomy":"product_brand","embeddable":true,"href":"https:\/\/metaltale.com\/lv\/wp-json\/wp\/v2\/product_brand?post=133158"},{"taxonomy":"product_cat","embeddable":true,"href":"https:\/\/metaltale.com\/lv\/wp-json\/wp\/v2\/product_cat?post=133158"},{"taxonomy":"product_tag","embeddable":true,"href":"https:\/\/metaltale.com\/lv\/wp-json\/wp\/v2\/product_tag?post=133158"}],"curies":[{"name":"wp","href":"https:\/\/api.w.org\/{rel}","templated":true}]}}