{"id":133142,"date":"2024-02-13T15:27:04","date_gmt":"2024-02-13T13:27:04","guid":{"rendered":"https:\/\/metaltale.com\/produktas\/sienas-vannas-istabas-krans-akron-roza-zelts\/"},"modified":"2026-01-28T09:30:18","modified_gmt":"2026-01-28T07:30:18","slug":"sienas-vannas-istabas-krans-akron-roza-zelts","status":"publish","type":"product","link":"https:\/\/metaltale.com\/lv\/produkts\/sienas-vannas-istabas-krans-akron-roza-zelts\/","title":{"rendered":"Sienas vannas istabas kr\u0101ns AKRON, roz\u0101 zelts"},"content":{"rendered":"<div class=\"prod_data\">\n<p><strong>Modelis<\/strong> QZ.YG-011-RZL<br \/>\nModern\u0101 <strong>kolekcija<\/strong><br \/>\n<strong>Augstums (cm<\/strong> ) 15<br \/>\nPlatums (cm ) 20<br \/>\n<strong>Kop\u0113j\u0101 projekcija (cm<\/strong> ) 19<br \/>\n<strong>Materi\u0101ls<\/strong> Ner\u016bs\u0113jo\u0161ais t\u0113rauds<br \/>\n<strong>Kr\u0101sa<\/strong> Roz\u0101 zelts<br \/>\nApdare mat\u0113ta<br \/>\n<strong>\u0160\u013c\u016btenes garums (cm<\/strong> ) 150<br \/>\n<strong>Du\u0161as galvas garums (cm<\/strong> ) 20<br \/>\n<strong>Rot\u0113jo\u0161s izsmidzin\u0101t\u0101js<\/strong> J\u0101<br \/>\n<strong>Papildu inform\u0101cija<\/strong> Savienot\u0101js S 1\/2&#8243; x 3\/4&#8243;<br \/>\n<strong>Jauc\u0113jkr\u0101na tips<\/strong> Pie sienas<\/p>\n<p>ner\u016bs\u0113jo\u0161\u0101 t\u0113rauda vannas istabas kr\u0101ns<\/p>\n<p>Komplekts: vannas mais\u012bt\u0101js, du\u0161as rokturis<\/p>\n<p>keramikas galva &#8211; elements, kas nodro\u0161ina pareizu \u016bdens sadali.<\/p>\n<hr>\n<p>\u0160is greznais roz\u0101 zelta vannas istabas mais\u012bt\u0101js ir lieliska izv\u0113le tiem, kas nov\u0113rt\u0113 ne tikai funkcionalit\u0101ti, bet ar\u012b izsmalcin\u0101tu interjera dizainu. T\u0101s modern\u0101 est\u0113tika un elegantais roz\u0101 zelta tonis padara to ne tikai par praktisku ier\u012bci, bet ar\u012b par izcilu dekorat\u012bvu elementu vannas istab\u0101. Komplekt\u0101 ietilpst du\u0161as mais\u012bt\u0101js ar rokas du\u0161as galvi\u0146u, kas \u013cauj regul\u0113t divus da\u017e\u0101dus sl\u012bpuma le\u0146\u0137us &#8211; unik\u0101la funkcija, kas palielina j\u016bsu peld\u0113\u0161an\u0101s iesp\u0113jas, piel\u0101gojoties j\u016bsu individu\u0101laj\u0101m v\u0113lm\u0113m. T\u0101s iztur\u012bg\u0101 konstrukcija un izmantotie augst\u0101k\u0101s kvalit\u0101tes materi\u0101li garant\u0113 iztur\u012bbu un uzticam\u012bbu.<\/p>\n<\/div>\n","protected":false},"excerpt":{"rendered":"<p>Modelis QZ.YG-011-RZL Modern\u0101 kolekcija Augstums (cm ) 15 Platums (cm ) 20 Kop\u0113j\u0101 projekcija (cm ) 19 Materi\u0101ls Ner\u016bs\u0113jo\u0161ais t\u0113rauds<\/p>\n","protected":false},"featured_media":98890,"comment_status":"open","ping_status":"closed","template":"","meta":{"_acf_changed":false,"pmpro_default_level":""},"product_brand":[],"product_cat":[24073,24086],"product_tag":[],"class_list":{"0":"post-133142","1":"product","2":"type-product","3":"status-publish","4":"has-post-thumbnail","6":"product_cat-vannas-istabas-krani","7":"product_cat-vannas-istabas-krani-lv","8":"pmpro-has-access","10":"first","11":"instock","12":"shipping-taxable","13":"purchasable","14":"product-type-simple"},"acf":[],"yoast_head":"<!-- This site is optimized with the Yoast SEO plugin v24.9 - https:\/\/yoast.com\/wordpress\/plugins\/seo\/ -->\n<title>Sienas vannas istabas kr\u0101ns AKRON, roz\u0101 zelts - MetalTale.com<\/title>\n<meta name=\"robots\" content=\"index, follow, max-snippet:-1, max-image-preview:large, max-video-preview:-1\" \/>\n<link rel=\"canonical\" href=\"https:\/\/metaltale.com\/lv\/produkts\/sienas-vannas-istabas-krans-akron-roza-zelts\/\" \/>\n<meta property=\"og:locale\" content=\"lv_LV\" \/>\n<meta property=\"og:type\" content=\"article\" \/>\n<meta property=\"og:title\" content=\"Sienas vannas istabas kr\u0101ns AKRON, roz\u0101 zelts - MetalTale.com\" \/>\n<meta property=\"og:description\" content=\"Modelis QZ.YG-011-RZL Modern\u0101 kolekcija Augstums (cm ) 15 Platums (cm ) 20 Kop\u0113j\u0101 projekcija (cm ) 19 Materi\u0101ls Ner\u016bs\u0113jo\u0161ais t\u0113rauds\" \/>\n<meta property=\"og:url\" content=\"https:\/\/metaltale.com\/lv\/produkts\/sienas-vannas-istabas-krans-akron-roza-zelts\/\" \/>\n<meta property=\"og:site_name\" content=\"MetalTale.com\" \/>\n<meta property=\"article:modified_time\" content=\"2026-01-28T07:30:18+00:00\" \/>\n<meta property=\"og:image\" content=\"https:\/\/metaltale.com\/wp-content\/uploads\/2023\/11\/Vonios-maix161ytuvai-5.jpg\" \/>\n\t<meta property=\"og:image:width\" content=\"800\" \/>\n\t<meta property=\"og:image:height\" content=\"800\" \/>\n\t<meta property=\"og:image:type\" content=\"image\/jpeg\" \/>\n<meta name=\"twitter:card\" content=\"summary_large_image\" \/>\n<meta name=\"twitter:label1\" content=\"Est. reading time\" \/>\n\t<meta name=\"twitter:data1\" content=\"1 minute\" \/>\n<script type=\"application\/ld+json\" class=\"yoast-schema-graph\">{\"@context\":\"https:\/\/schema.org\",\"@graph\":[{\"@type\":\"WebPage\",\"@id\":\"https:\/\/metaltale.com\/lv\/produkts\/sienas-vannas-istabas-krans-akron-roza-zelts\/\",\"url\":\"https:\/\/metaltale.com\/lv\/produkts\/sienas-vannas-istabas-krans-akron-roza-zelts\/\",\"name\":\"Sienas vannas istabas kr\u0101ns AKRON, roz\u0101 zelts - MetalTale.com\",\"isPartOf\":{\"@id\":\"https:\/\/metaltale.com\/lv\/#website\"},\"primaryImageOfPage\":{\"@id\":\"https:\/\/metaltale.com\/lv\/produkts\/sienas-vannas-istabas-krans-akron-roza-zelts\/#primaryimage\"},\"image\":{\"@id\":\"https:\/\/metaltale.com\/lv\/produkts\/sienas-vannas-istabas-krans-akron-roza-zelts\/#primaryimage\"},\"thumbnailUrl\":\"https:\/\/metaltale.com\/wp-content\/uploads\/2023\/11\/Vonios-maix161ytuvai-5.jpg\",\"datePublished\":\"2024-02-13T13:27:04+00:00\",\"dateModified\":\"2026-01-28T07:30:18+00:00\",\"breadcrumb\":{\"@id\":\"https:\/\/metaltale.com\/lv\/produkts\/sienas-vannas-istabas-krans-akron-roza-zelts\/#breadcrumb\"},\"inLanguage\":\"lv-LV\",\"potentialAction\":[{\"@type\":\"ReadAction\",\"target\":[\"https:\/\/metaltale.com\/lv\/produkts\/sienas-vannas-istabas-krans-akron-roza-zelts\/\"]}]},{\"@type\":\"ImageObject\",\"inLanguage\":\"lv-LV\",\"@id\":\"https:\/\/metaltale.com\/lv\/produkts\/sienas-vannas-istabas-krans-akron-roza-zelts\/#primaryimage\",\"url\":\"https:\/\/metaltale.com\/wp-content\/uploads\/2023\/11\/Vonios-maix161ytuvai-5.jpg\",\"contentUrl\":\"https:\/\/metaltale.com\/wp-content\/uploads\/2023\/11\/Vonios-maix161ytuvai-5.jpg\",\"width\":800,\"height\":800,\"caption\":\"Sienas vannas istabas kr\u0101ns AKRON, roz\u0101 zelts\"},{\"@type\":\"BreadcrumbList\",\"@id\":\"https:\/\/metaltale.com\/lv\/produkts\/sienas-vannas-istabas-krans-akron-roza-zelts\/#breadcrumb\",\"itemListElement\":[{\"@type\":\"ListItem\",\"position\":1,\"name\":\"Home\",\"item\":\"https:\/\/metaltale.com\/lv\/majas\/\"},{\"@type\":\"ListItem\",\"position\":2,\"name\":\"Veikals\",\"item\":\"https:\/\/metaltale.com\/lv\/shop\/\"},{\"@type\":\"ListItem\",\"position\":3,\"name\":\"Sienas vannas istabas kr\u0101ns AKRON, roz\u0101 zelts\"}]},{\"@type\":\"WebSite\",\"@id\":\"https:\/\/metaltale.com\/lv\/#website\",\"url\":\"https:\/\/metaltale.com\/lv\/\",\"name\":\"Metaltale.com\",\"description\":\"\",\"potentialAction\":[{\"@type\":\"SearchAction\",\"target\":{\"@type\":\"EntryPoint\",\"urlTemplate\":\"https:\/\/metaltale.com\/lv\/?s={search_term_string}\"},\"query-input\":{\"@type\":\"PropertyValueSpecification\",\"valueRequired\":true,\"valueName\":\"search_term_string\"}}],\"inLanguage\":\"lv-LV\"}]}<\/script>\n<!-- \/ Yoast SEO plugin. -->","yoast_head_json":{"title":"Sienas vannas istabas kr\u0101ns AKRON, roz\u0101 zelts - MetalTale.com","robots":{"index":"index","follow":"follow","max-snippet":"max-snippet:-1","max-image-preview":"max-image-preview:large","max-video-preview":"max-video-preview:-1"},"canonical":"https:\/\/metaltale.com\/lv\/produkts\/sienas-vannas-istabas-krans-akron-roza-zelts\/","og_locale":"lv_LV","og_type":"article","og_title":"Sienas vannas istabas kr\u0101ns AKRON, roz\u0101 zelts - MetalTale.com","og_description":"Modelis QZ.YG-011-RZL Modern\u0101 kolekcija Augstums (cm ) 15 Platums (cm ) 20 Kop\u0113j\u0101 projekcija (cm ) 19 Materi\u0101ls Ner\u016bs\u0113jo\u0161ais t\u0113rauds","og_url":"https:\/\/metaltale.com\/lv\/produkts\/sienas-vannas-istabas-krans-akron-roza-zelts\/","og_site_name":"MetalTale.com","article_modified_time":"2026-01-28T07:30:18+00:00","og_image":[{"width":800,"height":800,"url":"https:\/\/metaltale.com\/wp-content\/uploads\/2023\/11\/Vonios-maix161ytuvai-5.jpg","type":"image\/jpeg"}],"twitter_card":"summary_large_image","twitter_misc":{"Est. reading time":"1 minute"},"schema":{"@context":"https:\/\/schema.org","@graph":[{"@type":"WebPage","@id":"https:\/\/metaltale.com\/lv\/produkts\/sienas-vannas-istabas-krans-akron-roza-zelts\/","url":"https:\/\/metaltale.com\/lv\/produkts\/sienas-vannas-istabas-krans-akron-roza-zelts\/","name":"Sienas vannas istabas kr\u0101ns AKRON, roz\u0101 zelts - MetalTale.com","isPartOf":{"@id":"https:\/\/metaltale.com\/lv\/#website"},"primaryImageOfPage":{"@id":"https:\/\/metaltale.com\/lv\/produkts\/sienas-vannas-istabas-krans-akron-roza-zelts\/#primaryimage"},"image":{"@id":"https:\/\/metaltale.com\/lv\/produkts\/sienas-vannas-istabas-krans-akron-roza-zelts\/#primaryimage"},"thumbnailUrl":"https:\/\/metaltale.com\/wp-content\/uploads\/2023\/11\/Vonios-maix161ytuvai-5.jpg","datePublished":"2024-02-13T13:27:04+00:00","dateModified":"2026-01-28T07:30:18+00:00","breadcrumb":{"@id":"https:\/\/metaltale.com\/lv\/produkts\/sienas-vannas-istabas-krans-akron-roza-zelts\/#breadcrumb"},"inLanguage":"lv-LV","potentialAction":[{"@type":"ReadAction","target":["https:\/\/metaltale.com\/lv\/produkts\/sienas-vannas-istabas-krans-akron-roza-zelts\/"]}]},{"@type":"ImageObject","inLanguage":"lv-LV","@id":"https:\/\/metaltale.com\/lv\/produkts\/sienas-vannas-istabas-krans-akron-roza-zelts\/#primaryimage","url":"https:\/\/metaltale.com\/wp-content\/uploads\/2023\/11\/Vonios-maix161ytuvai-5.jpg","contentUrl":"https:\/\/metaltale.com\/wp-content\/uploads\/2023\/11\/Vonios-maix161ytuvai-5.jpg","width":800,"height":800,"caption":"Sienas vannas istabas kr\u0101ns AKRON, roz\u0101 zelts"},{"@type":"BreadcrumbList","@id":"https:\/\/metaltale.com\/lv\/produkts\/sienas-vannas-istabas-krans-akron-roza-zelts\/#breadcrumb","itemListElement":[{"@type":"ListItem","position":1,"name":"Home","item":"https:\/\/metaltale.com\/lv\/majas\/"},{"@type":"ListItem","position":2,"name":"Veikals","item":"https:\/\/metaltale.com\/lv\/shop\/"},{"@type":"ListItem","position":3,"name":"Sienas vannas istabas kr\u0101ns AKRON, roz\u0101 zelts"}]},{"@type":"WebSite","@id":"https:\/\/metaltale.com\/lv\/#website","url":"https:\/\/metaltale.com\/lv\/","name":"Metaltale.com","description":"","potentialAction":[{"@type":"SearchAction","target":{"@type":"EntryPoint","urlTemplate":"https:\/\/metaltale.com\/lv\/?s={search_term_string}"},"query-input":{"@type":"PropertyValueSpecification","valueRequired":true,"valueName":"search_term_string"}}],"inLanguage":"lv-LV"}]}},"_links":{"self":[{"href":"https:\/\/metaltale.com\/lv\/wp-json\/wp\/v2\/product\/133142","targetHints":{"allow":["GET"]}}],"collection":[{"href":"https:\/\/metaltale.com\/lv\/wp-json\/wp\/v2\/product"}],"about":[{"href":"https:\/\/metaltale.com\/lv\/wp-json\/wp\/v2\/types\/product"}],"replies":[{"embeddable":true,"href":"https:\/\/metaltale.com\/lv\/wp-json\/wp\/v2\/comments?post=133142"}],"version-history":[{"count":0,"href":"https:\/\/metaltale.com\/lv\/wp-json\/wp\/v2\/product\/133142\/revisions"}],"wp:featuredmedia":[{"embeddable":true,"href":"https:\/\/metaltale.com\/lv\/wp-json\/wp\/v2\/media\/98890"}],"wp:attachment":[{"href":"https:\/\/metaltale.com\/lv\/wp-json\/wp\/v2\/media?parent=133142"}],"wp:term":[{"taxonomy":"product_brand","embeddable":true,"href":"https:\/\/metaltale.com\/lv\/wp-json\/wp\/v2\/product_brand?post=133142"},{"taxonomy":"product_cat","embeddable":true,"href":"https:\/\/metaltale.com\/lv\/wp-json\/wp\/v2\/product_cat?post=133142"},{"taxonomy":"product_tag","embeddable":true,"href":"https:\/\/metaltale.com\/lv\/wp-json\/wp\/v2\/product_tag?post=133142"}],"curies":[{"name":"wp","href":"https:\/\/api.w.org\/{rel}","templated":true}]}}