{"id":133141,"date":"2024-02-13T15:27:04","date_gmt":"2024-02-13T13:27:04","guid":{"rendered":"https:\/\/metaltale.com\/produktas\/lietus-dusa-copper-1-antikais-misins\/"},"modified":"2024-02-13T15:27:04","modified_gmt":"2024-02-13T13:27:04","slug":"lietus-dusa-copper-1-antikais-misins","status":"publish","type":"product","link":"https:\/\/metaltale.com\/lv\/produkts\/lietus-dusa-copper-1-antikais-misins\/","title":{"rendered":"Lietus du\u0161a COPPER 1, ant\u012bkais misi\u0146\u0161"},"content":{"rendered":"<div class=\"prod_data\">\n<p><strong>Modelis<\/strong> WX.SH1.CO.RZL<br \/>\nVara <strong>kolekcija<\/strong><br \/>\n<strong>EAN.<\/strong>  5905369901966<br \/>\n<strong>Kop\u0113jais augstums (cm<\/strong> ) 8<br \/>\n<strong>Kop\u0113jais diametrs (cm<\/strong> ) 20,5<br \/>\n<strong>Anti-Calc (pret ka\u013c\u0137akmens<\/strong> ) J\u0101<br \/>\n<strong>Kr\u0101sa<\/strong> Antique rose gold<br \/>\n<strong>Apdares<\/strong> sp\u012bdums<br \/>\n<strong>Regul\u0113jams<\/strong> du\u0161as galvas le\u0146\u0137is<br \/>\n<strong>PAPILDU INFORM\u0100CIJA<\/strong> Pied\u0101v\u0101jums attiecas tikai uz du\u0161as galvi\u0146u\/ lietus du\u0161u<\/p>\n<p>&#8211; 20,5 cm diametra apa\u013cais smidzin\u0101t\u0101js<br \/>\n&#8211; lodveida savienot\u0101js<br \/>\n&#8211; lietus du\u0161a<br \/>\n&#8211; Anti-Calc &#8211; sist\u0113ma pret ka\u013c\u0137akmens veido\u0161anos<br \/>\n&#8211; Vara sav\u0101k\u0161anai piem\u0113rots aug\u0161\u0113jais notekcaurlaidis<br \/>\n&#8211; aug\u0161\u0113jais notekcaurule bez roktura<\/p>\n<hr>\n<p>\u0160\u012b retro stila kupolveida virsma ir piem\u0113rota glam\u016bra, retro vai lauku stila vannas istab\u0101m. Sist\u0113ma anti-calc ne tikai padara peldi pat\u012bkamu, bet ar\u012b atvieglo aug\u0161\u0113j\u0101 notekcaurules not\u012br\u012b\u0161anu.<\/p>\n<\/div>\n","protected":false},"excerpt":{"rendered":"<p>Modelis WX.SH1.CO.RZL Vara kolekcija EAN. 5905369901966 Kop\u0113jais augstums (cm ) 8 Kop\u0113jais diametrs (cm ) 20,5 Anti-Calc (pret ka\u013c\u0137akmens )<\/p>\n","protected":false},"featured_media":97360,"comment_status":"open","ping_status":"closed","template":"","meta":{"_acf_changed":false,"pmpro_default_level":""},"product_brand":[],"product_cat":[24101,24100],"product_tag":[],"class_list":{"0":"post-133141","1":"product","2":"type-product","3":"status-publish","4":"has-post-thumbnail","6":"product_cat-lietus-dusas-un-dusas-galvinas","7":"product_cat-savienojamo-dalu-piederumi","8":"pmpro-has-access","10":"first","11":"instock","12":"shipping-taxable","13":"purchasable","14":"product-type-simple"},"acf":[],"yoast_head":"<!-- This site is optimized with the Yoast SEO plugin v24.9 - https:\/\/yoast.com\/wordpress\/plugins\/seo\/ -->\n<title>Lietus du\u0161a COPPER 1, ant\u012bkais misi\u0146\u0161 - MetalTale.com<\/title>\n<meta name=\"robots\" content=\"index, follow, max-snippet:-1, max-image-preview:large, max-video-preview:-1\" \/>\n<link rel=\"canonical\" href=\"https:\/\/metaltale.com\/lv\/produkts\/lietus-dusa-copper-1-antikais-misins\/\" \/>\n<meta property=\"og:locale\" content=\"lv_LV\" \/>\n<meta property=\"og:type\" content=\"article\" \/>\n<meta property=\"og:title\" content=\"Lietus du\u0161a COPPER 1, ant\u012bkais misi\u0146\u0161 - MetalTale.com\" \/>\n<meta property=\"og:description\" content=\"Modelis WX.SH1.CO.RZL Vara kolekcija EAN. 5905369901966 Kop\u0113jais augstums (cm ) 8 Kop\u0113jais diametrs (cm ) 20,5 Anti-Calc (pret ka\u013c\u0137akmens )\" \/>\n<meta property=\"og:url\" content=\"https:\/\/metaltale.com\/lv\/produkts\/lietus-dusa-copper-1-antikais-misins\/\" \/>\n<meta property=\"og:site_name\" content=\"MetalTale.com\" \/>\n<meta property=\"og:image\" content=\"https:\/\/metaltale.com\/wp-content\/uploads\/2023\/11\/Lietaus-dux161ai-ir-dux161o-galvutx117s.jpg\" \/>\n\t<meta property=\"og:image:width\" content=\"800\" \/>\n\t<meta property=\"og:image:height\" content=\"800\" \/>\n\t<meta property=\"og:image:type\" content=\"image\/jpeg\" \/>\n<meta name=\"twitter:card\" content=\"summary_large_image\" \/>\n<meta name=\"twitter:label1\" content=\"Est. reading time\" \/>\n\t<meta name=\"twitter:data1\" content=\"1 minute\" \/>\n<script type=\"application\/ld+json\" class=\"yoast-schema-graph\">{\"@context\":\"https:\/\/schema.org\",\"@graph\":[{\"@type\":\"WebPage\",\"@id\":\"https:\/\/metaltale.com\/lv\/produkts\/lietus-dusa-copper-1-antikais-misins\/\",\"url\":\"https:\/\/metaltale.com\/lv\/produkts\/lietus-dusa-copper-1-antikais-misins\/\",\"name\":\"Lietus du\u0161a COPPER 1, ant\u012bkais misi\u0146\u0161 - MetalTale.com\",\"isPartOf\":{\"@id\":\"https:\/\/metaltale.com\/lv\/#website\"},\"primaryImageOfPage\":{\"@id\":\"https:\/\/metaltale.com\/lv\/produkts\/lietus-dusa-copper-1-antikais-misins\/#primaryimage\"},\"image\":{\"@id\":\"https:\/\/metaltale.com\/lv\/produkts\/lietus-dusa-copper-1-antikais-misins\/#primaryimage\"},\"thumbnailUrl\":\"https:\/\/metaltale.com\/wp-content\/uploads\/2023\/11\/Lietaus-dux161ai-ir-dux161o-galvutx117s.jpg\",\"datePublished\":\"2024-02-13T13:27:04+00:00\",\"breadcrumb\":{\"@id\":\"https:\/\/metaltale.com\/lv\/produkts\/lietus-dusa-copper-1-antikais-misins\/#breadcrumb\"},\"inLanguage\":\"lv-LV\",\"potentialAction\":[{\"@type\":\"ReadAction\",\"target\":[\"https:\/\/metaltale.com\/lv\/produkts\/lietus-dusa-copper-1-antikais-misins\/\"]}]},{\"@type\":\"ImageObject\",\"inLanguage\":\"lv-LV\",\"@id\":\"https:\/\/metaltale.com\/lv\/produkts\/lietus-dusa-copper-1-antikais-misins\/#primaryimage\",\"url\":\"https:\/\/metaltale.com\/wp-content\/uploads\/2023\/11\/Lietaus-dux161ai-ir-dux161o-galvutx117s.jpg\",\"contentUrl\":\"https:\/\/metaltale.com\/wp-content\/uploads\/2023\/11\/Lietaus-dux161ai-ir-dux161o-galvutx117s.jpg\",\"width\":800,\"height\":800,\"caption\":\"Lietus du\u0161a COPPER 1, ant\u012bkais misi\u0146\u0161\"},{\"@type\":\"BreadcrumbList\",\"@id\":\"https:\/\/metaltale.com\/lv\/produkts\/lietus-dusa-copper-1-antikais-misins\/#breadcrumb\",\"itemListElement\":[{\"@type\":\"ListItem\",\"position\":1,\"name\":\"Home\",\"item\":\"https:\/\/metaltale.com\/lv\/majas\/\"},{\"@type\":\"ListItem\",\"position\":2,\"name\":\"Veikals\",\"item\":\"https:\/\/metaltale.com\/lv\/shop\/\"},{\"@type\":\"ListItem\",\"position\":3,\"name\":\"Lietus du\u0161a COPPER 1, ant\u012bkais misi\u0146\u0161\"}]},{\"@type\":\"WebSite\",\"@id\":\"https:\/\/metaltale.com\/lv\/#website\",\"url\":\"https:\/\/metaltale.com\/lv\/\",\"name\":\"Metaltale.com\",\"description\":\"\",\"potentialAction\":[{\"@type\":\"SearchAction\",\"target\":{\"@type\":\"EntryPoint\",\"urlTemplate\":\"https:\/\/metaltale.com\/lv\/?s={search_term_string}\"},\"query-input\":{\"@type\":\"PropertyValueSpecification\",\"valueRequired\":true,\"valueName\":\"search_term_string\"}}],\"inLanguage\":\"lv-LV\"}]}<\/script>\n<!-- \/ Yoast SEO plugin. -->","yoast_head_json":{"title":"Lietus du\u0161a COPPER 1, ant\u012bkais misi\u0146\u0161 - MetalTale.com","robots":{"index":"index","follow":"follow","max-snippet":"max-snippet:-1","max-image-preview":"max-image-preview:large","max-video-preview":"max-video-preview:-1"},"canonical":"https:\/\/metaltale.com\/lv\/produkts\/lietus-dusa-copper-1-antikais-misins\/","og_locale":"lv_LV","og_type":"article","og_title":"Lietus du\u0161a COPPER 1, ant\u012bkais misi\u0146\u0161 - MetalTale.com","og_description":"Modelis WX.SH1.CO.RZL Vara kolekcija EAN. 5905369901966 Kop\u0113jais augstums (cm ) 8 Kop\u0113jais diametrs (cm ) 20,5 Anti-Calc (pret ka\u013c\u0137akmens )","og_url":"https:\/\/metaltale.com\/lv\/produkts\/lietus-dusa-copper-1-antikais-misins\/","og_site_name":"MetalTale.com","og_image":[{"width":800,"height":800,"url":"https:\/\/metaltale.com\/wp-content\/uploads\/2023\/11\/Lietaus-dux161ai-ir-dux161o-galvutx117s.jpg","type":"image\/jpeg"}],"twitter_card":"summary_large_image","twitter_misc":{"Est. reading time":"1 minute"},"schema":{"@context":"https:\/\/schema.org","@graph":[{"@type":"WebPage","@id":"https:\/\/metaltale.com\/lv\/produkts\/lietus-dusa-copper-1-antikais-misins\/","url":"https:\/\/metaltale.com\/lv\/produkts\/lietus-dusa-copper-1-antikais-misins\/","name":"Lietus du\u0161a COPPER 1, ant\u012bkais misi\u0146\u0161 - MetalTale.com","isPartOf":{"@id":"https:\/\/metaltale.com\/lv\/#website"},"primaryImageOfPage":{"@id":"https:\/\/metaltale.com\/lv\/produkts\/lietus-dusa-copper-1-antikais-misins\/#primaryimage"},"image":{"@id":"https:\/\/metaltale.com\/lv\/produkts\/lietus-dusa-copper-1-antikais-misins\/#primaryimage"},"thumbnailUrl":"https:\/\/metaltale.com\/wp-content\/uploads\/2023\/11\/Lietaus-dux161ai-ir-dux161o-galvutx117s.jpg","datePublished":"2024-02-13T13:27:04+00:00","breadcrumb":{"@id":"https:\/\/metaltale.com\/lv\/produkts\/lietus-dusa-copper-1-antikais-misins\/#breadcrumb"},"inLanguage":"lv-LV","potentialAction":[{"@type":"ReadAction","target":["https:\/\/metaltale.com\/lv\/produkts\/lietus-dusa-copper-1-antikais-misins\/"]}]},{"@type":"ImageObject","inLanguage":"lv-LV","@id":"https:\/\/metaltale.com\/lv\/produkts\/lietus-dusa-copper-1-antikais-misins\/#primaryimage","url":"https:\/\/metaltale.com\/wp-content\/uploads\/2023\/11\/Lietaus-dux161ai-ir-dux161o-galvutx117s.jpg","contentUrl":"https:\/\/metaltale.com\/wp-content\/uploads\/2023\/11\/Lietaus-dux161ai-ir-dux161o-galvutx117s.jpg","width":800,"height":800,"caption":"Lietus du\u0161a COPPER 1, ant\u012bkais misi\u0146\u0161"},{"@type":"BreadcrumbList","@id":"https:\/\/metaltale.com\/lv\/produkts\/lietus-dusa-copper-1-antikais-misins\/#breadcrumb","itemListElement":[{"@type":"ListItem","position":1,"name":"Home","item":"https:\/\/metaltale.com\/lv\/majas\/"},{"@type":"ListItem","position":2,"name":"Veikals","item":"https:\/\/metaltale.com\/lv\/shop\/"},{"@type":"ListItem","position":3,"name":"Lietus du\u0161a COPPER 1, ant\u012bkais misi\u0146\u0161"}]},{"@type":"WebSite","@id":"https:\/\/metaltale.com\/lv\/#website","url":"https:\/\/metaltale.com\/lv\/","name":"Metaltale.com","description":"","potentialAction":[{"@type":"SearchAction","target":{"@type":"EntryPoint","urlTemplate":"https:\/\/metaltale.com\/lv\/?s={search_term_string}"},"query-input":{"@type":"PropertyValueSpecification","valueRequired":true,"valueName":"search_term_string"}}],"inLanguage":"lv-LV"}]}},"_links":{"self":[{"href":"https:\/\/metaltale.com\/lv\/wp-json\/wp\/v2\/product\/133141","targetHints":{"allow":["GET"]}}],"collection":[{"href":"https:\/\/metaltale.com\/lv\/wp-json\/wp\/v2\/product"}],"about":[{"href":"https:\/\/metaltale.com\/lv\/wp-json\/wp\/v2\/types\/product"}],"replies":[{"embeddable":true,"href":"https:\/\/metaltale.com\/lv\/wp-json\/wp\/v2\/comments?post=133141"}],"version-history":[{"count":0,"href":"https:\/\/metaltale.com\/lv\/wp-json\/wp\/v2\/product\/133141\/revisions"}],"wp:featuredmedia":[{"embeddable":true,"href":"https:\/\/metaltale.com\/lv\/wp-json\/wp\/v2\/media\/97360"}],"wp:attachment":[{"href":"https:\/\/metaltale.com\/lv\/wp-json\/wp\/v2\/media?parent=133141"}],"wp:term":[{"taxonomy":"product_brand","embeddable":true,"href":"https:\/\/metaltale.com\/lv\/wp-json\/wp\/v2\/product_brand?post=133141"},{"taxonomy":"product_cat","embeddable":true,"href":"https:\/\/metaltale.com\/lv\/wp-json\/wp\/v2\/product_cat?post=133141"},{"taxonomy":"product_tag","embeddable":true,"href":"https:\/\/metaltale.com\/lv\/wp-json\/wp\/v2\/product_tag?post=133141"}],"curies":[{"name":"wp","href":"https:\/\/api.w.org\/{rel}","templated":true}]}}