{"id":133137,"date":"2024-02-13T15:27:04","date_gmt":"2024-02-13T13:27:04","guid":{"rendered":"https:\/\/metaltale.com\/produktas\/pie-sienas-stiprinams-vannas-istabas-krans-akron-antikais-misins\/"},"modified":"2024-02-13T15:27:04","modified_gmt":"2024-02-13T13:27:04","slug":"pie-sienas-stiprinams-vannas-istabas-krans-akron-antikais-misins","status":"publish","type":"product","link":"https:\/\/metaltale.com\/lv\/produkts\/pie-sienas-stiprinams-vannas-istabas-krans-akron-antikais-misins\/","title":{"rendered":"Pie sienas stiprin\u0101ms vannas istabas kr\u0101ns AKRON, ant\u012bkais misi\u0146\u0161"},"content":{"rendered":"<div class=\"prod_data\">\n<p><strong>Modelis<\/strong> QZ.YG-011-AMD<br \/>\nModern\u0101 <strong>kolekcija<\/strong><br \/>\n<strong>Augstums (cm<\/strong> ) 15<br \/>\nPlatums (cm ) 20<br \/>\n<strong>Kop\u0113j\u0101 projekcija (cm<\/strong> ) 19<br \/>\n<strong>Materi\u0101ls<\/strong> Ner\u016bs\u0113jo\u0161ais t\u0113rauds<br \/>\n<strong>Kr\u0101sa<\/strong> Ant\u012bkais misi\u0146\u0161<br \/>\nApdare mat\u0113ta<br \/>\n<strong>\u0160\u013c\u016btenes garums (cm<\/strong> ) 150<br \/>\n<strong>Du\u0161as galvas garums (cm<\/strong> ) 20<br \/>\n<strong>Rot\u0113jo\u0161s izsmidzin\u0101t\u0101js<\/strong> J\u0101<br \/>\n<strong>Papildu inform\u0101cija<\/strong> Savienot\u0101js S 1\/2&#8243; x 3\/4&#8243;<br \/>\n<strong>Jauc\u0113jkr\u0101na tips<\/strong> Pie sienas<\/p>\n<p>ner\u016bs\u0113jo\u0161\u0101 t\u0113rauda vannas istabas kr\u0101ns<\/p>\n<p>Komplekts: vannas mais\u012bt\u0101js, du\u0161as rokturis<\/p>\n<p>keramikas galva &#8211; elements, kas nodro\u0161ina pareizu \u016bdens sadali.<\/p>\n<hr>\n<p>\u0160is kr\u0101ns ir izstr\u0101d\u0101ts, dom\u0101jot par vienk\u0101r\u0161\u012bbu un minim\u0101lismu. \u012apa\u0161i profil\u0113tais izsmidzin\u0101t\u0101js \u013cauj lietot\u0101jam piln\u012bb\u0101 kontrol\u0113t \u016bdens pl\u016bsmu un nodro\u0161ina izcilu komfortu vanno\u0161an\u0101s laik\u0101. Turkl\u0101t, uzst\u0101dot pie sienas, vannas malas telpa netiek aizsprostota ar nevajadz\u012bgiem elementiem, padarot mais\u012bt\u0101ju ne tikai \u013coti praktisku, bet ar\u012b est\u0113tiski pievilc\u012bgu.<br \/>\nMais\u012bt\u0101js tiek pieg\u0101d\u0101ts ar\u012b ar du\u0161as rokturi un sienas kron\u0161teinu. \u0160\u012b \u012bpa\u0161\u0101 deta\u013ca \u013cauj rokturi izmantot divos da\u017e\u0101dos le\u0146\u0137os, nodro\u0161inot liel\u0101ku elast\u012bbu un \u0113rt\u012bbas vanno\u0161an\u0101s laik\u0101. Uzticam\u012bba un iztur\u012bba ir citas izcilas \u0161\u012b mais\u012bt\u0101ja \u012bpa\u0161\u012bbas. Iztur\u012bga konstrukcija un augstas kvalit\u0101tes materi\u0101li nodro\u0161ina ilgtermi\u0146a uzticam\u012bbu. Ta\u010du t\u0101 ir ne tikai praktiska ier\u012bce, bet ar\u012b elegants dekorat\u012bvs elements, kas lieliski paspilgtina jebkuras vannas istabas m\u016bsdien\u012bgumu.<\/p>\n<\/div>\n","protected":false},"excerpt":{"rendered":"<p>Modelis QZ.YG-011-AMD Modern\u0101 kolekcija Augstums (cm ) 15 Platums (cm ) 20 Kop\u0113j\u0101 projekcija (cm ) 19 Materi\u0101ls Ner\u016bs\u0113jo\u0161ais t\u0113rauds<\/p>\n","protected":false},"featured_media":98822,"comment_status":"open","ping_status":"closed","template":"","meta":{"_acf_changed":false,"pmpro_default_level":""},"product_brand":[],"product_cat":[24073,24086],"product_tag":[],"class_list":{"0":"post-133137","1":"product","2":"type-product","3":"status-publish","4":"has-post-thumbnail","6":"product_cat-vannas-istabas-krani","7":"product_cat-vannas-istabas-krani-lv","8":"pmpro-has-access","10":"first","11":"instock","12":"shipping-taxable","13":"purchasable","14":"product-type-simple"},"acf":[],"yoast_head":"<!-- This site is optimized with the Yoast SEO plugin v24.9 - https:\/\/yoast.com\/wordpress\/plugins\/seo\/ -->\n<title>Pie sienas stiprin\u0101ms vannas istabas kr\u0101ns AKRON, ant\u012bkais misi\u0146\u0161 - MetalTale.com<\/title>\n<meta name=\"robots\" content=\"index, follow, max-snippet:-1, max-image-preview:large, max-video-preview:-1\" \/>\n<link rel=\"canonical\" href=\"https:\/\/metaltale.com\/lv\/produkts\/pie-sienas-stiprinams-vannas-istabas-krans-akron-antikais-misins\/\" \/>\n<meta property=\"og:locale\" content=\"lv_LV\" \/>\n<meta property=\"og:type\" content=\"article\" \/>\n<meta property=\"og:title\" content=\"Pie sienas stiprin\u0101ms vannas istabas kr\u0101ns AKRON, ant\u012bkais misi\u0146\u0161 - MetalTale.com\" \/>\n<meta property=\"og:description\" content=\"Modelis QZ.YG-011-AMD Modern\u0101 kolekcija Augstums (cm ) 15 Platums (cm ) 20 Kop\u0113j\u0101 projekcija (cm ) 19 Materi\u0101ls Ner\u016bs\u0113jo\u0161ais t\u0113rauds\" \/>\n<meta property=\"og:url\" content=\"https:\/\/metaltale.com\/lv\/produkts\/pie-sienas-stiprinams-vannas-istabas-krans-akron-antikais-misins\/\" \/>\n<meta property=\"og:site_name\" content=\"MetalTale.com\" \/>\n<meta name=\"twitter:card\" content=\"summary_large_image\" \/>\n<meta name=\"twitter:label1\" content=\"Est. reading time\" \/>\n\t<meta name=\"twitter:data1\" content=\"1 minute\" \/>\n<script type=\"application\/ld+json\" class=\"yoast-schema-graph\">{\"@context\":\"https:\/\/schema.org\",\"@graph\":[{\"@type\":\"WebPage\",\"@id\":\"https:\/\/metaltale.com\/lv\/produkts\/pie-sienas-stiprinams-vannas-istabas-krans-akron-antikais-misins\/\",\"url\":\"https:\/\/metaltale.com\/lv\/produkts\/pie-sienas-stiprinams-vannas-istabas-krans-akron-antikais-misins\/\",\"name\":\"Pie sienas stiprin\u0101ms vannas istabas kr\u0101ns AKRON, ant\u012bkais misi\u0146\u0161 - MetalTale.com\",\"isPartOf\":{\"@id\":\"https:\/\/metaltale.com\/lv\/#website\"},\"primaryImageOfPage\":{\"@id\":\"https:\/\/metaltale.com\/lv\/produkts\/pie-sienas-stiprinams-vannas-istabas-krans-akron-antikais-misins\/#primaryimage\"},\"image\":{\"@id\":\"https:\/\/metaltale.com\/lv\/produkts\/pie-sienas-stiprinams-vannas-istabas-krans-akron-antikais-misins\/#primaryimage\"},\"thumbnailUrl\":\"https:\/\/metaltale.com\/wp-content\/uploads\/2023\/11\/Vonios-maix161ytuvai-3.jpg\",\"datePublished\":\"2024-02-13T13:27:04+00:00\",\"breadcrumb\":{\"@id\":\"https:\/\/metaltale.com\/lv\/produkts\/pie-sienas-stiprinams-vannas-istabas-krans-akron-antikais-misins\/#breadcrumb\"},\"inLanguage\":\"lv-LV\",\"potentialAction\":[{\"@type\":\"ReadAction\",\"target\":[\"https:\/\/metaltale.com\/lv\/produkts\/pie-sienas-stiprinams-vannas-istabas-krans-akron-antikais-misins\/\"]}]},{\"@type\":\"ImageObject\",\"inLanguage\":\"lv-LV\",\"@id\":\"https:\/\/metaltale.com\/lv\/produkts\/pie-sienas-stiprinams-vannas-istabas-krans-akron-antikais-misins\/#primaryimage\",\"url\":\"https:\/\/metaltale.com\/wp-content\/uploads\/2023\/11\/Vonios-maix161ytuvai-3.jpg\",\"contentUrl\":\"https:\/\/metaltale.com\/wp-content\/uploads\/2023\/11\/Vonios-maix161ytuvai-3.jpg\",\"width\":800,\"height\":800,\"caption\":\"Pie sienas stiprin\u0101ms vannas istabas kr\u0101ns AKRON, ant\u012bkais misi\u0146\u0161\"},{\"@type\":\"BreadcrumbList\",\"@id\":\"https:\/\/metaltale.com\/lv\/produkts\/pie-sienas-stiprinams-vannas-istabas-krans-akron-antikais-misins\/#breadcrumb\",\"itemListElement\":[{\"@type\":\"ListItem\",\"position\":1,\"name\":\"Home\",\"item\":\"https:\/\/metaltale.com\/lv\/majas\/\"},{\"@type\":\"ListItem\",\"position\":2,\"name\":\"Veikals\",\"item\":\"https:\/\/metaltale.com\/lv\/shop\/\"},{\"@type\":\"ListItem\",\"position\":3,\"name\":\"Pie sienas stiprin\u0101ms vannas istabas kr\u0101ns AKRON, ant\u012bkais misi\u0146\u0161\"}]},{\"@type\":\"WebSite\",\"@id\":\"https:\/\/metaltale.com\/lv\/#website\",\"url\":\"https:\/\/metaltale.com\/lv\/\",\"name\":\"Metaltale.com\",\"description\":\"\",\"potentialAction\":[{\"@type\":\"SearchAction\",\"target\":{\"@type\":\"EntryPoint\",\"urlTemplate\":\"https:\/\/metaltale.com\/lv\/?s={search_term_string}\"},\"query-input\":{\"@type\":\"PropertyValueSpecification\",\"valueRequired\":true,\"valueName\":\"search_term_string\"}}],\"inLanguage\":\"lv-LV\"}]}<\/script>\n<!-- \/ Yoast SEO plugin. -->","yoast_head_json":{"title":"Pie sienas stiprin\u0101ms vannas istabas kr\u0101ns AKRON, ant\u012bkais misi\u0146\u0161 - MetalTale.com","robots":{"index":"index","follow":"follow","max-snippet":"max-snippet:-1","max-image-preview":"max-image-preview:large","max-video-preview":"max-video-preview:-1"},"canonical":"https:\/\/metaltale.com\/lv\/produkts\/pie-sienas-stiprinams-vannas-istabas-krans-akron-antikais-misins\/","og_locale":"lv_LV","og_type":"article","og_title":"Pie sienas stiprin\u0101ms vannas istabas kr\u0101ns AKRON, ant\u012bkais misi\u0146\u0161 - MetalTale.com","og_description":"Modelis QZ.YG-011-AMD Modern\u0101 kolekcija Augstums (cm ) 15 Platums (cm ) 20 Kop\u0113j\u0101 projekcija (cm ) 19 Materi\u0101ls Ner\u016bs\u0113jo\u0161ais t\u0113rauds","og_url":"https:\/\/metaltale.com\/lv\/produkts\/pie-sienas-stiprinams-vannas-istabas-krans-akron-antikais-misins\/","og_site_name":"MetalTale.com","twitter_card":"summary_large_image","twitter_misc":{"Est. reading time":"1 minute"},"schema":{"@context":"https:\/\/schema.org","@graph":[{"@type":"WebPage","@id":"https:\/\/metaltale.com\/lv\/produkts\/pie-sienas-stiprinams-vannas-istabas-krans-akron-antikais-misins\/","url":"https:\/\/metaltale.com\/lv\/produkts\/pie-sienas-stiprinams-vannas-istabas-krans-akron-antikais-misins\/","name":"Pie sienas stiprin\u0101ms vannas istabas kr\u0101ns AKRON, ant\u012bkais misi\u0146\u0161 - MetalTale.com","isPartOf":{"@id":"https:\/\/metaltale.com\/lv\/#website"},"primaryImageOfPage":{"@id":"https:\/\/metaltale.com\/lv\/produkts\/pie-sienas-stiprinams-vannas-istabas-krans-akron-antikais-misins\/#primaryimage"},"image":{"@id":"https:\/\/metaltale.com\/lv\/produkts\/pie-sienas-stiprinams-vannas-istabas-krans-akron-antikais-misins\/#primaryimage"},"thumbnailUrl":"https:\/\/metaltale.com\/wp-content\/uploads\/2023\/11\/Vonios-maix161ytuvai-3.jpg","datePublished":"2024-02-13T13:27:04+00:00","breadcrumb":{"@id":"https:\/\/metaltale.com\/lv\/produkts\/pie-sienas-stiprinams-vannas-istabas-krans-akron-antikais-misins\/#breadcrumb"},"inLanguage":"lv-LV","potentialAction":[{"@type":"ReadAction","target":["https:\/\/metaltale.com\/lv\/produkts\/pie-sienas-stiprinams-vannas-istabas-krans-akron-antikais-misins\/"]}]},{"@type":"ImageObject","inLanguage":"lv-LV","@id":"https:\/\/metaltale.com\/lv\/produkts\/pie-sienas-stiprinams-vannas-istabas-krans-akron-antikais-misins\/#primaryimage","url":"https:\/\/metaltale.com\/wp-content\/uploads\/2023\/11\/Vonios-maix161ytuvai-3.jpg","contentUrl":"https:\/\/metaltale.com\/wp-content\/uploads\/2023\/11\/Vonios-maix161ytuvai-3.jpg","width":800,"height":800,"caption":"Pie sienas stiprin\u0101ms vannas istabas kr\u0101ns AKRON, ant\u012bkais misi\u0146\u0161"},{"@type":"BreadcrumbList","@id":"https:\/\/metaltale.com\/lv\/produkts\/pie-sienas-stiprinams-vannas-istabas-krans-akron-antikais-misins\/#breadcrumb","itemListElement":[{"@type":"ListItem","position":1,"name":"Home","item":"https:\/\/metaltale.com\/lv\/majas\/"},{"@type":"ListItem","position":2,"name":"Veikals","item":"https:\/\/metaltale.com\/lv\/shop\/"},{"@type":"ListItem","position":3,"name":"Pie sienas stiprin\u0101ms vannas istabas kr\u0101ns AKRON, ant\u012bkais misi\u0146\u0161"}]},{"@type":"WebSite","@id":"https:\/\/metaltale.com\/lv\/#website","url":"https:\/\/metaltale.com\/lv\/","name":"Metaltale.com","description":"","potentialAction":[{"@type":"SearchAction","target":{"@type":"EntryPoint","urlTemplate":"https:\/\/metaltale.com\/lv\/?s={search_term_string}"},"query-input":{"@type":"PropertyValueSpecification","valueRequired":true,"valueName":"search_term_string"}}],"inLanguage":"lv-LV"}]}},"_links":{"self":[{"href":"https:\/\/metaltale.com\/lv\/wp-json\/wp\/v2\/product\/133137","targetHints":{"allow":["GET"]}}],"collection":[{"href":"https:\/\/metaltale.com\/lv\/wp-json\/wp\/v2\/product"}],"about":[{"href":"https:\/\/metaltale.com\/lv\/wp-json\/wp\/v2\/types\/product"}],"replies":[{"embeddable":true,"href":"https:\/\/metaltale.com\/lv\/wp-json\/wp\/v2\/comments?post=133137"}],"version-history":[{"count":0,"href":"https:\/\/metaltale.com\/lv\/wp-json\/wp\/v2\/product\/133137\/revisions"}],"wp:featuredmedia":[{"embeddable":true,"href":"https:\/\/metaltale.com\/lv\/wp-json\/wp\/v2\/media\/98822"}],"wp:attachment":[{"href":"https:\/\/metaltale.com\/lv\/wp-json\/wp\/v2\/media?parent=133137"}],"wp:term":[{"taxonomy":"product_brand","embeddable":true,"href":"https:\/\/metaltale.com\/lv\/wp-json\/wp\/v2\/product_brand?post=133137"},{"taxonomy":"product_cat","embeddable":true,"href":"https:\/\/metaltale.com\/lv\/wp-json\/wp\/v2\/product_cat?post=133137"},{"taxonomy":"product_tag","embeddable":true,"href":"https:\/\/metaltale.com\/lv\/wp-json\/wp\/v2\/product_tag?post=133137"}],"curies":[{"name":"wp","href":"https:\/\/api.w.org\/{rel}","templated":true}]}}