{"id":133125,"date":"2024-02-13T15:27:04","date_gmt":"2024-02-13T13:27:04","guid":{"rendered":"https:\/\/metaltale.com\/produktas\/stacionarais-izlietnes-krans-birmingham-melns\/"},"modified":"2024-02-13T15:27:04","modified_gmt":"2024-02-13T13:27:04","slug":"stacionarais-izlietnes-krans-birmingham-melns","status":"publish","type":"product","link":"https:\/\/metaltale.com\/lv\/produkts\/stacionarais-izlietnes-krans-birmingham-melns\/","title":{"rendered":"Stacion\u0101rais izlietnes kr\u0101ns BIRMINGHAM, melns"},"content":{"rendered":"<div class=\"prod_data\">\n<p><strong>Modelis<\/strong> WX.550B.SHO.BLA<br \/>\nVienk\u0101r\u0161i retro <strong>kolekcija<\/strong><br \/>\n<strong>EAN.<\/strong>  5905369900570<br \/>\n<strong>Mais\u012bt\u0101ja tips<\/strong> Br\u012bvi st\u0101vo\u0161s<br \/>\n<strong>Izsmidzin\u0101t\u0101ja garums (cm<\/strong> ) 13<br \/>\n<strong>Augstums l\u012bdz izsmidzin\u0101t\u0101jam (cm<\/strong> ) 11<br \/>\n<strong>Materi\u0101ls<\/strong> Misi\u0146\u0161<br \/>\n<strong>Uzst\u0101d\u012b\u0161anas atveres diametrs<\/strong> 3,2<br \/>\n<strong>Augstums (cm<\/strong> ) 23<br \/>\n<strong>Augstums ar paceltu rokturi<\/strong> 25,5<br \/>\n<strong>Kop\u0113j\u0101 projekcija (cm<\/strong> ) 18<br \/>\n<strong>Perlators (aerators<\/strong> ) J\u0101<br \/>\n<strong>Rot\u0113jo\u0161s izsmidzin\u0101t\u0101js<\/strong> N\u0113<br \/>\nKr\u0101sa Melna<br \/>\n<strong>Apdare<\/strong> M\u012bksta, sat\u012bna efekts<br \/>\n<strong>Papildus inform\u0101cija<\/strong> \u0160\u013c\u016btene M8x3\/8&#8243; kr\u0101na garums 50cm<\/p>\n<p>&#8211; misi\u0146a past\u0101v\u012bgais mais\u012bt\u0101js<br \/>\n&#8211; fiks\u0113ts izpl\u016bdes<br \/>\n&#8211; keramikas galva &#8211; elements, kas nodro\u0161ina pareizu \u016bdens sadali.<br \/>\n&#8211; Aerators &#8211; \u016bdens pat\u0113ri\u0146a samazin\u0101\u0161anai<br \/>\n&#8211; Komplekt\u0101 ir iek\u013cauti visi uzst\u0101d\u012b\u0161anai nepiecie\u0161amie elementi (\u0161\u013c\u016btenes, galda skr\u016bve, skr\u016bvju bl\u012bves).<\/p>\n<hr>\n<p>Misi\u0146a vannas istabas kr\u0101ni ir virs vid\u0113j\u0101 l\u012bme\u0146a iztur\u012bgi un notur\u012bgi pret boj\u0101jumiem. Izlietnes mais\u012bt\u0101ja augst\u0101 kvalit\u0101te apvienojum\u0101 ar stil\u012bgo dizainu rada perfektu produktu. Sat\u012bna meln\u0101 apdare pie\u0161\u0137ir mais\u012bt\u0101jam eleganci, bet vienk\u0101r\u0161\u0101 forma &#8211; daudzpus\u012bbu. Vien\u012bgais rot\u0101juma veids ir maiga loc\u012btavu un apdares apdar\u0113. Zemais ant\u012bkais kr\u0101ns lieliski izskat\u0101s pla\u0161\u0101s b\u0113ni\u0146u vannas istab\u0101s un minim\u0101lisma stil\u0101 ietur\u0113t\u0101s modern\u0101s tualet\u0113s, smalki izjaucot to arodistiskumu. Tas ar\u012b lieliski paspilgtina retro un vintage vannas istabu raksturu.<\/p>\n<hr>\n<\/div>\n","protected":false},"excerpt":{"rendered":"<p>Modelis WX.550B.SHO.BLA Vienk\u0101r\u0161i retro kolekcija EAN. 5905369900570 Mais\u012bt\u0101ja tips Br\u012bvi st\u0101vo\u0161s Izsmidzin\u0101t\u0101ja garums (cm ) 13 Augstums l\u012bdz izsmidzin\u0101t\u0101jam (cm<\/p>\n","protected":false},"featured_media":97174,"comment_status":"open","ping_status":"closed","template":"","meta":{"_acf_changed":false,"pmpro_default_level":""},"product_brand":[],"product_cat":[24094,24073],"product_tag":[],"class_list":{"0":"post-133125","1":"product","2":"type-product","3":"status-publish","4":"has-post-thumbnail","6":"product_cat-izlietnes-maisitaji","7":"product_cat-vannas-istabas-krani","8":"pmpro-has-access","10":"first","11":"instock","12":"shipping-taxable","13":"purchasable","14":"product-type-simple"},"acf":[],"yoast_head":"<!-- This site is optimized with the Yoast SEO plugin v24.9 - https:\/\/yoast.com\/wordpress\/plugins\/seo\/ -->\n<title>Stacion\u0101rais izlietnes kr\u0101ns BIRMINGHAM, melns - MetalTale.com<\/title>\n<meta name=\"robots\" content=\"index, follow, max-snippet:-1, max-image-preview:large, max-video-preview:-1\" \/>\n<link rel=\"canonical\" href=\"https:\/\/metaltale.com\/lv\/produkts\/stacionarais-izlietnes-krans-birmingham-melns\/\" \/>\n<meta property=\"og:locale\" content=\"lv_LV\" \/>\n<meta property=\"og:type\" content=\"article\" \/>\n<meta property=\"og:title\" content=\"Stacion\u0101rais izlietnes kr\u0101ns BIRMINGHAM, melns - MetalTale.com\" \/>\n<meta property=\"og:description\" content=\"Modelis WX.550B.SHO.BLA Vienk\u0101r\u0161i retro kolekcija EAN. 5905369900570 Mais\u012bt\u0101ja tips Br\u012bvi st\u0101vo\u0161s Izsmidzin\u0101t\u0101ja garums (cm ) 13 Augstums l\u012bdz izsmidzin\u0101t\u0101jam (cm\" \/>\n<meta property=\"og:url\" content=\"https:\/\/metaltale.com\/lv\/produkts\/stacionarais-izlietnes-krans-birmingham-melns\/\" \/>\n<meta property=\"og:site_name\" content=\"MetalTale.com\" \/>\n<meta name=\"twitter:card\" content=\"summary_large_image\" \/>\n<meta name=\"twitter:label1\" content=\"Est. reading time\" \/>\n\t<meta name=\"twitter:data1\" content=\"1 minute\" \/>\n<script type=\"application\/ld+json\" class=\"yoast-schema-graph\">{\"@context\":\"https:\/\/schema.org\",\"@graph\":[{\"@type\":\"WebPage\",\"@id\":\"https:\/\/metaltale.com\/lv\/produkts\/stacionarais-izlietnes-krans-birmingham-melns\/\",\"url\":\"https:\/\/metaltale.com\/lv\/produkts\/stacionarais-izlietnes-krans-birmingham-melns\/\",\"name\":\"Stacion\u0101rais izlietnes kr\u0101ns BIRMINGHAM, melns - MetalTale.com\",\"isPartOf\":{\"@id\":\"https:\/\/metaltale.com\/lv\/#website\"},\"primaryImageOfPage\":{\"@id\":\"https:\/\/metaltale.com\/lv\/produkts\/stacionarais-izlietnes-krans-birmingham-melns\/#primaryimage\"},\"image\":{\"@id\":\"https:\/\/metaltale.com\/lv\/produkts\/stacionarais-izlietnes-krans-birmingham-melns\/#primaryimage\"},\"thumbnailUrl\":\"https:\/\/metaltale.com\/wp-content\/uploads\/2023\/11\/Praustuvo-maix161ytuvai-1.jpg\",\"datePublished\":\"2024-02-13T13:27:04+00:00\",\"breadcrumb\":{\"@id\":\"https:\/\/metaltale.com\/lv\/produkts\/stacionarais-izlietnes-krans-birmingham-melns\/#breadcrumb\"},\"inLanguage\":\"lv-LV\",\"potentialAction\":[{\"@type\":\"ReadAction\",\"target\":[\"https:\/\/metaltale.com\/lv\/produkts\/stacionarais-izlietnes-krans-birmingham-melns\/\"]}]},{\"@type\":\"ImageObject\",\"inLanguage\":\"lv-LV\",\"@id\":\"https:\/\/metaltale.com\/lv\/produkts\/stacionarais-izlietnes-krans-birmingham-melns\/#primaryimage\",\"url\":\"https:\/\/metaltale.com\/wp-content\/uploads\/2023\/11\/Praustuvo-maix161ytuvai-1.jpg\",\"contentUrl\":\"https:\/\/metaltale.com\/wp-content\/uploads\/2023\/11\/Praustuvo-maix161ytuvai-1.jpg\",\"width\":800,\"height\":800,\"caption\":\"Stacion\u0101rais izlietnes kr\u0101ns BIRMINGHAM, melns\"},{\"@type\":\"BreadcrumbList\",\"@id\":\"https:\/\/metaltale.com\/lv\/produkts\/stacionarais-izlietnes-krans-birmingham-melns\/#breadcrumb\",\"itemListElement\":[{\"@type\":\"ListItem\",\"position\":1,\"name\":\"Home\",\"item\":\"https:\/\/metaltale.com\/lv\/majas\/\"},{\"@type\":\"ListItem\",\"position\":2,\"name\":\"Veikals\",\"item\":\"https:\/\/metaltale.com\/lv\/shop\/\"},{\"@type\":\"ListItem\",\"position\":3,\"name\":\"Stacion\u0101rais izlietnes kr\u0101ns BIRMINGHAM, melns\"}]},{\"@type\":\"WebSite\",\"@id\":\"https:\/\/metaltale.com\/lv\/#website\",\"url\":\"https:\/\/metaltale.com\/lv\/\",\"name\":\"Metaltale.com\",\"description\":\"\",\"potentialAction\":[{\"@type\":\"SearchAction\",\"target\":{\"@type\":\"EntryPoint\",\"urlTemplate\":\"https:\/\/metaltale.com\/lv\/?s={search_term_string}\"},\"query-input\":{\"@type\":\"PropertyValueSpecification\",\"valueRequired\":true,\"valueName\":\"search_term_string\"}}],\"inLanguage\":\"lv-LV\"}]}<\/script>\n<!-- \/ Yoast SEO plugin. -->","yoast_head_json":{"title":"Stacion\u0101rais izlietnes kr\u0101ns BIRMINGHAM, melns - MetalTale.com","robots":{"index":"index","follow":"follow","max-snippet":"max-snippet:-1","max-image-preview":"max-image-preview:large","max-video-preview":"max-video-preview:-1"},"canonical":"https:\/\/metaltale.com\/lv\/produkts\/stacionarais-izlietnes-krans-birmingham-melns\/","og_locale":"lv_LV","og_type":"article","og_title":"Stacion\u0101rais izlietnes kr\u0101ns BIRMINGHAM, melns - MetalTale.com","og_description":"Modelis WX.550B.SHO.BLA Vienk\u0101r\u0161i retro kolekcija EAN. 5905369900570 Mais\u012bt\u0101ja tips Br\u012bvi st\u0101vo\u0161s Izsmidzin\u0101t\u0101ja garums (cm ) 13 Augstums l\u012bdz izsmidzin\u0101t\u0101jam (cm","og_url":"https:\/\/metaltale.com\/lv\/produkts\/stacionarais-izlietnes-krans-birmingham-melns\/","og_site_name":"MetalTale.com","twitter_card":"summary_large_image","twitter_misc":{"Est. reading time":"1 minute"},"schema":{"@context":"https:\/\/schema.org","@graph":[{"@type":"WebPage","@id":"https:\/\/metaltale.com\/lv\/produkts\/stacionarais-izlietnes-krans-birmingham-melns\/","url":"https:\/\/metaltale.com\/lv\/produkts\/stacionarais-izlietnes-krans-birmingham-melns\/","name":"Stacion\u0101rais izlietnes kr\u0101ns BIRMINGHAM, melns - MetalTale.com","isPartOf":{"@id":"https:\/\/metaltale.com\/lv\/#website"},"primaryImageOfPage":{"@id":"https:\/\/metaltale.com\/lv\/produkts\/stacionarais-izlietnes-krans-birmingham-melns\/#primaryimage"},"image":{"@id":"https:\/\/metaltale.com\/lv\/produkts\/stacionarais-izlietnes-krans-birmingham-melns\/#primaryimage"},"thumbnailUrl":"https:\/\/metaltale.com\/wp-content\/uploads\/2023\/11\/Praustuvo-maix161ytuvai-1.jpg","datePublished":"2024-02-13T13:27:04+00:00","breadcrumb":{"@id":"https:\/\/metaltale.com\/lv\/produkts\/stacionarais-izlietnes-krans-birmingham-melns\/#breadcrumb"},"inLanguage":"lv-LV","potentialAction":[{"@type":"ReadAction","target":["https:\/\/metaltale.com\/lv\/produkts\/stacionarais-izlietnes-krans-birmingham-melns\/"]}]},{"@type":"ImageObject","inLanguage":"lv-LV","@id":"https:\/\/metaltale.com\/lv\/produkts\/stacionarais-izlietnes-krans-birmingham-melns\/#primaryimage","url":"https:\/\/metaltale.com\/wp-content\/uploads\/2023\/11\/Praustuvo-maix161ytuvai-1.jpg","contentUrl":"https:\/\/metaltale.com\/wp-content\/uploads\/2023\/11\/Praustuvo-maix161ytuvai-1.jpg","width":800,"height":800,"caption":"Stacion\u0101rais izlietnes kr\u0101ns BIRMINGHAM, melns"},{"@type":"BreadcrumbList","@id":"https:\/\/metaltale.com\/lv\/produkts\/stacionarais-izlietnes-krans-birmingham-melns\/#breadcrumb","itemListElement":[{"@type":"ListItem","position":1,"name":"Home","item":"https:\/\/metaltale.com\/lv\/majas\/"},{"@type":"ListItem","position":2,"name":"Veikals","item":"https:\/\/metaltale.com\/lv\/shop\/"},{"@type":"ListItem","position":3,"name":"Stacion\u0101rais izlietnes kr\u0101ns BIRMINGHAM, melns"}]},{"@type":"WebSite","@id":"https:\/\/metaltale.com\/lv\/#website","url":"https:\/\/metaltale.com\/lv\/","name":"Metaltale.com","description":"","potentialAction":[{"@type":"SearchAction","target":{"@type":"EntryPoint","urlTemplate":"https:\/\/metaltale.com\/lv\/?s={search_term_string}"},"query-input":{"@type":"PropertyValueSpecification","valueRequired":true,"valueName":"search_term_string"}}],"inLanguage":"lv-LV"}]}},"_links":{"self":[{"href":"https:\/\/metaltale.com\/lv\/wp-json\/wp\/v2\/product\/133125","targetHints":{"allow":["GET"]}}],"collection":[{"href":"https:\/\/metaltale.com\/lv\/wp-json\/wp\/v2\/product"}],"about":[{"href":"https:\/\/metaltale.com\/lv\/wp-json\/wp\/v2\/types\/product"}],"replies":[{"embeddable":true,"href":"https:\/\/metaltale.com\/lv\/wp-json\/wp\/v2\/comments?post=133125"}],"version-history":[{"count":0,"href":"https:\/\/metaltale.com\/lv\/wp-json\/wp\/v2\/product\/133125\/revisions"}],"wp:featuredmedia":[{"embeddable":true,"href":"https:\/\/metaltale.com\/lv\/wp-json\/wp\/v2\/media\/97174"}],"wp:attachment":[{"href":"https:\/\/metaltale.com\/lv\/wp-json\/wp\/v2\/media?parent=133125"}],"wp:term":[{"taxonomy":"product_brand","embeddable":true,"href":"https:\/\/metaltale.com\/lv\/wp-json\/wp\/v2\/product_brand?post=133125"},{"taxonomy":"product_cat","embeddable":true,"href":"https:\/\/metaltale.com\/lv\/wp-json\/wp\/v2\/product_cat?post=133125"},{"taxonomy":"product_tag","embeddable":true,"href":"https:\/\/metaltale.com\/lv\/wp-json\/wp\/v2\/product_tag?post=133125"}],"curies":[{"name":"wp","href":"https:\/\/api.w.org\/{rel}","templated":true}]}}