{"id":133118,"date":"2024-02-13T15:27:04","date_gmt":"2024-02-13T13:27:04","guid":{"rendered":"https:\/\/metaltale.com\/produktas\/stacionarais-virtuves-maisitajs-copper-1-roza-zelts\/"},"modified":"2024-02-13T15:27:04","modified_gmt":"2024-02-13T13:27:04","slug":"stacionarais-virtuves-maisitajs-copper-1-roza-zelts","status":"publish","type":"product","link":"https:\/\/metaltale.com\/lv\/produkts\/stacionarais-virtuves-maisitajs-copper-1-roza-zelts\/","title":{"rendered":"Stacion\u0101rais virtuves mais\u012bt\u0101js COPPER 1, roz\u0101 zelts"},"content":{"rendered":"<div class=\"prod_data\">\n<p><strong>Modelis<\/strong> WX.DXT1<br \/>\nVara <strong>kolekcija<\/strong><br \/>\n<strong>EAN.<\/strong>  5905369900136<br \/>\n<strong>Izsmidzin\u0101t\u0101ja garums (cm<\/strong> ) 18<br \/>\n<strong>Materi\u0101ls<\/strong> Misi\u0146\u0161<br \/>\n<strong>Uzst\u0101d\u012b\u0161anas atveres diametrs<\/strong> 3,2<br \/>\n<strong>Kop\u0113jais augstums (cm<\/strong> ) 29<br \/>\n<strong>Perlators (aerators<\/strong> ) J\u0101<br \/>\n<strong>Rot\u0113jo\u0161s izsmidzin\u0101t\u0101js<\/strong> J\u0101<br \/>\n<strong>Kr\u0101sa<\/strong> Roz\u0101 zelts<br \/>\n<strong>Apdares<\/strong> sp\u012bdums<br \/>\n<strong>Papildus inform\u0101cija<\/strong> \u0160\u013c\u016btene M8x3\/8&#8243; kr\u0101na garumam 50cm<\/p>\n<p>&#8211; misi\u0146a past\u0101v\u012bgais mais\u012bt\u0101js<br \/>\n&#8211; groz\u0101ms izsmidzin\u0101t\u0101js<br \/>\n&#8211; keramikas galva &#8211; elements, kas nodro\u0161ina pareizu \u016bdens sadali.<br \/>\n&#8211; Aerators &#8211; aerators, kas samazina \u016bdens pat\u0113ri\u0146u<br \/>\n&#8211; viena regul\u0113\u0161anas poga \u016bdens pl\u016bsmas un temperat\u016bras regul\u0113\u0161anai (no auksta uz karstu, bulti\u0146as nor\u0101d\u012btaj\u0101 virzien\u0101).<br \/>\n&#8211; visas uzst\u0101d\u012b\u0161anai nepiecie\u0161am\u0101s sast\u0101vda\u013cas (\u0161\u013c\u016btenes, galda skr\u016bve, skr\u016bvju bl\u012bves).<br \/>\n&#8211; viegla apkope &#8211; silts \u016bdens un PH neitr\u0101las ziepes.<\/p>\n<hr>\n<p dir=\"ltr\">Unik\u0101lais roz\u0101 sudraba kr\u0101sas augsts virtuves mikseris ir pievilc\u012bgs jebkur\u0101 interjer\u0101. Sat\u012bna, ant\u012bk\u0101 apdare un redzam\u0101s otas p\u0113das uz virsmas izce\u013c retro stilu, kas atspogu\u013cojas ar\u012b mais\u012bt\u0101ja form\u0101. Profil\u0113tais izsmidzin\u0101t\u0101js un \u0113rt\u0101 \u016bdens regul\u0113\u0161anas poga nodro\u0161ina augstu lieto\u0161anas \u0113rtumu. Misi\u0146a kr\u0101ni ir \u012bpa\u0161i iztur\u012bgi un notur\u012bgi pret boj\u0101jumiem, kas kop\u0101 ar keramikas galvi\u0146u nor\u0101da uz virs vid\u0113j\u0101s kvalit\u0101tes l\u012bmeni. Br\u012bvi st\u0101vo\u0161\u0101 izlietnes mais\u012bt\u0101ja ant\u012bkais raksturs lieliski iederas senatn\u012bgos un lauku interjeros, k\u0101 ar\u012b, izmantojot pareizos aksesu\u0101rus, lofta stila interjeros.<\/p>\n<hr>\n<\/div>\n","protected":false},"excerpt":{"rendered":"<p>Modelis WX.DXT1 Vara kolekcija EAN. 5905369900136 Izsmidzin\u0101t\u0101ja garums (cm ) 18 Materi\u0101ls Misi\u0146\u0161 Uzst\u0101d\u012b\u0161anas atveres diametrs 3,2 Kop\u0113jais augstums (cm<\/p>\n","protected":false},"featured_media":97147,"comment_status":"open","ping_status":"closed","template":"","meta":{"_acf_changed":false,"pmpro_default_level":""},"product_brand":[],"product_cat":[24097,24096],"product_tag":[],"class_list":{"0":"post-133118","1":"product","2":"type-product","3":"status-publish","4":"has-post-thumbnail","6":"product_cat-brivi-stavosi-virtuves-maisitaji","7":"product_cat-virtuves-maisitaji","8":"pmpro-has-access","10":"first","11":"instock","12":"shipping-taxable","13":"purchasable","14":"product-type-simple"},"acf":[],"yoast_head":"<!-- This site is optimized with the Yoast SEO plugin v24.9 - https:\/\/yoast.com\/wordpress\/plugins\/seo\/ -->\n<title>Stacion\u0101rais virtuves mais\u012bt\u0101js COPPER 1, roz\u0101 zelts - MetalTale.com<\/title>\n<meta name=\"robots\" content=\"index, follow, max-snippet:-1, max-image-preview:large, max-video-preview:-1\" \/>\n<link rel=\"canonical\" href=\"https:\/\/metaltale.com\/lv\/produkts\/stacionarais-virtuves-maisitajs-copper-1-roza-zelts\/\" \/>\n<meta property=\"og:locale\" content=\"lv_LV\" \/>\n<meta property=\"og:type\" content=\"article\" \/>\n<meta property=\"og:title\" content=\"Stacion\u0101rais virtuves mais\u012bt\u0101js COPPER 1, roz\u0101 zelts - MetalTale.com\" \/>\n<meta property=\"og:description\" content=\"Modelis WX.DXT1 Vara kolekcija EAN. 5905369900136 Izsmidzin\u0101t\u0101ja garums (cm ) 18 Materi\u0101ls Misi\u0146\u0161 Uzst\u0101d\u012b\u0161anas atveres diametrs 3,2 Kop\u0113jais augstums (cm\" \/>\n<meta property=\"og:url\" content=\"https:\/\/metaltale.com\/lv\/produkts\/stacionarais-virtuves-maisitajs-copper-1-roza-zelts\/\" \/>\n<meta property=\"og:site_name\" content=\"MetalTale.com\" \/>\n<meta property=\"og:image\" content=\"https:\/\/metaltale.com\/wp-content\/uploads\/2023\/11\/Laisvai-pastatomi-virtuviniai-maix161ytuvai-1.jpg\" \/>\n\t<meta property=\"og:image:width\" content=\"800\" \/>\n\t<meta property=\"og:image:height\" content=\"800\" \/>\n\t<meta property=\"og:image:type\" content=\"image\/jpeg\" \/>\n<meta name=\"twitter:card\" content=\"summary_large_image\" \/>\n<meta name=\"twitter:label1\" content=\"Est. reading time\" \/>\n\t<meta name=\"twitter:data1\" content=\"1 minute\" \/>\n<script type=\"application\/ld+json\" class=\"yoast-schema-graph\">{\"@context\":\"https:\/\/schema.org\",\"@graph\":[{\"@type\":\"WebPage\",\"@id\":\"https:\/\/metaltale.com\/lv\/produkts\/stacionarais-virtuves-maisitajs-copper-1-roza-zelts\/\",\"url\":\"https:\/\/metaltale.com\/lv\/produkts\/stacionarais-virtuves-maisitajs-copper-1-roza-zelts\/\",\"name\":\"Stacion\u0101rais virtuves mais\u012bt\u0101js COPPER 1, roz\u0101 zelts - MetalTale.com\",\"isPartOf\":{\"@id\":\"https:\/\/metaltale.com\/lv\/#website\"},\"primaryImageOfPage\":{\"@id\":\"https:\/\/metaltale.com\/lv\/produkts\/stacionarais-virtuves-maisitajs-copper-1-roza-zelts\/#primaryimage\"},\"image\":{\"@id\":\"https:\/\/metaltale.com\/lv\/produkts\/stacionarais-virtuves-maisitajs-copper-1-roza-zelts\/#primaryimage\"},\"thumbnailUrl\":\"https:\/\/metaltale.com\/wp-content\/uploads\/2023\/11\/Laisvai-pastatomi-virtuviniai-maix161ytuvai-1.jpg\",\"datePublished\":\"2024-02-13T13:27:04+00:00\",\"breadcrumb\":{\"@id\":\"https:\/\/metaltale.com\/lv\/produkts\/stacionarais-virtuves-maisitajs-copper-1-roza-zelts\/#breadcrumb\"},\"inLanguage\":\"lv-LV\",\"potentialAction\":[{\"@type\":\"ReadAction\",\"target\":[\"https:\/\/metaltale.com\/lv\/produkts\/stacionarais-virtuves-maisitajs-copper-1-roza-zelts\/\"]}]},{\"@type\":\"ImageObject\",\"inLanguage\":\"lv-LV\",\"@id\":\"https:\/\/metaltale.com\/lv\/produkts\/stacionarais-virtuves-maisitajs-copper-1-roza-zelts\/#primaryimage\",\"url\":\"https:\/\/metaltale.com\/wp-content\/uploads\/2023\/11\/Laisvai-pastatomi-virtuviniai-maix161ytuvai-1.jpg\",\"contentUrl\":\"https:\/\/metaltale.com\/wp-content\/uploads\/2023\/11\/Laisvai-pastatomi-virtuviniai-maix161ytuvai-1.jpg\",\"width\":800,\"height\":800,\"caption\":\"Stacion\u0101rais virtuves mais\u012bt\u0101js COPPER 1, roz\u0101 zelts\"},{\"@type\":\"BreadcrumbList\",\"@id\":\"https:\/\/metaltale.com\/lv\/produkts\/stacionarais-virtuves-maisitajs-copper-1-roza-zelts\/#breadcrumb\",\"itemListElement\":[{\"@type\":\"ListItem\",\"position\":1,\"name\":\"Home\",\"item\":\"https:\/\/metaltale.com\/lv\/majas\/\"},{\"@type\":\"ListItem\",\"position\":2,\"name\":\"Veikals\",\"item\":\"https:\/\/metaltale.com\/lv\/shop\/\"},{\"@type\":\"ListItem\",\"position\":3,\"name\":\"Stacion\u0101rais virtuves mais\u012bt\u0101js COPPER 1, roz\u0101 zelts\"}]},{\"@type\":\"WebSite\",\"@id\":\"https:\/\/metaltale.com\/lv\/#website\",\"url\":\"https:\/\/metaltale.com\/lv\/\",\"name\":\"Metaltale.com\",\"description\":\"\",\"potentialAction\":[{\"@type\":\"SearchAction\",\"target\":{\"@type\":\"EntryPoint\",\"urlTemplate\":\"https:\/\/metaltale.com\/lv\/?s={search_term_string}\"},\"query-input\":{\"@type\":\"PropertyValueSpecification\",\"valueRequired\":true,\"valueName\":\"search_term_string\"}}],\"inLanguage\":\"lv-LV\"}]}<\/script>\n<!-- \/ Yoast SEO plugin. -->","yoast_head_json":{"title":"Stacion\u0101rais virtuves mais\u012bt\u0101js COPPER 1, roz\u0101 zelts - MetalTale.com","robots":{"index":"index","follow":"follow","max-snippet":"max-snippet:-1","max-image-preview":"max-image-preview:large","max-video-preview":"max-video-preview:-1"},"canonical":"https:\/\/metaltale.com\/lv\/produkts\/stacionarais-virtuves-maisitajs-copper-1-roza-zelts\/","og_locale":"lv_LV","og_type":"article","og_title":"Stacion\u0101rais virtuves mais\u012bt\u0101js COPPER 1, roz\u0101 zelts - MetalTale.com","og_description":"Modelis WX.DXT1 Vara kolekcija EAN. 5905369900136 Izsmidzin\u0101t\u0101ja garums (cm ) 18 Materi\u0101ls Misi\u0146\u0161 Uzst\u0101d\u012b\u0161anas atveres diametrs 3,2 Kop\u0113jais augstums (cm","og_url":"https:\/\/metaltale.com\/lv\/produkts\/stacionarais-virtuves-maisitajs-copper-1-roza-zelts\/","og_site_name":"MetalTale.com","og_image":[{"width":800,"height":800,"url":"https:\/\/metaltale.com\/wp-content\/uploads\/2023\/11\/Laisvai-pastatomi-virtuviniai-maix161ytuvai-1.jpg","type":"image\/jpeg"}],"twitter_card":"summary_large_image","twitter_misc":{"Est. reading time":"1 minute"},"schema":{"@context":"https:\/\/schema.org","@graph":[{"@type":"WebPage","@id":"https:\/\/metaltale.com\/lv\/produkts\/stacionarais-virtuves-maisitajs-copper-1-roza-zelts\/","url":"https:\/\/metaltale.com\/lv\/produkts\/stacionarais-virtuves-maisitajs-copper-1-roza-zelts\/","name":"Stacion\u0101rais virtuves mais\u012bt\u0101js COPPER 1, roz\u0101 zelts - MetalTale.com","isPartOf":{"@id":"https:\/\/metaltale.com\/lv\/#website"},"primaryImageOfPage":{"@id":"https:\/\/metaltale.com\/lv\/produkts\/stacionarais-virtuves-maisitajs-copper-1-roza-zelts\/#primaryimage"},"image":{"@id":"https:\/\/metaltale.com\/lv\/produkts\/stacionarais-virtuves-maisitajs-copper-1-roza-zelts\/#primaryimage"},"thumbnailUrl":"https:\/\/metaltale.com\/wp-content\/uploads\/2023\/11\/Laisvai-pastatomi-virtuviniai-maix161ytuvai-1.jpg","datePublished":"2024-02-13T13:27:04+00:00","breadcrumb":{"@id":"https:\/\/metaltale.com\/lv\/produkts\/stacionarais-virtuves-maisitajs-copper-1-roza-zelts\/#breadcrumb"},"inLanguage":"lv-LV","potentialAction":[{"@type":"ReadAction","target":["https:\/\/metaltale.com\/lv\/produkts\/stacionarais-virtuves-maisitajs-copper-1-roza-zelts\/"]}]},{"@type":"ImageObject","inLanguage":"lv-LV","@id":"https:\/\/metaltale.com\/lv\/produkts\/stacionarais-virtuves-maisitajs-copper-1-roza-zelts\/#primaryimage","url":"https:\/\/metaltale.com\/wp-content\/uploads\/2023\/11\/Laisvai-pastatomi-virtuviniai-maix161ytuvai-1.jpg","contentUrl":"https:\/\/metaltale.com\/wp-content\/uploads\/2023\/11\/Laisvai-pastatomi-virtuviniai-maix161ytuvai-1.jpg","width":800,"height":800,"caption":"Stacion\u0101rais virtuves mais\u012bt\u0101js COPPER 1, roz\u0101 zelts"},{"@type":"BreadcrumbList","@id":"https:\/\/metaltale.com\/lv\/produkts\/stacionarais-virtuves-maisitajs-copper-1-roza-zelts\/#breadcrumb","itemListElement":[{"@type":"ListItem","position":1,"name":"Home","item":"https:\/\/metaltale.com\/lv\/majas\/"},{"@type":"ListItem","position":2,"name":"Veikals","item":"https:\/\/metaltale.com\/lv\/shop\/"},{"@type":"ListItem","position":3,"name":"Stacion\u0101rais virtuves mais\u012bt\u0101js COPPER 1, roz\u0101 zelts"}]},{"@type":"WebSite","@id":"https:\/\/metaltale.com\/lv\/#website","url":"https:\/\/metaltale.com\/lv\/","name":"Metaltale.com","description":"","potentialAction":[{"@type":"SearchAction","target":{"@type":"EntryPoint","urlTemplate":"https:\/\/metaltale.com\/lv\/?s={search_term_string}"},"query-input":{"@type":"PropertyValueSpecification","valueRequired":true,"valueName":"search_term_string"}}],"inLanguage":"lv-LV"}]}},"_links":{"self":[{"href":"https:\/\/metaltale.com\/lv\/wp-json\/wp\/v2\/product\/133118","targetHints":{"allow":["GET"]}}],"collection":[{"href":"https:\/\/metaltale.com\/lv\/wp-json\/wp\/v2\/product"}],"about":[{"href":"https:\/\/metaltale.com\/lv\/wp-json\/wp\/v2\/types\/product"}],"replies":[{"embeddable":true,"href":"https:\/\/metaltale.com\/lv\/wp-json\/wp\/v2\/comments?post=133118"}],"version-history":[{"count":0,"href":"https:\/\/metaltale.com\/lv\/wp-json\/wp\/v2\/product\/133118\/revisions"}],"wp:featuredmedia":[{"embeddable":true,"href":"https:\/\/metaltale.com\/lv\/wp-json\/wp\/v2\/media\/97147"}],"wp:attachment":[{"href":"https:\/\/metaltale.com\/lv\/wp-json\/wp\/v2\/media?parent=133118"}],"wp:term":[{"taxonomy":"product_brand","embeddable":true,"href":"https:\/\/metaltale.com\/lv\/wp-json\/wp\/v2\/product_brand?post=133118"},{"taxonomy":"product_cat","embeddable":true,"href":"https:\/\/metaltale.com\/lv\/wp-json\/wp\/v2\/product_cat?post=133118"},{"taxonomy":"product_tag","embeddable":true,"href":"https:\/\/metaltale.com\/lv\/wp-json\/wp\/v2\/product_tag?post=133118"}],"curies":[{"name":"wp","href":"https:\/\/api.w.org\/{rel}","templated":true}]}}