{"id":133113,"date":"2024-02-13T15:27:04","date_gmt":"2024-02-13T13:27:04","guid":{"rendered":"https:\/\/metaltale.com\/produktas\/izlietnes-krans-oksford-melns\/"},"modified":"2024-02-13T15:27:04","modified_gmt":"2024-02-13T13:27:04","slug":"izlietnes-krans-oksford-melns","status":"publish","type":"product","link":"https:\/\/metaltale.com\/lv\/produkts\/izlietnes-krans-oksford-melns\/","title":{"rendered":"Izlietnes kr\u0101ns OKSFORD, melns"},"content":{"rendered":"<div class=\"prod_data\">\n<p><strong>Modelis<\/strong> WX.B513.HIG.BLA<br \/>\nVienk\u0101r\u0161i retro <strong>kolekcija<\/strong><br \/>\n<strong>EAN.<\/strong>  5905369900884<br \/>\n<strong>Mais\u012bt\u0101ja tips<\/strong> Br\u012bvi st\u0101vo\u0161s<br \/>\n<strong>Izsmidzin\u0101t\u0101ja garums (cm<\/strong> ) 17<br \/>\n<strong>Materi\u0101ls<\/strong> Misi\u0146\u0161<br \/>\n<strong>Uzst\u0101d\u012b\u0161anas atveres diametrs<\/strong> 3,2<br \/>\n<strong>Augstums (cm<\/strong> ) 34<br \/>\n<strong>Augstums ar paceltu rokturi<\/strong> 36<br \/>\n<strong>Perlators (aerators<\/strong> ) J\u0101<br \/>\n<strong>Rot\u0113jo\u0161s izsmidzin\u0101t\u0101js<\/strong> J\u0101<br \/>\nKr\u0101sa Melna<br \/>\n<strong>Apdare<\/strong> M\u012bksta, sat\u012bna efekts<br \/>\n<strong>Papildus inform\u0101cija<\/strong> \u0160\u013c\u016btene M8x3\/8&#8243; kr\u0101na garumam 50cm<\/p>\n<div class=\"std\">\n<p>&#8211; misi\u0146a past\u0101v\u012bgais mais\u012bt\u0101js<br \/>\n&#8211; keramikas galva &#8211; elements, kas nodro\u0161ina pareizu \u016bdens sadali.<br \/>\n&#8211; Aerators &#8211; \u016bdens pat\u0113ri\u0146a samazin\u0101\u0161anai<br \/>\n&#8211; Komplekt\u0101 ir iek\u013cauti visi uzst\u0101d\u012b\u0161anai nepiecie\u0161amie elementi (\u0161\u013c\u016btenes, galda skr\u016bve, skr\u016bvju bl\u012bves).<\/p>\n<hr>\n<p>Melnais kr\u0101ns Scratch ir lielisks papildin\u0101jums retro stila vannas istab\u0101m un virtuv\u0113m. Sat\u012bna apdare, unik\u0101las formas izlietne un smalki skr\u0101p\u0113jumi pie\u0161\u0137ir interjeram senatn\u012bgu eleganci un klasi. Modelim ir rakstur\u012bga augsta kvalit\u0101te, ko apliecina gan funkcion\u0101lie risin\u0101jumi (gar\u0161 izsmidzin\u0101t\u0101js, \u016bdens kontroles punkts), gan tehniskie risin\u0101jumi (misi\u0146a izgatavo\u0161ana, keramikas galva, aerators). Vint\u0101\u017eas stila stil\u012bg\u0101 vienk\u0101r\u0161\u012bba ir ide\u0101li piem\u0113rota ar\u012b modern\u0101m vannas istab\u0101m.<\/p>\n<hr>\n<\/div>\n<\/div>\n","protected":false},"excerpt":{"rendered":"<p>Modelis WX.B513.HIG.BLA Vienk\u0101r\u0161i retro kolekcija EAN. 5905369900884 Mais\u012bt\u0101ja tips Br\u012bvi st\u0101vo\u0161s Izsmidzin\u0101t\u0101ja garums (cm ) 17 Materi\u0101ls Misi\u0146\u0161 Uzst\u0101d\u012b\u0161anas atveres<\/p>\n","protected":false},"featured_media":97099,"comment_status":"open","ping_status":"closed","template":"","meta":{"_acf_changed":false,"pmpro_default_level":""},"product_brand":[],"product_cat":[24094,24073],"product_tag":[],"class_list":{"0":"post-133113","1":"product","2":"type-product","3":"status-publish","4":"has-post-thumbnail","6":"product_cat-izlietnes-maisitaji","7":"product_cat-vannas-istabas-krani","8":"pmpro-has-access","10":"first","11":"instock","12":"shipping-taxable","13":"purchasable","14":"product-type-simple"},"acf":[],"yoast_head":"<!-- This site is optimized with the Yoast SEO plugin v24.9 - https:\/\/yoast.com\/wordpress\/plugins\/seo\/ -->\n<title>Izlietnes kr\u0101ns OKSFORD, melns - MetalTale.com<\/title>\n<meta name=\"robots\" content=\"index, follow, max-snippet:-1, max-image-preview:large, max-video-preview:-1\" \/>\n<link rel=\"canonical\" href=\"https:\/\/metaltale.com\/lv\/produkts\/izlietnes-krans-oksford-melns\/\" \/>\n<meta property=\"og:locale\" content=\"lv_LV\" \/>\n<meta property=\"og:type\" content=\"article\" \/>\n<meta property=\"og:title\" content=\"Izlietnes kr\u0101ns OKSFORD, melns - MetalTale.com\" \/>\n<meta property=\"og:description\" content=\"Modelis WX.B513.HIG.BLA Vienk\u0101r\u0161i retro kolekcija EAN. 5905369900884 Mais\u012bt\u0101ja tips Br\u012bvi st\u0101vo\u0161s Izsmidzin\u0101t\u0101ja garums (cm ) 17 Materi\u0101ls Misi\u0146\u0161 Uzst\u0101d\u012b\u0161anas atveres\" \/>\n<meta property=\"og:url\" content=\"https:\/\/metaltale.com\/lv\/produkts\/izlietnes-krans-oksford-melns\/\" \/>\n<meta property=\"og:site_name\" content=\"MetalTale.com\" \/>\n<meta name=\"twitter:card\" content=\"summary_large_image\" \/>\n<meta name=\"twitter:label1\" content=\"Est. reading time\" \/>\n\t<meta name=\"twitter:data1\" content=\"1 minute\" \/>\n<script type=\"application\/ld+json\" class=\"yoast-schema-graph\">{\"@context\":\"https:\/\/schema.org\",\"@graph\":[{\"@type\":\"WebPage\",\"@id\":\"https:\/\/metaltale.com\/lv\/produkts\/izlietnes-krans-oksford-melns\/\",\"url\":\"https:\/\/metaltale.com\/lv\/produkts\/izlietnes-krans-oksford-melns\/\",\"name\":\"Izlietnes kr\u0101ns OKSFORD, melns - MetalTale.com\",\"isPartOf\":{\"@id\":\"https:\/\/metaltale.com\/lv\/#website\"},\"primaryImageOfPage\":{\"@id\":\"https:\/\/metaltale.com\/lv\/produkts\/izlietnes-krans-oksford-melns\/#primaryimage\"},\"image\":{\"@id\":\"https:\/\/metaltale.com\/lv\/produkts\/izlietnes-krans-oksford-melns\/#primaryimage\"},\"thumbnailUrl\":\"https:\/\/metaltale.com\/wp-content\/uploads\/2023\/11\/Praustuvo-maix161ytuvai.jpg\",\"datePublished\":\"2024-02-13T13:27:04+00:00\",\"breadcrumb\":{\"@id\":\"https:\/\/metaltale.com\/lv\/produkts\/izlietnes-krans-oksford-melns\/#breadcrumb\"},\"inLanguage\":\"lv-LV\",\"potentialAction\":[{\"@type\":\"ReadAction\",\"target\":[\"https:\/\/metaltale.com\/lv\/produkts\/izlietnes-krans-oksford-melns\/\"]}]},{\"@type\":\"ImageObject\",\"inLanguage\":\"lv-LV\",\"@id\":\"https:\/\/metaltale.com\/lv\/produkts\/izlietnes-krans-oksford-melns\/#primaryimage\",\"url\":\"https:\/\/metaltale.com\/wp-content\/uploads\/2023\/11\/Praustuvo-maix161ytuvai.jpg\",\"contentUrl\":\"https:\/\/metaltale.com\/wp-content\/uploads\/2023\/11\/Praustuvo-maix161ytuvai.jpg\",\"width\":800,\"height\":800,\"caption\":\"Izlietnes kr\u0101ns OKSFORD, melns\"},{\"@type\":\"BreadcrumbList\",\"@id\":\"https:\/\/metaltale.com\/lv\/produkts\/izlietnes-krans-oksford-melns\/#breadcrumb\",\"itemListElement\":[{\"@type\":\"ListItem\",\"position\":1,\"name\":\"Home\",\"item\":\"https:\/\/metaltale.com\/lv\/majas\/\"},{\"@type\":\"ListItem\",\"position\":2,\"name\":\"Veikals\",\"item\":\"https:\/\/metaltale.com\/lv\/shop\/\"},{\"@type\":\"ListItem\",\"position\":3,\"name\":\"Izlietnes kr\u0101ns OKSFORD, melns\"}]},{\"@type\":\"WebSite\",\"@id\":\"https:\/\/metaltale.com\/lv\/#website\",\"url\":\"https:\/\/metaltale.com\/lv\/\",\"name\":\"Metaltale.com\",\"description\":\"\",\"potentialAction\":[{\"@type\":\"SearchAction\",\"target\":{\"@type\":\"EntryPoint\",\"urlTemplate\":\"https:\/\/metaltale.com\/lv\/?s={search_term_string}\"},\"query-input\":{\"@type\":\"PropertyValueSpecification\",\"valueRequired\":true,\"valueName\":\"search_term_string\"}}],\"inLanguage\":\"lv-LV\"}]}<\/script>\n<!-- \/ Yoast SEO plugin. -->","yoast_head_json":{"title":"Izlietnes kr\u0101ns OKSFORD, melns - MetalTale.com","robots":{"index":"index","follow":"follow","max-snippet":"max-snippet:-1","max-image-preview":"max-image-preview:large","max-video-preview":"max-video-preview:-1"},"canonical":"https:\/\/metaltale.com\/lv\/produkts\/izlietnes-krans-oksford-melns\/","og_locale":"lv_LV","og_type":"article","og_title":"Izlietnes kr\u0101ns OKSFORD, melns - MetalTale.com","og_description":"Modelis WX.B513.HIG.BLA Vienk\u0101r\u0161i retro kolekcija EAN. 5905369900884 Mais\u012bt\u0101ja tips Br\u012bvi st\u0101vo\u0161s Izsmidzin\u0101t\u0101ja garums (cm ) 17 Materi\u0101ls Misi\u0146\u0161 Uzst\u0101d\u012b\u0161anas atveres","og_url":"https:\/\/metaltale.com\/lv\/produkts\/izlietnes-krans-oksford-melns\/","og_site_name":"MetalTale.com","twitter_card":"summary_large_image","twitter_misc":{"Est. reading time":"1 minute"},"schema":{"@context":"https:\/\/schema.org","@graph":[{"@type":"WebPage","@id":"https:\/\/metaltale.com\/lv\/produkts\/izlietnes-krans-oksford-melns\/","url":"https:\/\/metaltale.com\/lv\/produkts\/izlietnes-krans-oksford-melns\/","name":"Izlietnes kr\u0101ns OKSFORD, melns - MetalTale.com","isPartOf":{"@id":"https:\/\/metaltale.com\/lv\/#website"},"primaryImageOfPage":{"@id":"https:\/\/metaltale.com\/lv\/produkts\/izlietnes-krans-oksford-melns\/#primaryimage"},"image":{"@id":"https:\/\/metaltale.com\/lv\/produkts\/izlietnes-krans-oksford-melns\/#primaryimage"},"thumbnailUrl":"https:\/\/metaltale.com\/wp-content\/uploads\/2023\/11\/Praustuvo-maix161ytuvai.jpg","datePublished":"2024-02-13T13:27:04+00:00","breadcrumb":{"@id":"https:\/\/metaltale.com\/lv\/produkts\/izlietnes-krans-oksford-melns\/#breadcrumb"},"inLanguage":"lv-LV","potentialAction":[{"@type":"ReadAction","target":["https:\/\/metaltale.com\/lv\/produkts\/izlietnes-krans-oksford-melns\/"]}]},{"@type":"ImageObject","inLanguage":"lv-LV","@id":"https:\/\/metaltale.com\/lv\/produkts\/izlietnes-krans-oksford-melns\/#primaryimage","url":"https:\/\/metaltale.com\/wp-content\/uploads\/2023\/11\/Praustuvo-maix161ytuvai.jpg","contentUrl":"https:\/\/metaltale.com\/wp-content\/uploads\/2023\/11\/Praustuvo-maix161ytuvai.jpg","width":800,"height":800,"caption":"Izlietnes kr\u0101ns OKSFORD, melns"},{"@type":"BreadcrumbList","@id":"https:\/\/metaltale.com\/lv\/produkts\/izlietnes-krans-oksford-melns\/#breadcrumb","itemListElement":[{"@type":"ListItem","position":1,"name":"Home","item":"https:\/\/metaltale.com\/lv\/majas\/"},{"@type":"ListItem","position":2,"name":"Veikals","item":"https:\/\/metaltale.com\/lv\/shop\/"},{"@type":"ListItem","position":3,"name":"Izlietnes kr\u0101ns OKSFORD, melns"}]},{"@type":"WebSite","@id":"https:\/\/metaltale.com\/lv\/#website","url":"https:\/\/metaltale.com\/lv\/","name":"Metaltale.com","description":"","potentialAction":[{"@type":"SearchAction","target":{"@type":"EntryPoint","urlTemplate":"https:\/\/metaltale.com\/lv\/?s={search_term_string}"},"query-input":{"@type":"PropertyValueSpecification","valueRequired":true,"valueName":"search_term_string"}}],"inLanguage":"lv-LV"}]}},"_links":{"self":[{"href":"https:\/\/metaltale.com\/lv\/wp-json\/wp\/v2\/product\/133113","targetHints":{"allow":["GET"]}}],"collection":[{"href":"https:\/\/metaltale.com\/lv\/wp-json\/wp\/v2\/product"}],"about":[{"href":"https:\/\/metaltale.com\/lv\/wp-json\/wp\/v2\/types\/product"}],"replies":[{"embeddable":true,"href":"https:\/\/metaltale.com\/lv\/wp-json\/wp\/v2\/comments?post=133113"}],"version-history":[{"count":0,"href":"https:\/\/metaltale.com\/lv\/wp-json\/wp\/v2\/product\/133113\/revisions"}],"wp:featuredmedia":[{"embeddable":true,"href":"https:\/\/metaltale.com\/lv\/wp-json\/wp\/v2\/media\/97099"}],"wp:attachment":[{"href":"https:\/\/metaltale.com\/lv\/wp-json\/wp\/v2\/media?parent=133113"}],"wp:term":[{"taxonomy":"product_brand","embeddable":true,"href":"https:\/\/metaltale.com\/lv\/wp-json\/wp\/v2\/product_brand?post=133113"},{"taxonomy":"product_cat","embeddable":true,"href":"https:\/\/metaltale.com\/lv\/wp-json\/wp\/v2\/product_cat?post=133113"},{"taxonomy":"product_tag","embeddable":true,"href":"https:\/\/metaltale.com\/lv\/wp-json\/wp\/v2\/product_tag?post=133113"}],"curies":[{"name":"wp","href":"https:\/\/api.w.org\/{rel}","templated":true}]}}