{"id":133110,"date":"2024-02-13T15:27:04","date_gmt":"2024-02-13T13:27:04","guid":{"rendered":"https:\/\/metaltale.com\/produktas\/drebju-akis-underground-110-mm-divos-gabalos\/"},"modified":"2024-02-13T15:27:04","modified_gmt":"2024-02-13T13:27:04","slug":"drebju-akis-underground-110-mm-divos-gabalos","status":"publish","type":"product","link":"https:\/\/metaltale.com\/lv\/produkts\/drebju-akis-underground-110-mm-divos-gabalos\/","title":{"rendered":"Dr\u0113bju \u0101\u0137is UNDERGROUND 110 mm divos gabalos"},"content":{"rendered":"<div class=\"prod_data\">\n<p><strong>Modelis<\/strong> 70.336U.AI.110<br \/>\n<strong>EAN.<\/strong>  5905369902697<br \/>\nMateri\u0101ls Ketus<br \/>\nKop\u0113jais augstums (cm ) 11<br \/>\n<strong>Kop\u0113j\u0101 projekcija (cm<\/strong> ) 6,5<br \/>\n<strong>Pamatnes izm\u0113ri (cm)<\/strong> 5 x 2,3<br \/>\n<strong>Sugas<\/strong> Dubult\u0101<br \/>\nT\u0113rauda <strong>kr\u0101sa<\/strong> <\/p>\n<p>Ori\u0123in\u0101li un iztur\u012bgi m\u0113be\u013cu aksesu\u0101ri ir \u0161\u0137ietami nelieli elementi, kas m\u016bsu interjeram pie\u0161\u0137ir daudz siltuma. \u0100\u0137is ir izgatavots no <strong>augst\u0101k\u0101s kvalit\u0101tes \u010duguna<\/strong>, uz kura ir papildus iegrav\u0113ta pl\u0101ksn\u012bte, lai uzsv\u0113rtu visa elementa lauku izcelsmi.<\/p>\n<p><strong>\u0160is \u0101\u0137is<\/strong> ir veidots klasisk\u0101 dubult\u0101 pakaram\u0101 form\u0101, un tas ir ide\u0101li piem\u0113rots interjeriem, kuros \u012bpa\u0161a uzman\u012bba tiek piev\u0113rsta netradicion\u0101lam dizainam.<\/p>\n<p>Ja j\u016bs pas\u016bt\u012bsiet vismaz 500 gabalus, m\u0113s varam uz t\u0101 izgatavot jebkuru uzrakstu\/logotipu.<\/p>\n<p>Tam ir divi stiprin\u0101juma caurumi, skr\u016bves ir iek\u013cautas komplekt\u0101.<\/p>\n<\/div>\n","protected":false},"excerpt":{"rendered":"<p>Modelis 70.336U.AI.110 EAN. 5905369902697 Materi\u0101ls Ketus Kop\u0113jais augstums (cm ) 11 Kop\u0113j\u0101 projekcija (cm ) 6,5 Pamatnes izm\u0113ri (cm) 5<\/p>\n","protected":false},"featured_media":96850,"comment_status":"open","ping_status":"closed","template":"","meta":{"_acf_changed":false,"pmpro_default_level":""},"product_brand":[],"product_cat":[23837,23862],"product_tag":[],"class_list":{"0":"post-133110","1":"product","2":"type-product","3":"status-publish","4":"has-post-thumbnail","6":"product_cat-mebeles-piederumi","7":"product_cat-pakabos-ir-kabliukai-lv","8":"pmpro-has-access","10":"first","11":"instock","12":"shipping-taxable","13":"purchasable","14":"product-type-simple"},"acf":[],"yoast_head":"<!-- This site is optimized with the Yoast SEO plugin v24.9 - https:\/\/yoast.com\/wordpress\/plugins\/seo\/ -->\n<title>Dr\u0113bju \u0101\u0137is UNDERGROUND 110 mm divos gabalos - MetalTale.com<\/title>\n<meta name=\"robots\" content=\"index, follow, max-snippet:-1, max-image-preview:large, max-video-preview:-1\" \/>\n<link rel=\"canonical\" href=\"https:\/\/metaltale.com\/lv\/produkts\/drebju-akis-underground-110-mm-divos-gabalos\/\" \/>\n<meta property=\"og:locale\" content=\"lv_LV\" \/>\n<meta property=\"og:type\" content=\"article\" \/>\n<meta property=\"og:title\" content=\"Dr\u0113bju \u0101\u0137is UNDERGROUND 110 mm divos gabalos - MetalTale.com\" \/>\n<meta property=\"og:description\" content=\"Modelis 70.336U.AI.110 EAN. 5905369902697 Materi\u0101ls Ketus Kop\u0113jais augstums (cm ) 11 Kop\u0113j\u0101 projekcija (cm ) 6,5 Pamatnes izm\u0113ri (cm) 5\" \/>\n<meta property=\"og:url\" content=\"https:\/\/metaltale.com\/lv\/produkts\/drebju-akis-underground-110-mm-divos-gabalos\/\" \/>\n<meta property=\"og:site_name\" content=\"MetalTale.com\" \/>\n<meta name=\"twitter:card\" content=\"summary_large_image\" \/>\n<meta name=\"twitter:label1\" content=\"Est. reading time\" \/>\n\t<meta name=\"twitter:data1\" content=\"1 minute\" \/>\n<script type=\"application\/ld+json\" class=\"yoast-schema-graph\">{\"@context\":\"https:\/\/schema.org\",\"@graph\":[{\"@type\":\"WebPage\",\"@id\":\"https:\/\/metaltale.com\/lv\/produkts\/drebju-akis-underground-110-mm-divos-gabalos\/\",\"url\":\"https:\/\/metaltale.com\/lv\/produkts\/drebju-akis-underground-110-mm-divos-gabalos\/\",\"name\":\"Dr\u0113bju \u0101\u0137is UNDERGROUND 110 mm divos gabalos - MetalTale.com\",\"isPartOf\":{\"@id\":\"https:\/\/metaltale.com\/lv\/#website\"},\"primaryImageOfPage\":{\"@id\":\"https:\/\/metaltale.com\/lv\/produkts\/drebju-akis-underground-110-mm-divos-gabalos\/#primaryimage\"},\"image\":{\"@id\":\"https:\/\/metaltale.com\/lv\/produkts\/drebju-akis-underground-110-mm-divos-gabalos\/#primaryimage\"},\"thumbnailUrl\":\"https:\/\/metaltale.com\/wp-content\/uploads\/2023\/10\/Vandens-x10Diaupai-ir-vox17Etuvai.jpg\",\"datePublished\":\"2024-02-13T13:27:04+00:00\",\"breadcrumb\":{\"@id\":\"https:\/\/metaltale.com\/lv\/produkts\/drebju-akis-underground-110-mm-divos-gabalos\/#breadcrumb\"},\"inLanguage\":\"lv-LV\",\"potentialAction\":[{\"@type\":\"ReadAction\",\"target\":[\"https:\/\/metaltale.com\/lv\/produkts\/drebju-akis-underground-110-mm-divos-gabalos\/\"]}]},{\"@type\":\"ImageObject\",\"inLanguage\":\"lv-LV\",\"@id\":\"https:\/\/metaltale.com\/lv\/produkts\/drebju-akis-underground-110-mm-divos-gabalos\/#primaryimage\",\"url\":\"https:\/\/metaltale.com\/wp-content\/uploads\/2023\/10\/Vandens-x10Diaupai-ir-vox17Etuvai.jpg\",\"contentUrl\":\"https:\/\/metaltale.com\/wp-content\/uploads\/2023\/10\/Vandens-x10Diaupai-ir-vox17Etuvai.jpg\",\"width\":800,\"height\":800,\"caption\":\"Dr\u0113bju \u0101\u0137is UNDERGROUND 110 mm divos gabalos\"},{\"@type\":\"BreadcrumbList\",\"@id\":\"https:\/\/metaltale.com\/lv\/produkts\/drebju-akis-underground-110-mm-divos-gabalos\/#breadcrumb\",\"itemListElement\":[{\"@type\":\"ListItem\",\"position\":1,\"name\":\"Home\",\"item\":\"https:\/\/metaltale.com\/lv\/majas\/\"},{\"@type\":\"ListItem\",\"position\":2,\"name\":\"Veikals\",\"item\":\"https:\/\/metaltale.com\/lv\/shop\/\"},{\"@type\":\"ListItem\",\"position\":3,\"name\":\"Dr\u0113bju \u0101\u0137is UNDERGROUND 110 mm divos gabalos\"}]},{\"@type\":\"WebSite\",\"@id\":\"https:\/\/metaltale.com\/lv\/#website\",\"url\":\"https:\/\/metaltale.com\/lv\/\",\"name\":\"Metaltale.com\",\"description\":\"\",\"potentialAction\":[{\"@type\":\"SearchAction\",\"target\":{\"@type\":\"EntryPoint\",\"urlTemplate\":\"https:\/\/metaltale.com\/lv\/?s={search_term_string}\"},\"query-input\":{\"@type\":\"PropertyValueSpecification\",\"valueRequired\":true,\"valueName\":\"search_term_string\"}}],\"inLanguage\":\"lv-LV\"}]}<\/script>\n<!-- \/ Yoast SEO plugin. -->","yoast_head_json":{"title":"Dr\u0113bju \u0101\u0137is UNDERGROUND 110 mm divos gabalos - MetalTale.com","robots":{"index":"index","follow":"follow","max-snippet":"max-snippet:-1","max-image-preview":"max-image-preview:large","max-video-preview":"max-video-preview:-1"},"canonical":"https:\/\/metaltale.com\/lv\/produkts\/drebju-akis-underground-110-mm-divos-gabalos\/","og_locale":"lv_LV","og_type":"article","og_title":"Dr\u0113bju \u0101\u0137is UNDERGROUND 110 mm divos gabalos - MetalTale.com","og_description":"Modelis 70.336U.AI.110 EAN. 5905369902697 Materi\u0101ls Ketus Kop\u0113jais augstums (cm ) 11 Kop\u0113j\u0101 projekcija (cm ) 6,5 Pamatnes izm\u0113ri (cm) 5","og_url":"https:\/\/metaltale.com\/lv\/produkts\/drebju-akis-underground-110-mm-divos-gabalos\/","og_site_name":"MetalTale.com","twitter_card":"summary_large_image","twitter_misc":{"Est. reading time":"1 minute"},"schema":{"@context":"https:\/\/schema.org","@graph":[{"@type":"WebPage","@id":"https:\/\/metaltale.com\/lv\/produkts\/drebju-akis-underground-110-mm-divos-gabalos\/","url":"https:\/\/metaltale.com\/lv\/produkts\/drebju-akis-underground-110-mm-divos-gabalos\/","name":"Dr\u0113bju \u0101\u0137is UNDERGROUND 110 mm divos gabalos - MetalTale.com","isPartOf":{"@id":"https:\/\/metaltale.com\/lv\/#website"},"primaryImageOfPage":{"@id":"https:\/\/metaltale.com\/lv\/produkts\/drebju-akis-underground-110-mm-divos-gabalos\/#primaryimage"},"image":{"@id":"https:\/\/metaltale.com\/lv\/produkts\/drebju-akis-underground-110-mm-divos-gabalos\/#primaryimage"},"thumbnailUrl":"https:\/\/metaltale.com\/wp-content\/uploads\/2023\/10\/Vandens-x10Diaupai-ir-vox17Etuvai.jpg","datePublished":"2024-02-13T13:27:04+00:00","breadcrumb":{"@id":"https:\/\/metaltale.com\/lv\/produkts\/drebju-akis-underground-110-mm-divos-gabalos\/#breadcrumb"},"inLanguage":"lv-LV","potentialAction":[{"@type":"ReadAction","target":["https:\/\/metaltale.com\/lv\/produkts\/drebju-akis-underground-110-mm-divos-gabalos\/"]}]},{"@type":"ImageObject","inLanguage":"lv-LV","@id":"https:\/\/metaltale.com\/lv\/produkts\/drebju-akis-underground-110-mm-divos-gabalos\/#primaryimage","url":"https:\/\/metaltale.com\/wp-content\/uploads\/2023\/10\/Vandens-x10Diaupai-ir-vox17Etuvai.jpg","contentUrl":"https:\/\/metaltale.com\/wp-content\/uploads\/2023\/10\/Vandens-x10Diaupai-ir-vox17Etuvai.jpg","width":800,"height":800,"caption":"Dr\u0113bju \u0101\u0137is UNDERGROUND 110 mm divos gabalos"},{"@type":"BreadcrumbList","@id":"https:\/\/metaltale.com\/lv\/produkts\/drebju-akis-underground-110-mm-divos-gabalos\/#breadcrumb","itemListElement":[{"@type":"ListItem","position":1,"name":"Home","item":"https:\/\/metaltale.com\/lv\/majas\/"},{"@type":"ListItem","position":2,"name":"Veikals","item":"https:\/\/metaltale.com\/lv\/shop\/"},{"@type":"ListItem","position":3,"name":"Dr\u0113bju \u0101\u0137is UNDERGROUND 110 mm divos gabalos"}]},{"@type":"WebSite","@id":"https:\/\/metaltale.com\/lv\/#website","url":"https:\/\/metaltale.com\/lv\/","name":"Metaltale.com","description":"","potentialAction":[{"@type":"SearchAction","target":{"@type":"EntryPoint","urlTemplate":"https:\/\/metaltale.com\/lv\/?s={search_term_string}"},"query-input":{"@type":"PropertyValueSpecification","valueRequired":true,"valueName":"search_term_string"}}],"inLanguage":"lv-LV"}]}},"_links":{"self":[{"href":"https:\/\/metaltale.com\/lv\/wp-json\/wp\/v2\/product\/133110","targetHints":{"allow":["GET"]}}],"collection":[{"href":"https:\/\/metaltale.com\/lv\/wp-json\/wp\/v2\/product"}],"about":[{"href":"https:\/\/metaltale.com\/lv\/wp-json\/wp\/v2\/types\/product"}],"replies":[{"embeddable":true,"href":"https:\/\/metaltale.com\/lv\/wp-json\/wp\/v2\/comments?post=133110"}],"version-history":[{"count":0,"href":"https:\/\/metaltale.com\/lv\/wp-json\/wp\/v2\/product\/133110\/revisions"}],"wp:featuredmedia":[{"embeddable":true,"href":"https:\/\/metaltale.com\/lv\/wp-json\/wp\/v2\/media\/96850"}],"wp:attachment":[{"href":"https:\/\/metaltale.com\/lv\/wp-json\/wp\/v2\/media?parent=133110"}],"wp:term":[{"taxonomy":"product_brand","embeddable":true,"href":"https:\/\/metaltale.com\/lv\/wp-json\/wp\/v2\/product_brand?post=133110"},{"taxonomy":"product_cat","embeddable":true,"href":"https:\/\/metaltale.com\/lv\/wp-json\/wp\/v2\/product_cat?post=133110"},{"taxonomy":"product_tag","embeddable":true,"href":"https:\/\/metaltale.com\/lv\/wp-json\/wp\/v2\/product_tag?post=133110"}],"curies":[{"name":"wp","href":"https:\/\/api.w.org\/{rel}","templated":true}]}}