{"id":133107,"date":"2024-02-13T15:27:04","date_gmt":"2024-02-13T13:27:04","guid":{"rendered":"https:\/\/metaltale.com\/produktas\/vienviru-salokamo-durvju-sienu-vadotne-harmonica-1m\/"},"modified":"2024-02-13T15:27:04","modified_gmt":"2024-02-13T13:27:04","slug":"vienviru-salokamo-durvju-sienu-vadotne-harmonica-1m","status":"publish","type":"product","link":"https:\/\/metaltale.com\/lv\/produkts\/vienviru-salokamo-durvju-sienu-vadotne-harmonica-1m\/","title":{"rendered":"Vienviru salok\u0101mo durvju sienu vadotne HARMONICA 1M"},"content":{"rendered":"<div class=\"prod_data\">\n<p><strong>Modelis<\/strong> SE.SPK-306BF-SD<br \/>\n<strong>EAN.<\/strong>  5905369931727<br \/>\n<strong>Materi\u0101ls<\/strong> T\u0113rauds<br \/>\n<strong> [cm]Kop\u0113jais garums<\/strong> 100<strong> <\/strong><br \/>\nSienas <strong>mont\u0101\u017ea<\/strong><br \/>\nKr\u0101sa Melna<br \/>\n<strong>PAPILDU INFORM\u0100CIJA<\/strong> Salok\u0101mo durvju sist\u0113ma nevar pagarin\u0101t brauktuvi.<\/p>\n<p><strong>Komplekt\u0101 ietilpst:<\/strong><\/p>\n<p>100 cm met\u0101la sliedes (2&#215;50 cm)<\/p>\n<p>Dekorat\u012bvie gult\u0146u rull\u012b\u0161i (2 gab.)<\/p>\n<p>Distances uzmavas (3 gab.)<\/p>\n<p>Durvju dro\u0161\u012bbas sl\u0113dzene (1 gab.)<\/p>\n<p>Gr\u012bdas vadotne (1 gab.)<\/p>\n<p>E\u0146\u0123es (3 gab.)<\/p>\n<p>Stiprin\u0101juma komplekts: skr\u016bves, bultskr\u016bves un papl\u0101ksnes<\/p>\n<p><strong>Produkta \u012bpa\u0161\u012bbas<\/strong><\/p>\n<p>Pied\u0101v\u0101jum\u0101 ir b\u012bd\u0101m\u0101 sist\u0113ma vienviru salok\u0101maj\u0101m durv\u012bm, sienas mont\u0101\u017eas sist\u0113ma.<\/p>\n<p>modelis ir paredz\u0113ts b\u012bd\u0101m\u0101m koka salok\u0101maj\u0101m durv\u012bm ar durvju v\u0113rtnes platumu 45 cm un maksim\u0101lo vad\u0101mo slodzi 100 kg.<\/p>\n<p>Gult\u0146u ritenis \u0113rtai un klusai kust\u012bbai<\/p>\n<p>Ietver apak\u0161\u0113jo sliedi, kas piem\u0113rota uzst\u0101d\u012b\u0161anai salok\u0101mo durvju sist\u0113m\u0101s.<\/p>\n<p>Pieci mont\u0101\u017eas punkti nodro\u0161ina stabilit\u0101ti, dro\u0161\u012bbu un iztur\u012bbu<\/p>\n<p>Komplekt\u0101 ietilpst skr\u016bves stiprin\u0101\u0161anai pie koka un m\u016bra konstrukcij\u0101m.<\/p>\n<p>sist\u0113ma ir viegli un intuit\u012bvi uzst\u0101d\u0101ma.<\/p>\n<p>R\u016bp\u012bgas nos\u016bt\u012b\u0161anas p\u0101rbaudes un augst\u0101k\u0101s kvalit\u0101tes iepakojums &#8211; apmierin\u0101t\u012bbas garantija<\/p>\n<hr>\n<p>HARMONICA b\u012bd\u0101maj\u0101m durv\u012bm ir rakstur\u012bgas vienk\u0101r\u0161as l\u012bnijas, kas smalki izce\u013c durvju skaistumu. Ja mekl\u0113jat netradicion\u0101lu risin\u0101jumu, kas pie\u0161\u0137ir telpai ori\u0123in\u0101lu raksturu, b\u012bd\u0101m\u0101s durvis ir \u012bstais risin\u0101jums. B\u012bd\u0101mo durvju sist\u0113mas izmanto\u0161ana sakopt\u0101 interjer\u0101 iepriecin\u0101s visus m\u016bsu viesus. Melnas b\u012bd\u0101m\u0101s durvis j\u0101izv\u0113las gan moderniem, b\u0113ni\u0146iem l\u012bdz\u012bgiem interjeriem, gan dekorat\u012bv\u0101kiem interjeriem. Elegance un izsmalcin\u0101t\u012bba ir \u0161\u012b mode\u013ca b\u016btiskas priek\u0161roc\u012bbas. Turkl\u0101t izmantotie gult\u0146u rull\u012b\u0161i nodro\u0161ina vienm\u0113r\u012bgu un klusu sl\u012bd\u0113\u0161anu un visaugst\u0101ko ra\u017eo\u0161anas kvalit\u0101ti, lai nodro\u0161in\u0101tu maksim\u0101lu lietot\u0101ja komfortu. B\u012bd\u0101mo durvju priek\u0161roc\u012bba ir t\u0101, ka t\u0101s \u013cauj ietaup\u012bt vietu un lab\u0101k izmantot telpu ap durvju atv\u0113rumu, kas ir sare\u017e\u0123\u012bti tradicion\u0101lo durvju gad\u012bjum\u0101.<\/p>\n<\/div>\n","protected":false},"excerpt":{"rendered":"<p>Modelis SE.SPK-306BF-SD EAN. 5905369931727 Materi\u0101ls T\u0113rauds [cm]Kop\u0113jais garums 100 Sienas mont\u0101\u017ea Kr\u0101sa Melna PAPILDU INFORM\u0100CIJA Salok\u0101mo durvju sist\u0113ma nevar pagarin\u0101t<\/p>\n","protected":false},"featured_media":96889,"comment_status":"open","ping_status":"closed","template":"","meta":{"_acf_changed":false,"pmpro_default_level":""},"product_brand":[],"product_cat":[24059,24089],"product_tag":[],"class_list":{"0":"post-133107","1":"product","2":"type-product","3":"status-publish","4":"has-post-thumbnail","6":"product_cat-bidamo-durvju-sistemas","7":"product_cat-bidamo-durvju-vadotnes","8":"pmpro-has-access","10":"first","11":"instock","12":"shipping-taxable","13":"purchasable","14":"product-type-simple"},"acf":[],"yoast_head":"<!-- This site is optimized with the Yoast SEO plugin v24.9 - https:\/\/yoast.com\/wordpress\/plugins\/seo\/ -->\n<title>Vienviru salok\u0101mo durvju sienu vadotne HARMONICA 1M - MetalTale.com<\/title>\n<meta name=\"robots\" content=\"index, follow, max-snippet:-1, max-image-preview:large, max-video-preview:-1\" \/>\n<link rel=\"canonical\" href=\"https:\/\/metaltale.com\/lv\/produkts\/vienviru-salokamo-durvju-sienu-vadotne-harmonica-1m\/\" \/>\n<meta property=\"og:locale\" content=\"lv_LV\" \/>\n<meta property=\"og:type\" content=\"article\" \/>\n<meta property=\"og:title\" content=\"Vienviru salok\u0101mo durvju sienu vadotne HARMONICA 1M - MetalTale.com\" \/>\n<meta property=\"og:description\" content=\"Modelis SE.SPK-306BF-SD EAN. 5905369931727 Materi\u0101ls T\u0113rauds [cm]Kop\u0113jais garums 100 Sienas mont\u0101\u017ea Kr\u0101sa Melna PAPILDU INFORM\u0100CIJA Salok\u0101mo durvju sist\u0113ma nevar pagarin\u0101t\" \/>\n<meta property=\"og:url\" content=\"https:\/\/metaltale.com\/lv\/produkts\/vienviru-salokamo-durvju-sienu-vadotne-harmonica-1m\/\" \/>\n<meta property=\"og:site_name\" content=\"MetalTale.com\" \/>\n<meta property=\"og:image\" content=\"https:\/\/metaltale.com\/wp-content\/uploads\/2023\/10\/Stumdomx173-durx173-sistemos-1.jpg\" \/>\n\t<meta property=\"og:image:width\" content=\"800\" \/>\n\t<meta property=\"og:image:height\" content=\"800\" \/>\n\t<meta property=\"og:image:type\" content=\"image\/jpeg\" \/>\n<meta name=\"twitter:card\" content=\"summary_large_image\" \/>\n<meta name=\"twitter:label1\" content=\"Est. reading time\" \/>\n\t<meta name=\"twitter:data1\" content=\"2 minutes\" \/>\n<script type=\"application\/ld+json\" class=\"yoast-schema-graph\">{\"@context\":\"https:\/\/schema.org\",\"@graph\":[{\"@type\":\"WebPage\",\"@id\":\"https:\/\/metaltale.com\/lv\/produkts\/vienviru-salokamo-durvju-sienu-vadotne-harmonica-1m\/\",\"url\":\"https:\/\/metaltale.com\/lv\/produkts\/vienviru-salokamo-durvju-sienu-vadotne-harmonica-1m\/\",\"name\":\"Vienviru salok\u0101mo durvju sienu vadotne HARMONICA 1M - MetalTale.com\",\"isPartOf\":{\"@id\":\"https:\/\/metaltale.com\/lv\/#website\"},\"primaryImageOfPage\":{\"@id\":\"https:\/\/metaltale.com\/lv\/produkts\/vienviru-salokamo-durvju-sienu-vadotne-harmonica-1m\/#primaryimage\"},\"image\":{\"@id\":\"https:\/\/metaltale.com\/lv\/produkts\/vienviru-salokamo-durvju-sienu-vadotne-harmonica-1m\/#primaryimage\"},\"thumbnailUrl\":\"https:\/\/metaltale.com\/wp-content\/uploads\/2023\/10\/Stumdomx173-durx173-sistemos-1.jpg\",\"datePublished\":\"2024-02-13T13:27:04+00:00\",\"breadcrumb\":{\"@id\":\"https:\/\/metaltale.com\/lv\/produkts\/vienviru-salokamo-durvju-sienu-vadotne-harmonica-1m\/#breadcrumb\"},\"inLanguage\":\"lv-LV\",\"potentialAction\":[{\"@type\":\"ReadAction\",\"target\":[\"https:\/\/metaltale.com\/lv\/produkts\/vienviru-salokamo-durvju-sienu-vadotne-harmonica-1m\/\"]}]},{\"@type\":\"ImageObject\",\"inLanguage\":\"lv-LV\",\"@id\":\"https:\/\/metaltale.com\/lv\/produkts\/vienviru-salokamo-durvju-sienu-vadotne-harmonica-1m\/#primaryimage\",\"url\":\"https:\/\/metaltale.com\/wp-content\/uploads\/2023\/10\/Stumdomx173-durx173-sistemos-1.jpg\",\"contentUrl\":\"https:\/\/metaltale.com\/wp-content\/uploads\/2023\/10\/Stumdomx173-durx173-sistemos-1.jpg\",\"width\":800,\"height\":800,\"caption\":\"Stumdom\u0173 dur\u0173 sistema sulankstomoms durims HARMONICA 1M\"},{\"@type\":\"BreadcrumbList\",\"@id\":\"https:\/\/metaltale.com\/lv\/produkts\/vienviru-salokamo-durvju-sienu-vadotne-harmonica-1m\/#breadcrumb\",\"itemListElement\":[{\"@type\":\"ListItem\",\"position\":1,\"name\":\"Home\",\"item\":\"https:\/\/metaltale.com\/lv\/majas\/\"},{\"@type\":\"ListItem\",\"position\":2,\"name\":\"Veikals\",\"item\":\"https:\/\/metaltale.com\/lv\/shop\/\"},{\"@type\":\"ListItem\",\"position\":3,\"name\":\"Vienviru salok\u0101mo durvju sienu vadotne HARMONICA 1M\"}]},{\"@type\":\"WebSite\",\"@id\":\"https:\/\/metaltale.com\/lv\/#website\",\"url\":\"https:\/\/metaltale.com\/lv\/\",\"name\":\"Metaltale.com\",\"description\":\"\",\"potentialAction\":[{\"@type\":\"SearchAction\",\"target\":{\"@type\":\"EntryPoint\",\"urlTemplate\":\"https:\/\/metaltale.com\/lv\/?s={search_term_string}\"},\"query-input\":{\"@type\":\"PropertyValueSpecification\",\"valueRequired\":true,\"valueName\":\"search_term_string\"}}],\"inLanguage\":\"lv-LV\"}]}<\/script>\n<!-- \/ Yoast SEO plugin. -->","yoast_head_json":{"title":"Vienviru salok\u0101mo durvju sienu vadotne HARMONICA 1M - MetalTale.com","robots":{"index":"index","follow":"follow","max-snippet":"max-snippet:-1","max-image-preview":"max-image-preview:large","max-video-preview":"max-video-preview:-1"},"canonical":"https:\/\/metaltale.com\/lv\/produkts\/vienviru-salokamo-durvju-sienu-vadotne-harmonica-1m\/","og_locale":"lv_LV","og_type":"article","og_title":"Vienviru salok\u0101mo durvju sienu vadotne HARMONICA 1M - MetalTale.com","og_description":"Modelis SE.SPK-306BF-SD EAN. 5905369931727 Materi\u0101ls T\u0113rauds [cm]Kop\u0113jais garums 100 Sienas mont\u0101\u017ea Kr\u0101sa Melna PAPILDU INFORM\u0100CIJA Salok\u0101mo durvju sist\u0113ma nevar pagarin\u0101t","og_url":"https:\/\/metaltale.com\/lv\/produkts\/vienviru-salokamo-durvju-sienu-vadotne-harmonica-1m\/","og_site_name":"MetalTale.com","og_image":[{"width":800,"height":800,"url":"https:\/\/metaltale.com\/wp-content\/uploads\/2023\/10\/Stumdomx173-durx173-sistemos-1.jpg","type":"image\/jpeg"}],"twitter_card":"summary_large_image","twitter_misc":{"Est. reading time":"2 minutes"},"schema":{"@context":"https:\/\/schema.org","@graph":[{"@type":"WebPage","@id":"https:\/\/metaltale.com\/lv\/produkts\/vienviru-salokamo-durvju-sienu-vadotne-harmonica-1m\/","url":"https:\/\/metaltale.com\/lv\/produkts\/vienviru-salokamo-durvju-sienu-vadotne-harmonica-1m\/","name":"Vienviru salok\u0101mo durvju sienu vadotne HARMONICA 1M - MetalTale.com","isPartOf":{"@id":"https:\/\/metaltale.com\/lv\/#website"},"primaryImageOfPage":{"@id":"https:\/\/metaltale.com\/lv\/produkts\/vienviru-salokamo-durvju-sienu-vadotne-harmonica-1m\/#primaryimage"},"image":{"@id":"https:\/\/metaltale.com\/lv\/produkts\/vienviru-salokamo-durvju-sienu-vadotne-harmonica-1m\/#primaryimage"},"thumbnailUrl":"https:\/\/metaltale.com\/wp-content\/uploads\/2023\/10\/Stumdomx173-durx173-sistemos-1.jpg","datePublished":"2024-02-13T13:27:04+00:00","breadcrumb":{"@id":"https:\/\/metaltale.com\/lv\/produkts\/vienviru-salokamo-durvju-sienu-vadotne-harmonica-1m\/#breadcrumb"},"inLanguage":"lv-LV","potentialAction":[{"@type":"ReadAction","target":["https:\/\/metaltale.com\/lv\/produkts\/vienviru-salokamo-durvju-sienu-vadotne-harmonica-1m\/"]}]},{"@type":"ImageObject","inLanguage":"lv-LV","@id":"https:\/\/metaltale.com\/lv\/produkts\/vienviru-salokamo-durvju-sienu-vadotne-harmonica-1m\/#primaryimage","url":"https:\/\/metaltale.com\/wp-content\/uploads\/2023\/10\/Stumdomx173-durx173-sistemos-1.jpg","contentUrl":"https:\/\/metaltale.com\/wp-content\/uploads\/2023\/10\/Stumdomx173-durx173-sistemos-1.jpg","width":800,"height":800,"caption":"Stumdom\u0173 dur\u0173 sistema sulankstomoms durims HARMONICA 1M"},{"@type":"BreadcrumbList","@id":"https:\/\/metaltale.com\/lv\/produkts\/vienviru-salokamo-durvju-sienu-vadotne-harmonica-1m\/#breadcrumb","itemListElement":[{"@type":"ListItem","position":1,"name":"Home","item":"https:\/\/metaltale.com\/lv\/majas\/"},{"@type":"ListItem","position":2,"name":"Veikals","item":"https:\/\/metaltale.com\/lv\/shop\/"},{"@type":"ListItem","position":3,"name":"Vienviru salok\u0101mo durvju sienu vadotne HARMONICA 1M"}]},{"@type":"WebSite","@id":"https:\/\/metaltale.com\/lv\/#website","url":"https:\/\/metaltale.com\/lv\/","name":"Metaltale.com","description":"","potentialAction":[{"@type":"SearchAction","target":{"@type":"EntryPoint","urlTemplate":"https:\/\/metaltale.com\/lv\/?s={search_term_string}"},"query-input":{"@type":"PropertyValueSpecification","valueRequired":true,"valueName":"search_term_string"}}],"inLanguage":"lv-LV"}]}},"_links":{"self":[{"href":"https:\/\/metaltale.com\/lv\/wp-json\/wp\/v2\/product\/133107","targetHints":{"allow":["GET"]}}],"collection":[{"href":"https:\/\/metaltale.com\/lv\/wp-json\/wp\/v2\/product"}],"about":[{"href":"https:\/\/metaltale.com\/lv\/wp-json\/wp\/v2\/types\/product"}],"replies":[{"embeddable":true,"href":"https:\/\/metaltale.com\/lv\/wp-json\/wp\/v2\/comments?post=133107"}],"version-history":[{"count":0,"href":"https:\/\/metaltale.com\/lv\/wp-json\/wp\/v2\/product\/133107\/revisions"}],"wp:featuredmedia":[{"embeddable":true,"href":"https:\/\/metaltale.com\/lv\/wp-json\/wp\/v2\/media\/96889"}],"wp:attachment":[{"href":"https:\/\/metaltale.com\/lv\/wp-json\/wp\/v2\/media?parent=133107"}],"wp:term":[{"taxonomy":"product_brand","embeddable":true,"href":"https:\/\/metaltale.com\/lv\/wp-json\/wp\/v2\/product_brand?post=133107"},{"taxonomy":"product_cat","embeddable":true,"href":"https:\/\/metaltale.com\/lv\/wp-json\/wp\/v2\/product_cat?post=133107"},{"taxonomy":"product_tag","embeddable":true,"href":"https:\/\/metaltale.com\/lv\/wp-json\/wp\/v2\/product_tag?post=133107"}],"curies":[{"name":"wp","href":"https:\/\/api.w.org\/{rel}","templated":true}]}}