{"id":133070,"date":"2024-02-13T15:33:49","date_gmt":"2024-02-13T13:33:49","guid":{"rendered":"https:\/\/metaltale.com\/produktas\/udens-krans-maksla-rozainais-zelts-2\/"},"modified":"2024-02-13T15:33:49","modified_gmt":"2024-02-13T13:33:49","slug":"udens-krans-maksla-rozainais-zelts-2","status":"publish","type":"product","link":"https:\/\/metaltale.com\/lv\/produkts\/udens-krans-maksla-rozainais-zelts-2\/","title":{"rendered":"\u016adens kr\u0101ns M\u0100KSLA, ro\u017eainais zelts"},"content":{"rendered":"<div class=\"prod_data\">\n<p><strong>Modelis<\/strong> WX.XT357S-RZL<br \/>\nVara <strong>kolekcija<\/strong><br \/>\n<strong>Iztekas garums (cm<\/strong> ) 14<br \/>\n<strong>Materi\u0101ls<\/strong> Misi\u0146\u0161<br \/>\nKop\u0113jais augstums (cm ) 11<br \/>\n<strong>V\u012btnes diametrs (collas<\/strong> ) 1\/2<br \/>\n<strong>Kr\u0101sa<\/strong> Roz\u0101 zelts<br \/>\n<strong>Apdares<\/strong> sp\u012bdums<\/p>\n<p>misi\u0146a v\u0101rsts<\/p>\n<p>izstr\u0101d\u0101jumam ir keramikas galvi\u0146a, kas nodro\u0161ina perfektu bl\u012bv\u0113jumu.<\/p>\n<p>visaugst\u0101kais ra\u017eo\u0161anas standarts<\/p>\n<p>viegla apkope &#8211; silts \u016bdens un PH neitr\u0101las ziepes.<\/p>\n<hr>\n<p>No misi\u0146a izgatavotais sienas mais\u012bt\u0101js ir pied\u0101v\u0101jums, kas noteikti bag\u0101tin\u0101s gan vannas istabas, gan virtuves est\u0113tiku. Roz\u0101 zelta kr\u0101sa interjeram pie\u0161\u0137ir eleganci, vienlaikus pie\u0161\u0137irot tam izteiktu retro stilu. Pagarin\u0101tais keramikas rokturis nodro\u0161ina \u012bpa\u0161u lieto\u0161anas komfortu. Mais\u012bt\u0101ja konstrukcija \u013cauj \u0161\u013c\u016bteni pievienot tie\u0161i ve\u013cas mazg\u0101jam\u0101s ma\u0161\u012bnas, tualetes vai trauku mazg\u0101jam\u0101s ma\u0161\u012bnas savienojumam, padarot to par praktisku un stil\u012bgu funkcion\u0101lu interjera elementu.<\/p>\n<\/div>\n","protected":false},"excerpt":{"rendered":"<p>Modelis WX.XT357S-RZL Vara kolekcija Iztekas garums (cm ) 14 Materi\u0101ls Misi\u0146\u0161 Kop\u0113jais augstums (cm ) 11 V\u012btnes diametrs (collas )<\/p>\n","protected":false},"featured_media":116388,"comment_status":"open","ping_status":"closed","template":"","meta":{"_acf_changed":false,"pmpro_default_level":""},"product_brand":[],"product_cat":[24060,24111],"product_tag":[],"class_list":{"0":"post-133070","1":"product","2":"type-product","3":"status-publish","4":"has-post-thumbnail","6":"product_cat-kranini","7":"product_cat-udens-krani-un-varsti","8":"pmpro-has-access","10":"first","11":"instock","12":"shipping-taxable","13":"purchasable","14":"product-type-simple"},"acf":[],"yoast_head":"<!-- This site is optimized with the Yoast SEO plugin v24.9 - https:\/\/yoast.com\/wordpress\/plugins\/seo\/ -->\n<title>\u016adens kr\u0101ns M\u0100KSLA, ro\u017eainais zelts - MetalTale.com<\/title>\n<meta name=\"robots\" content=\"index, follow, max-snippet:-1, max-image-preview:large, max-video-preview:-1\" \/>\n<link rel=\"canonical\" href=\"https:\/\/metaltale.com\/lv\/produkts\/udens-krans-maksla-rozainais-zelts-2\/\" \/>\n<meta property=\"og:locale\" content=\"lv_LV\" \/>\n<meta property=\"og:type\" content=\"article\" \/>\n<meta property=\"og:title\" content=\"\u016adens kr\u0101ns M\u0100KSLA, ro\u017eainais zelts - MetalTale.com\" \/>\n<meta property=\"og:description\" content=\"Modelis WX.XT357S-RZL Vara kolekcija Iztekas garums (cm ) 14 Materi\u0101ls Misi\u0146\u0161 Kop\u0113jais augstums (cm ) 11 V\u012btnes diametrs (collas )\" \/>\n<meta property=\"og:url\" content=\"https:\/\/metaltale.com\/lv\/produkts\/udens-krans-maksla-rozainais-zelts-2\/\" \/>\n<meta property=\"og:site_name\" content=\"MetalTale.com\" \/>\n<meta property=\"og:image\" content=\"https:\/\/metaltale.com\/wp-content\/uploads\/2023\/12\/x17Darnos-maix161ytuvas-rose-gold-COPPER-trumpas.jpg\" \/>\n\t<meta property=\"og:image:width\" content=\"800\" \/>\n\t<meta property=\"og:image:height\" content=\"800\" \/>\n\t<meta property=\"og:image:type\" content=\"image\/jpeg\" \/>\n<meta name=\"twitter:card\" content=\"summary_large_image\" \/>\n<meta name=\"twitter:label1\" content=\"Est. reading time\" \/>\n\t<meta name=\"twitter:data1\" content=\"1 minute\" \/>\n<script type=\"application\/ld+json\" class=\"yoast-schema-graph\">{\"@context\":\"https:\/\/schema.org\",\"@graph\":[{\"@type\":\"WebPage\",\"@id\":\"https:\/\/metaltale.com\/lv\/produkts\/udens-krans-maksla-rozainais-zelts-2\/\",\"url\":\"https:\/\/metaltale.com\/lv\/produkts\/udens-krans-maksla-rozainais-zelts-2\/\",\"name\":\"\u016adens kr\u0101ns M\u0100KSLA, ro\u017eainais zelts - MetalTale.com\",\"isPartOf\":{\"@id\":\"https:\/\/metaltale.com\/lv\/#website\"},\"primaryImageOfPage\":{\"@id\":\"https:\/\/metaltale.com\/lv\/produkts\/udens-krans-maksla-rozainais-zelts-2\/#primaryimage\"},\"image\":{\"@id\":\"https:\/\/metaltale.com\/lv\/produkts\/udens-krans-maksla-rozainais-zelts-2\/#primaryimage\"},\"thumbnailUrl\":\"https:\/\/metaltale.com\/wp-content\/uploads\/2023\/12\/x17Darnos-maix161ytuvas-rose-gold-COPPER-trumpas.jpg\",\"datePublished\":\"2024-02-13T13:33:49+00:00\",\"breadcrumb\":{\"@id\":\"https:\/\/metaltale.com\/lv\/produkts\/udens-krans-maksla-rozainais-zelts-2\/#breadcrumb\"},\"inLanguage\":\"lv-LV\",\"potentialAction\":[{\"@type\":\"ReadAction\",\"target\":[\"https:\/\/metaltale.com\/lv\/produkts\/udens-krans-maksla-rozainais-zelts-2\/\"]}]},{\"@type\":\"ImageObject\",\"inLanguage\":\"lv-LV\",\"@id\":\"https:\/\/metaltale.com\/lv\/produkts\/udens-krans-maksla-rozainais-zelts-2\/#primaryimage\",\"url\":\"https:\/\/metaltale.com\/wp-content\/uploads\/2023\/12\/x17Darnos-maix161ytuvas-rose-gold-COPPER-trumpas.jpg\",\"contentUrl\":\"https:\/\/metaltale.com\/wp-content\/uploads\/2023\/12\/x17Darnos-maix161ytuvas-rose-gold-COPPER-trumpas.jpg\",\"width\":800,\"height\":800,\"caption\":\"\u016adens kr\u0101ns M\u0100KSLA, ro\u017eainais zelts\"},{\"@type\":\"BreadcrumbList\",\"@id\":\"https:\/\/metaltale.com\/lv\/produkts\/udens-krans-maksla-rozainais-zelts-2\/#breadcrumb\",\"itemListElement\":[{\"@type\":\"ListItem\",\"position\":1,\"name\":\"Home\",\"item\":\"https:\/\/metaltale.com\/lv\/majas\/\"},{\"@type\":\"ListItem\",\"position\":2,\"name\":\"Veikals\",\"item\":\"https:\/\/metaltale.com\/lv\/shop\/\"},{\"@type\":\"ListItem\",\"position\":3,\"name\":\"\u016adens kr\u0101ns M\u0100KSLA, ro\u017eainais zelts\"}]},{\"@type\":\"WebSite\",\"@id\":\"https:\/\/metaltale.com\/lv\/#website\",\"url\":\"https:\/\/metaltale.com\/lv\/\",\"name\":\"Metaltale.com\",\"description\":\"\",\"potentialAction\":[{\"@type\":\"SearchAction\",\"target\":{\"@type\":\"EntryPoint\",\"urlTemplate\":\"https:\/\/metaltale.com\/lv\/?s={search_term_string}\"},\"query-input\":{\"@type\":\"PropertyValueSpecification\",\"valueRequired\":true,\"valueName\":\"search_term_string\"}}],\"inLanguage\":\"lv-LV\"}]}<\/script>\n<!-- \/ Yoast SEO plugin. -->","yoast_head_json":{"title":"\u016adens kr\u0101ns M\u0100KSLA, ro\u017eainais zelts - MetalTale.com","robots":{"index":"index","follow":"follow","max-snippet":"max-snippet:-1","max-image-preview":"max-image-preview:large","max-video-preview":"max-video-preview:-1"},"canonical":"https:\/\/metaltale.com\/lv\/produkts\/udens-krans-maksla-rozainais-zelts-2\/","og_locale":"lv_LV","og_type":"article","og_title":"\u016adens kr\u0101ns M\u0100KSLA, ro\u017eainais zelts - MetalTale.com","og_description":"Modelis WX.XT357S-RZL Vara kolekcija Iztekas garums (cm ) 14 Materi\u0101ls Misi\u0146\u0161 Kop\u0113jais augstums (cm ) 11 V\u012btnes diametrs (collas )","og_url":"https:\/\/metaltale.com\/lv\/produkts\/udens-krans-maksla-rozainais-zelts-2\/","og_site_name":"MetalTale.com","og_image":[{"width":800,"height":800,"url":"https:\/\/metaltale.com\/wp-content\/uploads\/2023\/12\/x17Darnos-maix161ytuvas-rose-gold-COPPER-trumpas.jpg","type":"image\/jpeg"}],"twitter_card":"summary_large_image","twitter_misc":{"Est. reading time":"1 minute"},"schema":{"@context":"https:\/\/schema.org","@graph":[{"@type":"WebPage","@id":"https:\/\/metaltale.com\/lv\/produkts\/udens-krans-maksla-rozainais-zelts-2\/","url":"https:\/\/metaltale.com\/lv\/produkts\/udens-krans-maksla-rozainais-zelts-2\/","name":"\u016adens kr\u0101ns M\u0100KSLA, ro\u017eainais zelts - MetalTale.com","isPartOf":{"@id":"https:\/\/metaltale.com\/lv\/#website"},"primaryImageOfPage":{"@id":"https:\/\/metaltale.com\/lv\/produkts\/udens-krans-maksla-rozainais-zelts-2\/#primaryimage"},"image":{"@id":"https:\/\/metaltale.com\/lv\/produkts\/udens-krans-maksla-rozainais-zelts-2\/#primaryimage"},"thumbnailUrl":"https:\/\/metaltale.com\/wp-content\/uploads\/2023\/12\/x17Darnos-maix161ytuvas-rose-gold-COPPER-trumpas.jpg","datePublished":"2024-02-13T13:33:49+00:00","breadcrumb":{"@id":"https:\/\/metaltale.com\/lv\/produkts\/udens-krans-maksla-rozainais-zelts-2\/#breadcrumb"},"inLanguage":"lv-LV","potentialAction":[{"@type":"ReadAction","target":["https:\/\/metaltale.com\/lv\/produkts\/udens-krans-maksla-rozainais-zelts-2\/"]}]},{"@type":"ImageObject","inLanguage":"lv-LV","@id":"https:\/\/metaltale.com\/lv\/produkts\/udens-krans-maksla-rozainais-zelts-2\/#primaryimage","url":"https:\/\/metaltale.com\/wp-content\/uploads\/2023\/12\/x17Darnos-maix161ytuvas-rose-gold-COPPER-trumpas.jpg","contentUrl":"https:\/\/metaltale.com\/wp-content\/uploads\/2023\/12\/x17Darnos-maix161ytuvas-rose-gold-COPPER-trumpas.jpg","width":800,"height":800,"caption":"\u016adens kr\u0101ns M\u0100KSLA, ro\u017eainais zelts"},{"@type":"BreadcrumbList","@id":"https:\/\/metaltale.com\/lv\/produkts\/udens-krans-maksla-rozainais-zelts-2\/#breadcrumb","itemListElement":[{"@type":"ListItem","position":1,"name":"Home","item":"https:\/\/metaltale.com\/lv\/majas\/"},{"@type":"ListItem","position":2,"name":"Veikals","item":"https:\/\/metaltale.com\/lv\/shop\/"},{"@type":"ListItem","position":3,"name":"\u016adens kr\u0101ns M\u0100KSLA, ro\u017eainais zelts"}]},{"@type":"WebSite","@id":"https:\/\/metaltale.com\/lv\/#website","url":"https:\/\/metaltale.com\/lv\/","name":"Metaltale.com","description":"","potentialAction":[{"@type":"SearchAction","target":{"@type":"EntryPoint","urlTemplate":"https:\/\/metaltale.com\/lv\/?s={search_term_string}"},"query-input":{"@type":"PropertyValueSpecification","valueRequired":true,"valueName":"search_term_string"}}],"inLanguage":"lv-LV"}]}},"_links":{"self":[{"href":"https:\/\/metaltale.com\/lv\/wp-json\/wp\/v2\/product\/133070","targetHints":{"allow":["GET"]}}],"collection":[{"href":"https:\/\/metaltale.com\/lv\/wp-json\/wp\/v2\/product"}],"about":[{"href":"https:\/\/metaltale.com\/lv\/wp-json\/wp\/v2\/types\/product"}],"replies":[{"embeddable":true,"href":"https:\/\/metaltale.com\/lv\/wp-json\/wp\/v2\/comments?post=133070"}],"version-history":[{"count":0,"href":"https:\/\/metaltale.com\/lv\/wp-json\/wp\/v2\/product\/133070\/revisions"}],"wp:featuredmedia":[{"embeddable":true,"href":"https:\/\/metaltale.com\/lv\/wp-json\/wp\/v2\/media\/116388"}],"wp:attachment":[{"href":"https:\/\/metaltale.com\/lv\/wp-json\/wp\/v2\/media?parent=133070"}],"wp:term":[{"taxonomy":"product_brand","embeddable":true,"href":"https:\/\/metaltale.com\/lv\/wp-json\/wp\/v2\/product_brand?post=133070"},{"taxonomy":"product_cat","embeddable":true,"href":"https:\/\/metaltale.com\/lv\/wp-json\/wp\/v2\/product_cat?post=133070"},{"taxonomy":"product_tag","embeddable":true,"href":"https:\/\/metaltale.com\/lv\/wp-json\/wp\/v2\/product_tag?post=133070"}],"curies":[{"name":"wp","href":"https:\/\/api.w.org\/{rel}","templated":true}]}}