{"id":133069,"date":"2024-02-13T15:33:05","date_gmt":"2024-02-13T13:33:05","guid":{"rendered":"https:\/\/metaltale.com\/produktas\/udens-krans-glen-antikais-misins-2\/"},"modified":"2024-02-13T15:33:05","modified_gmt":"2024-02-13T13:33:05","slug":"udens-krans-glen-antikais-misins-2","status":"publish","type":"product","link":"https:\/\/metaltale.com\/lv\/produkts\/udens-krans-glen-antikais-misins-2\/","title":{"rendered":"\u016adens kr\u0101ns GLEN, ant\u012bkais misi\u0146\u0161"},"content":{"rendered":"<div class=\"prod_data\">\n<p><strong>Modelis<\/strong> WX.XT353-ANT<br \/>\nGold Glen <strong>kolekcija<\/strong><br \/>\n<strong>Izsmidzin\u0101t\u0101ja garums (cm<\/strong> ) 8,5<br \/>\n<strong>Materi\u0101ls<\/strong> Misi\u0146\u0161<br \/>\n<strong>Kop\u0113jais augstums (cm<\/strong> ) 10<br \/>\n<strong>V\u012btnes diametrs (collas<\/strong> ) 1\/2<br \/>\n<strong>Kr\u0101sa<\/strong> Ant\u012bkais misi\u0146\u0161<br \/>\n<strong>Apdare<\/strong> M\u012bksta, sat\u012bna efekts<\/p>\n<p>misi\u0146a v\u0101rsts<\/p>\n<p>izstr\u0101d\u0101jumam ir keramikas galvi\u0146a, kas nodro\u0161ina perfektu bl\u012bv\u0113jumu.<\/p>\n<p>visaugst\u0101kais ra\u017eo\u0161anas standarts<\/p>\n<p>viegla apkope &#8211; silts \u016bdens un PH neitr\u0101las ziepes.<\/p>\n<hr>\n<p>Retro stila misi\u0146a \u0161\u013c\u016btenes mais\u012bt\u0101js, kas paredz\u0113ts lieto\u0161anai m\u0101j\u0101s. \u0160is univers\u0101lais v\u0101rsts ir ide\u0101li piem\u0113rots k\u0101 savienojums ve\u013cas ma\u0161\u012bn\u0101m, tualet\u0113m vai trauku mazg\u0101jam\u0101m ma\u0161\u012bn\u0101m. Elegant\u0101 sat\u012bna ant\u012bk\u0101 misi\u0146a apdare un dekorat\u012bvie rot\u0101jumi uz kr\u0101na pie\u0161\u0137ir tam \u012bpa\u0161u \u0161armu un stilu. Turkl\u0101t rievas kr\u0101na mal\u0101 palielina lieto\u0161anas \u0113rtumu, padarot to v\u0113l viegl\u0101k lietojamu.<\/p>\n<\/div>\n","protected":false},"excerpt":{"rendered":"<p>Modelis WX.XT353-ANT Gold Glen kolekcija Izsmidzin\u0101t\u0101ja garums (cm ) 8,5 Materi\u0101ls Misi\u0146\u0161 Kop\u0113jais augstums (cm ) 10 V\u012btnes diametrs (collas<\/p>\n","protected":false},"featured_media":116329,"comment_status":"open","ping_status":"closed","template":"","meta":{"_acf_changed":false,"pmpro_default_level":""},"product_brand":[],"product_cat":[24060,24111],"product_tag":[],"class_list":{"0":"post-133069","1":"product","2":"type-product","3":"status-publish","4":"has-post-thumbnail","6":"product_cat-kranini","7":"product_cat-udens-krani-un-varsti","8":"pmpro-has-access","10":"first","11":"instock","12":"shipping-taxable","13":"purchasable","14":"product-type-simple"},"acf":[],"yoast_head":"<!-- This site is optimized with the Yoast SEO plugin v24.9 - https:\/\/yoast.com\/wordpress\/plugins\/seo\/ -->\n<title>\u016adens kr\u0101ns GLEN, ant\u012bkais misi\u0146\u0161 - MetalTale.com<\/title>\n<meta name=\"robots\" content=\"index, follow, max-snippet:-1, max-image-preview:large, max-video-preview:-1\" \/>\n<link rel=\"canonical\" href=\"https:\/\/metaltale.com\/lv\/produkts\/udens-krans-glen-antikais-misins-2\/\" \/>\n<meta property=\"og:locale\" content=\"lv_LV\" \/>\n<meta property=\"og:type\" content=\"article\" \/>\n<meta property=\"og:title\" content=\"\u016adens kr\u0101ns GLEN, ant\u012bkais misi\u0146\u0161 - MetalTale.com\" \/>\n<meta property=\"og:description\" content=\"Modelis WX.XT353-ANT Gold Glen kolekcija Izsmidzin\u0101t\u0101ja garums (cm ) 8,5 Materi\u0101ls Misi\u0146\u0161 Kop\u0113jais augstums (cm ) 10 V\u012btnes diametrs (collas\" \/>\n<meta property=\"og:url\" content=\"https:\/\/metaltale.com\/lv\/produkts\/udens-krans-glen-antikais-misins-2\/\" \/>\n<meta property=\"og:site_name\" content=\"MetalTale.com\" \/>\n<meta property=\"og:image\" content=\"https:\/\/metaltale.com\/wp-content\/uploads\/2023\/12\/x17Darnos-maix161ytuvas-antikvarinis-x17Ealvaris-GLEN-trumpas.jpg\" \/>\n\t<meta property=\"og:image:width\" content=\"800\" \/>\n\t<meta property=\"og:image:height\" content=\"800\" \/>\n\t<meta property=\"og:image:type\" content=\"image\/jpeg\" \/>\n<meta name=\"twitter:card\" content=\"summary_large_image\" \/>\n<meta name=\"twitter:label1\" content=\"Est. reading time\" \/>\n\t<meta name=\"twitter:data1\" content=\"1 minute\" \/>\n<script type=\"application\/ld+json\" class=\"yoast-schema-graph\">{\"@context\":\"https:\/\/schema.org\",\"@graph\":[{\"@type\":\"WebPage\",\"@id\":\"https:\/\/metaltale.com\/lv\/produkts\/udens-krans-glen-antikais-misins-2\/\",\"url\":\"https:\/\/metaltale.com\/lv\/produkts\/udens-krans-glen-antikais-misins-2\/\",\"name\":\"\u016adens kr\u0101ns GLEN, ant\u012bkais misi\u0146\u0161 - MetalTale.com\",\"isPartOf\":{\"@id\":\"https:\/\/metaltale.com\/lv\/#website\"},\"primaryImageOfPage\":{\"@id\":\"https:\/\/metaltale.com\/lv\/produkts\/udens-krans-glen-antikais-misins-2\/#primaryimage\"},\"image\":{\"@id\":\"https:\/\/metaltale.com\/lv\/produkts\/udens-krans-glen-antikais-misins-2\/#primaryimage\"},\"thumbnailUrl\":\"https:\/\/metaltale.com\/wp-content\/uploads\/2023\/12\/x17Darnos-maix161ytuvas-antikvarinis-x17Ealvaris-GLEN-trumpas.jpg\",\"datePublished\":\"2024-02-13T13:33:05+00:00\",\"breadcrumb\":{\"@id\":\"https:\/\/metaltale.com\/lv\/produkts\/udens-krans-glen-antikais-misins-2\/#breadcrumb\"},\"inLanguage\":\"lv-LV\",\"potentialAction\":[{\"@type\":\"ReadAction\",\"target\":[\"https:\/\/metaltale.com\/lv\/produkts\/udens-krans-glen-antikais-misins-2\/\"]}]},{\"@type\":\"ImageObject\",\"inLanguage\":\"lv-LV\",\"@id\":\"https:\/\/metaltale.com\/lv\/produkts\/udens-krans-glen-antikais-misins-2\/#primaryimage\",\"url\":\"https:\/\/metaltale.com\/wp-content\/uploads\/2023\/12\/x17Darnos-maix161ytuvas-antikvarinis-x17Ealvaris-GLEN-trumpas.jpg\",\"contentUrl\":\"https:\/\/metaltale.com\/wp-content\/uploads\/2023\/12\/x17Darnos-maix161ytuvas-antikvarinis-x17Ealvaris-GLEN-trumpas.jpg\",\"width\":800,\"height\":800,\"caption\":\"\u016adens kr\u0101ns GLEN, ant\u012bkais misi\u0146\u0161\"},{\"@type\":\"BreadcrumbList\",\"@id\":\"https:\/\/metaltale.com\/lv\/produkts\/udens-krans-glen-antikais-misins-2\/#breadcrumb\",\"itemListElement\":[{\"@type\":\"ListItem\",\"position\":1,\"name\":\"Home\",\"item\":\"https:\/\/metaltale.com\/lv\/majas\/\"},{\"@type\":\"ListItem\",\"position\":2,\"name\":\"Veikals\",\"item\":\"https:\/\/metaltale.com\/lv\/shop\/\"},{\"@type\":\"ListItem\",\"position\":3,\"name\":\"\u016adens kr\u0101ns GLEN, ant\u012bkais misi\u0146\u0161\"}]},{\"@type\":\"WebSite\",\"@id\":\"https:\/\/metaltale.com\/lv\/#website\",\"url\":\"https:\/\/metaltale.com\/lv\/\",\"name\":\"Metaltale.com\",\"description\":\"\",\"potentialAction\":[{\"@type\":\"SearchAction\",\"target\":{\"@type\":\"EntryPoint\",\"urlTemplate\":\"https:\/\/metaltale.com\/lv\/?s={search_term_string}\"},\"query-input\":{\"@type\":\"PropertyValueSpecification\",\"valueRequired\":true,\"valueName\":\"search_term_string\"}}],\"inLanguage\":\"lv-LV\"}]}<\/script>\n<!-- \/ Yoast SEO plugin. -->","yoast_head_json":{"title":"\u016adens kr\u0101ns GLEN, ant\u012bkais misi\u0146\u0161 - MetalTale.com","robots":{"index":"index","follow":"follow","max-snippet":"max-snippet:-1","max-image-preview":"max-image-preview:large","max-video-preview":"max-video-preview:-1"},"canonical":"https:\/\/metaltale.com\/lv\/produkts\/udens-krans-glen-antikais-misins-2\/","og_locale":"lv_LV","og_type":"article","og_title":"\u016adens kr\u0101ns GLEN, ant\u012bkais misi\u0146\u0161 - MetalTale.com","og_description":"Modelis WX.XT353-ANT Gold Glen kolekcija Izsmidzin\u0101t\u0101ja garums (cm ) 8,5 Materi\u0101ls Misi\u0146\u0161 Kop\u0113jais augstums (cm ) 10 V\u012btnes diametrs (collas","og_url":"https:\/\/metaltale.com\/lv\/produkts\/udens-krans-glen-antikais-misins-2\/","og_site_name":"MetalTale.com","og_image":[{"width":800,"height":800,"url":"https:\/\/metaltale.com\/wp-content\/uploads\/2023\/12\/x17Darnos-maix161ytuvas-antikvarinis-x17Ealvaris-GLEN-trumpas.jpg","type":"image\/jpeg"}],"twitter_card":"summary_large_image","twitter_misc":{"Est. reading time":"1 minute"},"schema":{"@context":"https:\/\/schema.org","@graph":[{"@type":"WebPage","@id":"https:\/\/metaltale.com\/lv\/produkts\/udens-krans-glen-antikais-misins-2\/","url":"https:\/\/metaltale.com\/lv\/produkts\/udens-krans-glen-antikais-misins-2\/","name":"\u016adens kr\u0101ns GLEN, ant\u012bkais misi\u0146\u0161 - MetalTale.com","isPartOf":{"@id":"https:\/\/metaltale.com\/lv\/#website"},"primaryImageOfPage":{"@id":"https:\/\/metaltale.com\/lv\/produkts\/udens-krans-glen-antikais-misins-2\/#primaryimage"},"image":{"@id":"https:\/\/metaltale.com\/lv\/produkts\/udens-krans-glen-antikais-misins-2\/#primaryimage"},"thumbnailUrl":"https:\/\/metaltale.com\/wp-content\/uploads\/2023\/12\/x17Darnos-maix161ytuvas-antikvarinis-x17Ealvaris-GLEN-trumpas.jpg","datePublished":"2024-02-13T13:33:05+00:00","breadcrumb":{"@id":"https:\/\/metaltale.com\/lv\/produkts\/udens-krans-glen-antikais-misins-2\/#breadcrumb"},"inLanguage":"lv-LV","potentialAction":[{"@type":"ReadAction","target":["https:\/\/metaltale.com\/lv\/produkts\/udens-krans-glen-antikais-misins-2\/"]}]},{"@type":"ImageObject","inLanguage":"lv-LV","@id":"https:\/\/metaltale.com\/lv\/produkts\/udens-krans-glen-antikais-misins-2\/#primaryimage","url":"https:\/\/metaltale.com\/wp-content\/uploads\/2023\/12\/x17Darnos-maix161ytuvas-antikvarinis-x17Ealvaris-GLEN-trumpas.jpg","contentUrl":"https:\/\/metaltale.com\/wp-content\/uploads\/2023\/12\/x17Darnos-maix161ytuvas-antikvarinis-x17Ealvaris-GLEN-trumpas.jpg","width":800,"height":800,"caption":"\u016adens kr\u0101ns GLEN, ant\u012bkais misi\u0146\u0161"},{"@type":"BreadcrumbList","@id":"https:\/\/metaltale.com\/lv\/produkts\/udens-krans-glen-antikais-misins-2\/#breadcrumb","itemListElement":[{"@type":"ListItem","position":1,"name":"Home","item":"https:\/\/metaltale.com\/lv\/majas\/"},{"@type":"ListItem","position":2,"name":"Veikals","item":"https:\/\/metaltale.com\/lv\/shop\/"},{"@type":"ListItem","position":3,"name":"\u016adens kr\u0101ns GLEN, ant\u012bkais misi\u0146\u0161"}]},{"@type":"WebSite","@id":"https:\/\/metaltale.com\/lv\/#website","url":"https:\/\/metaltale.com\/lv\/","name":"Metaltale.com","description":"","potentialAction":[{"@type":"SearchAction","target":{"@type":"EntryPoint","urlTemplate":"https:\/\/metaltale.com\/lv\/?s={search_term_string}"},"query-input":{"@type":"PropertyValueSpecification","valueRequired":true,"valueName":"search_term_string"}}],"inLanguage":"lv-LV"}]}},"_links":{"self":[{"href":"https:\/\/metaltale.com\/lv\/wp-json\/wp\/v2\/product\/133069","targetHints":{"allow":["GET"]}}],"collection":[{"href":"https:\/\/metaltale.com\/lv\/wp-json\/wp\/v2\/product"}],"about":[{"href":"https:\/\/metaltale.com\/lv\/wp-json\/wp\/v2\/types\/product"}],"replies":[{"embeddable":true,"href":"https:\/\/metaltale.com\/lv\/wp-json\/wp\/v2\/comments?post=133069"}],"version-history":[{"count":0,"href":"https:\/\/metaltale.com\/lv\/wp-json\/wp\/v2\/product\/133069\/revisions"}],"wp:featuredmedia":[{"embeddable":true,"href":"https:\/\/metaltale.com\/lv\/wp-json\/wp\/v2\/media\/116329"}],"wp:attachment":[{"href":"https:\/\/metaltale.com\/lv\/wp-json\/wp\/v2\/media?parent=133069"}],"wp:term":[{"taxonomy":"product_brand","embeddable":true,"href":"https:\/\/metaltale.com\/lv\/wp-json\/wp\/v2\/product_brand?post=133069"},{"taxonomy":"product_cat","embeddable":true,"href":"https:\/\/metaltale.com\/lv\/wp-json\/wp\/v2\/product_cat?post=133069"},{"taxonomy":"product_tag","embeddable":true,"href":"https:\/\/metaltale.com\/lv\/wp-json\/wp\/v2\/product_tag?post=133069"}],"curies":[{"name":"wp","href":"https:\/\/api.w.org\/{rel}","templated":true}]}}