{"id":133057,"date":"2024-02-13T15:33:05","date_gmt":"2024-02-13T13:33:05","guid":{"rendered":"https:\/\/metaltale.com\/produktas\/antikais-dusas-krans-flower-melns\/"},"modified":"2024-02-13T15:33:05","modified_gmt":"2024-02-13T13:33:05","slug":"antikais-dusas-krans-flower-melns","status":"publish","type":"product","link":"https:\/\/metaltale.com\/lv\/produkts\/antikais-dusas-krans-flower-melns\/","title":{"rendered":"Ant\u012bkais du\u0161as kr\u0101ns FLOWER, melns"},"content":{"rendered":"<div class=\"prod_data\">\n<p><strong>Modelis<\/strong> WX.XT352-BLA<br \/>\n<strong>Materi\u0101ls<\/strong> Misi\u0146\u0161<br \/>\n<strong>Kop\u0113jais augstums (cm<\/strong> ) 130<br \/>\n<strong>Kop\u0113jais platums (cm<\/strong> ) 21<br \/>\n<strong>Du\u0161as galvas diametrs (cm<\/strong> ) 5<br \/>\n<strong>Du\u0161as galvas garums (cm<\/strong> ) 19<br \/>\n<strong>Du\u0161as galvas diametrs (cm<\/strong> ) 21<br \/>\n<strong>Att\u0101lums starp kr\u0101niem (cm<\/strong> ) 15<br \/>\nKr\u0101sa Melna<br \/>\n<strong>Apdare<\/strong> M\u012bksta, sat\u012bna efekts<\/p>\n<p>misi\u0146a du\u0161as mais\u012bt\u0101js<\/p>\n<p>Du\u0161as komplekts: vannas mais\u012bt\u0101js, rokas du\u0161a, lietus du\u0161a<\/p>\n<p>keramikas galva &#8211; elements, kas nodro\u0161ina pareizu \u016bdens sadali.<\/p>\n<p>&#8220;Anti-Calc &#8211; pretapledo\u0161anas sist\u0113ma<\/p>\n<p>Viegli t\u012br\u0101ms &#8211; ar siltu \u016bdeni un PH neitr\u0101l\u0101m ziep\u0113m.<\/p>\n<hr>\n<p>Klasisk\u0101 vienk\u0101r\u0161\u012bba un elegant\u0101 meln\u0101 kr\u0101sa kop\u0101 padara parasto du\u0161as mais\u012bt\u0101ju par daudzpus\u012bgu vannas istabas apr\u012bkojuma elementu. Atkar\u012bb\u0101 no aksesu\u0101ru izv\u0113les \u0161is daudzpus\u012bgais elements lieliski iederas da\u017e\u0101dos interjera stilos, piem\u0113ram, retro, b\u0113ni\u0146u vai modern\u0101 stil\u0101. Minim\u0101listisko lietus du\u0161u, klasiskos kr\u0101nus un smalkos du\u0161as rokturus var efekt\u012bvi kombin\u0113t gan ar fl\u012bz\u0113m, gan ar betonu, pie\u0161\u0137irot j\u016bsu vannas istabai unik\u0101lu raksturu. Misi\u0146a du\u0161as komplekti ir ide\u0101li piem\u0113roti industri\u0101l\u0101m vannas istab\u0101m, atg\u0101dinot par veco r\u016bpn\u012bcu atmosf\u0113ru. Papildus vizu\u0101lajiem aspektiem kr\u0101nam ir ar\u012b sist\u0113ma pret ka\u013c\u0137akmens veido\u0161anos un keramikas galvi\u0146a, kas padara to par funkcion\u0101lu izstr\u0101d\u0101jumu.<\/p>\n<\/div>\n","protected":false},"excerpt":{"rendered":"<p>Modelis WX.XT352-BLA Materi\u0101ls Misi\u0146\u0161 Kop\u0113jais augstums (cm ) 130 Kop\u0113jais platums (cm ) 21 Du\u0161as galvas diametrs (cm ) 5<\/p>\n","protected":false},"featured_media":143035,"comment_status":"open","ping_status":"closed","template":"","meta":{"_acf_changed":false,"pmpro_default_level":""},"product_brand":[],"product_cat":[24112,24073],"product_tag":[],"class_list":{"0":"post-133057","1":"product","2":"type-product","3":"status-publish","4":"has-post-thumbnail","6":"product_cat-dusas-maisitaji","7":"product_cat-vannas-istabas-krani","8":"pmpro-has-access","10":"first","11":"instock","12":"shipping-taxable","13":"purchasable","14":"product-type-simple"},"acf":[],"yoast_head":"<!-- This site is optimized with the Yoast SEO plugin v24.9 - https:\/\/yoast.com\/wordpress\/plugins\/seo\/ -->\n<title>Ant\u012bkais du\u0161as kr\u0101ns FLOWER, melns - MetalTale.com<\/title>\n<meta name=\"robots\" content=\"index, follow, max-snippet:-1, max-image-preview:large, max-video-preview:-1\" \/>\n<link rel=\"canonical\" href=\"https:\/\/metaltale.com\/lv\/produkts\/antikais-dusas-krans-flower-melns\/\" \/>\n<meta property=\"og:locale\" content=\"lv_LV\" \/>\n<meta property=\"og:type\" content=\"article\" \/>\n<meta property=\"og:title\" content=\"Ant\u012bkais du\u0161as kr\u0101ns FLOWER, melns - MetalTale.com\" \/>\n<meta property=\"og:description\" content=\"Modelis WX.XT352-BLA Materi\u0101ls Misi\u0146\u0161 Kop\u0113jais augstums (cm ) 130 Kop\u0113jais platums (cm ) 21 Du\u0161as galvas diametrs (cm ) 5\" \/>\n<meta property=\"og:url\" content=\"https:\/\/metaltale.com\/lv\/produkts\/antikais-dusas-krans-flower-melns\/\" \/>\n<meta property=\"og:site_name\" content=\"MetalTale.com\" \/>\n<meta property=\"og:image\" content=\"http:\/\/metaltale.com\/wp-content\/uploads\/2024\/02\/Juodas-YORK-2-dux161o-maix161ytuvas-2.webp\" \/>\n\t<meta property=\"og:image:width\" content=\"800\" \/>\n\t<meta property=\"og:image:height\" content=\"800\" \/>\n\t<meta property=\"og:image:type\" content=\"image\/webp\" \/>\n<meta name=\"twitter:card\" content=\"summary_large_image\" \/>\n<meta name=\"twitter:label1\" content=\"Est. reading time\" \/>\n\t<meta name=\"twitter:data1\" content=\"1 minute\" \/>\n<script type=\"application\/ld+json\" class=\"yoast-schema-graph\">{\"@context\":\"https:\/\/schema.org\",\"@graph\":[{\"@type\":\"WebPage\",\"@id\":\"https:\/\/metaltale.com\/lv\/produkts\/antikais-dusas-krans-flower-melns\/\",\"url\":\"https:\/\/metaltale.com\/lv\/produkts\/antikais-dusas-krans-flower-melns\/\",\"name\":\"Ant\u012bkais du\u0161as kr\u0101ns FLOWER, melns - MetalTale.com\",\"isPartOf\":{\"@id\":\"https:\/\/metaltale.com\/lv\/#website\"},\"primaryImageOfPage\":{\"@id\":\"https:\/\/metaltale.com\/lv\/produkts\/antikais-dusas-krans-flower-melns\/#primaryimage\"},\"image\":{\"@id\":\"https:\/\/metaltale.com\/lv\/produkts\/antikais-dusas-krans-flower-melns\/#primaryimage\"},\"thumbnailUrl\":\"https:\/\/metaltale.com\/wp-content\/uploads\/2024\/02\/Juodas-YORK-2-dux161o-maix161ytuvas-2.webp\",\"datePublished\":\"2024-02-13T13:33:05+00:00\",\"breadcrumb\":{\"@id\":\"https:\/\/metaltale.com\/lv\/produkts\/antikais-dusas-krans-flower-melns\/#breadcrumb\"},\"inLanguage\":\"lv-LV\",\"potentialAction\":[{\"@type\":\"ReadAction\",\"target\":[\"https:\/\/metaltale.com\/lv\/produkts\/antikais-dusas-krans-flower-melns\/\"]}]},{\"@type\":\"ImageObject\",\"inLanguage\":\"lv-LV\",\"@id\":\"https:\/\/metaltale.com\/lv\/produkts\/antikais-dusas-krans-flower-melns\/#primaryimage\",\"url\":\"https:\/\/metaltale.com\/wp-content\/uploads\/2024\/02\/Juodas-YORK-2-dux161o-maix161ytuvas-2.webp\",\"contentUrl\":\"https:\/\/metaltale.com\/wp-content\/uploads\/2024\/02\/Juodas-YORK-2-dux161o-maix161ytuvas-2.webp\",\"width\":800,\"height\":800,\"caption\":\"Antikvarinis du\u0161o mai\u0161ytuvas FLOWER, juodas\"},{\"@type\":\"BreadcrumbList\",\"@id\":\"https:\/\/metaltale.com\/lv\/produkts\/antikais-dusas-krans-flower-melns\/#breadcrumb\",\"itemListElement\":[{\"@type\":\"ListItem\",\"position\":1,\"name\":\"Home\",\"item\":\"https:\/\/metaltale.com\/lv\/majas\/\"},{\"@type\":\"ListItem\",\"position\":2,\"name\":\"Veikals\",\"item\":\"https:\/\/metaltale.com\/lv\/shop\/\"},{\"@type\":\"ListItem\",\"position\":3,\"name\":\"Ant\u012bkais du\u0161as kr\u0101ns FLOWER, melns\"}]},{\"@type\":\"WebSite\",\"@id\":\"https:\/\/metaltale.com\/lv\/#website\",\"url\":\"https:\/\/metaltale.com\/lv\/\",\"name\":\"Metaltale.com\",\"description\":\"\",\"potentialAction\":[{\"@type\":\"SearchAction\",\"target\":{\"@type\":\"EntryPoint\",\"urlTemplate\":\"https:\/\/metaltale.com\/lv\/?s={search_term_string}\"},\"query-input\":{\"@type\":\"PropertyValueSpecification\",\"valueRequired\":true,\"valueName\":\"search_term_string\"}}],\"inLanguage\":\"lv-LV\"}]}<\/script>\n<!-- \/ Yoast SEO plugin. -->","yoast_head_json":{"title":"Ant\u012bkais du\u0161as kr\u0101ns FLOWER, melns - MetalTale.com","robots":{"index":"index","follow":"follow","max-snippet":"max-snippet:-1","max-image-preview":"max-image-preview:large","max-video-preview":"max-video-preview:-1"},"canonical":"https:\/\/metaltale.com\/lv\/produkts\/antikais-dusas-krans-flower-melns\/","og_locale":"lv_LV","og_type":"article","og_title":"Ant\u012bkais du\u0161as kr\u0101ns FLOWER, melns - MetalTale.com","og_description":"Modelis WX.XT352-BLA Materi\u0101ls Misi\u0146\u0161 Kop\u0113jais augstums (cm ) 130 Kop\u0113jais platums (cm ) 21 Du\u0161as galvas diametrs (cm ) 5","og_url":"https:\/\/metaltale.com\/lv\/produkts\/antikais-dusas-krans-flower-melns\/","og_site_name":"MetalTale.com","og_image":[{"width":800,"height":800,"url":"http:\/\/metaltale.com\/wp-content\/uploads\/2024\/02\/Juodas-YORK-2-dux161o-maix161ytuvas-2.webp","type":"image\/webp"}],"twitter_card":"summary_large_image","twitter_misc":{"Est. reading time":"1 minute"},"schema":{"@context":"https:\/\/schema.org","@graph":[{"@type":"WebPage","@id":"https:\/\/metaltale.com\/lv\/produkts\/antikais-dusas-krans-flower-melns\/","url":"https:\/\/metaltale.com\/lv\/produkts\/antikais-dusas-krans-flower-melns\/","name":"Ant\u012bkais du\u0161as kr\u0101ns FLOWER, melns - MetalTale.com","isPartOf":{"@id":"https:\/\/metaltale.com\/lv\/#website"},"primaryImageOfPage":{"@id":"https:\/\/metaltale.com\/lv\/produkts\/antikais-dusas-krans-flower-melns\/#primaryimage"},"image":{"@id":"https:\/\/metaltale.com\/lv\/produkts\/antikais-dusas-krans-flower-melns\/#primaryimage"},"thumbnailUrl":"https:\/\/metaltale.com\/wp-content\/uploads\/2024\/02\/Juodas-YORK-2-dux161o-maix161ytuvas-2.webp","datePublished":"2024-02-13T13:33:05+00:00","breadcrumb":{"@id":"https:\/\/metaltale.com\/lv\/produkts\/antikais-dusas-krans-flower-melns\/#breadcrumb"},"inLanguage":"lv-LV","potentialAction":[{"@type":"ReadAction","target":["https:\/\/metaltale.com\/lv\/produkts\/antikais-dusas-krans-flower-melns\/"]}]},{"@type":"ImageObject","inLanguage":"lv-LV","@id":"https:\/\/metaltale.com\/lv\/produkts\/antikais-dusas-krans-flower-melns\/#primaryimage","url":"https:\/\/metaltale.com\/wp-content\/uploads\/2024\/02\/Juodas-YORK-2-dux161o-maix161ytuvas-2.webp","contentUrl":"https:\/\/metaltale.com\/wp-content\/uploads\/2024\/02\/Juodas-YORK-2-dux161o-maix161ytuvas-2.webp","width":800,"height":800,"caption":"Antikvarinis du\u0161o mai\u0161ytuvas FLOWER, juodas"},{"@type":"BreadcrumbList","@id":"https:\/\/metaltale.com\/lv\/produkts\/antikais-dusas-krans-flower-melns\/#breadcrumb","itemListElement":[{"@type":"ListItem","position":1,"name":"Home","item":"https:\/\/metaltale.com\/lv\/majas\/"},{"@type":"ListItem","position":2,"name":"Veikals","item":"https:\/\/metaltale.com\/lv\/shop\/"},{"@type":"ListItem","position":3,"name":"Ant\u012bkais du\u0161as kr\u0101ns FLOWER, melns"}]},{"@type":"WebSite","@id":"https:\/\/metaltale.com\/lv\/#website","url":"https:\/\/metaltale.com\/lv\/","name":"Metaltale.com","description":"","potentialAction":[{"@type":"SearchAction","target":{"@type":"EntryPoint","urlTemplate":"https:\/\/metaltale.com\/lv\/?s={search_term_string}"},"query-input":{"@type":"PropertyValueSpecification","valueRequired":true,"valueName":"search_term_string"}}],"inLanguage":"lv-LV"}]}},"_links":{"self":[{"href":"https:\/\/metaltale.com\/lv\/wp-json\/wp\/v2\/product\/133057","targetHints":{"allow":["GET"]}}],"collection":[{"href":"https:\/\/metaltale.com\/lv\/wp-json\/wp\/v2\/product"}],"about":[{"href":"https:\/\/metaltale.com\/lv\/wp-json\/wp\/v2\/types\/product"}],"replies":[{"embeddable":true,"href":"https:\/\/metaltale.com\/lv\/wp-json\/wp\/v2\/comments?post=133057"}],"version-history":[{"count":0,"href":"https:\/\/metaltale.com\/lv\/wp-json\/wp\/v2\/product\/133057\/revisions"}],"wp:featuredmedia":[{"embeddable":true,"href":"https:\/\/metaltale.com\/lv\/wp-json\/wp\/v2\/media\/143035"}],"wp:attachment":[{"href":"https:\/\/metaltale.com\/lv\/wp-json\/wp\/v2\/media?parent=133057"}],"wp:term":[{"taxonomy":"product_brand","embeddable":true,"href":"https:\/\/metaltale.com\/lv\/wp-json\/wp\/v2\/product_brand?post=133057"},{"taxonomy":"product_cat","embeddable":true,"href":"https:\/\/metaltale.com\/lv\/wp-json\/wp\/v2\/product_cat?post=133057"},{"taxonomy":"product_tag","embeddable":true,"href":"https:\/\/metaltale.com\/lv\/wp-json\/wp\/v2\/product_tag?post=133057"}],"curies":[{"name":"wp","href":"https:\/\/api.w.org\/{rel}","templated":true}]}}