{"id":133054,"date":"2024-02-13T15:33:05","date_gmt":"2024-02-13T13:33:05","guid":{"rendered":"https:\/\/metaltale.com\/produktas\/dusas-maisitajs-flower-antikais-misins\/"},"modified":"2024-02-13T15:33:05","modified_gmt":"2024-02-13T13:33:05","slug":"dusas-maisitajs-flower-antikais-misins","status":"publish","type":"product","link":"https:\/\/metaltale.com\/lv\/produkts\/dusas-maisitajs-flower-antikais-misins\/","title":{"rendered":"Du\u0161as mais\u012bt\u0101js FLOWER, ant\u012bkais misi\u0146\u0161"},"content":{"rendered":"<div class=\"prod_data\">\n<p><strong>Modelis<\/strong> WX.XT340-ANT<br \/>\nZiedu <strong>kolekcija<\/strong><br \/>\n<strong>Materi\u0101ls<\/strong> Misi\u0146\u0161<br \/>\n<strong>Kop\u0113jais augstums (cm<\/strong> ) 135<br \/>\n<strong>Kop\u0113j\u0101 projekcija (cm<\/strong> ) 26<br \/>\n<strong>Du\u0161as galvas diametrs (cm<\/strong> ) 7,5<br \/>\n<strong>Du\u0161as galvas garums (cm<\/strong> ) 27<br \/>\n<strong>Du\u0161as galvas diametrs (cm<\/strong> ) 21<br \/>\n<strong>\u0160\u013c\u016btenes garums (cm<\/strong> ) 150<br \/>\n<strong>Kr\u0101sa<\/strong> Ant\u012bkais misi\u0146\u0161<br \/>\n<strong>Apdares<\/strong> vaska <strong>apdare<\/strong> <\/p>\n<p>misi\u0146a du\u0161as mais\u012bt\u0101js<\/p>\n<p>Du\u0161as komplekts: vannas mais\u012bt\u0101js, rokas du\u0161a, lietus du\u0161a<\/p>\n<p>keramikas galva &#8211; elements, kas nodro\u0161ina pareizu \u016bdens sadali.<\/p>\n<p>Viegli t\u012br\u0101ms &#8211; ar siltu \u016bdeni un PH neitr\u0101l\u0101m ziep\u0113m.<\/p>\n<hr>\n<p>Novecoju\u0161ajam misi\u0146a du\u0161as mais\u012bt\u0101jam piem\u012bt neparasts \u0161arms. T\u0101 ziedu formas lietus du\u0161a ir gan funkcion\u0101la, gan est\u0113tiska. Tikpat apburo\u0161s ir ar\u012b pats rokas mais\u012bt\u0101js ar maigo zieda formu, kas tam pie\u0161\u0137ir unik\u0101lu izskatu. Dekorat\u012bv\u0101s rozetes ar\u012b pie\u0161\u0137ir eleganci, radot harmonisku un dizaina zi\u0146\u0101 harmonisku veselumu, kas izcels jebkuru vannas istabu. \u0160is dekorat\u012bvais du\u0161as komplekts lieliski izskat\u012bsies vintage un retro interjeros.<\/p>\n<\/div>\n","protected":false},"excerpt":{"rendered":"<p>Modelis WX.XT340-ANT Ziedu kolekcija Materi\u0101ls Misi\u0146\u0161 Kop\u0113jais augstums (cm ) 135 Kop\u0113j\u0101 projekcija (cm ) 26 Du\u0161as galvas diametrs (cm<\/p>\n","protected":false},"featured_media":117974,"comment_status":"open","ping_status":"closed","template":"","meta":{"_acf_changed":false,"pmpro_default_level":""},"product_brand":[],"product_cat":[24112,24073],"product_tag":[],"class_list":{"0":"post-133054","1":"product","2":"type-product","3":"status-publish","4":"has-post-thumbnail","6":"product_cat-dusas-maisitaji","7":"product_cat-vannas-istabas-krani","8":"pmpro-has-access","10":"first","11":"instock","12":"shipping-taxable","13":"purchasable","14":"product-type-simple"},"acf":[],"yoast_head":"<!-- This site is optimized with the Yoast SEO plugin v24.9 - https:\/\/yoast.com\/wordpress\/plugins\/seo\/ -->\n<title>Du\u0161as mais\u012bt\u0101js FLOWER, ant\u012bkais misi\u0146\u0161 - MetalTale.com<\/title>\n<meta name=\"robots\" content=\"index, follow, max-snippet:-1, max-image-preview:large, max-video-preview:-1\" \/>\n<link rel=\"canonical\" href=\"https:\/\/metaltale.com\/lv\/produkts\/dusas-maisitajs-flower-antikais-misins\/\" \/>\n<meta property=\"og:locale\" content=\"lv_LV\" \/>\n<meta property=\"og:type\" content=\"article\" \/>\n<meta property=\"og:title\" content=\"Du\u0161as mais\u012bt\u0101js FLOWER, ant\u012bkais misi\u0146\u0161 - MetalTale.com\" \/>\n<meta property=\"og:description\" content=\"Modelis WX.XT340-ANT Ziedu kolekcija Materi\u0101ls Misi\u0146\u0161 Kop\u0113jais augstums (cm ) 135 Kop\u0113j\u0101 projekcija (cm ) 26 Du\u0161as galvas diametrs (cm\" \/>\n<meta property=\"og:url\" content=\"https:\/\/metaltale.com\/lv\/produkts\/dusas-maisitajs-flower-antikais-misins\/\" \/>\n<meta property=\"og:site_name\" content=\"MetalTale.com\" \/>\n<meta property=\"og:image\" content=\"https:\/\/metaltale.com\/wp-content\/uploads\/2023\/12\/Dux161o-maix161ytuvas-Antikvarinis-x17Ealvaris-FLOWER.jpg\" \/>\n\t<meta property=\"og:image:width\" content=\"800\" \/>\n\t<meta property=\"og:image:height\" content=\"800\" \/>\n\t<meta property=\"og:image:type\" content=\"image\/jpeg\" \/>\n<meta name=\"twitter:card\" content=\"summary_large_image\" \/>\n<meta name=\"twitter:label1\" content=\"Est. reading time\" \/>\n\t<meta name=\"twitter:data1\" content=\"1 minute\" \/>\n<script type=\"application\/ld+json\" class=\"yoast-schema-graph\">{\"@context\":\"https:\/\/schema.org\",\"@graph\":[{\"@type\":\"WebPage\",\"@id\":\"https:\/\/metaltale.com\/lv\/produkts\/dusas-maisitajs-flower-antikais-misins\/\",\"url\":\"https:\/\/metaltale.com\/lv\/produkts\/dusas-maisitajs-flower-antikais-misins\/\",\"name\":\"Du\u0161as mais\u012bt\u0101js FLOWER, ant\u012bkais misi\u0146\u0161 - MetalTale.com\",\"isPartOf\":{\"@id\":\"https:\/\/metaltale.com\/lv\/#website\"},\"primaryImageOfPage\":{\"@id\":\"https:\/\/metaltale.com\/lv\/produkts\/dusas-maisitajs-flower-antikais-misins\/#primaryimage\"},\"image\":{\"@id\":\"https:\/\/metaltale.com\/lv\/produkts\/dusas-maisitajs-flower-antikais-misins\/#primaryimage\"},\"thumbnailUrl\":\"https:\/\/metaltale.com\/wp-content\/uploads\/2023\/12\/Dux161o-maix161ytuvas-Antikvarinis-x17Ealvaris-FLOWER.jpg\",\"datePublished\":\"2024-02-13T13:33:05+00:00\",\"breadcrumb\":{\"@id\":\"https:\/\/metaltale.com\/lv\/produkts\/dusas-maisitajs-flower-antikais-misins\/#breadcrumb\"},\"inLanguage\":\"lv-LV\",\"potentialAction\":[{\"@type\":\"ReadAction\",\"target\":[\"https:\/\/metaltale.com\/lv\/produkts\/dusas-maisitajs-flower-antikais-misins\/\"]}]},{\"@type\":\"ImageObject\",\"inLanguage\":\"lv-LV\",\"@id\":\"https:\/\/metaltale.com\/lv\/produkts\/dusas-maisitajs-flower-antikais-misins\/#primaryimage\",\"url\":\"https:\/\/metaltale.com\/wp-content\/uploads\/2023\/12\/Dux161o-maix161ytuvas-Antikvarinis-x17Ealvaris-FLOWER.jpg\",\"contentUrl\":\"https:\/\/metaltale.com\/wp-content\/uploads\/2023\/12\/Dux161o-maix161ytuvas-Antikvarinis-x17Ealvaris-FLOWER.jpg\",\"width\":800,\"height\":800,\"caption\":\"Du\u0161as mais\u012bt\u0101js FLOWER, ant\u012bkais misi\u0146\u0161\"},{\"@type\":\"BreadcrumbList\",\"@id\":\"https:\/\/metaltale.com\/lv\/produkts\/dusas-maisitajs-flower-antikais-misins\/#breadcrumb\",\"itemListElement\":[{\"@type\":\"ListItem\",\"position\":1,\"name\":\"Home\",\"item\":\"https:\/\/metaltale.com\/lv\/majas\/\"},{\"@type\":\"ListItem\",\"position\":2,\"name\":\"Veikals\",\"item\":\"https:\/\/metaltale.com\/lv\/shop\/\"},{\"@type\":\"ListItem\",\"position\":3,\"name\":\"Du\u0161as mais\u012bt\u0101js FLOWER, ant\u012bkais misi\u0146\u0161\"}]},{\"@type\":\"WebSite\",\"@id\":\"https:\/\/metaltale.com\/lv\/#website\",\"url\":\"https:\/\/metaltale.com\/lv\/\",\"name\":\"Metaltale.com\",\"description\":\"\",\"potentialAction\":[{\"@type\":\"SearchAction\",\"target\":{\"@type\":\"EntryPoint\",\"urlTemplate\":\"https:\/\/metaltale.com\/lv\/?s={search_term_string}\"},\"query-input\":{\"@type\":\"PropertyValueSpecification\",\"valueRequired\":true,\"valueName\":\"search_term_string\"}}],\"inLanguage\":\"lv-LV\"}]}<\/script>\n<!-- \/ Yoast SEO plugin. -->","yoast_head_json":{"title":"Du\u0161as mais\u012bt\u0101js FLOWER, ant\u012bkais misi\u0146\u0161 - MetalTale.com","robots":{"index":"index","follow":"follow","max-snippet":"max-snippet:-1","max-image-preview":"max-image-preview:large","max-video-preview":"max-video-preview:-1"},"canonical":"https:\/\/metaltale.com\/lv\/produkts\/dusas-maisitajs-flower-antikais-misins\/","og_locale":"lv_LV","og_type":"article","og_title":"Du\u0161as mais\u012bt\u0101js FLOWER, ant\u012bkais misi\u0146\u0161 - MetalTale.com","og_description":"Modelis WX.XT340-ANT Ziedu kolekcija Materi\u0101ls Misi\u0146\u0161 Kop\u0113jais augstums (cm ) 135 Kop\u0113j\u0101 projekcija (cm ) 26 Du\u0161as galvas diametrs (cm","og_url":"https:\/\/metaltale.com\/lv\/produkts\/dusas-maisitajs-flower-antikais-misins\/","og_site_name":"MetalTale.com","og_image":[{"width":800,"height":800,"url":"https:\/\/metaltale.com\/wp-content\/uploads\/2023\/12\/Dux161o-maix161ytuvas-Antikvarinis-x17Ealvaris-FLOWER.jpg","type":"image\/jpeg"}],"twitter_card":"summary_large_image","twitter_misc":{"Est. reading time":"1 minute"},"schema":{"@context":"https:\/\/schema.org","@graph":[{"@type":"WebPage","@id":"https:\/\/metaltale.com\/lv\/produkts\/dusas-maisitajs-flower-antikais-misins\/","url":"https:\/\/metaltale.com\/lv\/produkts\/dusas-maisitajs-flower-antikais-misins\/","name":"Du\u0161as mais\u012bt\u0101js FLOWER, ant\u012bkais misi\u0146\u0161 - MetalTale.com","isPartOf":{"@id":"https:\/\/metaltale.com\/lv\/#website"},"primaryImageOfPage":{"@id":"https:\/\/metaltale.com\/lv\/produkts\/dusas-maisitajs-flower-antikais-misins\/#primaryimage"},"image":{"@id":"https:\/\/metaltale.com\/lv\/produkts\/dusas-maisitajs-flower-antikais-misins\/#primaryimage"},"thumbnailUrl":"https:\/\/metaltale.com\/wp-content\/uploads\/2023\/12\/Dux161o-maix161ytuvas-Antikvarinis-x17Ealvaris-FLOWER.jpg","datePublished":"2024-02-13T13:33:05+00:00","breadcrumb":{"@id":"https:\/\/metaltale.com\/lv\/produkts\/dusas-maisitajs-flower-antikais-misins\/#breadcrumb"},"inLanguage":"lv-LV","potentialAction":[{"@type":"ReadAction","target":["https:\/\/metaltale.com\/lv\/produkts\/dusas-maisitajs-flower-antikais-misins\/"]}]},{"@type":"ImageObject","inLanguage":"lv-LV","@id":"https:\/\/metaltale.com\/lv\/produkts\/dusas-maisitajs-flower-antikais-misins\/#primaryimage","url":"https:\/\/metaltale.com\/wp-content\/uploads\/2023\/12\/Dux161o-maix161ytuvas-Antikvarinis-x17Ealvaris-FLOWER.jpg","contentUrl":"https:\/\/metaltale.com\/wp-content\/uploads\/2023\/12\/Dux161o-maix161ytuvas-Antikvarinis-x17Ealvaris-FLOWER.jpg","width":800,"height":800,"caption":"Du\u0161as mais\u012bt\u0101js FLOWER, ant\u012bkais misi\u0146\u0161"},{"@type":"BreadcrumbList","@id":"https:\/\/metaltale.com\/lv\/produkts\/dusas-maisitajs-flower-antikais-misins\/#breadcrumb","itemListElement":[{"@type":"ListItem","position":1,"name":"Home","item":"https:\/\/metaltale.com\/lv\/majas\/"},{"@type":"ListItem","position":2,"name":"Veikals","item":"https:\/\/metaltale.com\/lv\/shop\/"},{"@type":"ListItem","position":3,"name":"Du\u0161as mais\u012bt\u0101js FLOWER, ant\u012bkais misi\u0146\u0161"}]},{"@type":"WebSite","@id":"https:\/\/metaltale.com\/lv\/#website","url":"https:\/\/metaltale.com\/lv\/","name":"Metaltale.com","description":"","potentialAction":[{"@type":"SearchAction","target":{"@type":"EntryPoint","urlTemplate":"https:\/\/metaltale.com\/lv\/?s={search_term_string}"},"query-input":{"@type":"PropertyValueSpecification","valueRequired":true,"valueName":"search_term_string"}}],"inLanguage":"lv-LV"}]}},"_links":{"self":[{"href":"https:\/\/metaltale.com\/lv\/wp-json\/wp\/v2\/product\/133054","targetHints":{"allow":["GET"]}}],"collection":[{"href":"https:\/\/metaltale.com\/lv\/wp-json\/wp\/v2\/product"}],"about":[{"href":"https:\/\/metaltale.com\/lv\/wp-json\/wp\/v2\/types\/product"}],"replies":[{"embeddable":true,"href":"https:\/\/metaltale.com\/lv\/wp-json\/wp\/v2\/comments?post=133054"}],"version-history":[{"count":0,"href":"https:\/\/metaltale.com\/lv\/wp-json\/wp\/v2\/product\/133054\/revisions"}],"wp:featuredmedia":[{"embeddable":true,"href":"https:\/\/metaltale.com\/lv\/wp-json\/wp\/v2\/media\/117974"}],"wp:attachment":[{"href":"https:\/\/metaltale.com\/lv\/wp-json\/wp\/v2\/media?parent=133054"}],"wp:term":[{"taxonomy":"product_brand","embeddable":true,"href":"https:\/\/metaltale.com\/lv\/wp-json\/wp\/v2\/product_brand?post=133054"},{"taxonomy":"product_cat","embeddable":true,"href":"https:\/\/metaltale.com\/lv\/wp-json\/wp\/v2\/product_cat?post=133054"},{"taxonomy":"product_tag","embeddable":true,"href":"https:\/\/metaltale.com\/lv\/wp-json\/wp\/v2\/product_tag?post=133054"}],"curies":[{"name":"wp","href":"https:\/\/api.w.org\/{rel}","templated":true}]}}