{"id":133049,"date":"2024-02-13T15:33:05","date_gmt":"2024-02-13T13:33:05","guid":{"rendered":"https:\/\/metaltale.com\/produktas\/izlietnes-krans-melns-flower-melns\/"},"modified":"2024-02-13T15:33:05","modified_gmt":"2024-02-13T13:33:05","slug":"izlietnes-krans-melns-flower-melns","status":"publish","type":"product","link":"https:\/\/metaltale.com\/lv\/produkts\/izlietnes-krans-melns-flower-melns\/","title":{"rendered":"Izlietnes kr\u0101ns melns FLOWER, melns"},"content":{"rendered":"<div class=\"prod_data\">\n<p><strong>Modelis<\/strong> WX.XT931-BLA<br \/>\nZiedu <strong>kolekcija<\/strong><br \/>\n<strong>Izsmidzin\u0101t\u0101ja garums (cm<\/strong> ) 10<br \/>\n<strong>Augstums l\u012bdz iztekas augstumam (cm<\/strong> ) 8<br \/>\n<strong>Materi\u0101ls<\/strong> Misi\u0146\u0161<br \/>\n<strong>Kop\u0113jais augstums (cm<\/strong> ) 23,5<br \/>\n<strong>Kop\u0113jais diametrs (cm<\/strong> ) 5,5<br \/>\n<strong>Kop\u0113j\u0101 projekcija (cm<\/strong> ) 19<br \/>\n<strong>Perlators (aerators<\/strong> ) J\u0101<br \/>\n<strong>Rot\u0113jo\u0161s izsmidzin\u0101t\u0101js<\/strong> N\u0113<br \/>\nKr\u0101sa Melna<br \/>\n<strong>Apdare<\/strong> M\u012bksta, sat\u012bna efekts<br \/>\n<strong>Mais\u012bt\u0101ja tips<\/strong> Br\u012bvi st\u0101vo\u0161s<br \/>\n<strong>Papildus inform\u0101cija<\/strong> \u0160\u013c\u016btene M8x3\/8&#8243; kr\u0101na garums 50cm<\/p>\n<p>misi\u0146a past\u0101v\u012bgais mais\u012bt\u0101js<\/p>\n<p>fiks\u0113ts izpl\u016bdes<\/p>\n<p>keramikas galva &#8211; elements, kas nodro\u0161ina pareizu \u016bdens sadali.<\/p>\n<p>Aerators &#8211; \u016bdens pat\u0113ri\u0146a samazin\u0101\u0161anai<\/p>\n<p>visas uzst\u0101d\u012b\u0161anai nepiecie\u0161am\u0101s sast\u0101vda\u013cas (\u0161\u013c\u016btenes, galda skr\u016bve, skr\u016bvju bl\u012bves).<\/p>\n<p>viegla apkope &#8211; silts \u016bdens un PH neitr\u0101las ziepes.<\/p>\n<hr>\n<p>Elegantais melnais izlietnes mais\u012bt\u0101js ar smalku vara berz\u0113jumu ir ide\u0101li piem\u0113rots retro, vintage un grezn\u0101m tualet\u0113m un vannas istab\u0101m. Ori\u0123in\u0101lais \u0161tanc\u0113jums pie\u0161\u0137ir tai unik\u0101lu \u0161armu, vienlaikus izce\u013cot t\u0101s retro raksturu. \u016adens pl\u016bsma tiek regul\u0113ta ar \u0113rtu rokturi, ko rot\u0101 izliekts ornaments, kas pie\u0161\u0137ir dekorat\u012bvu izskatu un izce\u013c mais\u012bt\u0101ja stilu. Ar aeratoru un keramikas galvi\u0146u to ir viegli un pat\u012bkami lietot.<\/p>\n<\/div>\n","protected":false},"excerpt":{"rendered":"<p>Modelis WX.XT931-BLA Ziedu kolekcija Izsmidzin\u0101t\u0101ja garums (cm ) 10 Augstums l\u012bdz iztekas augstumam (cm ) 8 Materi\u0101ls Misi\u0146\u0161 Kop\u0113jais augstums<\/p>\n","protected":false},"featured_media":115691,"comment_status":"open","ping_status":"closed","template":"","meta":{"_acf_changed":false,"pmpro_default_level":""},"product_brand":[],"product_cat":[24094,24073],"product_tag":[],"class_list":{"0":"post-133049","1":"product","2":"type-product","3":"status-publish","4":"has-post-thumbnail","6":"product_cat-izlietnes-maisitaji","7":"product_cat-vannas-istabas-krani","8":"pmpro-has-access","10":"first","11":"instock","12":"shipping-taxable","13":"purchasable","14":"product-type-simple"},"acf":[],"yoast_head":"<!-- This site is optimized with the Yoast SEO plugin v24.9 - https:\/\/yoast.com\/wordpress\/plugins\/seo\/ -->\n<title>Izlietnes kr\u0101ns melns FLOWER, melns - MetalTale.com<\/title>\n<meta name=\"robots\" content=\"index, follow, max-snippet:-1, max-image-preview:large, max-video-preview:-1\" \/>\n<link rel=\"canonical\" href=\"https:\/\/metaltale.com\/lv\/produkts\/izlietnes-krans-melns-flower-melns\/\" \/>\n<meta property=\"og:locale\" content=\"lv_LV\" \/>\n<meta property=\"og:type\" content=\"article\" \/>\n<meta property=\"og:title\" content=\"Izlietnes kr\u0101ns melns FLOWER, melns - MetalTale.com\" \/>\n<meta property=\"og:description\" content=\"Modelis WX.XT931-BLA Ziedu kolekcija Izsmidzin\u0101t\u0101ja garums (cm ) 10 Augstums l\u012bdz iztekas augstumam (cm ) 8 Materi\u0101ls Misi\u0146\u0161 Kop\u0113jais augstums\" \/>\n<meta property=\"og:url\" content=\"https:\/\/metaltale.com\/lv\/produkts\/izlietnes-krans-melns-flower-melns\/\" \/>\n<meta property=\"og:site_name\" content=\"MetalTale.com\" \/>\n<meta property=\"og:image\" content=\"https:\/\/metaltale.com\/wp-content\/uploads\/2023\/11\/Stacionarus-praustuvo-x10Diaupas-juodas-FLOWER.jpg\" \/>\n\t<meta property=\"og:image:width\" content=\"800\" \/>\n\t<meta property=\"og:image:height\" content=\"800\" \/>\n\t<meta property=\"og:image:type\" content=\"image\/jpeg\" \/>\n<meta name=\"twitter:card\" content=\"summary_large_image\" \/>\n<meta name=\"twitter:label1\" content=\"Est. reading time\" \/>\n\t<meta name=\"twitter:data1\" content=\"1 minute\" \/>\n<script type=\"application\/ld+json\" class=\"yoast-schema-graph\">{\"@context\":\"https:\/\/schema.org\",\"@graph\":[{\"@type\":\"WebPage\",\"@id\":\"https:\/\/metaltale.com\/lv\/produkts\/izlietnes-krans-melns-flower-melns\/\",\"url\":\"https:\/\/metaltale.com\/lv\/produkts\/izlietnes-krans-melns-flower-melns\/\",\"name\":\"Izlietnes kr\u0101ns melns FLOWER, melns - MetalTale.com\",\"isPartOf\":{\"@id\":\"https:\/\/metaltale.com\/lv\/#website\"},\"primaryImageOfPage\":{\"@id\":\"https:\/\/metaltale.com\/lv\/produkts\/izlietnes-krans-melns-flower-melns\/#primaryimage\"},\"image\":{\"@id\":\"https:\/\/metaltale.com\/lv\/produkts\/izlietnes-krans-melns-flower-melns\/#primaryimage\"},\"thumbnailUrl\":\"https:\/\/metaltale.com\/wp-content\/uploads\/2023\/11\/Stacionarus-praustuvo-x10Diaupas-juodas-FLOWER.jpg\",\"datePublished\":\"2024-02-13T13:33:05+00:00\",\"breadcrumb\":{\"@id\":\"https:\/\/metaltale.com\/lv\/produkts\/izlietnes-krans-melns-flower-melns\/#breadcrumb\"},\"inLanguage\":\"lv-LV\",\"potentialAction\":[{\"@type\":\"ReadAction\",\"target\":[\"https:\/\/metaltale.com\/lv\/produkts\/izlietnes-krans-melns-flower-melns\/\"]}]},{\"@type\":\"ImageObject\",\"inLanguage\":\"lv-LV\",\"@id\":\"https:\/\/metaltale.com\/lv\/produkts\/izlietnes-krans-melns-flower-melns\/#primaryimage\",\"url\":\"https:\/\/metaltale.com\/wp-content\/uploads\/2023\/11\/Stacionarus-praustuvo-x10Diaupas-juodas-FLOWER.jpg\",\"contentUrl\":\"https:\/\/metaltale.com\/wp-content\/uploads\/2023\/11\/Stacionarus-praustuvo-x10Diaupas-juodas-FLOWER.jpg\",\"width\":800,\"height\":800,\"caption\":\"Izlietnes kr\u0101ns melns FLOWER, melns\"},{\"@type\":\"BreadcrumbList\",\"@id\":\"https:\/\/metaltale.com\/lv\/produkts\/izlietnes-krans-melns-flower-melns\/#breadcrumb\",\"itemListElement\":[{\"@type\":\"ListItem\",\"position\":1,\"name\":\"Home\",\"item\":\"https:\/\/metaltale.com\/lv\/majas\/\"},{\"@type\":\"ListItem\",\"position\":2,\"name\":\"Veikals\",\"item\":\"https:\/\/metaltale.com\/lv\/shop\/\"},{\"@type\":\"ListItem\",\"position\":3,\"name\":\"Izlietnes kr\u0101ns melns FLOWER, melns\"}]},{\"@type\":\"WebSite\",\"@id\":\"https:\/\/metaltale.com\/lv\/#website\",\"url\":\"https:\/\/metaltale.com\/lv\/\",\"name\":\"Metaltale.com\",\"description\":\"\",\"potentialAction\":[{\"@type\":\"SearchAction\",\"target\":{\"@type\":\"EntryPoint\",\"urlTemplate\":\"https:\/\/metaltale.com\/lv\/?s={search_term_string}\"},\"query-input\":{\"@type\":\"PropertyValueSpecification\",\"valueRequired\":true,\"valueName\":\"search_term_string\"}}],\"inLanguage\":\"lv-LV\"}]}<\/script>\n<!-- \/ Yoast SEO plugin. -->","yoast_head_json":{"title":"Izlietnes kr\u0101ns melns FLOWER, melns - MetalTale.com","robots":{"index":"index","follow":"follow","max-snippet":"max-snippet:-1","max-image-preview":"max-image-preview:large","max-video-preview":"max-video-preview:-1"},"canonical":"https:\/\/metaltale.com\/lv\/produkts\/izlietnes-krans-melns-flower-melns\/","og_locale":"lv_LV","og_type":"article","og_title":"Izlietnes kr\u0101ns melns FLOWER, melns - MetalTale.com","og_description":"Modelis WX.XT931-BLA Ziedu kolekcija Izsmidzin\u0101t\u0101ja garums (cm ) 10 Augstums l\u012bdz iztekas augstumam (cm ) 8 Materi\u0101ls Misi\u0146\u0161 Kop\u0113jais augstums","og_url":"https:\/\/metaltale.com\/lv\/produkts\/izlietnes-krans-melns-flower-melns\/","og_site_name":"MetalTale.com","og_image":[{"width":800,"height":800,"url":"https:\/\/metaltale.com\/wp-content\/uploads\/2023\/11\/Stacionarus-praustuvo-x10Diaupas-juodas-FLOWER.jpg","type":"image\/jpeg"}],"twitter_card":"summary_large_image","twitter_misc":{"Est. reading time":"1 minute"},"schema":{"@context":"https:\/\/schema.org","@graph":[{"@type":"WebPage","@id":"https:\/\/metaltale.com\/lv\/produkts\/izlietnes-krans-melns-flower-melns\/","url":"https:\/\/metaltale.com\/lv\/produkts\/izlietnes-krans-melns-flower-melns\/","name":"Izlietnes kr\u0101ns melns FLOWER, melns - MetalTale.com","isPartOf":{"@id":"https:\/\/metaltale.com\/lv\/#website"},"primaryImageOfPage":{"@id":"https:\/\/metaltale.com\/lv\/produkts\/izlietnes-krans-melns-flower-melns\/#primaryimage"},"image":{"@id":"https:\/\/metaltale.com\/lv\/produkts\/izlietnes-krans-melns-flower-melns\/#primaryimage"},"thumbnailUrl":"https:\/\/metaltale.com\/wp-content\/uploads\/2023\/11\/Stacionarus-praustuvo-x10Diaupas-juodas-FLOWER.jpg","datePublished":"2024-02-13T13:33:05+00:00","breadcrumb":{"@id":"https:\/\/metaltale.com\/lv\/produkts\/izlietnes-krans-melns-flower-melns\/#breadcrumb"},"inLanguage":"lv-LV","potentialAction":[{"@type":"ReadAction","target":["https:\/\/metaltale.com\/lv\/produkts\/izlietnes-krans-melns-flower-melns\/"]}]},{"@type":"ImageObject","inLanguage":"lv-LV","@id":"https:\/\/metaltale.com\/lv\/produkts\/izlietnes-krans-melns-flower-melns\/#primaryimage","url":"https:\/\/metaltale.com\/wp-content\/uploads\/2023\/11\/Stacionarus-praustuvo-x10Diaupas-juodas-FLOWER.jpg","contentUrl":"https:\/\/metaltale.com\/wp-content\/uploads\/2023\/11\/Stacionarus-praustuvo-x10Diaupas-juodas-FLOWER.jpg","width":800,"height":800,"caption":"Izlietnes kr\u0101ns melns FLOWER, melns"},{"@type":"BreadcrumbList","@id":"https:\/\/metaltale.com\/lv\/produkts\/izlietnes-krans-melns-flower-melns\/#breadcrumb","itemListElement":[{"@type":"ListItem","position":1,"name":"Home","item":"https:\/\/metaltale.com\/lv\/majas\/"},{"@type":"ListItem","position":2,"name":"Veikals","item":"https:\/\/metaltale.com\/lv\/shop\/"},{"@type":"ListItem","position":3,"name":"Izlietnes kr\u0101ns melns FLOWER, melns"}]},{"@type":"WebSite","@id":"https:\/\/metaltale.com\/lv\/#website","url":"https:\/\/metaltale.com\/lv\/","name":"Metaltale.com","description":"","potentialAction":[{"@type":"SearchAction","target":{"@type":"EntryPoint","urlTemplate":"https:\/\/metaltale.com\/lv\/?s={search_term_string}"},"query-input":{"@type":"PropertyValueSpecification","valueRequired":true,"valueName":"search_term_string"}}],"inLanguage":"lv-LV"}]}},"_links":{"self":[{"href":"https:\/\/metaltale.com\/lv\/wp-json\/wp\/v2\/product\/133049","targetHints":{"allow":["GET"]}}],"collection":[{"href":"https:\/\/metaltale.com\/lv\/wp-json\/wp\/v2\/product"}],"about":[{"href":"https:\/\/metaltale.com\/lv\/wp-json\/wp\/v2\/types\/product"}],"replies":[{"embeddable":true,"href":"https:\/\/metaltale.com\/lv\/wp-json\/wp\/v2\/comments?post=133049"}],"version-history":[{"count":0,"href":"https:\/\/metaltale.com\/lv\/wp-json\/wp\/v2\/product\/133049\/revisions"}],"wp:featuredmedia":[{"embeddable":true,"href":"https:\/\/metaltale.com\/lv\/wp-json\/wp\/v2\/media\/115691"}],"wp:attachment":[{"href":"https:\/\/metaltale.com\/lv\/wp-json\/wp\/v2\/media?parent=133049"}],"wp:term":[{"taxonomy":"product_brand","embeddable":true,"href":"https:\/\/metaltale.com\/lv\/wp-json\/wp\/v2\/product_brand?post=133049"},{"taxonomy":"product_cat","embeddable":true,"href":"https:\/\/metaltale.com\/lv\/wp-json\/wp\/v2\/product_cat?post=133049"},{"taxonomy":"product_tag","embeddable":true,"href":"https:\/\/metaltale.com\/lv\/wp-json\/wp\/v2\/product_tag?post=133049"}],"curies":[{"name":"wp","href":"https:\/\/api.w.org\/{rel}","templated":true}]}}