{"id":133046,"date":"2024-02-13T15:33:05","date_gmt":"2024-02-13T13:33:05","guid":{"rendered":"https:\/\/metaltale.com\/produktas\/sienas-vannas-istabas-krans-clifden-zelta-krasa\/"},"modified":"2024-02-13T15:33:05","modified_gmt":"2024-02-13T13:33:05","slug":"sienas-vannas-istabas-krans-clifden-zelta-krasa","status":"publish","type":"product","link":"https:\/\/metaltale.com\/lv\/produkts\/sienas-vannas-istabas-krans-clifden-zelta-krasa\/","title":{"rendered":"Sienas vannas istabas kr\u0101ns CLIFDEN, zelta kr\u0101s\u0101"},"content":{"rendered":"<div class=\"prod_data\">\n<p><strong>Modelis<\/strong> WX.XT357-AZL<br \/>\n<strong>Izsmidzin\u0101t\u0101ja garums (cm<\/strong> ) 24,5<br \/>\n<strong>Materi\u0101ls<\/strong> Misi\u0146\u0161<br \/>\nKop\u0113jais augstums (cm ) 27<br \/>\n<strong>Kop\u0113jais platums (cm<\/strong> ) 20<br \/>\n<strong>Kop\u0113j\u0101 projekcija (cm<\/strong> ) 27<br \/>\n<strong>Du\u0161as galvas diametrs (cm<\/strong> ) 8<br \/>\n<strong>Du\u0161as galvas garums (cm<\/strong> ) 22<br \/>\n<strong>\u0160\u013c\u016btenes garums (cm<\/strong> ) 150<br \/>\n<strong>Rot\u0113jo\u0161s izsmidzin\u0101t\u0101js<\/strong> J\u0101<br \/>\nZelta <strong>kr\u0101sa<\/strong><br \/>\n<strong>Apdares<\/strong> sp\u012bdums<br \/>\n<strong>Jauc\u0113jkr\u0101na tips<\/strong> Pie sienas<\/p>\n<p>ner\u016bs\u0113jo\u0161\u0101 t\u0113rauda vannas istabas kr\u0101ns<\/p>\n<p>Komplekts: p\u0101rvietojams vannas izsmidzin\u0101t\u0101js, du\u0161as rokturis<\/p>\n<p>keramikas galva &#8211; elements, kas nodro\u0161ina pareizu \u016bdens sadali.<\/p>\n<p>&#8220;Anti-Calc&#8221; &#8211; sist\u0113ma, kas nov\u0113r\u0161 ka\u013c\u0137akmens nogulsnes uz du\u0161as roktura.<\/p>\n<hr>\n<p>Clifden vannas istabas mais\u012bt\u0101js apvieno m\u016bsdien\u012bgu stilu ar nelielu retro stila piesk\u0101rienu. Du\u0161as rokturim ir dekorat\u012bvs keramikas elements, k\u0101 ar\u012b nestandarta rokas du\u0161as forma. Turkl\u0101t vizu\u0101lo aspektu pasv\u012btro dekorat\u012bvo kr\u0101nu izmanto\u0161ana. Vannas istabas mais\u012bt\u0101ja apdare ir glanc\u0113t\u0101 ant\u012bk\u0101 zelta kr\u0101s\u0101, kas pie\u0161\u0137ir tam smalku, modernu raksturu.<\/p>\n<\/div>\n","protected":false},"excerpt":{"rendered":"<p>Modelis WX.XT357-AZL Izsmidzin\u0101t\u0101ja garums (cm ) 24,5 Materi\u0101ls Misi\u0146\u0161 Kop\u0113jais augstums (cm ) 27 Kop\u0113jais platums (cm ) 20 Kop\u0113j\u0101<\/p>\n","protected":false},"featured_media":117968,"comment_status":"open","ping_status":"closed","template":"","meta":{"_acf_changed":false,"pmpro_default_level":""},"product_brand":[],"product_cat":[24073,24086],"product_tag":[],"class_list":{"0":"post-133046","1":"product","2":"type-product","3":"status-publish","4":"has-post-thumbnail","6":"product_cat-vannas-istabas-krani","7":"product_cat-vannas-istabas-krani-lv","8":"pmpro-has-access","10":"first","11":"instock","12":"shipping-taxable","13":"purchasable","14":"product-type-simple"},"acf":[],"yoast_head":"<!-- This site is optimized with the Yoast SEO plugin v24.9 - https:\/\/yoast.com\/wordpress\/plugins\/seo\/ -->\n<title>Sienas vannas istabas kr\u0101ns CLIFDEN, zelta kr\u0101s\u0101 - MetalTale.com<\/title>\n<meta name=\"robots\" content=\"index, follow, max-snippet:-1, max-image-preview:large, max-video-preview:-1\" \/>\n<link rel=\"canonical\" href=\"https:\/\/metaltale.com\/lv\/produkts\/sienas-vannas-istabas-krans-clifden-zelta-krasa\/\" \/>\n<meta property=\"og:locale\" content=\"lv_LV\" \/>\n<meta property=\"og:type\" content=\"article\" \/>\n<meta property=\"og:title\" content=\"Sienas vannas istabas kr\u0101ns CLIFDEN, zelta kr\u0101s\u0101 - MetalTale.com\" \/>\n<meta property=\"og:description\" content=\"Modelis WX.XT357-AZL Izsmidzin\u0101t\u0101ja garums (cm ) 24,5 Materi\u0101ls Misi\u0146\u0161 Kop\u0113jais augstums (cm ) 27 Kop\u0113jais platums (cm ) 20 Kop\u0113j\u0101\" \/>\n<meta property=\"og:url\" content=\"https:\/\/metaltale.com\/lv\/produkts\/sienas-vannas-istabas-krans-clifden-zelta-krasa\/\" \/>\n<meta property=\"og:site_name\" content=\"MetalTale.com\" \/>\n<meta name=\"twitter:card\" content=\"summary_large_image\" \/>\n<meta name=\"twitter:label1\" content=\"Est. reading time\" \/>\n\t<meta name=\"twitter:data1\" content=\"1 minute\" \/>\n<script type=\"application\/ld+json\" class=\"yoast-schema-graph\">{\"@context\":\"https:\/\/schema.org\",\"@graph\":[{\"@type\":\"WebPage\",\"@id\":\"https:\/\/metaltale.com\/lv\/produkts\/sienas-vannas-istabas-krans-clifden-zelta-krasa\/\",\"url\":\"https:\/\/metaltale.com\/lv\/produkts\/sienas-vannas-istabas-krans-clifden-zelta-krasa\/\",\"name\":\"Sienas vannas istabas kr\u0101ns CLIFDEN, zelta kr\u0101s\u0101 - MetalTale.com\",\"isPartOf\":{\"@id\":\"https:\/\/metaltale.com\/lv\/#website\"},\"primaryImageOfPage\":{\"@id\":\"https:\/\/metaltale.com\/lv\/produkts\/sienas-vannas-istabas-krans-clifden-zelta-krasa\/#primaryimage\"},\"image\":{\"@id\":\"https:\/\/metaltale.com\/lv\/produkts\/sienas-vannas-istabas-krans-clifden-zelta-krasa\/#primaryimage\"},\"thumbnailUrl\":\"https:\/\/metaltale.com\/wp-content\/uploads\/2023\/12\/Sieninis-vonios-maix161ytuvas-auksinis-CLIFDEN.jpg\",\"datePublished\":\"2024-02-13T13:33:05+00:00\",\"breadcrumb\":{\"@id\":\"https:\/\/metaltale.com\/lv\/produkts\/sienas-vannas-istabas-krans-clifden-zelta-krasa\/#breadcrumb\"},\"inLanguage\":\"lv-LV\",\"potentialAction\":[{\"@type\":\"ReadAction\",\"target\":[\"https:\/\/metaltale.com\/lv\/produkts\/sienas-vannas-istabas-krans-clifden-zelta-krasa\/\"]}]},{\"@type\":\"ImageObject\",\"inLanguage\":\"lv-LV\",\"@id\":\"https:\/\/metaltale.com\/lv\/produkts\/sienas-vannas-istabas-krans-clifden-zelta-krasa\/#primaryimage\",\"url\":\"https:\/\/metaltale.com\/wp-content\/uploads\/2023\/12\/Sieninis-vonios-maix161ytuvas-auksinis-CLIFDEN.jpg\",\"contentUrl\":\"https:\/\/metaltale.com\/wp-content\/uploads\/2023\/12\/Sieninis-vonios-maix161ytuvas-auksinis-CLIFDEN.jpg\",\"width\":800,\"height\":800,\"caption\":\"Pie sienas stiprin\u0101ms vannas istabas kr\u0101ns CLIFDEN, zelta kr\u0101s\u0101\"},{\"@type\":\"BreadcrumbList\",\"@id\":\"https:\/\/metaltale.com\/lv\/produkts\/sienas-vannas-istabas-krans-clifden-zelta-krasa\/#breadcrumb\",\"itemListElement\":[{\"@type\":\"ListItem\",\"position\":1,\"name\":\"Home\",\"item\":\"https:\/\/metaltale.com\/lv\/majas\/\"},{\"@type\":\"ListItem\",\"position\":2,\"name\":\"Veikals\",\"item\":\"https:\/\/metaltale.com\/lv\/shop\/\"},{\"@type\":\"ListItem\",\"position\":3,\"name\":\"Sienas vannas istabas kr\u0101ns CLIFDEN, zelta kr\u0101s\u0101\"}]},{\"@type\":\"WebSite\",\"@id\":\"https:\/\/metaltale.com\/lv\/#website\",\"url\":\"https:\/\/metaltale.com\/lv\/\",\"name\":\"Metaltale.com\",\"description\":\"\",\"potentialAction\":[{\"@type\":\"SearchAction\",\"target\":{\"@type\":\"EntryPoint\",\"urlTemplate\":\"https:\/\/metaltale.com\/lv\/?s={search_term_string}\"},\"query-input\":{\"@type\":\"PropertyValueSpecification\",\"valueRequired\":true,\"valueName\":\"search_term_string\"}}],\"inLanguage\":\"lv-LV\"}]}<\/script>\n<!-- \/ Yoast SEO plugin. -->","yoast_head_json":{"title":"Sienas vannas istabas kr\u0101ns CLIFDEN, zelta kr\u0101s\u0101 - MetalTale.com","robots":{"index":"index","follow":"follow","max-snippet":"max-snippet:-1","max-image-preview":"max-image-preview:large","max-video-preview":"max-video-preview:-1"},"canonical":"https:\/\/metaltale.com\/lv\/produkts\/sienas-vannas-istabas-krans-clifden-zelta-krasa\/","og_locale":"lv_LV","og_type":"article","og_title":"Sienas vannas istabas kr\u0101ns CLIFDEN, zelta kr\u0101s\u0101 - MetalTale.com","og_description":"Modelis WX.XT357-AZL Izsmidzin\u0101t\u0101ja garums (cm ) 24,5 Materi\u0101ls Misi\u0146\u0161 Kop\u0113jais augstums (cm ) 27 Kop\u0113jais platums (cm ) 20 Kop\u0113j\u0101","og_url":"https:\/\/metaltale.com\/lv\/produkts\/sienas-vannas-istabas-krans-clifden-zelta-krasa\/","og_site_name":"MetalTale.com","twitter_card":"summary_large_image","twitter_misc":{"Est. reading time":"1 minute"},"schema":{"@context":"https:\/\/schema.org","@graph":[{"@type":"WebPage","@id":"https:\/\/metaltale.com\/lv\/produkts\/sienas-vannas-istabas-krans-clifden-zelta-krasa\/","url":"https:\/\/metaltale.com\/lv\/produkts\/sienas-vannas-istabas-krans-clifden-zelta-krasa\/","name":"Sienas vannas istabas kr\u0101ns CLIFDEN, zelta kr\u0101s\u0101 - MetalTale.com","isPartOf":{"@id":"https:\/\/metaltale.com\/lv\/#website"},"primaryImageOfPage":{"@id":"https:\/\/metaltale.com\/lv\/produkts\/sienas-vannas-istabas-krans-clifden-zelta-krasa\/#primaryimage"},"image":{"@id":"https:\/\/metaltale.com\/lv\/produkts\/sienas-vannas-istabas-krans-clifden-zelta-krasa\/#primaryimage"},"thumbnailUrl":"https:\/\/metaltale.com\/wp-content\/uploads\/2023\/12\/Sieninis-vonios-maix161ytuvas-auksinis-CLIFDEN.jpg","datePublished":"2024-02-13T13:33:05+00:00","breadcrumb":{"@id":"https:\/\/metaltale.com\/lv\/produkts\/sienas-vannas-istabas-krans-clifden-zelta-krasa\/#breadcrumb"},"inLanguage":"lv-LV","potentialAction":[{"@type":"ReadAction","target":["https:\/\/metaltale.com\/lv\/produkts\/sienas-vannas-istabas-krans-clifden-zelta-krasa\/"]}]},{"@type":"ImageObject","inLanguage":"lv-LV","@id":"https:\/\/metaltale.com\/lv\/produkts\/sienas-vannas-istabas-krans-clifden-zelta-krasa\/#primaryimage","url":"https:\/\/metaltale.com\/wp-content\/uploads\/2023\/12\/Sieninis-vonios-maix161ytuvas-auksinis-CLIFDEN.jpg","contentUrl":"https:\/\/metaltale.com\/wp-content\/uploads\/2023\/12\/Sieninis-vonios-maix161ytuvas-auksinis-CLIFDEN.jpg","width":800,"height":800,"caption":"Pie sienas stiprin\u0101ms vannas istabas kr\u0101ns CLIFDEN, zelta kr\u0101s\u0101"},{"@type":"BreadcrumbList","@id":"https:\/\/metaltale.com\/lv\/produkts\/sienas-vannas-istabas-krans-clifden-zelta-krasa\/#breadcrumb","itemListElement":[{"@type":"ListItem","position":1,"name":"Home","item":"https:\/\/metaltale.com\/lv\/majas\/"},{"@type":"ListItem","position":2,"name":"Veikals","item":"https:\/\/metaltale.com\/lv\/shop\/"},{"@type":"ListItem","position":3,"name":"Sienas vannas istabas kr\u0101ns CLIFDEN, zelta kr\u0101s\u0101"}]},{"@type":"WebSite","@id":"https:\/\/metaltale.com\/lv\/#website","url":"https:\/\/metaltale.com\/lv\/","name":"Metaltale.com","description":"","potentialAction":[{"@type":"SearchAction","target":{"@type":"EntryPoint","urlTemplate":"https:\/\/metaltale.com\/lv\/?s={search_term_string}"},"query-input":{"@type":"PropertyValueSpecification","valueRequired":true,"valueName":"search_term_string"}}],"inLanguage":"lv-LV"}]}},"_links":{"self":[{"href":"https:\/\/metaltale.com\/lv\/wp-json\/wp\/v2\/product\/133046","targetHints":{"allow":["GET"]}}],"collection":[{"href":"https:\/\/metaltale.com\/lv\/wp-json\/wp\/v2\/product"}],"about":[{"href":"https:\/\/metaltale.com\/lv\/wp-json\/wp\/v2\/types\/product"}],"replies":[{"embeddable":true,"href":"https:\/\/metaltale.com\/lv\/wp-json\/wp\/v2\/comments?post=133046"}],"version-history":[{"count":0,"href":"https:\/\/metaltale.com\/lv\/wp-json\/wp\/v2\/product\/133046\/revisions"}],"wp:featuredmedia":[{"embeddable":true,"href":"https:\/\/metaltale.com\/lv\/wp-json\/wp\/v2\/media\/117968"}],"wp:attachment":[{"href":"https:\/\/metaltale.com\/lv\/wp-json\/wp\/v2\/media?parent=133046"}],"wp:term":[{"taxonomy":"product_brand","embeddable":true,"href":"https:\/\/metaltale.com\/lv\/wp-json\/wp\/v2\/product_brand?post=133046"},{"taxonomy":"product_cat","embeddable":true,"href":"https:\/\/metaltale.com\/lv\/wp-json\/wp\/v2\/product_cat?post=133046"},{"taxonomy":"product_tag","embeddable":true,"href":"https:\/\/metaltale.com\/lv\/wp-json\/wp\/v2\/product_tag?post=133046"}],"curies":[{"name":"wp","href":"https:\/\/api.w.org\/{rel}","templated":true}]}}