{"id":133030,"date":"2024-02-13T15:33:05","date_gmt":"2024-02-13T13:33:05","guid":{"rendered":"https:\/\/metaltale.com\/produktas\/virtuves-krans-flower-antikais-misins\/"},"modified":"2024-02-13T15:33:05","modified_gmt":"2024-02-13T13:33:05","slug":"virtuves-krans-flower-antikais-misins","status":"publish","type":"product","link":"https:\/\/metaltale.com\/lv\/produkts\/virtuves-krans-flower-antikais-misins\/","title":{"rendered":"Virtuves kr\u0101ns FLOWER, ant\u012bkais misi\u0146\u0161"},"content":{"rendered":"<div class=\"prod_data\">\n<p><strong>Modelis<\/strong> WX.XT-25-ANT<br \/>\nZiedu <strong>kolekcija<\/strong><br \/>\n<strong>Izsmidzin\u0101t\u0101ja garums (cm<\/strong> ) 16<br \/>\n<strong>Augstums l\u012bdz izsmidzin\u0101t\u0101jam (cm<\/strong> ) 25<br \/>\n<strong>Materi\u0101ls<\/strong> Misi\u0146\u0161<br \/>\n<strong>Kop\u0113jais augstums (cm<\/strong> ) 31<br \/>\n<strong>Kop\u0113j\u0101 projekcija (cm<\/strong> ) 23<br \/>\n<strong>Pamatnes diametrs (cm)<\/strong> 5<br \/>\n<strong>Perlators (aerators<\/strong> ) J\u0101<br \/>\n<strong>Rot\u0113jo\u0161s izsmidzin\u0101t\u0101js<\/strong> J\u0101<br \/>\n<strong>Kr\u0101sa<\/strong> Ant\u012bkais misi\u0146\u0161<br \/>\n<strong>Apdare<\/strong> M\u012bksta, sat\u012bna efekts<\/p>\n<p>misi\u0146a past\u0101v\u012bgais mais\u012bt\u0101js<\/p>\n<p>groz\u0101ms izsmidzin\u0101t\u0101js<\/p>\n<p>keramikas galva &#8211; elements, kas nodro\u0161ina pareizu \u016bdens sadali.<\/p>\n<p>Aerators &#8211; \u016bdens pat\u0113ri\u0146a samazin\u0101\u0161anai<\/p>\n<p>viegla apkope &#8211; silts \u016bdens un PH neitr\u0101las ziepes.<\/p>\n<hr>\n<p>Retro stila galda mais\u012bt\u0101js ir \u012bsts m\u0101kslas \u0161edevrs, kas pasl\u0113pts virtuves jauc\u0113jkr\u0101n\u0101. Ant\u012bk\u0101 zelta galda mais\u012bt\u0101js ir pied\u0101v\u0101jums, kas ar elegantu izdevumu apburs lauku glam vai retro stila cien\u012bt\u0101jus. Smalkie rot\u0101jumi mais\u012bt\u0101ja apak\u0161\u0113j\u0101 da\u013c\u0101 izce\u013c t\u0101 unik\u0101lo est\u0113tiku. Pateicoties dekorat\u012bvajam izsmidzin\u0101t\u0101jam, misi\u0146a galda kr\u0101ns ir ne tikai funkcion\u0101ls virtuves interjera pied\u0101v\u0101jums, bet ar\u012b dekorat\u012bvs elements.<\/p>\n<\/div>\n","protected":false},"excerpt":{"rendered":"<p>Modelis WX.XT-25-ANT Ziedu kolekcija Izsmidzin\u0101t\u0101ja garums (cm ) 16 Augstums l\u012bdz izsmidzin\u0101t\u0101jam (cm ) 25 Materi\u0101ls Misi\u0146\u0161 Kop\u0113jais augstums (cm<\/p>\n","protected":false},"featured_media":115362,"comment_status":"open","ping_status":"closed","template":"","meta":{"_acf_changed":false,"pmpro_default_level":""},"product_brand":[],"product_cat":[24097,24096],"product_tag":[],"class_list":{"0":"post-133030","1":"product","2":"type-product","3":"status-publish","4":"has-post-thumbnail","6":"product_cat-brivi-stavosi-virtuves-maisitaji","7":"product_cat-virtuves-maisitaji","8":"pmpro-has-access","10":"first","11":"instock","12":"shipping-taxable","13":"purchasable","14":"product-type-simple"},"acf":[],"yoast_head":"<!-- This site is optimized with the Yoast SEO plugin v24.9 - https:\/\/yoast.com\/wordpress\/plugins\/seo\/ -->\n<title>Virtuves kr\u0101ns FLOWER, ant\u012bkais misi\u0146\u0161 - MetalTale.com<\/title>\n<meta name=\"robots\" content=\"index, follow, max-snippet:-1, max-image-preview:large, max-video-preview:-1\" \/>\n<link rel=\"canonical\" href=\"https:\/\/metaltale.com\/lv\/produkts\/virtuves-krans-flower-antikais-misins\/\" \/>\n<meta property=\"og:locale\" content=\"lv_LV\" \/>\n<meta property=\"og:type\" content=\"article\" \/>\n<meta property=\"og:title\" content=\"Virtuves kr\u0101ns FLOWER, ant\u012bkais misi\u0146\u0161 - MetalTale.com\" \/>\n<meta property=\"og:description\" content=\"Modelis WX.XT-25-ANT Ziedu kolekcija Izsmidzin\u0101t\u0101ja garums (cm ) 16 Augstums l\u012bdz izsmidzin\u0101t\u0101jam (cm ) 25 Materi\u0101ls Misi\u0146\u0161 Kop\u0113jais augstums (cm\" \/>\n<meta property=\"og:url\" content=\"https:\/\/metaltale.com\/lv\/produkts\/virtuves-krans-flower-antikais-misins\/\" \/>\n<meta property=\"og:site_name\" content=\"MetalTale.com\" \/>\n<meta name=\"twitter:card\" content=\"summary_large_image\" \/>\n<meta name=\"twitter:label1\" content=\"Est. reading time\" \/>\n\t<meta name=\"twitter:data1\" content=\"1 minute\" \/>\n<script type=\"application\/ld+json\" class=\"yoast-schema-graph\">{\"@context\":\"https:\/\/schema.org\",\"@graph\":[{\"@type\":\"WebPage\",\"@id\":\"https:\/\/metaltale.com\/lv\/produkts\/virtuves-krans-flower-antikais-misins\/\",\"url\":\"https:\/\/metaltale.com\/lv\/produkts\/virtuves-krans-flower-antikais-misins\/\",\"name\":\"Virtuves kr\u0101ns FLOWER, ant\u012bkais misi\u0146\u0161 - MetalTale.com\",\"isPartOf\":{\"@id\":\"https:\/\/metaltale.com\/lv\/#website\"},\"primaryImageOfPage\":{\"@id\":\"https:\/\/metaltale.com\/lv\/produkts\/virtuves-krans-flower-antikais-misins\/#primaryimage\"},\"image\":{\"@id\":\"https:\/\/metaltale.com\/lv\/produkts\/virtuves-krans-flower-antikais-misins\/#primaryimage\"},\"thumbnailUrl\":\"https:\/\/metaltale.com\/wp-content\/uploads\/2023\/11\/Virtuvx117s-maix161ytuvas-vertikalus-Antikvarinis-x17Ealvaris-FLOWER.jpg\",\"datePublished\":\"2024-02-13T13:33:05+00:00\",\"breadcrumb\":{\"@id\":\"https:\/\/metaltale.com\/lv\/produkts\/virtuves-krans-flower-antikais-misins\/#breadcrumb\"},\"inLanguage\":\"lv-LV\",\"potentialAction\":[{\"@type\":\"ReadAction\",\"target\":[\"https:\/\/metaltale.com\/lv\/produkts\/virtuves-krans-flower-antikais-misins\/\"]}]},{\"@type\":\"ImageObject\",\"inLanguage\":\"lv-LV\",\"@id\":\"https:\/\/metaltale.com\/lv\/produkts\/virtuves-krans-flower-antikais-misins\/#primaryimage\",\"url\":\"https:\/\/metaltale.com\/wp-content\/uploads\/2023\/11\/Virtuvx117s-maix161ytuvas-vertikalus-Antikvarinis-x17Ealvaris-FLOWER.jpg\",\"contentUrl\":\"https:\/\/metaltale.com\/wp-content\/uploads\/2023\/11\/Virtuvx117s-maix161ytuvas-vertikalus-Antikvarinis-x17Ealvaris-FLOWER.jpg\",\"width\":800,\"height\":800,\"caption\":\"Virtuves kr\u0101ns FLOWER, ant\u012bkais misi\u0146\u0161\"},{\"@type\":\"BreadcrumbList\",\"@id\":\"https:\/\/metaltale.com\/lv\/produkts\/virtuves-krans-flower-antikais-misins\/#breadcrumb\",\"itemListElement\":[{\"@type\":\"ListItem\",\"position\":1,\"name\":\"Home\",\"item\":\"https:\/\/metaltale.com\/lv\/majas\/\"},{\"@type\":\"ListItem\",\"position\":2,\"name\":\"Veikals\",\"item\":\"https:\/\/metaltale.com\/lv\/shop\/\"},{\"@type\":\"ListItem\",\"position\":3,\"name\":\"Virtuves kr\u0101ns FLOWER, ant\u012bkais misi\u0146\u0161\"}]},{\"@type\":\"WebSite\",\"@id\":\"https:\/\/metaltale.com\/lv\/#website\",\"url\":\"https:\/\/metaltale.com\/lv\/\",\"name\":\"Metaltale.com\",\"description\":\"\",\"potentialAction\":[{\"@type\":\"SearchAction\",\"target\":{\"@type\":\"EntryPoint\",\"urlTemplate\":\"https:\/\/metaltale.com\/lv\/?s={search_term_string}\"},\"query-input\":{\"@type\":\"PropertyValueSpecification\",\"valueRequired\":true,\"valueName\":\"search_term_string\"}}],\"inLanguage\":\"lv-LV\"}]}<\/script>\n<!-- \/ Yoast SEO plugin. -->","yoast_head_json":{"title":"Virtuves kr\u0101ns FLOWER, ant\u012bkais misi\u0146\u0161 - MetalTale.com","robots":{"index":"index","follow":"follow","max-snippet":"max-snippet:-1","max-image-preview":"max-image-preview:large","max-video-preview":"max-video-preview:-1"},"canonical":"https:\/\/metaltale.com\/lv\/produkts\/virtuves-krans-flower-antikais-misins\/","og_locale":"lv_LV","og_type":"article","og_title":"Virtuves kr\u0101ns FLOWER, ant\u012bkais misi\u0146\u0161 - MetalTale.com","og_description":"Modelis WX.XT-25-ANT Ziedu kolekcija Izsmidzin\u0101t\u0101ja garums (cm ) 16 Augstums l\u012bdz izsmidzin\u0101t\u0101jam (cm ) 25 Materi\u0101ls Misi\u0146\u0161 Kop\u0113jais augstums (cm","og_url":"https:\/\/metaltale.com\/lv\/produkts\/virtuves-krans-flower-antikais-misins\/","og_site_name":"MetalTale.com","twitter_card":"summary_large_image","twitter_misc":{"Est. reading time":"1 minute"},"schema":{"@context":"https:\/\/schema.org","@graph":[{"@type":"WebPage","@id":"https:\/\/metaltale.com\/lv\/produkts\/virtuves-krans-flower-antikais-misins\/","url":"https:\/\/metaltale.com\/lv\/produkts\/virtuves-krans-flower-antikais-misins\/","name":"Virtuves kr\u0101ns FLOWER, ant\u012bkais misi\u0146\u0161 - MetalTale.com","isPartOf":{"@id":"https:\/\/metaltale.com\/lv\/#website"},"primaryImageOfPage":{"@id":"https:\/\/metaltale.com\/lv\/produkts\/virtuves-krans-flower-antikais-misins\/#primaryimage"},"image":{"@id":"https:\/\/metaltale.com\/lv\/produkts\/virtuves-krans-flower-antikais-misins\/#primaryimage"},"thumbnailUrl":"https:\/\/metaltale.com\/wp-content\/uploads\/2023\/11\/Virtuvx117s-maix161ytuvas-vertikalus-Antikvarinis-x17Ealvaris-FLOWER.jpg","datePublished":"2024-02-13T13:33:05+00:00","breadcrumb":{"@id":"https:\/\/metaltale.com\/lv\/produkts\/virtuves-krans-flower-antikais-misins\/#breadcrumb"},"inLanguage":"lv-LV","potentialAction":[{"@type":"ReadAction","target":["https:\/\/metaltale.com\/lv\/produkts\/virtuves-krans-flower-antikais-misins\/"]}]},{"@type":"ImageObject","inLanguage":"lv-LV","@id":"https:\/\/metaltale.com\/lv\/produkts\/virtuves-krans-flower-antikais-misins\/#primaryimage","url":"https:\/\/metaltale.com\/wp-content\/uploads\/2023\/11\/Virtuvx117s-maix161ytuvas-vertikalus-Antikvarinis-x17Ealvaris-FLOWER.jpg","contentUrl":"https:\/\/metaltale.com\/wp-content\/uploads\/2023\/11\/Virtuvx117s-maix161ytuvas-vertikalus-Antikvarinis-x17Ealvaris-FLOWER.jpg","width":800,"height":800,"caption":"Virtuves kr\u0101ns FLOWER, ant\u012bkais misi\u0146\u0161"},{"@type":"BreadcrumbList","@id":"https:\/\/metaltale.com\/lv\/produkts\/virtuves-krans-flower-antikais-misins\/#breadcrumb","itemListElement":[{"@type":"ListItem","position":1,"name":"Home","item":"https:\/\/metaltale.com\/lv\/majas\/"},{"@type":"ListItem","position":2,"name":"Veikals","item":"https:\/\/metaltale.com\/lv\/shop\/"},{"@type":"ListItem","position":3,"name":"Virtuves kr\u0101ns FLOWER, ant\u012bkais misi\u0146\u0161"}]},{"@type":"WebSite","@id":"https:\/\/metaltale.com\/lv\/#website","url":"https:\/\/metaltale.com\/lv\/","name":"Metaltale.com","description":"","potentialAction":[{"@type":"SearchAction","target":{"@type":"EntryPoint","urlTemplate":"https:\/\/metaltale.com\/lv\/?s={search_term_string}"},"query-input":{"@type":"PropertyValueSpecification","valueRequired":true,"valueName":"search_term_string"}}],"inLanguage":"lv-LV"}]}},"_links":{"self":[{"href":"https:\/\/metaltale.com\/lv\/wp-json\/wp\/v2\/product\/133030","targetHints":{"allow":["GET"]}}],"collection":[{"href":"https:\/\/metaltale.com\/lv\/wp-json\/wp\/v2\/product"}],"about":[{"href":"https:\/\/metaltale.com\/lv\/wp-json\/wp\/v2\/types\/product"}],"replies":[{"embeddable":true,"href":"https:\/\/metaltale.com\/lv\/wp-json\/wp\/v2\/comments?post=133030"}],"version-history":[{"count":0,"href":"https:\/\/metaltale.com\/lv\/wp-json\/wp\/v2\/product\/133030\/revisions"}],"wp:featuredmedia":[{"embeddable":true,"href":"https:\/\/metaltale.com\/lv\/wp-json\/wp\/v2\/media\/115362"}],"wp:attachment":[{"href":"https:\/\/metaltale.com\/lv\/wp-json\/wp\/v2\/media?parent=133030"}],"wp:term":[{"taxonomy":"product_brand","embeddable":true,"href":"https:\/\/metaltale.com\/lv\/wp-json\/wp\/v2\/product_brand?post=133030"},{"taxonomy":"product_cat","embeddable":true,"href":"https:\/\/metaltale.com\/lv\/wp-json\/wp\/v2\/product_cat?post=133030"},{"taxonomy":"product_tag","embeddable":true,"href":"https:\/\/metaltale.com\/lv\/wp-json\/wp\/v2\/product_tag?post=133030"}],"curies":[{"name":"wp","href":"https:\/\/api.w.org\/{rel}","templated":true}]}}