{"id":133027,"date":"2024-02-13T15:33:05","date_gmt":"2024-02-13T13:33:05","guid":{"rendered":"https:\/\/metaltale.com\/produktas\/stacionarais-virtuves-krans-flower-melns\/"},"modified":"2024-02-13T15:33:05","modified_gmt":"2024-02-13T13:33:05","slug":"stacionarais-virtuves-krans-flower-melns","status":"publish","type":"product","link":"https:\/\/metaltale.com\/lv\/produkts\/stacionarais-virtuves-krans-flower-melns\/","title":{"rendered":"Stacion\u0101rais virtuves kr\u0101ns FLOWER, melns"},"content":{"rendered":"<div class=\"prod_data\">\n<p><strong>Modelis<\/strong> WX.XT-25-BLA<br \/>\nZiedu <strong>kolekcija<\/strong><br \/>\n<strong>Izsmidzin\u0101t\u0101ja garums (cm<\/strong> ) 16<br \/>\n<strong>Augstums l\u012bdz izsmidzin\u0101t\u0101jam (cm<\/strong> ) 25<br \/>\n<strong>Materi\u0101ls<\/strong> Misi\u0146\u0161<br \/>\n<strong>Kop\u0113jais augstums (cm<\/strong> ) 31<br \/>\n<strong>Kop\u0113j\u0101 projekcija (cm<\/strong> ) 23<br \/>\n<strong>Pamatnes diametrs (cm)<\/strong> 5<br \/>\n<strong>Perlators (aerators<\/strong> ) J\u0101<br \/>\n<strong>Rot\u0113jo\u0161s izsmidzin\u0101t\u0101js<\/strong> J\u0101<br \/>\nKr\u0101sa Melna<br \/>\n<strong>Apdare<\/strong> M\u012bksta, sat\u012bna efekts<\/p>\n<p>misi\u0146a past\u0101v\u012bgais mais\u012bt\u0101js<\/p>\n<p>groz\u0101ms izsmidzin\u0101t\u0101js<\/p>\n<p>keramikas galva &#8211; elements, kas nodro\u0161ina pareizu \u016bdens sadali.<\/p>\n<p>Aerators &#8211; \u016bdens pat\u0113ri\u0146a samazin\u0101\u0161anai<\/p>\n<p>viegla apkope &#8211; silts \u016bdens un PH neitr\u0101las ziepes.<\/p>\n<hr>\n<p>Ierosin\u0101tajam gr\u012bdas virtuves mais\u012bt\u0101jam ir \u013coti elegants dizains. T\u0101 profil\u0113tais izsmidzin\u0101t\u0101js lieliski sader ar gludo korpusa formu un smalko \u016bdens regul\u0113\u0161anas pogu. Mat\u0113ti meln\u0101 un smalka dekorat\u012bv\u0101 sl\u012bp\u0113juma kombin\u0101cija pie\u0161\u0137ir modelim izsmalcin\u0101tu klasi. Retro stila gr\u012bdas mais\u012bt\u0101js, kas saglab\u0101 pirms vair\u0101kiem gadu desmitiem vald\u012bju\u0161o atmosf\u0113ru un vienlaikus ir burv\u012bgs interjera dizaina elements.<\/p>\n<\/div>\n","protected":false},"excerpt":{"rendered":"<p>Modelis WX.XT-25-BLA Ziedu kolekcija Izsmidzin\u0101t\u0101ja garums (cm ) 16 Augstums l\u012bdz izsmidzin\u0101t\u0101jam (cm ) 25 Materi\u0101ls Misi\u0146\u0161 Kop\u0113jais augstums (cm<\/p>\n","protected":false},"featured_media":115415,"comment_status":"open","ping_status":"closed","template":"","meta":{"_acf_changed":false,"pmpro_default_level":""},"product_brand":[],"product_cat":[24097,24096],"product_tag":[],"class_list":{"0":"post-133027","1":"product","2":"type-product","3":"status-publish","4":"has-post-thumbnail","6":"product_cat-brivi-stavosi-virtuves-maisitaji","7":"product_cat-virtuves-maisitaji","8":"pmpro-has-access","10":"first","11":"instock","12":"shipping-taxable","13":"purchasable","14":"product-type-simple"},"acf":[],"yoast_head":"<!-- This site is optimized with the Yoast SEO plugin v24.9 - https:\/\/yoast.com\/wordpress\/plugins\/seo\/ -->\n<title>Stacion\u0101rais virtuves kr\u0101ns FLOWER, melns - MetalTale.com<\/title>\n<meta name=\"robots\" content=\"index, follow, max-snippet:-1, max-image-preview:large, max-video-preview:-1\" \/>\n<link rel=\"canonical\" href=\"https:\/\/metaltale.com\/lv\/produkts\/stacionarais-virtuves-krans-flower-melns\/\" \/>\n<meta property=\"og:locale\" content=\"lv_LV\" \/>\n<meta property=\"og:type\" content=\"article\" \/>\n<meta property=\"og:title\" content=\"Stacion\u0101rais virtuves kr\u0101ns FLOWER, melns - MetalTale.com\" \/>\n<meta property=\"og:description\" content=\"Modelis WX.XT-25-BLA Ziedu kolekcija Izsmidzin\u0101t\u0101ja garums (cm ) 16 Augstums l\u012bdz izsmidzin\u0101t\u0101jam (cm ) 25 Materi\u0101ls Misi\u0146\u0161 Kop\u0113jais augstums (cm\" \/>\n<meta property=\"og:url\" content=\"https:\/\/metaltale.com\/lv\/produkts\/stacionarais-virtuves-krans-flower-melns\/\" \/>\n<meta property=\"og:site_name\" content=\"MetalTale.com\" \/>\n<meta property=\"og:image\" content=\"https:\/\/metaltale.com\/wp-content\/uploads\/2023\/11\/Stacionarus-virtuvx117s-maix161ytuvas-juodas-FLOWER.jpg\" \/>\n\t<meta property=\"og:image:width\" content=\"800\" \/>\n\t<meta property=\"og:image:height\" content=\"800\" \/>\n\t<meta property=\"og:image:type\" content=\"image\/jpeg\" \/>\n<meta name=\"twitter:card\" content=\"summary_large_image\" \/>\n<meta name=\"twitter:label1\" content=\"Est. reading time\" \/>\n\t<meta name=\"twitter:data1\" content=\"1 minute\" \/>\n<script type=\"application\/ld+json\" class=\"yoast-schema-graph\">{\"@context\":\"https:\/\/schema.org\",\"@graph\":[{\"@type\":\"WebPage\",\"@id\":\"https:\/\/metaltale.com\/lv\/produkts\/stacionarais-virtuves-krans-flower-melns\/\",\"url\":\"https:\/\/metaltale.com\/lv\/produkts\/stacionarais-virtuves-krans-flower-melns\/\",\"name\":\"Stacion\u0101rais virtuves kr\u0101ns FLOWER, melns - MetalTale.com\",\"isPartOf\":{\"@id\":\"https:\/\/metaltale.com\/lv\/#website\"},\"primaryImageOfPage\":{\"@id\":\"https:\/\/metaltale.com\/lv\/produkts\/stacionarais-virtuves-krans-flower-melns\/#primaryimage\"},\"image\":{\"@id\":\"https:\/\/metaltale.com\/lv\/produkts\/stacionarais-virtuves-krans-flower-melns\/#primaryimage\"},\"thumbnailUrl\":\"https:\/\/metaltale.com\/wp-content\/uploads\/2023\/11\/Stacionarus-virtuvx117s-maix161ytuvas-juodas-FLOWER.jpg\",\"datePublished\":\"2024-02-13T13:33:05+00:00\",\"breadcrumb\":{\"@id\":\"https:\/\/metaltale.com\/lv\/produkts\/stacionarais-virtuves-krans-flower-melns\/#breadcrumb\"},\"inLanguage\":\"lv-LV\",\"potentialAction\":[{\"@type\":\"ReadAction\",\"target\":[\"https:\/\/metaltale.com\/lv\/produkts\/stacionarais-virtuves-krans-flower-melns\/\"]}]},{\"@type\":\"ImageObject\",\"inLanguage\":\"lv-LV\",\"@id\":\"https:\/\/metaltale.com\/lv\/produkts\/stacionarais-virtuves-krans-flower-melns\/#primaryimage\",\"url\":\"https:\/\/metaltale.com\/wp-content\/uploads\/2023\/11\/Stacionarus-virtuvx117s-maix161ytuvas-juodas-FLOWER.jpg\",\"contentUrl\":\"https:\/\/metaltale.com\/wp-content\/uploads\/2023\/11\/Stacionarus-virtuvx117s-maix161ytuvas-juodas-FLOWER.jpg\",\"width\":800,\"height\":800,\"caption\":\"Stacion\u0101rais virtuves kr\u0101ns FLOWER, melns\"},{\"@type\":\"BreadcrumbList\",\"@id\":\"https:\/\/metaltale.com\/lv\/produkts\/stacionarais-virtuves-krans-flower-melns\/#breadcrumb\",\"itemListElement\":[{\"@type\":\"ListItem\",\"position\":1,\"name\":\"Home\",\"item\":\"https:\/\/metaltale.com\/lv\/majas\/\"},{\"@type\":\"ListItem\",\"position\":2,\"name\":\"Veikals\",\"item\":\"https:\/\/metaltale.com\/lv\/shop\/\"},{\"@type\":\"ListItem\",\"position\":3,\"name\":\"Stacion\u0101rais virtuves kr\u0101ns FLOWER, melns\"}]},{\"@type\":\"WebSite\",\"@id\":\"https:\/\/metaltale.com\/lv\/#website\",\"url\":\"https:\/\/metaltale.com\/lv\/\",\"name\":\"Metaltale.com\",\"description\":\"\",\"potentialAction\":[{\"@type\":\"SearchAction\",\"target\":{\"@type\":\"EntryPoint\",\"urlTemplate\":\"https:\/\/metaltale.com\/lv\/?s={search_term_string}\"},\"query-input\":{\"@type\":\"PropertyValueSpecification\",\"valueRequired\":true,\"valueName\":\"search_term_string\"}}],\"inLanguage\":\"lv-LV\"}]}<\/script>\n<!-- \/ Yoast SEO plugin. -->","yoast_head_json":{"title":"Stacion\u0101rais virtuves kr\u0101ns FLOWER, melns - MetalTale.com","robots":{"index":"index","follow":"follow","max-snippet":"max-snippet:-1","max-image-preview":"max-image-preview:large","max-video-preview":"max-video-preview:-1"},"canonical":"https:\/\/metaltale.com\/lv\/produkts\/stacionarais-virtuves-krans-flower-melns\/","og_locale":"lv_LV","og_type":"article","og_title":"Stacion\u0101rais virtuves kr\u0101ns FLOWER, melns - MetalTale.com","og_description":"Modelis WX.XT-25-BLA Ziedu kolekcija Izsmidzin\u0101t\u0101ja garums (cm ) 16 Augstums l\u012bdz izsmidzin\u0101t\u0101jam (cm ) 25 Materi\u0101ls Misi\u0146\u0161 Kop\u0113jais augstums (cm","og_url":"https:\/\/metaltale.com\/lv\/produkts\/stacionarais-virtuves-krans-flower-melns\/","og_site_name":"MetalTale.com","og_image":[{"width":800,"height":800,"url":"https:\/\/metaltale.com\/wp-content\/uploads\/2023\/11\/Stacionarus-virtuvx117s-maix161ytuvas-juodas-FLOWER.jpg","type":"image\/jpeg"}],"twitter_card":"summary_large_image","twitter_misc":{"Est. reading time":"1 minute"},"schema":{"@context":"https:\/\/schema.org","@graph":[{"@type":"WebPage","@id":"https:\/\/metaltale.com\/lv\/produkts\/stacionarais-virtuves-krans-flower-melns\/","url":"https:\/\/metaltale.com\/lv\/produkts\/stacionarais-virtuves-krans-flower-melns\/","name":"Stacion\u0101rais virtuves kr\u0101ns FLOWER, melns - MetalTale.com","isPartOf":{"@id":"https:\/\/metaltale.com\/lv\/#website"},"primaryImageOfPage":{"@id":"https:\/\/metaltale.com\/lv\/produkts\/stacionarais-virtuves-krans-flower-melns\/#primaryimage"},"image":{"@id":"https:\/\/metaltale.com\/lv\/produkts\/stacionarais-virtuves-krans-flower-melns\/#primaryimage"},"thumbnailUrl":"https:\/\/metaltale.com\/wp-content\/uploads\/2023\/11\/Stacionarus-virtuvx117s-maix161ytuvas-juodas-FLOWER.jpg","datePublished":"2024-02-13T13:33:05+00:00","breadcrumb":{"@id":"https:\/\/metaltale.com\/lv\/produkts\/stacionarais-virtuves-krans-flower-melns\/#breadcrumb"},"inLanguage":"lv-LV","potentialAction":[{"@type":"ReadAction","target":["https:\/\/metaltale.com\/lv\/produkts\/stacionarais-virtuves-krans-flower-melns\/"]}]},{"@type":"ImageObject","inLanguage":"lv-LV","@id":"https:\/\/metaltale.com\/lv\/produkts\/stacionarais-virtuves-krans-flower-melns\/#primaryimage","url":"https:\/\/metaltale.com\/wp-content\/uploads\/2023\/11\/Stacionarus-virtuvx117s-maix161ytuvas-juodas-FLOWER.jpg","contentUrl":"https:\/\/metaltale.com\/wp-content\/uploads\/2023\/11\/Stacionarus-virtuvx117s-maix161ytuvas-juodas-FLOWER.jpg","width":800,"height":800,"caption":"Stacion\u0101rais virtuves kr\u0101ns FLOWER, melns"},{"@type":"BreadcrumbList","@id":"https:\/\/metaltale.com\/lv\/produkts\/stacionarais-virtuves-krans-flower-melns\/#breadcrumb","itemListElement":[{"@type":"ListItem","position":1,"name":"Home","item":"https:\/\/metaltale.com\/lv\/majas\/"},{"@type":"ListItem","position":2,"name":"Veikals","item":"https:\/\/metaltale.com\/lv\/shop\/"},{"@type":"ListItem","position":3,"name":"Stacion\u0101rais virtuves kr\u0101ns FLOWER, melns"}]},{"@type":"WebSite","@id":"https:\/\/metaltale.com\/lv\/#website","url":"https:\/\/metaltale.com\/lv\/","name":"Metaltale.com","description":"","potentialAction":[{"@type":"SearchAction","target":{"@type":"EntryPoint","urlTemplate":"https:\/\/metaltale.com\/lv\/?s={search_term_string}"},"query-input":{"@type":"PropertyValueSpecification","valueRequired":true,"valueName":"search_term_string"}}],"inLanguage":"lv-LV"}]}},"_links":{"self":[{"href":"https:\/\/metaltale.com\/lv\/wp-json\/wp\/v2\/product\/133027","targetHints":{"allow":["GET"]}}],"collection":[{"href":"https:\/\/metaltale.com\/lv\/wp-json\/wp\/v2\/product"}],"about":[{"href":"https:\/\/metaltale.com\/lv\/wp-json\/wp\/v2\/types\/product"}],"replies":[{"embeddable":true,"href":"https:\/\/metaltale.com\/lv\/wp-json\/wp\/v2\/comments?post=133027"}],"version-history":[{"count":0,"href":"https:\/\/metaltale.com\/lv\/wp-json\/wp\/v2\/product\/133027\/revisions"}],"wp:featuredmedia":[{"embeddable":true,"href":"https:\/\/metaltale.com\/lv\/wp-json\/wp\/v2\/media\/115415"}],"wp:attachment":[{"href":"https:\/\/metaltale.com\/lv\/wp-json\/wp\/v2\/media?parent=133027"}],"wp:term":[{"taxonomy":"product_brand","embeddable":true,"href":"https:\/\/metaltale.com\/lv\/wp-json\/wp\/v2\/product_brand?post=133027"},{"taxonomy":"product_cat","embeddable":true,"href":"https:\/\/metaltale.com\/lv\/wp-json\/wp\/v2\/product_cat?post=133027"},{"taxonomy":"product_tag","embeddable":true,"href":"https:\/\/metaltale.com\/lv\/wp-json\/wp\/v2\/product_tag?post=133027"}],"curies":[{"name":"wp","href":"https:\/\/api.w.org\/{rel}","templated":true}]}}