{"id":132995,"date":"2024-02-13T15:31:50","date_gmt":"2024-02-13T13:31:50","guid":{"rendered":"https:\/\/metaltale.com\/produktas\/dekorativa-metala-plaksne-bbq-master-chef\/"},"modified":"2024-02-13T15:31:50","modified_gmt":"2024-02-13T13:31:50","slug":"dekorativa-metala-plaksne-bbq-master-chef","status":"publish","type":"product","link":"https:\/\/metaltale.com\/lv\/produkts\/dekorativa-metala-plaksne-bbq-master-chef\/","title":{"rendered":"Dekorat\u012bva met\u0101la pl\u0101ksne BBQ MASTER CHEF"},"content":{"rendered":"<div class=\"prod_data\"><strong>Modelis<\/strong> IN.70072  <br \/><strong>EAN.<\/strong>  5907772076255  <br \/><strong>Platums (cm<\/strong> ) 20  <br \/><strong>Augstums (cm<\/strong> ) 30  <br \/><strong>Materi\u0101ls<\/strong> T\u0113rauds  <br \/><strong>Formas<\/strong> Taisnst\u016bra <strong>formas<\/strong>  <br \/><strong>Orient\u0101cija<\/strong> Vertik\u0101l\u0101  <br \/><strong>Istaba<\/strong> B\u0101rs, virtuve, restor\u0101ns  <br \/><strong>Motivs<\/strong> Humors, Citi  <\/p>\n<p>Taisnst\u016bra formas met\u0101la pl\u0101ksne, p\u0101rkl\u0101ta ar \u013coti nodilumiztur\u012bgu kr\u0101su un nodilumiztur\u012bgu laku. Katra deta\u013ca ir iet\u012bta aizsargpl\u0113v\u0113. Sienas dekoram ir retro stils, kas atspogu\u013cojas kr\u0101su izv\u0113l\u0113, vienk\u0101r\u0161\u0101 grafik\u0101 un berz\u0113. Galds ir piestiprin\u0101ts ar smalkiem caurumiem.<\/p>\n<p>Produktam ir vienk\u0101r\u0161a grafika un uzraksts &#8220;Backyard BBQ MAster Chef&#8221;.  <\/p>\n<p>Met\u0101la plak\u0101ts ir ori\u0123in\u0101la d\u0101vin\u0101juma ideja.<\/p>\n<\/div>\n","protected":false},"excerpt":{"rendered":"<p>Modelis IN.70072 EAN. 5907772076255 Platums (cm ) 20 Augstums (cm ) 30 Materi\u0101ls T\u0113rauds Formas Taisnst\u016bra formas Orient\u0101cija Vertik\u0101l\u0101 Istaba<\/p>\n","protected":false},"featured_media":111671,"comment_status":"open","ping_status":"closed","template":"","meta":{"_acf_changed":false,"pmpro_default_level":""},"product_brand":[],"product_cat":[24055],"product_tag":[],"class_list":{"0":"post-132995","1":"product","2":"type-product","3":"status-publish","4":"has-post-thumbnail","6":"product_cat-rotajumi","7":"pmpro-has-access","9":"first","10":"instock","11":"shipping-taxable","12":"purchasable","13":"product-type-simple"},"acf":[],"yoast_head":"<!-- This site is optimized with the Yoast SEO plugin v24.9 - https:\/\/yoast.com\/wordpress\/plugins\/seo\/ -->\n<title>Dekorat\u012bva met\u0101la pl\u0101ksne BBQ MASTER CHEF - MetalTale.com<\/title>\n<meta name=\"robots\" content=\"index, follow, max-snippet:-1, max-image-preview:large, max-video-preview:-1\" \/>\n<link rel=\"canonical\" href=\"https:\/\/metaltale.com\/lv\/produkts\/dekorativa-metala-plaksne-bbq-master-chef\/\" \/>\n<meta property=\"og:locale\" content=\"lv_LV\" \/>\n<meta property=\"og:type\" content=\"article\" \/>\n<meta property=\"og:title\" content=\"Dekorat\u012bva met\u0101la pl\u0101ksne BBQ MASTER CHEF - MetalTale.com\" \/>\n<meta property=\"og:description\" content=\"Modelis IN.70072 EAN. 5907772076255 Platums (cm ) 20 Augstums (cm ) 30 Materi\u0101ls T\u0113rauds Formas Taisnst\u016bra formas Orient\u0101cija Vertik\u0101l\u0101 Istaba\" \/>\n<meta property=\"og:url\" content=\"https:\/\/metaltale.com\/lv\/produkts\/dekorativa-metala-plaksne-bbq-master-chef\/\" \/>\n<meta property=\"og:site_name\" content=\"MetalTale.com\" \/>\n<meta name=\"twitter:card\" content=\"summary_large_image\" \/>\n<meta name=\"twitter:label1\" content=\"Est. reading time\" \/>\n\t<meta name=\"twitter:data1\" content=\"1 minute\" \/>\n<script type=\"application\/ld+json\" class=\"yoast-schema-graph\">{\"@context\":\"https:\/\/schema.org\",\"@graph\":[{\"@type\":\"WebPage\",\"@id\":\"https:\/\/metaltale.com\/lv\/produkts\/dekorativa-metala-plaksne-bbq-master-chef\/\",\"url\":\"https:\/\/metaltale.com\/lv\/produkts\/dekorativa-metala-plaksne-bbq-master-chef\/\",\"name\":\"Dekorat\u012bva met\u0101la pl\u0101ksne BBQ MASTER CHEF - MetalTale.com\",\"isPartOf\":{\"@id\":\"https:\/\/metaltale.com\/lv\/#website\"},\"primaryImageOfPage\":{\"@id\":\"https:\/\/metaltale.com\/lv\/produkts\/dekorativa-metala-plaksne-bbq-master-chef\/#primaryimage\"},\"image\":{\"@id\":\"https:\/\/metaltale.com\/lv\/produkts\/dekorativa-metala-plaksne-bbq-master-chef\/#primaryimage\"},\"thumbnailUrl\":\"https:\/\/metaltale.com\/wp-content\/uploads\/2023\/11\/Dekoratyvinx117-metalinx117-plokx161telx117-BBQ-MASTER-CHEF.jpg\",\"datePublished\":\"2024-02-13T13:31:50+00:00\",\"breadcrumb\":{\"@id\":\"https:\/\/metaltale.com\/lv\/produkts\/dekorativa-metala-plaksne-bbq-master-chef\/#breadcrumb\"},\"inLanguage\":\"lv-LV\",\"potentialAction\":[{\"@type\":\"ReadAction\",\"target\":[\"https:\/\/metaltale.com\/lv\/produkts\/dekorativa-metala-plaksne-bbq-master-chef\/\"]}]},{\"@type\":\"ImageObject\",\"inLanguage\":\"lv-LV\",\"@id\":\"https:\/\/metaltale.com\/lv\/produkts\/dekorativa-metala-plaksne-bbq-master-chef\/#primaryimage\",\"url\":\"https:\/\/metaltale.com\/wp-content\/uploads\/2023\/11\/Dekoratyvinx117-metalinx117-plokx161telx117-BBQ-MASTER-CHEF.jpg\",\"contentUrl\":\"https:\/\/metaltale.com\/wp-content\/uploads\/2023\/11\/Dekoratyvinx117-metalinx117-plokx161telx117-BBQ-MASTER-CHEF.jpg\",\"width\":800,\"height\":800},{\"@type\":\"BreadcrumbList\",\"@id\":\"https:\/\/metaltale.com\/lv\/produkts\/dekorativa-metala-plaksne-bbq-master-chef\/#breadcrumb\",\"itemListElement\":[{\"@type\":\"ListItem\",\"position\":1,\"name\":\"Home\",\"item\":\"https:\/\/metaltale.com\/lv\/majas\/\"},{\"@type\":\"ListItem\",\"position\":2,\"name\":\"Veikals\",\"item\":\"https:\/\/metaltale.com\/lv\/shop\/\"},{\"@type\":\"ListItem\",\"position\":3,\"name\":\"Dekorat\u012bva met\u0101la pl\u0101ksne BBQ MASTER CHEF\"}]},{\"@type\":\"WebSite\",\"@id\":\"https:\/\/metaltale.com\/lv\/#website\",\"url\":\"https:\/\/metaltale.com\/lv\/\",\"name\":\"Metaltale.com\",\"description\":\"\",\"potentialAction\":[{\"@type\":\"SearchAction\",\"target\":{\"@type\":\"EntryPoint\",\"urlTemplate\":\"https:\/\/metaltale.com\/lv\/?s={search_term_string}\"},\"query-input\":{\"@type\":\"PropertyValueSpecification\",\"valueRequired\":true,\"valueName\":\"search_term_string\"}}],\"inLanguage\":\"lv-LV\"}]}<\/script>\n<!-- \/ Yoast SEO plugin. -->","yoast_head_json":{"title":"Dekorat\u012bva met\u0101la pl\u0101ksne BBQ MASTER CHEF - MetalTale.com","robots":{"index":"index","follow":"follow","max-snippet":"max-snippet:-1","max-image-preview":"max-image-preview:large","max-video-preview":"max-video-preview:-1"},"canonical":"https:\/\/metaltale.com\/lv\/produkts\/dekorativa-metala-plaksne-bbq-master-chef\/","og_locale":"lv_LV","og_type":"article","og_title":"Dekorat\u012bva met\u0101la pl\u0101ksne BBQ MASTER CHEF - MetalTale.com","og_description":"Modelis IN.70072 EAN. 5907772076255 Platums (cm ) 20 Augstums (cm ) 30 Materi\u0101ls T\u0113rauds Formas Taisnst\u016bra formas Orient\u0101cija Vertik\u0101l\u0101 Istaba","og_url":"https:\/\/metaltale.com\/lv\/produkts\/dekorativa-metala-plaksne-bbq-master-chef\/","og_site_name":"MetalTale.com","twitter_card":"summary_large_image","twitter_misc":{"Est. reading time":"1 minute"},"schema":{"@context":"https:\/\/schema.org","@graph":[{"@type":"WebPage","@id":"https:\/\/metaltale.com\/lv\/produkts\/dekorativa-metala-plaksne-bbq-master-chef\/","url":"https:\/\/metaltale.com\/lv\/produkts\/dekorativa-metala-plaksne-bbq-master-chef\/","name":"Dekorat\u012bva met\u0101la pl\u0101ksne BBQ MASTER CHEF - MetalTale.com","isPartOf":{"@id":"https:\/\/metaltale.com\/lv\/#website"},"primaryImageOfPage":{"@id":"https:\/\/metaltale.com\/lv\/produkts\/dekorativa-metala-plaksne-bbq-master-chef\/#primaryimage"},"image":{"@id":"https:\/\/metaltale.com\/lv\/produkts\/dekorativa-metala-plaksne-bbq-master-chef\/#primaryimage"},"thumbnailUrl":"https:\/\/metaltale.com\/wp-content\/uploads\/2023\/11\/Dekoratyvinx117-metalinx117-plokx161telx117-BBQ-MASTER-CHEF.jpg","datePublished":"2024-02-13T13:31:50+00:00","breadcrumb":{"@id":"https:\/\/metaltale.com\/lv\/produkts\/dekorativa-metala-plaksne-bbq-master-chef\/#breadcrumb"},"inLanguage":"lv-LV","potentialAction":[{"@type":"ReadAction","target":["https:\/\/metaltale.com\/lv\/produkts\/dekorativa-metala-plaksne-bbq-master-chef\/"]}]},{"@type":"ImageObject","inLanguage":"lv-LV","@id":"https:\/\/metaltale.com\/lv\/produkts\/dekorativa-metala-plaksne-bbq-master-chef\/#primaryimage","url":"https:\/\/metaltale.com\/wp-content\/uploads\/2023\/11\/Dekoratyvinx117-metalinx117-plokx161telx117-BBQ-MASTER-CHEF.jpg","contentUrl":"https:\/\/metaltale.com\/wp-content\/uploads\/2023\/11\/Dekoratyvinx117-metalinx117-plokx161telx117-BBQ-MASTER-CHEF.jpg","width":800,"height":800},{"@type":"BreadcrumbList","@id":"https:\/\/metaltale.com\/lv\/produkts\/dekorativa-metala-plaksne-bbq-master-chef\/#breadcrumb","itemListElement":[{"@type":"ListItem","position":1,"name":"Home","item":"https:\/\/metaltale.com\/lv\/majas\/"},{"@type":"ListItem","position":2,"name":"Veikals","item":"https:\/\/metaltale.com\/lv\/shop\/"},{"@type":"ListItem","position":3,"name":"Dekorat\u012bva met\u0101la pl\u0101ksne BBQ MASTER CHEF"}]},{"@type":"WebSite","@id":"https:\/\/metaltale.com\/lv\/#website","url":"https:\/\/metaltale.com\/lv\/","name":"Metaltale.com","description":"","potentialAction":[{"@type":"SearchAction","target":{"@type":"EntryPoint","urlTemplate":"https:\/\/metaltale.com\/lv\/?s={search_term_string}"},"query-input":{"@type":"PropertyValueSpecification","valueRequired":true,"valueName":"search_term_string"}}],"inLanguage":"lv-LV"}]}},"_links":{"self":[{"href":"https:\/\/metaltale.com\/lv\/wp-json\/wp\/v2\/product\/132995","targetHints":{"allow":["GET"]}}],"collection":[{"href":"https:\/\/metaltale.com\/lv\/wp-json\/wp\/v2\/product"}],"about":[{"href":"https:\/\/metaltale.com\/lv\/wp-json\/wp\/v2\/types\/product"}],"replies":[{"embeddable":true,"href":"https:\/\/metaltale.com\/lv\/wp-json\/wp\/v2\/comments?post=132995"}],"version-history":[{"count":0,"href":"https:\/\/metaltale.com\/lv\/wp-json\/wp\/v2\/product\/132995\/revisions"}],"wp:featuredmedia":[{"embeddable":true,"href":"https:\/\/metaltale.com\/lv\/wp-json\/wp\/v2\/media\/111671"}],"wp:attachment":[{"href":"https:\/\/metaltale.com\/lv\/wp-json\/wp\/v2\/media?parent=132995"}],"wp:term":[{"taxonomy":"product_brand","embeddable":true,"href":"https:\/\/metaltale.com\/lv\/wp-json\/wp\/v2\/product_brand?post=132995"},{"taxonomy":"product_cat","embeddable":true,"href":"https:\/\/metaltale.com\/lv\/wp-json\/wp\/v2\/product_cat?post=132995"},{"taxonomy":"product_tag","embeddable":true,"href":"https:\/\/metaltale.com\/lv\/wp-json\/wp\/v2\/product_tag?post=132995"}],"curies":[{"name":"wp","href":"https:\/\/api.w.org\/{rel}","templated":true}]}}