{"id":132993,"date":"2024-02-13T15:31:50","date_gmt":"2024-02-13T13:31:50","guid":{"rendered":"https:\/\/metaltale.com\/produktas\/dekorativais-metala-galds-coffee-retro\/"},"modified":"2024-02-13T15:31:50","modified_gmt":"2024-02-13T13:31:50","slug":"dekorativais-metala-galds-coffee-retro","status":"publish","type":"product","link":"https:\/\/metaltale.com\/lv\/produkts\/dekorativais-metala-galds-coffee-retro\/","title":{"rendered":"Dekorat\u012bvais met\u0101la galds COFFEE RETRO"},"content":{"rendered":"<div class=\"prod_data\"><strong>Modelis<\/strong> IN.10246  <br \/><strong>EAN.<\/strong>  5907772077344  <br \/><strong>Platums (cm<\/strong> ) 20  <br \/><strong>Augstums (cm<\/strong> ) 30  <br \/><strong>Materi\u0101ls<\/strong> T\u0113rauds  <br \/><strong>Formas<\/strong> Taisnst\u016bra <strong>formas<\/strong>  <br \/><strong>Orient\u0101cija<\/strong> Vertik\u0101l\u0101  <br \/><strong>Telpu<\/strong> kafejn\u012bca, restor\u0101ns  <br \/><strong>Motivs<\/strong> Humors, dz\u0113rieni  <\/p>\n<p>Taisnst\u016bra formas met\u0101la galds ir p\u0101rkl\u0101ts ar \u013coti iztur\u012bgu kr\u0101su un laku, kas to aizsarg\u0101 pret nodilumu. Katra pl\u0101ksne ir iet\u012bta aizsargpl\u0113v\u0113 un nostiprin\u0101ta ar smalkiem caurumiem. Iev\u0113rojiet apzin\u0101tu berzi un citas noveco\u0161anas paz\u012bmes, kas rada unik\u0101lu retro stila sienas rot\u0101jumu.<\/p>\n<p>Uz produkta att\u0113lota sieviete ar kafijas tasi un uzrakstu &#8220;Coffee! Tu vari gul\u0113t, kad esi miris!&#8221;.  <\/p>\n<p>\u0160is met\u0101la sienas dekors ir ori\u0123in\u0101la d\u0101vin\u0101juma ideja, k\u0101 ar\u012b nepiespiests un rota\u013c\u012bgs dekorat\u012bvs elements kafejn\u012bc\u0101m.  <\/p>\n<\/div>\n","protected":false},"excerpt":{"rendered":"<p>Modelis IN.10246 EAN. 5907772077344 Platums (cm ) 20 Augstums (cm ) 30 Materi\u0101ls T\u0113rauds Formas Taisnst\u016bra formas Orient\u0101cija Vertik\u0101l\u0101 Telpu<\/p>\n","protected":false},"featured_media":111625,"comment_status":"open","ping_status":"closed","template":"","meta":{"_acf_changed":false,"pmpro_default_level":""},"product_brand":[],"product_cat":[24055],"product_tag":[],"class_list":{"0":"post-132993","1":"product","2":"type-product","3":"status-publish","4":"has-post-thumbnail","6":"product_cat-rotajumi","7":"pmpro-has-access","9":"first","10":"instock","11":"shipping-taxable","12":"purchasable","13":"product-type-simple"},"acf":[],"yoast_head":"<!-- This site is optimized with the Yoast SEO plugin v24.9 - https:\/\/yoast.com\/wordpress\/plugins\/seo\/ -->\n<title>Dekorat\u012bvais met\u0101la galds COFFEE RETRO - MetalTale.com<\/title>\n<meta name=\"robots\" content=\"index, follow, max-snippet:-1, max-image-preview:large, max-video-preview:-1\" \/>\n<link rel=\"canonical\" href=\"https:\/\/metaltale.com\/lv\/produkts\/dekorativais-metala-galds-coffee-retro\/\" \/>\n<meta property=\"og:locale\" content=\"lv_LV\" \/>\n<meta property=\"og:type\" content=\"article\" \/>\n<meta property=\"og:title\" content=\"Dekorat\u012bvais met\u0101la galds COFFEE RETRO - MetalTale.com\" \/>\n<meta property=\"og:description\" content=\"Modelis IN.10246 EAN. 5907772077344 Platums (cm ) 20 Augstums (cm ) 30 Materi\u0101ls T\u0113rauds Formas Taisnst\u016bra formas Orient\u0101cija Vertik\u0101l\u0101 Telpu\" \/>\n<meta property=\"og:url\" content=\"https:\/\/metaltale.com\/lv\/produkts\/dekorativais-metala-galds-coffee-retro\/\" \/>\n<meta property=\"og:site_name\" content=\"MetalTale.com\" \/>\n<meta name=\"twitter:card\" content=\"summary_large_image\" \/>\n<meta name=\"twitter:label1\" content=\"Est. reading time\" \/>\n\t<meta name=\"twitter:data1\" content=\"1 minute\" \/>\n<script type=\"application\/ld+json\" class=\"yoast-schema-graph\">{\"@context\":\"https:\/\/schema.org\",\"@graph\":[{\"@type\":\"WebPage\",\"@id\":\"https:\/\/metaltale.com\/lv\/produkts\/dekorativais-metala-galds-coffee-retro\/\",\"url\":\"https:\/\/metaltale.com\/lv\/produkts\/dekorativais-metala-galds-coffee-retro\/\",\"name\":\"Dekorat\u012bvais met\u0101la galds COFFEE RETRO - MetalTale.com\",\"isPartOf\":{\"@id\":\"https:\/\/metaltale.com\/lv\/#website\"},\"primaryImageOfPage\":{\"@id\":\"https:\/\/metaltale.com\/lv\/produkts\/dekorativais-metala-galds-coffee-retro\/#primaryimage\"},\"image\":{\"@id\":\"https:\/\/metaltale.com\/lv\/produkts\/dekorativais-metala-galds-coffee-retro\/#primaryimage\"},\"thumbnailUrl\":\"https:\/\/metaltale.com\/wp-content\/uploads\/2023\/11\/COFFEE-RETRO-dekoratyvinx117-metalinx117-lentelx117.jpg\",\"datePublished\":\"2024-02-13T13:31:50+00:00\",\"breadcrumb\":{\"@id\":\"https:\/\/metaltale.com\/lv\/produkts\/dekorativais-metala-galds-coffee-retro\/#breadcrumb\"},\"inLanguage\":\"lv-LV\",\"potentialAction\":[{\"@type\":\"ReadAction\",\"target\":[\"https:\/\/metaltale.com\/lv\/produkts\/dekorativais-metala-galds-coffee-retro\/\"]}]},{\"@type\":\"ImageObject\",\"inLanguage\":\"lv-LV\",\"@id\":\"https:\/\/metaltale.com\/lv\/produkts\/dekorativais-metala-galds-coffee-retro\/#primaryimage\",\"url\":\"https:\/\/metaltale.com\/wp-content\/uploads\/2023\/11\/COFFEE-RETRO-dekoratyvinx117-metalinx117-lentelx117.jpg\",\"contentUrl\":\"https:\/\/metaltale.com\/wp-content\/uploads\/2023\/11\/COFFEE-RETRO-dekoratyvinx117-metalinx117-lentelx117.jpg\",\"width\":800,\"height\":800},{\"@type\":\"BreadcrumbList\",\"@id\":\"https:\/\/metaltale.com\/lv\/produkts\/dekorativais-metala-galds-coffee-retro\/#breadcrumb\",\"itemListElement\":[{\"@type\":\"ListItem\",\"position\":1,\"name\":\"Home\",\"item\":\"https:\/\/metaltale.com\/lv\/majas\/\"},{\"@type\":\"ListItem\",\"position\":2,\"name\":\"Veikals\",\"item\":\"https:\/\/metaltale.com\/lv\/shop\/\"},{\"@type\":\"ListItem\",\"position\":3,\"name\":\"Dekorat\u012bvais met\u0101la galds COFFEE RETRO\"}]},{\"@type\":\"WebSite\",\"@id\":\"https:\/\/metaltale.com\/lv\/#website\",\"url\":\"https:\/\/metaltale.com\/lv\/\",\"name\":\"Metaltale.com\",\"description\":\"\",\"potentialAction\":[{\"@type\":\"SearchAction\",\"target\":{\"@type\":\"EntryPoint\",\"urlTemplate\":\"https:\/\/metaltale.com\/lv\/?s={search_term_string}\"},\"query-input\":{\"@type\":\"PropertyValueSpecification\",\"valueRequired\":true,\"valueName\":\"search_term_string\"}}],\"inLanguage\":\"lv-LV\"}]}<\/script>\n<!-- \/ Yoast SEO plugin. -->","yoast_head_json":{"title":"Dekorat\u012bvais met\u0101la galds COFFEE RETRO - MetalTale.com","robots":{"index":"index","follow":"follow","max-snippet":"max-snippet:-1","max-image-preview":"max-image-preview:large","max-video-preview":"max-video-preview:-1"},"canonical":"https:\/\/metaltale.com\/lv\/produkts\/dekorativais-metala-galds-coffee-retro\/","og_locale":"lv_LV","og_type":"article","og_title":"Dekorat\u012bvais met\u0101la galds COFFEE RETRO - MetalTale.com","og_description":"Modelis IN.10246 EAN. 5907772077344 Platums (cm ) 20 Augstums (cm ) 30 Materi\u0101ls T\u0113rauds Formas Taisnst\u016bra formas Orient\u0101cija Vertik\u0101l\u0101 Telpu","og_url":"https:\/\/metaltale.com\/lv\/produkts\/dekorativais-metala-galds-coffee-retro\/","og_site_name":"MetalTale.com","twitter_card":"summary_large_image","twitter_misc":{"Est. reading time":"1 minute"},"schema":{"@context":"https:\/\/schema.org","@graph":[{"@type":"WebPage","@id":"https:\/\/metaltale.com\/lv\/produkts\/dekorativais-metala-galds-coffee-retro\/","url":"https:\/\/metaltale.com\/lv\/produkts\/dekorativais-metala-galds-coffee-retro\/","name":"Dekorat\u012bvais met\u0101la galds COFFEE RETRO - MetalTale.com","isPartOf":{"@id":"https:\/\/metaltale.com\/lv\/#website"},"primaryImageOfPage":{"@id":"https:\/\/metaltale.com\/lv\/produkts\/dekorativais-metala-galds-coffee-retro\/#primaryimage"},"image":{"@id":"https:\/\/metaltale.com\/lv\/produkts\/dekorativais-metala-galds-coffee-retro\/#primaryimage"},"thumbnailUrl":"https:\/\/metaltale.com\/wp-content\/uploads\/2023\/11\/COFFEE-RETRO-dekoratyvinx117-metalinx117-lentelx117.jpg","datePublished":"2024-02-13T13:31:50+00:00","breadcrumb":{"@id":"https:\/\/metaltale.com\/lv\/produkts\/dekorativais-metala-galds-coffee-retro\/#breadcrumb"},"inLanguage":"lv-LV","potentialAction":[{"@type":"ReadAction","target":["https:\/\/metaltale.com\/lv\/produkts\/dekorativais-metala-galds-coffee-retro\/"]}]},{"@type":"ImageObject","inLanguage":"lv-LV","@id":"https:\/\/metaltale.com\/lv\/produkts\/dekorativais-metala-galds-coffee-retro\/#primaryimage","url":"https:\/\/metaltale.com\/wp-content\/uploads\/2023\/11\/COFFEE-RETRO-dekoratyvinx117-metalinx117-lentelx117.jpg","contentUrl":"https:\/\/metaltale.com\/wp-content\/uploads\/2023\/11\/COFFEE-RETRO-dekoratyvinx117-metalinx117-lentelx117.jpg","width":800,"height":800},{"@type":"BreadcrumbList","@id":"https:\/\/metaltale.com\/lv\/produkts\/dekorativais-metala-galds-coffee-retro\/#breadcrumb","itemListElement":[{"@type":"ListItem","position":1,"name":"Home","item":"https:\/\/metaltale.com\/lv\/majas\/"},{"@type":"ListItem","position":2,"name":"Veikals","item":"https:\/\/metaltale.com\/lv\/shop\/"},{"@type":"ListItem","position":3,"name":"Dekorat\u012bvais met\u0101la galds COFFEE RETRO"}]},{"@type":"WebSite","@id":"https:\/\/metaltale.com\/lv\/#website","url":"https:\/\/metaltale.com\/lv\/","name":"Metaltale.com","description":"","potentialAction":[{"@type":"SearchAction","target":{"@type":"EntryPoint","urlTemplate":"https:\/\/metaltale.com\/lv\/?s={search_term_string}"},"query-input":{"@type":"PropertyValueSpecification","valueRequired":true,"valueName":"search_term_string"}}],"inLanguage":"lv-LV"}]}},"_links":{"self":[{"href":"https:\/\/metaltale.com\/lv\/wp-json\/wp\/v2\/product\/132993","targetHints":{"allow":["GET"]}}],"collection":[{"href":"https:\/\/metaltale.com\/lv\/wp-json\/wp\/v2\/product"}],"about":[{"href":"https:\/\/metaltale.com\/lv\/wp-json\/wp\/v2\/types\/product"}],"replies":[{"embeddable":true,"href":"https:\/\/metaltale.com\/lv\/wp-json\/wp\/v2\/comments?post=132993"}],"version-history":[{"count":0,"href":"https:\/\/metaltale.com\/lv\/wp-json\/wp\/v2\/product\/132993\/revisions"}],"wp:featuredmedia":[{"embeddable":true,"href":"https:\/\/metaltale.com\/lv\/wp-json\/wp\/v2\/media\/111625"}],"wp:attachment":[{"href":"https:\/\/metaltale.com\/lv\/wp-json\/wp\/v2\/media?parent=132993"}],"wp:term":[{"taxonomy":"product_brand","embeddable":true,"href":"https:\/\/metaltale.com\/lv\/wp-json\/wp\/v2\/product_brand?post=132993"},{"taxonomy":"product_cat","embeddable":true,"href":"https:\/\/metaltale.com\/lv\/wp-json\/wp\/v2\/product_cat?post=132993"},{"taxonomy":"product_tag","embeddable":true,"href":"https:\/\/metaltale.com\/lv\/wp-json\/wp\/v2\/product_tag?post=132993"}],"curies":[{"name":"wp","href":"https:\/\/api.w.org\/{rel}","templated":true}]}}