{"id":132984,"date":"2024-02-13T15:31:50","date_gmt":"2024-02-13T13:31:50","guid":{"rendered":"https:\/\/metaltale.com\/produktas\/jim-beam-bourbon-dekorativa-metala-plaksnite\/"},"modified":"2024-02-13T15:31:50","modified_gmt":"2024-02-13T13:31:50","slug":"jim-beam-bourbon-dekorativa-metala-plaksnite","status":"publish","type":"product","link":"https:\/\/metaltale.com\/lv\/produkts\/jim-beam-bourbon-dekorativa-metala-plaksnite\/","title":{"rendered":"JIM BEAM BOURBON dekorat\u012bva met\u0101la pl\u0101ksn\u012bte"},"content":{"rendered":"<div class=\"prod_data\"><strong>Modelis<\/strong> IN.10032  <br \/><strong>EAN.<\/strong>  5907772078891  <br \/><strong>Platums (cm<\/strong> ) 20  <br \/><strong>Augstums (cm<\/strong> ) 30  <br \/><strong>Materi\u0101ls<\/strong> T\u0113rauds  <br \/><strong>Formas<\/strong> Taisnst\u016bra <strong>formas<\/strong>  <br \/><strong>Orient\u0101cija<\/strong> Vertik\u0101l\u0101  <br \/><strong>Istabas<\/strong> b\u0101rs  <br \/><strong>Motif<\/strong> dz\u0113rieni  <\/p>\n<p>Taisnst\u016bra formas met\u0101la pl\u0101ksne. Plak\u0101ts ir p\u0101rkl\u0101ts ar \u013coti nodilumiztur\u012bg\u0101m kr\u0101s\u0101m un aizsarg\u0101ts ar aizsarglaku. Katra deta\u013ca ir iet\u012bta aizsargpl\u0113v\u0113. Met\u0101la sienas dekors atg\u0101dina Jim Beam rekl\u0101mas plak\u0101tu. Daudzie nobr\u0101zumi liecina, ka rot\u0101jums ir sena rakstura. Galds ir nostiprin\u0101ts ar smalkiem caurumiem.<\/p>\n<p>Uz produkta ir att\u0113lota spirta r\u016bpn\u012bca, Jim Beam burbons ar z\u012bmola logotipu un uzrakstu &#8220;Bourbon since 1795&#8221;.  <\/p>\n<p>Met\u0101la sienas rot\u0101jums ir ori\u0123in\u0101la d\u0101vin\u0101juma ideja.<\/p>\n<\/div>\n","protected":false},"excerpt":{"rendered":"<p>Modelis IN.10032 EAN. 5907772078891 Platums (cm ) 20 Augstums (cm ) 30 Materi\u0101ls T\u0113rauds Formas Taisnst\u016bra formas Orient\u0101cija Vertik\u0101l\u0101 Istabas<\/p>\n","protected":false},"featured_media":111553,"comment_status":"open","ping_status":"closed","template":"","meta":{"_acf_changed":false,"pmpro_default_level":""},"product_brand":[],"product_cat":[24055],"product_tag":[],"class_list":{"0":"post-132984","1":"product","2":"type-product","3":"status-publish","4":"has-post-thumbnail","6":"product_cat-rotajumi","7":"pmpro-has-access","9":"first","10":"instock","11":"shipping-taxable","12":"purchasable","13":"product-type-simple"},"acf":[],"yoast_head":"<!-- This site is optimized with the Yoast SEO plugin v24.9 - https:\/\/yoast.com\/wordpress\/plugins\/seo\/ -->\n<title>JIM BEAM BOURBON dekorat\u012bva met\u0101la pl\u0101ksn\u012bte - MetalTale.com<\/title>\n<meta name=\"robots\" content=\"index, follow, max-snippet:-1, max-image-preview:large, max-video-preview:-1\" \/>\n<link rel=\"canonical\" href=\"https:\/\/metaltale.com\/lv\/produkts\/jim-beam-bourbon-dekorativa-metala-plaksnite\/\" \/>\n<meta property=\"og:locale\" content=\"lv_LV\" \/>\n<meta property=\"og:type\" content=\"article\" \/>\n<meta property=\"og:title\" content=\"JIM BEAM BOURBON dekorat\u012bva met\u0101la pl\u0101ksn\u012bte - MetalTale.com\" \/>\n<meta property=\"og:description\" content=\"Modelis IN.10032 EAN. 5907772078891 Platums (cm ) 20 Augstums (cm ) 30 Materi\u0101ls T\u0113rauds Formas Taisnst\u016bra formas Orient\u0101cija Vertik\u0101l\u0101 Istabas\" \/>\n<meta property=\"og:url\" content=\"https:\/\/metaltale.com\/lv\/produkts\/jim-beam-bourbon-dekorativa-metala-plaksnite\/\" \/>\n<meta property=\"og:site_name\" content=\"MetalTale.com\" \/>\n<meta name=\"twitter:card\" content=\"summary_large_image\" \/>\n<meta name=\"twitter:label1\" content=\"Est. reading time\" \/>\n\t<meta name=\"twitter:data1\" content=\"1 minute\" \/>\n<script type=\"application\/ld+json\" class=\"yoast-schema-graph\">{\"@context\":\"https:\/\/schema.org\",\"@graph\":[{\"@type\":\"WebPage\",\"@id\":\"https:\/\/metaltale.com\/lv\/produkts\/jim-beam-bourbon-dekorativa-metala-plaksnite\/\",\"url\":\"https:\/\/metaltale.com\/lv\/produkts\/jim-beam-bourbon-dekorativa-metala-plaksnite\/\",\"name\":\"JIM BEAM BOURBON dekorat\u012bva met\u0101la pl\u0101ksn\u012bte - MetalTale.com\",\"isPartOf\":{\"@id\":\"https:\/\/metaltale.com\/lv\/#website\"},\"primaryImageOfPage\":{\"@id\":\"https:\/\/metaltale.com\/lv\/produkts\/jim-beam-bourbon-dekorativa-metala-plaksnite\/#primaryimage\"},\"image\":{\"@id\":\"https:\/\/metaltale.com\/lv\/produkts\/jim-beam-bourbon-dekorativa-metala-plaksnite\/#primaryimage\"},\"thumbnailUrl\":\"https:\/\/metaltale.com\/wp-content\/uploads\/2023\/11\/JIM-BEAM-BOURBON-dekoratyvinx117-metalinx117-lentelx117.jpg\",\"datePublished\":\"2024-02-13T13:31:50+00:00\",\"breadcrumb\":{\"@id\":\"https:\/\/metaltale.com\/lv\/produkts\/jim-beam-bourbon-dekorativa-metala-plaksnite\/#breadcrumb\"},\"inLanguage\":\"lv-LV\",\"potentialAction\":[{\"@type\":\"ReadAction\",\"target\":[\"https:\/\/metaltale.com\/lv\/produkts\/jim-beam-bourbon-dekorativa-metala-plaksnite\/\"]}]},{\"@type\":\"ImageObject\",\"inLanguage\":\"lv-LV\",\"@id\":\"https:\/\/metaltale.com\/lv\/produkts\/jim-beam-bourbon-dekorativa-metala-plaksnite\/#primaryimage\",\"url\":\"https:\/\/metaltale.com\/wp-content\/uploads\/2023\/11\/JIM-BEAM-BOURBON-dekoratyvinx117-metalinx117-lentelx117.jpg\",\"contentUrl\":\"https:\/\/metaltale.com\/wp-content\/uploads\/2023\/11\/JIM-BEAM-BOURBON-dekoratyvinx117-metalinx117-lentelx117.jpg\",\"width\":800,\"height\":800},{\"@type\":\"BreadcrumbList\",\"@id\":\"https:\/\/metaltale.com\/lv\/produkts\/jim-beam-bourbon-dekorativa-metala-plaksnite\/#breadcrumb\",\"itemListElement\":[{\"@type\":\"ListItem\",\"position\":1,\"name\":\"Home\",\"item\":\"https:\/\/metaltale.com\/lv\/majas\/\"},{\"@type\":\"ListItem\",\"position\":2,\"name\":\"Veikals\",\"item\":\"https:\/\/metaltale.com\/lv\/shop\/\"},{\"@type\":\"ListItem\",\"position\":3,\"name\":\"JIM BEAM BOURBON dekorat\u012bva met\u0101la pl\u0101ksn\u012bte\"}]},{\"@type\":\"WebSite\",\"@id\":\"https:\/\/metaltale.com\/lv\/#website\",\"url\":\"https:\/\/metaltale.com\/lv\/\",\"name\":\"Metaltale.com\",\"description\":\"\",\"potentialAction\":[{\"@type\":\"SearchAction\",\"target\":{\"@type\":\"EntryPoint\",\"urlTemplate\":\"https:\/\/metaltale.com\/lv\/?s={search_term_string}\"},\"query-input\":{\"@type\":\"PropertyValueSpecification\",\"valueRequired\":true,\"valueName\":\"search_term_string\"}}],\"inLanguage\":\"lv-LV\"}]}<\/script>\n<!-- \/ Yoast SEO plugin. -->","yoast_head_json":{"title":"JIM BEAM BOURBON dekorat\u012bva met\u0101la pl\u0101ksn\u012bte - MetalTale.com","robots":{"index":"index","follow":"follow","max-snippet":"max-snippet:-1","max-image-preview":"max-image-preview:large","max-video-preview":"max-video-preview:-1"},"canonical":"https:\/\/metaltale.com\/lv\/produkts\/jim-beam-bourbon-dekorativa-metala-plaksnite\/","og_locale":"lv_LV","og_type":"article","og_title":"JIM BEAM BOURBON dekorat\u012bva met\u0101la pl\u0101ksn\u012bte - MetalTale.com","og_description":"Modelis IN.10032 EAN. 5907772078891 Platums (cm ) 20 Augstums (cm ) 30 Materi\u0101ls T\u0113rauds Formas Taisnst\u016bra formas Orient\u0101cija Vertik\u0101l\u0101 Istabas","og_url":"https:\/\/metaltale.com\/lv\/produkts\/jim-beam-bourbon-dekorativa-metala-plaksnite\/","og_site_name":"MetalTale.com","twitter_card":"summary_large_image","twitter_misc":{"Est. reading time":"1 minute"},"schema":{"@context":"https:\/\/schema.org","@graph":[{"@type":"WebPage","@id":"https:\/\/metaltale.com\/lv\/produkts\/jim-beam-bourbon-dekorativa-metala-plaksnite\/","url":"https:\/\/metaltale.com\/lv\/produkts\/jim-beam-bourbon-dekorativa-metala-plaksnite\/","name":"JIM BEAM BOURBON dekorat\u012bva met\u0101la pl\u0101ksn\u012bte - MetalTale.com","isPartOf":{"@id":"https:\/\/metaltale.com\/lv\/#website"},"primaryImageOfPage":{"@id":"https:\/\/metaltale.com\/lv\/produkts\/jim-beam-bourbon-dekorativa-metala-plaksnite\/#primaryimage"},"image":{"@id":"https:\/\/metaltale.com\/lv\/produkts\/jim-beam-bourbon-dekorativa-metala-plaksnite\/#primaryimage"},"thumbnailUrl":"https:\/\/metaltale.com\/wp-content\/uploads\/2023\/11\/JIM-BEAM-BOURBON-dekoratyvinx117-metalinx117-lentelx117.jpg","datePublished":"2024-02-13T13:31:50+00:00","breadcrumb":{"@id":"https:\/\/metaltale.com\/lv\/produkts\/jim-beam-bourbon-dekorativa-metala-plaksnite\/#breadcrumb"},"inLanguage":"lv-LV","potentialAction":[{"@type":"ReadAction","target":["https:\/\/metaltale.com\/lv\/produkts\/jim-beam-bourbon-dekorativa-metala-plaksnite\/"]}]},{"@type":"ImageObject","inLanguage":"lv-LV","@id":"https:\/\/metaltale.com\/lv\/produkts\/jim-beam-bourbon-dekorativa-metala-plaksnite\/#primaryimage","url":"https:\/\/metaltale.com\/wp-content\/uploads\/2023\/11\/JIM-BEAM-BOURBON-dekoratyvinx117-metalinx117-lentelx117.jpg","contentUrl":"https:\/\/metaltale.com\/wp-content\/uploads\/2023\/11\/JIM-BEAM-BOURBON-dekoratyvinx117-metalinx117-lentelx117.jpg","width":800,"height":800},{"@type":"BreadcrumbList","@id":"https:\/\/metaltale.com\/lv\/produkts\/jim-beam-bourbon-dekorativa-metala-plaksnite\/#breadcrumb","itemListElement":[{"@type":"ListItem","position":1,"name":"Home","item":"https:\/\/metaltale.com\/lv\/majas\/"},{"@type":"ListItem","position":2,"name":"Veikals","item":"https:\/\/metaltale.com\/lv\/shop\/"},{"@type":"ListItem","position":3,"name":"JIM BEAM BOURBON dekorat\u012bva met\u0101la pl\u0101ksn\u012bte"}]},{"@type":"WebSite","@id":"https:\/\/metaltale.com\/lv\/#website","url":"https:\/\/metaltale.com\/lv\/","name":"Metaltale.com","description":"","potentialAction":[{"@type":"SearchAction","target":{"@type":"EntryPoint","urlTemplate":"https:\/\/metaltale.com\/lv\/?s={search_term_string}"},"query-input":{"@type":"PropertyValueSpecification","valueRequired":true,"valueName":"search_term_string"}}],"inLanguage":"lv-LV"}]}},"_links":{"self":[{"href":"https:\/\/metaltale.com\/lv\/wp-json\/wp\/v2\/product\/132984","targetHints":{"allow":["GET"]}}],"collection":[{"href":"https:\/\/metaltale.com\/lv\/wp-json\/wp\/v2\/product"}],"about":[{"href":"https:\/\/metaltale.com\/lv\/wp-json\/wp\/v2\/types\/product"}],"replies":[{"embeddable":true,"href":"https:\/\/metaltale.com\/lv\/wp-json\/wp\/v2\/comments?post=132984"}],"version-history":[{"count":0,"href":"https:\/\/metaltale.com\/lv\/wp-json\/wp\/v2\/product\/132984\/revisions"}],"wp:featuredmedia":[{"embeddable":true,"href":"https:\/\/metaltale.com\/lv\/wp-json\/wp\/v2\/media\/111553"}],"wp:attachment":[{"href":"https:\/\/metaltale.com\/lv\/wp-json\/wp\/v2\/media?parent=132984"}],"wp:term":[{"taxonomy":"product_brand","embeddable":true,"href":"https:\/\/metaltale.com\/lv\/wp-json\/wp\/v2\/product_brand?post=132984"},{"taxonomy":"product_cat","embeddable":true,"href":"https:\/\/metaltale.com\/lv\/wp-json\/wp\/v2\/product_cat?post=132984"},{"taxonomy":"product_tag","embeddable":true,"href":"https:\/\/metaltale.com\/lv\/wp-json\/wp\/v2\/product_tag?post=132984"}],"curies":[{"name":"wp","href":"https:\/\/api.w.org\/{rel}","templated":true}]}}