{"id":132906,"date":"2024-02-13T15:35:05","date_gmt":"2024-02-13T13:35:05","guid":{"rendered":"https:\/\/metaltale.com\/produktas\/vannas-istabas-maisitajs-mallow-zelta\/"},"modified":"2024-02-13T15:35:05","modified_gmt":"2024-02-13T13:35:05","slug":"vannas-istabas-maisitajs-mallow-zelta","status":"publish","type":"product","link":"https:\/\/metaltale.com\/lv\/produkts\/vannas-istabas-maisitajs-mallow-zelta\/","title":{"rendered":"Vannas istabas mais\u012bt\u0101js MALLOW, zelta"},"content":{"rendered":"<div class=\"prod_data\">\n<p><strong>Modelis<\/strong> WX.50111-ANT<br \/>\n<strong>Mais\u012bt\u0101ja tips<\/strong> Br\u012bvi st\u0101vo\u0161s<br \/>\n<strong>Iztekas garums (cm<\/strong> ) 11<br \/>\n<strong>Augstums l\u012bdz izsmidzin\u0101t\u0101jam (cm<\/strong> ) 67<br \/>\n<strong>Materi\u0101ls<\/strong> Misi\u0146\u0161<br \/>\n<strong>Kop\u0113jais augstums (cm<\/strong> ) 98<br \/>\n<strong>Pamatnes izm\u0113ri (cm<\/strong> ) 28<br \/>\n<strong>Du\u0161as galvas garums (cm<\/strong> ) 25<br \/>\n<strong>\u0160\u013c\u016btenes garums (cm<\/strong> ) 150<br \/>\n<strong>Att\u0101lums starp kr\u0101niem (cm<\/strong> ) 15<br \/>\n<strong>Perlators (aerators<\/strong> ) N\u0113<br \/>\n<strong>Rot\u0113jo\u0161s izsmidzin\u0101t\u0101js<\/strong> J\u0101<br \/>\n<strong>Anti-Calc (pret ka\u013c\u0137akmens<\/strong> ) J\u0101<br \/>\nZelta <strong>kr\u0101sa<\/strong><br \/>\n<strong>Apdares<\/strong> sp\u012bdums<\/p>\n<p>misi\u0146a past\u0101v\u012bgais mais\u012bt\u0101js<\/p>\n<p>groz\u0101ms izsmidzin\u0101t\u0101js<\/p>\n<p>keramikas galva &#8211; elements, kas nodro\u0161ina pareizu \u016bdens sadali.<\/p>\n<p>Aerators &#8211; \u016bdens pat\u0113ri\u0146a samazin\u0101\u0161anai<\/p>\n<p>Komplekt\u0101 ir iek\u013cauti visi uzst\u0101d\u012b\u0161anai nepiecie\u0161amie komponenti<\/p>\n<hr>\n<p>Mallow br\u012bvi st\u0101vo\u0161ais vannas istabas mais\u012bt\u0101js ir izv\u0113le vintage stila cien\u012bt\u0101jiem. \u0160im vannas istabas mais\u012bt\u0101jam ir dekorat\u012bva k\u0101ji\u0146a, uz kuras ir uzst\u0101d\u012bts mais\u012bt\u0101js, k\u0101 ar\u012b rokas du\u0161a ar keramikas elementu. Uzman\u012bbu piesaist\u012bs ar\u012b elegantie retro stila kr\u0101ni, kas atkal ir mod\u0113, k\u0101 ar\u012b neparastais krist\u0101la kr\u0101ns \u016bdens pl\u016bsmas mai\u0146ai. \u0160is vannasistabas kr\u0101ns nav tikai izstr\u0101d\u0101jums, tas ir \u012bsts rot\u0101jums, kas uzlabos j\u016bsu vannas istabas stilu. Atkl\u0101jiet eleganci un funkcionalit\u0101ti vien\u0101 izstr\u0101d\u0101jum\u0101.<\/p>\n<\/div>\n","protected":false},"excerpt":{"rendered":"<p>Modelis WX.50111-ANT Mais\u012bt\u0101ja tips Br\u012bvi st\u0101vo\u0161s Iztekas garums (cm ) 11 Augstums l\u012bdz izsmidzin\u0101t\u0101jam (cm ) 67 Materi\u0101ls Misi\u0146\u0161 Kop\u0113jais<\/p>\n","protected":false},"featured_media":118433,"comment_status":"open","ping_status":"closed","template":"","meta":{"_acf_changed":false,"pmpro_default_level":""},"product_brand":[],"product_cat":[24073,24086],"product_tag":[],"class_list":{"0":"post-132906","1":"product","2":"type-product","3":"status-publish","4":"has-post-thumbnail","6":"product_cat-vannas-istabas-krani","7":"product_cat-vannas-istabas-krani-lv","8":"pmpro-has-access","10":"first","11":"instock","12":"shipping-taxable","13":"purchasable","14":"product-type-simple"},"acf":[],"yoast_head":"<!-- This site is optimized with the Yoast SEO plugin v24.9 - https:\/\/yoast.com\/wordpress\/plugins\/seo\/ -->\n<title>Vannas istabas mais\u012bt\u0101js MALLOW, zelta - MetalTale.com<\/title>\n<meta name=\"robots\" content=\"index, follow, max-snippet:-1, max-image-preview:large, max-video-preview:-1\" \/>\n<link rel=\"canonical\" href=\"https:\/\/metaltale.com\/lv\/produkts\/vannas-istabas-maisitajs-mallow-zelta\/\" \/>\n<meta property=\"og:locale\" content=\"lv_LV\" \/>\n<meta property=\"og:type\" content=\"article\" \/>\n<meta property=\"og:title\" content=\"Vannas istabas mais\u012bt\u0101js MALLOW, zelta - MetalTale.com\" \/>\n<meta property=\"og:description\" content=\"Modelis WX.50111-ANT Mais\u012bt\u0101ja tips Br\u012bvi st\u0101vo\u0161s Iztekas garums (cm ) 11 Augstums l\u012bdz izsmidzin\u0101t\u0101jam (cm ) 67 Materi\u0101ls Misi\u0146\u0161 Kop\u0113jais\" \/>\n<meta property=\"og:url\" content=\"https:\/\/metaltale.com\/lv\/produkts\/vannas-istabas-maisitajs-mallow-zelta\/\" \/>\n<meta property=\"og:site_name\" content=\"MetalTale.com\" \/>\n<meta name=\"twitter:card\" content=\"summary_large_image\" \/>\n<meta name=\"twitter:label1\" content=\"Est. reading time\" \/>\n\t<meta name=\"twitter:data1\" content=\"1 minute\" \/>\n<script type=\"application\/ld+json\" class=\"yoast-schema-graph\">{\"@context\":\"https:\/\/schema.org\",\"@graph\":[{\"@type\":\"WebPage\",\"@id\":\"https:\/\/metaltale.com\/lv\/produkts\/vannas-istabas-maisitajs-mallow-zelta\/\",\"url\":\"https:\/\/metaltale.com\/lv\/produkts\/vannas-istabas-maisitajs-mallow-zelta\/\",\"name\":\"Vannas istabas mais\u012bt\u0101js MALLOW, zelta - MetalTale.com\",\"isPartOf\":{\"@id\":\"https:\/\/metaltale.com\/lv\/#website\"},\"primaryImageOfPage\":{\"@id\":\"https:\/\/metaltale.com\/lv\/produkts\/vannas-istabas-maisitajs-mallow-zelta\/#primaryimage\"},\"image\":{\"@id\":\"https:\/\/metaltale.com\/lv\/produkts\/vannas-istabas-maisitajs-mallow-zelta\/#primaryimage\"},\"thumbnailUrl\":\"https:\/\/metaltale.com\/wp-content\/uploads\/2023\/12\/Grindinis-vonios-maix161ytuvas-auksinis-MALLOW.jpg\",\"datePublished\":\"2024-02-13T13:35:05+00:00\",\"breadcrumb\":{\"@id\":\"https:\/\/metaltale.com\/lv\/produkts\/vannas-istabas-maisitajs-mallow-zelta\/#breadcrumb\"},\"inLanguage\":\"lv-LV\",\"potentialAction\":[{\"@type\":\"ReadAction\",\"target\":[\"https:\/\/metaltale.com\/lv\/produkts\/vannas-istabas-maisitajs-mallow-zelta\/\"]}]},{\"@type\":\"ImageObject\",\"inLanguage\":\"lv-LV\",\"@id\":\"https:\/\/metaltale.com\/lv\/produkts\/vannas-istabas-maisitajs-mallow-zelta\/#primaryimage\",\"url\":\"https:\/\/metaltale.com\/wp-content\/uploads\/2023\/12\/Grindinis-vonios-maix161ytuvas-auksinis-MALLOW.jpg\",\"contentUrl\":\"https:\/\/metaltale.com\/wp-content\/uploads\/2023\/12\/Grindinis-vonios-maix161ytuvas-auksinis-MALLOW.jpg\",\"width\":800,\"height\":800,\"caption\":\"Vannas istabas mais\u012bt\u0101js MALLOW, zelta\"},{\"@type\":\"BreadcrumbList\",\"@id\":\"https:\/\/metaltale.com\/lv\/produkts\/vannas-istabas-maisitajs-mallow-zelta\/#breadcrumb\",\"itemListElement\":[{\"@type\":\"ListItem\",\"position\":1,\"name\":\"Home\",\"item\":\"https:\/\/metaltale.com\/lv\/majas\/\"},{\"@type\":\"ListItem\",\"position\":2,\"name\":\"Veikals\",\"item\":\"https:\/\/metaltale.com\/lv\/shop\/\"},{\"@type\":\"ListItem\",\"position\":3,\"name\":\"Vannas istabas mais\u012bt\u0101js MALLOW, zelta\"}]},{\"@type\":\"WebSite\",\"@id\":\"https:\/\/metaltale.com\/lv\/#website\",\"url\":\"https:\/\/metaltale.com\/lv\/\",\"name\":\"Metaltale.com\",\"description\":\"\",\"potentialAction\":[{\"@type\":\"SearchAction\",\"target\":{\"@type\":\"EntryPoint\",\"urlTemplate\":\"https:\/\/metaltale.com\/lv\/?s={search_term_string}\"},\"query-input\":{\"@type\":\"PropertyValueSpecification\",\"valueRequired\":true,\"valueName\":\"search_term_string\"}}],\"inLanguage\":\"lv-LV\"}]}<\/script>\n<!-- \/ Yoast SEO plugin. -->","yoast_head_json":{"title":"Vannas istabas mais\u012bt\u0101js MALLOW, zelta - MetalTale.com","robots":{"index":"index","follow":"follow","max-snippet":"max-snippet:-1","max-image-preview":"max-image-preview:large","max-video-preview":"max-video-preview:-1"},"canonical":"https:\/\/metaltale.com\/lv\/produkts\/vannas-istabas-maisitajs-mallow-zelta\/","og_locale":"lv_LV","og_type":"article","og_title":"Vannas istabas mais\u012bt\u0101js MALLOW, zelta - MetalTale.com","og_description":"Modelis WX.50111-ANT Mais\u012bt\u0101ja tips Br\u012bvi st\u0101vo\u0161s Iztekas garums (cm ) 11 Augstums l\u012bdz izsmidzin\u0101t\u0101jam (cm ) 67 Materi\u0101ls Misi\u0146\u0161 Kop\u0113jais","og_url":"https:\/\/metaltale.com\/lv\/produkts\/vannas-istabas-maisitajs-mallow-zelta\/","og_site_name":"MetalTale.com","twitter_card":"summary_large_image","twitter_misc":{"Est. reading time":"1 minute"},"schema":{"@context":"https:\/\/schema.org","@graph":[{"@type":"WebPage","@id":"https:\/\/metaltale.com\/lv\/produkts\/vannas-istabas-maisitajs-mallow-zelta\/","url":"https:\/\/metaltale.com\/lv\/produkts\/vannas-istabas-maisitajs-mallow-zelta\/","name":"Vannas istabas mais\u012bt\u0101js MALLOW, zelta - MetalTale.com","isPartOf":{"@id":"https:\/\/metaltale.com\/lv\/#website"},"primaryImageOfPage":{"@id":"https:\/\/metaltale.com\/lv\/produkts\/vannas-istabas-maisitajs-mallow-zelta\/#primaryimage"},"image":{"@id":"https:\/\/metaltale.com\/lv\/produkts\/vannas-istabas-maisitajs-mallow-zelta\/#primaryimage"},"thumbnailUrl":"https:\/\/metaltale.com\/wp-content\/uploads\/2023\/12\/Grindinis-vonios-maix161ytuvas-auksinis-MALLOW.jpg","datePublished":"2024-02-13T13:35:05+00:00","breadcrumb":{"@id":"https:\/\/metaltale.com\/lv\/produkts\/vannas-istabas-maisitajs-mallow-zelta\/#breadcrumb"},"inLanguage":"lv-LV","potentialAction":[{"@type":"ReadAction","target":["https:\/\/metaltale.com\/lv\/produkts\/vannas-istabas-maisitajs-mallow-zelta\/"]}]},{"@type":"ImageObject","inLanguage":"lv-LV","@id":"https:\/\/metaltale.com\/lv\/produkts\/vannas-istabas-maisitajs-mallow-zelta\/#primaryimage","url":"https:\/\/metaltale.com\/wp-content\/uploads\/2023\/12\/Grindinis-vonios-maix161ytuvas-auksinis-MALLOW.jpg","contentUrl":"https:\/\/metaltale.com\/wp-content\/uploads\/2023\/12\/Grindinis-vonios-maix161ytuvas-auksinis-MALLOW.jpg","width":800,"height":800,"caption":"Vannas istabas mais\u012bt\u0101js MALLOW, zelta"},{"@type":"BreadcrumbList","@id":"https:\/\/metaltale.com\/lv\/produkts\/vannas-istabas-maisitajs-mallow-zelta\/#breadcrumb","itemListElement":[{"@type":"ListItem","position":1,"name":"Home","item":"https:\/\/metaltale.com\/lv\/majas\/"},{"@type":"ListItem","position":2,"name":"Veikals","item":"https:\/\/metaltale.com\/lv\/shop\/"},{"@type":"ListItem","position":3,"name":"Vannas istabas mais\u012bt\u0101js MALLOW, zelta"}]},{"@type":"WebSite","@id":"https:\/\/metaltale.com\/lv\/#website","url":"https:\/\/metaltale.com\/lv\/","name":"Metaltale.com","description":"","potentialAction":[{"@type":"SearchAction","target":{"@type":"EntryPoint","urlTemplate":"https:\/\/metaltale.com\/lv\/?s={search_term_string}"},"query-input":{"@type":"PropertyValueSpecification","valueRequired":true,"valueName":"search_term_string"}}],"inLanguage":"lv-LV"}]}},"_links":{"self":[{"href":"https:\/\/metaltale.com\/lv\/wp-json\/wp\/v2\/product\/132906","targetHints":{"allow":["GET"]}}],"collection":[{"href":"https:\/\/metaltale.com\/lv\/wp-json\/wp\/v2\/product"}],"about":[{"href":"https:\/\/metaltale.com\/lv\/wp-json\/wp\/v2\/types\/product"}],"replies":[{"embeddable":true,"href":"https:\/\/metaltale.com\/lv\/wp-json\/wp\/v2\/comments?post=132906"}],"version-history":[{"count":0,"href":"https:\/\/metaltale.com\/lv\/wp-json\/wp\/v2\/product\/132906\/revisions"}],"wp:featuredmedia":[{"embeddable":true,"href":"https:\/\/metaltale.com\/lv\/wp-json\/wp\/v2\/media\/118433"}],"wp:attachment":[{"href":"https:\/\/metaltale.com\/lv\/wp-json\/wp\/v2\/media?parent=132906"}],"wp:term":[{"taxonomy":"product_brand","embeddable":true,"href":"https:\/\/metaltale.com\/lv\/wp-json\/wp\/v2\/product_brand?post=132906"},{"taxonomy":"product_cat","embeddable":true,"href":"https:\/\/metaltale.com\/lv\/wp-json\/wp\/v2\/product_cat?post=132906"},{"taxonomy":"product_tag","embeddable":true,"href":"https:\/\/metaltale.com\/lv\/wp-json\/wp\/v2\/product_tag?post=132906"}],"curies":[{"name":"wp","href":"https:\/\/api.w.org\/{rel}","templated":true}]}}