{"id":132892,"date":"2024-02-13T15:35:05","date_gmt":"2024-02-13T13:35:05","guid":{"rendered":"https:\/\/metaltale.com\/produktas\/brivi-stavoss-vannas-istabas-maisitajs-glen-2-antikais-misins\/"},"modified":"2024-02-13T15:35:05","modified_gmt":"2024-02-13T13:35:05","slug":"brivi-stavoss-vannas-istabas-maisitajs-glen-2-antikais-misins","status":"publish","type":"product","link":"https:\/\/metaltale.com\/lv\/produkts\/brivi-stavoss-vannas-istabas-maisitajs-glen-2-antikais-misins\/","title":{"rendered":"Br\u012bvi st\u0101vo\u0161s vannas istabas mais\u012bt\u0101js GLEN 2, ant\u012bkais misi\u0146\u0161"},"content":{"rendered":"<div class=\"prod_data\">\n<p><strong>Modelis<\/strong> WX.HT-922223-ANT<br \/>\n<strong>Mais\u012bt\u0101ja tips<\/strong> Br\u012bvi st\u0101vo\u0161s<br \/>\n<strong>Iztekas garums (cm<\/strong> ) 11<br \/>\n<strong>Augstums l\u012bdz izsmidzin\u0101t\u0101jam (cm<\/strong> ) 71<br \/>\n<strong>Materi\u0101ls<\/strong> Misi\u0146\u0161<br \/>\n<strong>Kop\u0113jais augstums (cm<\/strong> ) 101<br \/>\n<strong>Pamatnes izm\u0113ri (cm<\/strong> ) 28<br \/>\n<strong>Du\u0161as galvas garums (cm<\/strong> ) 25<br \/>\n<strong>\u0160\u013c\u016btenes garums (cm<\/strong> ) 150<br \/>\n<strong>Att\u0101lums starp kr\u0101niem (cm<\/strong> ) 15<br \/>\n<strong>Perlators (aerators<\/strong> ) N\u0113<br \/>\n<strong>Rot\u0113jo\u0161s izsmidzin\u0101t\u0101js<\/strong> J\u0101<br \/>\n<strong>Anti-Calc (pret ka\u013c\u0137akmens<\/strong> ) J\u0101<br \/>\n<strong>Kr\u0101sa<\/strong> Ant\u012bkais misi\u0146\u0161<br \/>\n<strong>Apdare<\/strong> M\u012bksta, sat\u012bna efekts<\/p>\n<p>misi\u0146a past\u0101v\u012bgais mais\u012bt\u0101js<\/p>\n<p>groz\u0101ms izsmidzin\u0101t\u0101js<\/p>\n<p>keramikas galva &#8211; elements, kas nodro\u0161ina pareizu \u016bdens sadali.<\/p>\n<p>Aerators &#8211; \u016bdens pat\u0113ri\u0146a samazin\u0101\u0161anai<\/p>\n<p>Komplekt\u0101 ir iek\u013cauti visi uzst\u0101d\u012b\u0161anai nepiecie\u0161amie komponenti<\/p>\n<hr>\n<p>Ja mekl\u0113jat br\u012bvi st\u0101vo\u0161u vannas istabas mais\u012bt\u0101ju, kas pie\u0161\u0137irs j\u016bsu interjeram stilu un \u0161armu, vannas istabas mais\u012bt\u0101js Glen ir lieliska izv\u0113le. Mais\u012bt\u0101js ir uzst\u0101d\u012bts uz dekorat\u012bvas k\u0101ji\u0146as, kas atg\u0101dina hercogu pils kr\u0101nus. Papildu ornamenti uz urbuma un roktura pie\u0161\u0137ir tam unik\u0101lu izskatu. Visa kompoz\u012bcija veido ori\u0123in\u0101lu produktu, kas noteikti iepriecin\u0101s visus sen\u0101 stila cien\u012bt\u0101jus un pie\u0161\u0137irs j\u016bsu vannas istabai karalisku piesk\u0101rienu.<\/p>\n<\/div>\n","protected":false},"excerpt":{"rendered":"<p>Modelis WX.HT-922223-ANT Mais\u012bt\u0101ja tips Br\u012bvi st\u0101vo\u0161s Iztekas garums (cm ) 11 Augstums l\u012bdz izsmidzin\u0101t\u0101jam (cm ) 71 Materi\u0101ls Misi\u0146\u0161 Kop\u0113jais<\/p>\n","protected":false},"featured_media":118244,"comment_status":"open","ping_status":"closed","template":"","meta":{"_acf_changed":false,"pmpro_default_level":""},"product_brand":[],"product_cat":[24073,24086],"product_tag":[],"class_list":{"0":"post-132892","1":"product","2":"type-product","3":"status-publish","4":"has-post-thumbnail","6":"product_cat-vannas-istabas-krani","7":"product_cat-vannas-istabas-krani-lv","8":"pmpro-has-access","10":"first","11":"instock","12":"shipping-taxable","13":"purchasable","14":"product-type-simple"},"acf":[],"yoast_head":"<!-- This site is optimized with the Yoast SEO plugin v24.9 - https:\/\/yoast.com\/wordpress\/plugins\/seo\/ -->\n<title>Br\u012bvi st\u0101vo\u0161s vannas istabas mais\u012bt\u0101js GLEN 2, ant\u012bkais misi\u0146\u0161 - MetalTale.com<\/title>\n<meta name=\"robots\" content=\"index, follow, max-snippet:-1, max-image-preview:large, max-video-preview:-1\" \/>\n<link rel=\"canonical\" href=\"https:\/\/metaltale.com\/lv\/produkts\/brivi-stavoss-vannas-istabas-maisitajs-glen-2-antikais-misins\/\" \/>\n<meta property=\"og:locale\" content=\"lv_LV\" \/>\n<meta property=\"og:type\" content=\"article\" \/>\n<meta property=\"og:title\" content=\"Br\u012bvi st\u0101vo\u0161s vannas istabas mais\u012bt\u0101js GLEN 2, ant\u012bkais misi\u0146\u0161 - MetalTale.com\" \/>\n<meta property=\"og:description\" content=\"Modelis WX.HT-922223-ANT Mais\u012bt\u0101ja tips Br\u012bvi st\u0101vo\u0161s Iztekas garums (cm ) 11 Augstums l\u012bdz izsmidzin\u0101t\u0101jam (cm ) 71 Materi\u0101ls Misi\u0146\u0161 Kop\u0113jais\" \/>\n<meta property=\"og:url\" content=\"https:\/\/metaltale.com\/lv\/produkts\/brivi-stavoss-vannas-istabas-maisitajs-glen-2-antikais-misins\/\" \/>\n<meta property=\"og:site_name\" content=\"MetalTale.com\" \/>\n<meta property=\"og:image\" content=\"https:\/\/metaltale.com\/wp-content\/uploads\/2023\/12\/Laisvai-pastatomas-vonios-maix161ytuvas-Antikvarinis-x17Ealvaris-GLEN-2.jpg\" \/>\n\t<meta property=\"og:image:width\" content=\"800\" \/>\n\t<meta property=\"og:image:height\" content=\"800\" \/>\n\t<meta property=\"og:image:type\" content=\"image\/jpeg\" \/>\n<meta name=\"twitter:card\" content=\"summary_large_image\" \/>\n<meta name=\"twitter:label1\" content=\"Est. reading time\" \/>\n\t<meta name=\"twitter:data1\" content=\"1 minute\" \/>\n<script type=\"application\/ld+json\" class=\"yoast-schema-graph\">{\"@context\":\"https:\/\/schema.org\",\"@graph\":[{\"@type\":\"WebPage\",\"@id\":\"https:\/\/metaltale.com\/lv\/produkts\/brivi-stavoss-vannas-istabas-maisitajs-glen-2-antikais-misins\/\",\"url\":\"https:\/\/metaltale.com\/lv\/produkts\/brivi-stavoss-vannas-istabas-maisitajs-glen-2-antikais-misins\/\",\"name\":\"Br\u012bvi st\u0101vo\u0161s vannas istabas mais\u012bt\u0101js GLEN 2, ant\u012bkais misi\u0146\u0161 - MetalTale.com\",\"isPartOf\":{\"@id\":\"https:\/\/metaltale.com\/lv\/#website\"},\"primaryImageOfPage\":{\"@id\":\"https:\/\/metaltale.com\/lv\/produkts\/brivi-stavoss-vannas-istabas-maisitajs-glen-2-antikais-misins\/#primaryimage\"},\"image\":{\"@id\":\"https:\/\/metaltale.com\/lv\/produkts\/brivi-stavoss-vannas-istabas-maisitajs-glen-2-antikais-misins\/#primaryimage\"},\"thumbnailUrl\":\"https:\/\/metaltale.com\/wp-content\/uploads\/2023\/12\/Laisvai-pastatomas-vonios-maix161ytuvas-Antikvarinis-x17Ealvaris-GLEN-2.jpg\",\"datePublished\":\"2024-02-13T13:35:05+00:00\",\"breadcrumb\":{\"@id\":\"https:\/\/metaltale.com\/lv\/produkts\/brivi-stavoss-vannas-istabas-maisitajs-glen-2-antikais-misins\/#breadcrumb\"},\"inLanguage\":\"lv-LV\",\"potentialAction\":[{\"@type\":\"ReadAction\",\"target\":[\"https:\/\/metaltale.com\/lv\/produkts\/brivi-stavoss-vannas-istabas-maisitajs-glen-2-antikais-misins\/\"]}]},{\"@type\":\"ImageObject\",\"inLanguage\":\"lv-LV\",\"@id\":\"https:\/\/metaltale.com\/lv\/produkts\/brivi-stavoss-vannas-istabas-maisitajs-glen-2-antikais-misins\/#primaryimage\",\"url\":\"https:\/\/metaltale.com\/wp-content\/uploads\/2023\/12\/Laisvai-pastatomas-vonios-maix161ytuvas-Antikvarinis-x17Ealvaris-GLEN-2.jpg\",\"contentUrl\":\"https:\/\/metaltale.com\/wp-content\/uploads\/2023\/12\/Laisvai-pastatomas-vonios-maix161ytuvas-Antikvarinis-x17Ealvaris-GLEN-2.jpg\",\"width\":800,\"height\":800,\"caption\":\"Br\u012bvi st\u0101vo\u0161s vannas istabas mais\u012bt\u0101js GLEN 2, ant\u012bkais misi\u0146\u0161\"},{\"@type\":\"BreadcrumbList\",\"@id\":\"https:\/\/metaltale.com\/lv\/produkts\/brivi-stavoss-vannas-istabas-maisitajs-glen-2-antikais-misins\/#breadcrumb\",\"itemListElement\":[{\"@type\":\"ListItem\",\"position\":1,\"name\":\"Home\",\"item\":\"https:\/\/metaltale.com\/lv\/majas\/\"},{\"@type\":\"ListItem\",\"position\":2,\"name\":\"Veikals\",\"item\":\"https:\/\/metaltale.com\/lv\/shop\/\"},{\"@type\":\"ListItem\",\"position\":3,\"name\":\"Br\u012bvi st\u0101vo\u0161s vannas istabas mais\u012bt\u0101js GLEN 2, ant\u012bkais misi\u0146\u0161\"}]},{\"@type\":\"WebSite\",\"@id\":\"https:\/\/metaltale.com\/lv\/#website\",\"url\":\"https:\/\/metaltale.com\/lv\/\",\"name\":\"Metaltale.com\",\"description\":\"\",\"potentialAction\":[{\"@type\":\"SearchAction\",\"target\":{\"@type\":\"EntryPoint\",\"urlTemplate\":\"https:\/\/metaltale.com\/lv\/?s={search_term_string}\"},\"query-input\":{\"@type\":\"PropertyValueSpecification\",\"valueRequired\":true,\"valueName\":\"search_term_string\"}}],\"inLanguage\":\"lv-LV\"}]}<\/script>\n<!-- \/ Yoast SEO plugin. -->","yoast_head_json":{"title":"Br\u012bvi st\u0101vo\u0161s vannas istabas mais\u012bt\u0101js GLEN 2, ant\u012bkais misi\u0146\u0161 - MetalTale.com","robots":{"index":"index","follow":"follow","max-snippet":"max-snippet:-1","max-image-preview":"max-image-preview:large","max-video-preview":"max-video-preview:-1"},"canonical":"https:\/\/metaltale.com\/lv\/produkts\/brivi-stavoss-vannas-istabas-maisitajs-glen-2-antikais-misins\/","og_locale":"lv_LV","og_type":"article","og_title":"Br\u012bvi st\u0101vo\u0161s vannas istabas mais\u012bt\u0101js GLEN 2, ant\u012bkais misi\u0146\u0161 - MetalTale.com","og_description":"Modelis WX.HT-922223-ANT Mais\u012bt\u0101ja tips Br\u012bvi st\u0101vo\u0161s Iztekas garums (cm ) 11 Augstums l\u012bdz izsmidzin\u0101t\u0101jam (cm ) 71 Materi\u0101ls Misi\u0146\u0161 Kop\u0113jais","og_url":"https:\/\/metaltale.com\/lv\/produkts\/brivi-stavoss-vannas-istabas-maisitajs-glen-2-antikais-misins\/","og_site_name":"MetalTale.com","og_image":[{"width":800,"height":800,"url":"https:\/\/metaltale.com\/wp-content\/uploads\/2023\/12\/Laisvai-pastatomas-vonios-maix161ytuvas-Antikvarinis-x17Ealvaris-GLEN-2.jpg","type":"image\/jpeg"}],"twitter_card":"summary_large_image","twitter_misc":{"Est. reading time":"1 minute"},"schema":{"@context":"https:\/\/schema.org","@graph":[{"@type":"WebPage","@id":"https:\/\/metaltale.com\/lv\/produkts\/brivi-stavoss-vannas-istabas-maisitajs-glen-2-antikais-misins\/","url":"https:\/\/metaltale.com\/lv\/produkts\/brivi-stavoss-vannas-istabas-maisitajs-glen-2-antikais-misins\/","name":"Br\u012bvi st\u0101vo\u0161s vannas istabas mais\u012bt\u0101js GLEN 2, ant\u012bkais misi\u0146\u0161 - MetalTale.com","isPartOf":{"@id":"https:\/\/metaltale.com\/lv\/#website"},"primaryImageOfPage":{"@id":"https:\/\/metaltale.com\/lv\/produkts\/brivi-stavoss-vannas-istabas-maisitajs-glen-2-antikais-misins\/#primaryimage"},"image":{"@id":"https:\/\/metaltale.com\/lv\/produkts\/brivi-stavoss-vannas-istabas-maisitajs-glen-2-antikais-misins\/#primaryimage"},"thumbnailUrl":"https:\/\/metaltale.com\/wp-content\/uploads\/2023\/12\/Laisvai-pastatomas-vonios-maix161ytuvas-Antikvarinis-x17Ealvaris-GLEN-2.jpg","datePublished":"2024-02-13T13:35:05+00:00","breadcrumb":{"@id":"https:\/\/metaltale.com\/lv\/produkts\/brivi-stavoss-vannas-istabas-maisitajs-glen-2-antikais-misins\/#breadcrumb"},"inLanguage":"lv-LV","potentialAction":[{"@type":"ReadAction","target":["https:\/\/metaltale.com\/lv\/produkts\/brivi-stavoss-vannas-istabas-maisitajs-glen-2-antikais-misins\/"]}]},{"@type":"ImageObject","inLanguage":"lv-LV","@id":"https:\/\/metaltale.com\/lv\/produkts\/brivi-stavoss-vannas-istabas-maisitajs-glen-2-antikais-misins\/#primaryimage","url":"https:\/\/metaltale.com\/wp-content\/uploads\/2023\/12\/Laisvai-pastatomas-vonios-maix161ytuvas-Antikvarinis-x17Ealvaris-GLEN-2.jpg","contentUrl":"https:\/\/metaltale.com\/wp-content\/uploads\/2023\/12\/Laisvai-pastatomas-vonios-maix161ytuvas-Antikvarinis-x17Ealvaris-GLEN-2.jpg","width":800,"height":800,"caption":"Br\u012bvi st\u0101vo\u0161s vannas istabas mais\u012bt\u0101js GLEN 2, ant\u012bkais misi\u0146\u0161"},{"@type":"BreadcrumbList","@id":"https:\/\/metaltale.com\/lv\/produkts\/brivi-stavoss-vannas-istabas-maisitajs-glen-2-antikais-misins\/#breadcrumb","itemListElement":[{"@type":"ListItem","position":1,"name":"Home","item":"https:\/\/metaltale.com\/lv\/majas\/"},{"@type":"ListItem","position":2,"name":"Veikals","item":"https:\/\/metaltale.com\/lv\/shop\/"},{"@type":"ListItem","position":3,"name":"Br\u012bvi st\u0101vo\u0161s vannas istabas mais\u012bt\u0101js GLEN 2, ant\u012bkais misi\u0146\u0161"}]},{"@type":"WebSite","@id":"https:\/\/metaltale.com\/lv\/#website","url":"https:\/\/metaltale.com\/lv\/","name":"Metaltale.com","description":"","potentialAction":[{"@type":"SearchAction","target":{"@type":"EntryPoint","urlTemplate":"https:\/\/metaltale.com\/lv\/?s={search_term_string}"},"query-input":{"@type":"PropertyValueSpecification","valueRequired":true,"valueName":"search_term_string"}}],"inLanguage":"lv-LV"}]}},"_links":{"self":[{"href":"https:\/\/metaltale.com\/lv\/wp-json\/wp\/v2\/product\/132892","targetHints":{"allow":["GET"]}}],"collection":[{"href":"https:\/\/metaltale.com\/lv\/wp-json\/wp\/v2\/product"}],"about":[{"href":"https:\/\/metaltale.com\/lv\/wp-json\/wp\/v2\/types\/product"}],"replies":[{"embeddable":true,"href":"https:\/\/metaltale.com\/lv\/wp-json\/wp\/v2\/comments?post=132892"}],"version-history":[{"count":0,"href":"https:\/\/metaltale.com\/lv\/wp-json\/wp\/v2\/product\/132892\/revisions"}],"wp:featuredmedia":[{"embeddable":true,"href":"https:\/\/metaltale.com\/lv\/wp-json\/wp\/v2\/media\/118244"}],"wp:attachment":[{"href":"https:\/\/metaltale.com\/lv\/wp-json\/wp\/v2\/media?parent=132892"}],"wp:term":[{"taxonomy":"product_brand","embeddable":true,"href":"https:\/\/metaltale.com\/lv\/wp-json\/wp\/v2\/product_brand?post=132892"},{"taxonomy":"product_cat","embeddable":true,"href":"https:\/\/metaltale.com\/lv\/wp-json\/wp\/v2\/product_cat?post=132892"},{"taxonomy":"product_tag","embeddable":true,"href":"https:\/\/metaltale.com\/lv\/wp-json\/wp\/v2\/product_tag?post=132892"}],"curies":[{"name":"wp","href":"https:\/\/api.w.org\/{rel}","templated":true}]}}