{"id":132890,"date":"2024-02-13T15:33:49","date_gmt":"2024-02-13T13:33:49","guid":{"rendered":"https:\/\/metaltale.com\/produktas\/metala-dvielu-turetajs-triangle\/"},"modified":"2025-01-26T13:11:09","modified_gmt":"2025-01-26T11:11:09","slug":"metala-dvielu-turetajs-triangle","status":"publish","type":"product","link":"https:\/\/metaltale.com\/lv\/produkts\/metala-dvielu-turetajs-triangle\/","title":{"rendered":"Met\u0101la dvie\u013cu tur\u0113t\u0101js TRIANGLE"},"content":{"rendered":"<div class=\"prod_data\">\n<p><strong>Modelis<\/strong> CH.54650<br \/>\n<strong>Materi\u0101ls<\/strong> T\u0113rauds<br \/>\n<strong>Kop\u0113jais augstums (cm<\/strong> ) 20<br \/>\nKop\u0113jais platums (cm ) 15,5<br \/>\n<strong>Kop\u0113j\u0101 projekcija (cm<\/strong> ) 6,7<br \/>\n<strong>Att\u0101lums starp<\/strong> caurumiem (<strong>cm<\/strong> ) 8<br \/>\nMont\u0101\u017eas skr\u016bves J\u0101<br \/>\nT\u0113rauda <strong>kr\u0101sa<\/strong><br \/>\n<strong>Apdare<\/strong> Lakots<\/p>\n<p>balstiek\u0101rta ir izgatavota no t\u0113rauda, t\u0101p\u0113c t\u0101 kalpos ilgu laiku.<\/p>\n<p>ori\u0123in\u0101ls lauku dizains<\/p>\n<p>ir iek\u013cauts skr\u016bvju komplekts \u0101trai uzst\u0101d\u012b\u0161anai.<\/p>\n<hr>\n<p>Interjera aksesu\u0101ri ir \u013coti svar\u012bgs elements, kas var \u0101tri p\u0101rveidot telpu. \u0160is dvie\u013cu tur\u0113t\u0101js ir ori\u0123in\u0101ls risin\u0101jums lauku vai retro vannas istabai vai virtuvei. \u0160is sienas pakaramais ir izgatavots no t\u0113rauda, t\u0101p\u0113c tas kalpos ilgu laiku.<\/p>\n<\/div>\n","protected":false},"excerpt":{"rendered":"<p>Modelis CH.54650 Materi\u0101ls T\u0113rauds Kop\u0113jais augstums (cm ) 20 Kop\u0113jais platums (cm ) 15,5 Kop\u0113j\u0101 projekcija (cm ) 6,7 Att\u0101lums<\/p>\n","protected":false},"featured_media":117182,"comment_status":"open","ping_status":"closed","template":"","meta":{"_acf_changed":false,"pmpro_default_level":""},"product_brand":[],"product_cat":[23837,23872],"product_tag":[],"class_list":{"0":"post-132890","1":"product","2":"type-product","3":"status-publish","4":"has-post-thumbnail","6":"product_cat-mebeles-piederumi","7":"product_cat-ranksluosciu-kabyklos-lv","8":"pmpro-has-access","10":"first","11":"instock","12":"shipping-taxable","13":"purchasable","14":"product-type-simple"},"acf":[],"yoast_head":"<!-- This site is optimized with the Yoast SEO plugin v24.9 - https:\/\/yoast.com\/wordpress\/plugins\/seo\/ -->\n<title>Met\u0101la dvie\u013cu tur\u0113t\u0101js TRIANGLE - MetalTale.com<\/title>\n<meta name=\"robots\" content=\"index, follow, max-snippet:-1, max-image-preview:large, max-video-preview:-1\" \/>\n<link rel=\"canonical\" href=\"https:\/\/metaltale.com\/lv\/produkts\/metala-dvielu-turetajs-triangle\/\" \/>\n<meta property=\"og:locale\" content=\"lv_LV\" \/>\n<meta property=\"og:type\" content=\"article\" \/>\n<meta property=\"og:title\" content=\"Met\u0101la dvie\u013cu tur\u0113t\u0101js TRIANGLE - MetalTale.com\" \/>\n<meta property=\"og:description\" content=\"Modelis CH.54650 Materi\u0101ls T\u0113rauds Kop\u0113jais augstums (cm ) 20 Kop\u0113jais platums (cm ) 15,5 Kop\u0113j\u0101 projekcija (cm ) 6,7 Att\u0101lums\" \/>\n<meta property=\"og:url\" content=\"https:\/\/metaltale.com\/lv\/produkts\/metala-dvielu-turetajs-triangle\/\" \/>\n<meta property=\"og:site_name\" content=\"MetalTale.com\" \/>\n<meta property=\"article:modified_time\" content=\"2025-01-26T11:11:09+00:00\" \/>\n<meta property=\"og:image\" content=\"https:\/\/metaltale.com\/wp-content\/uploads\/2023\/12\/TRIANGLE-metalinis-rankx161luosx10Dix173-laikiklis.jpg\" \/>\n\t<meta property=\"og:image:width\" content=\"800\" \/>\n\t<meta property=\"og:image:height\" content=\"800\" \/>\n\t<meta property=\"og:image:type\" content=\"image\/jpeg\" \/>\n<meta name=\"twitter:card\" content=\"summary_large_image\" \/>\n<meta name=\"twitter:label1\" content=\"Est. reading time\" \/>\n\t<meta name=\"twitter:data1\" content=\"1 minute\" \/>\n<script type=\"application\/ld+json\" class=\"yoast-schema-graph\">{\"@context\":\"https:\/\/schema.org\",\"@graph\":[{\"@type\":\"WebPage\",\"@id\":\"https:\/\/metaltale.com\/lv\/produkts\/metala-dvielu-turetajs-triangle\/\",\"url\":\"https:\/\/metaltale.com\/lv\/produkts\/metala-dvielu-turetajs-triangle\/\",\"name\":\"Met\u0101la dvie\u013cu tur\u0113t\u0101js TRIANGLE - MetalTale.com\",\"isPartOf\":{\"@id\":\"https:\/\/metaltale.com\/lv\/#website\"},\"primaryImageOfPage\":{\"@id\":\"https:\/\/metaltale.com\/lv\/produkts\/metala-dvielu-turetajs-triangle\/#primaryimage\"},\"image\":{\"@id\":\"https:\/\/metaltale.com\/lv\/produkts\/metala-dvielu-turetajs-triangle\/#primaryimage\"},\"thumbnailUrl\":\"https:\/\/metaltale.com\/wp-content\/uploads\/2023\/12\/TRIANGLE-metalinis-rankx161luosx10Dix173-laikiklis.jpg\",\"datePublished\":\"2024-02-13T13:33:49+00:00\",\"dateModified\":\"2025-01-26T11:11:09+00:00\",\"breadcrumb\":{\"@id\":\"https:\/\/metaltale.com\/lv\/produkts\/metala-dvielu-turetajs-triangle\/#breadcrumb\"},\"inLanguage\":\"lv-LV\",\"potentialAction\":[{\"@type\":\"ReadAction\",\"target\":[\"https:\/\/metaltale.com\/lv\/produkts\/metala-dvielu-turetajs-triangle\/\"]}]},{\"@type\":\"ImageObject\",\"inLanguage\":\"lv-LV\",\"@id\":\"https:\/\/metaltale.com\/lv\/produkts\/metala-dvielu-turetajs-triangle\/#primaryimage\",\"url\":\"https:\/\/metaltale.com\/wp-content\/uploads\/2023\/12\/TRIANGLE-metalinis-rankx161luosx10Dix173-laikiklis.jpg\",\"contentUrl\":\"https:\/\/metaltale.com\/wp-content\/uploads\/2023\/12\/TRIANGLE-metalinis-rankx161luosx10Dix173-laikiklis.jpg\",\"width\":800,\"height\":800,\"caption\":\"Met\u0101la dvie\u013cu tur\u0113t\u0101js TRIANGLE\"},{\"@type\":\"BreadcrumbList\",\"@id\":\"https:\/\/metaltale.com\/lv\/produkts\/metala-dvielu-turetajs-triangle\/#breadcrumb\",\"itemListElement\":[{\"@type\":\"ListItem\",\"position\":1,\"name\":\"Home\",\"item\":\"https:\/\/metaltale.com\/lv\/majas\/\"},{\"@type\":\"ListItem\",\"position\":2,\"name\":\"Veikals\",\"item\":\"https:\/\/metaltale.com\/lv\/shop\/\"},{\"@type\":\"ListItem\",\"position\":3,\"name\":\"Met\u0101la dvie\u013cu tur\u0113t\u0101js TRIANGLE\"}]},{\"@type\":\"WebSite\",\"@id\":\"https:\/\/metaltale.com\/lv\/#website\",\"url\":\"https:\/\/metaltale.com\/lv\/\",\"name\":\"Metaltale.com\",\"description\":\"\",\"potentialAction\":[{\"@type\":\"SearchAction\",\"target\":{\"@type\":\"EntryPoint\",\"urlTemplate\":\"https:\/\/metaltale.com\/lv\/?s={search_term_string}\"},\"query-input\":{\"@type\":\"PropertyValueSpecification\",\"valueRequired\":true,\"valueName\":\"search_term_string\"}}],\"inLanguage\":\"lv-LV\"}]}<\/script>\n<!-- \/ Yoast SEO plugin. -->","yoast_head_json":{"title":"Met\u0101la dvie\u013cu tur\u0113t\u0101js TRIANGLE - MetalTale.com","robots":{"index":"index","follow":"follow","max-snippet":"max-snippet:-1","max-image-preview":"max-image-preview:large","max-video-preview":"max-video-preview:-1"},"canonical":"https:\/\/metaltale.com\/lv\/produkts\/metala-dvielu-turetajs-triangle\/","og_locale":"lv_LV","og_type":"article","og_title":"Met\u0101la dvie\u013cu tur\u0113t\u0101js TRIANGLE - MetalTale.com","og_description":"Modelis CH.54650 Materi\u0101ls T\u0113rauds Kop\u0113jais augstums (cm ) 20 Kop\u0113jais platums (cm ) 15,5 Kop\u0113j\u0101 projekcija (cm ) 6,7 Att\u0101lums","og_url":"https:\/\/metaltale.com\/lv\/produkts\/metala-dvielu-turetajs-triangle\/","og_site_name":"MetalTale.com","article_modified_time":"2025-01-26T11:11:09+00:00","og_image":[{"width":800,"height":800,"url":"https:\/\/metaltale.com\/wp-content\/uploads\/2023\/12\/TRIANGLE-metalinis-rankx161luosx10Dix173-laikiklis.jpg","type":"image\/jpeg"}],"twitter_card":"summary_large_image","twitter_misc":{"Est. reading time":"1 minute"},"schema":{"@context":"https:\/\/schema.org","@graph":[{"@type":"WebPage","@id":"https:\/\/metaltale.com\/lv\/produkts\/metala-dvielu-turetajs-triangle\/","url":"https:\/\/metaltale.com\/lv\/produkts\/metala-dvielu-turetajs-triangle\/","name":"Met\u0101la dvie\u013cu tur\u0113t\u0101js TRIANGLE - MetalTale.com","isPartOf":{"@id":"https:\/\/metaltale.com\/lv\/#website"},"primaryImageOfPage":{"@id":"https:\/\/metaltale.com\/lv\/produkts\/metala-dvielu-turetajs-triangle\/#primaryimage"},"image":{"@id":"https:\/\/metaltale.com\/lv\/produkts\/metala-dvielu-turetajs-triangle\/#primaryimage"},"thumbnailUrl":"https:\/\/metaltale.com\/wp-content\/uploads\/2023\/12\/TRIANGLE-metalinis-rankx161luosx10Dix173-laikiklis.jpg","datePublished":"2024-02-13T13:33:49+00:00","dateModified":"2025-01-26T11:11:09+00:00","breadcrumb":{"@id":"https:\/\/metaltale.com\/lv\/produkts\/metala-dvielu-turetajs-triangle\/#breadcrumb"},"inLanguage":"lv-LV","potentialAction":[{"@type":"ReadAction","target":["https:\/\/metaltale.com\/lv\/produkts\/metala-dvielu-turetajs-triangle\/"]}]},{"@type":"ImageObject","inLanguage":"lv-LV","@id":"https:\/\/metaltale.com\/lv\/produkts\/metala-dvielu-turetajs-triangle\/#primaryimage","url":"https:\/\/metaltale.com\/wp-content\/uploads\/2023\/12\/TRIANGLE-metalinis-rankx161luosx10Dix173-laikiklis.jpg","contentUrl":"https:\/\/metaltale.com\/wp-content\/uploads\/2023\/12\/TRIANGLE-metalinis-rankx161luosx10Dix173-laikiklis.jpg","width":800,"height":800,"caption":"Met\u0101la dvie\u013cu tur\u0113t\u0101js TRIANGLE"},{"@type":"BreadcrumbList","@id":"https:\/\/metaltale.com\/lv\/produkts\/metala-dvielu-turetajs-triangle\/#breadcrumb","itemListElement":[{"@type":"ListItem","position":1,"name":"Home","item":"https:\/\/metaltale.com\/lv\/majas\/"},{"@type":"ListItem","position":2,"name":"Veikals","item":"https:\/\/metaltale.com\/lv\/shop\/"},{"@type":"ListItem","position":3,"name":"Met\u0101la dvie\u013cu tur\u0113t\u0101js TRIANGLE"}]},{"@type":"WebSite","@id":"https:\/\/metaltale.com\/lv\/#website","url":"https:\/\/metaltale.com\/lv\/","name":"Metaltale.com","description":"","potentialAction":[{"@type":"SearchAction","target":{"@type":"EntryPoint","urlTemplate":"https:\/\/metaltale.com\/lv\/?s={search_term_string}"},"query-input":{"@type":"PropertyValueSpecification","valueRequired":true,"valueName":"search_term_string"}}],"inLanguage":"lv-LV"}]}},"_links":{"self":[{"href":"https:\/\/metaltale.com\/lv\/wp-json\/wp\/v2\/product\/132890","targetHints":{"allow":["GET"]}}],"collection":[{"href":"https:\/\/metaltale.com\/lv\/wp-json\/wp\/v2\/product"}],"about":[{"href":"https:\/\/metaltale.com\/lv\/wp-json\/wp\/v2\/types\/product"}],"replies":[{"embeddable":true,"href":"https:\/\/metaltale.com\/lv\/wp-json\/wp\/v2\/comments?post=132890"}],"version-history":[{"count":0,"href":"https:\/\/metaltale.com\/lv\/wp-json\/wp\/v2\/product\/132890\/revisions"}],"wp:featuredmedia":[{"embeddable":true,"href":"https:\/\/metaltale.com\/lv\/wp-json\/wp\/v2\/media\/117182"}],"wp:attachment":[{"href":"https:\/\/metaltale.com\/lv\/wp-json\/wp\/v2\/media?parent=132890"}],"wp:term":[{"taxonomy":"product_brand","embeddable":true,"href":"https:\/\/metaltale.com\/lv\/wp-json\/wp\/v2\/product_brand?post=132890"},{"taxonomy":"product_cat","embeddable":true,"href":"https:\/\/metaltale.com\/lv\/wp-json\/wp\/v2\/product_cat?post=132890"},{"taxonomy":"product_tag","embeddable":true,"href":"https:\/\/metaltale.com\/lv\/wp-json\/wp\/v2\/product_tag?post=132890"}],"curies":[{"name":"wp","href":"https:\/\/api.w.org\/{rel}","templated":true}]}}