{"id":132887,"date":"2024-02-13T15:35:05","date_gmt":"2024-02-13T13:35:05","guid":{"rendered":"https:\/\/metaltale.com\/produktas\/metala-sienas-lampa-leaf\/"},"modified":"2025-01-26T13:11:13","modified_gmt":"2025-01-26T11:11:13","slug":"metala-sienas-lampa-leaf","status":"publish","type":"product","link":"https:\/\/metaltale.com\/lv\/produkts\/metala-sienas-lampa-leaf\/","title":{"rendered":"Met\u0101la sienas lampa LEAF"},"content":{"rendered":"<div class=\"prod_data\"><strong>Modelis<\/strong> CH.3786  <br \/><strong>Materi\u0101ls<\/strong> T\u0113rauds  <br \/><strong>Kop\u0113jais augstums (cm<\/strong> ) 27  <br \/><strong>Kop\u0113jais platums (cm<\/strong> ) 6,5  <br \/><strong>Kop\u0113j\u0101 projekcija (cm<\/strong> ) 9,5  <br \/><strong>Mont\u0101\u017eas skr\u016bves<\/strong> J\u0101  <br \/>T\u0113rauda kr\u0101sa <br \/><strong>Apdare<\/strong> Lakots  <\/p>\n<p>augsts sienas sve\u010du tur\u0113t\u0101js, kas \u013cauj ietaup\u012bt vietu uz galda virsmas vai galda.<\/p>\n<p>izgatavots no t\u0113rauda, lai nodro\u0161in\u0101tu produkta iztur\u012bbu.<\/p>\n<p>caurumi stabilai piekarei<\/p>\n<p>uz sve\u010dtura var novietot sveci, kuras diametrs ir 2,2 cm.<\/p>\n<hr>\n<p>Met\u0101la sienas sve\u010du tur\u0113t\u0101js ir lieliska alternat\u012bva tradicion\u0101lajam apgaismojumam, kas rada m\u0101j\u012bgu un romantisku atmosf\u0113ru. Dekorat\u012bvais sve\u010dturis ar lapas formas galu tikai pasv\u012btro izstr\u0101d\u0101juma lauku raksturu. Pie sienas piestiprin\u0101mais sve\u010dturis b\u016bs ide\u0101ls dekorat\u012bvs aksesu\u0101rs m\u016bsu dz\u012bvojam\u0101 istab\u0101, gu\u013camistab\u0101 vai teras\u0113, radot relaks\u0113jo\u0161u atmosf\u0113ru.<\/p>\n<\/div>\n","protected":false},"excerpt":{"rendered":"<p>Modelis CH.3786 Materi\u0101ls T\u0113rauds Kop\u0113jais augstums (cm ) 27 Kop\u0113jais platums (cm ) 6,5 Kop\u0113j\u0101 projekcija (cm ) 9,5 Mont\u0101\u017eas<\/p>\n","protected":false},"featured_media":116864,"comment_status":"open","ping_status":"closed","template":"","meta":{"_acf_changed":false,"pmpro_default_level":""},"product_brand":[],"product_cat":[24104],"product_tag":[],"class_list":{"0":"post-132887","1":"product","2":"type-product","3":"status-publish","4":"has-post-thumbnail","6":"product_cat-piekaramie-svecturi","7":"pmpro-has-access","9":"first","10":"instock","11":"shipping-taxable","12":"purchasable","13":"product-type-simple"},"acf":[],"yoast_head":"<!-- This site is optimized with the Yoast SEO plugin v24.9 - https:\/\/yoast.com\/wordpress\/plugins\/seo\/ -->\n<title>Met\u0101la sienas lampa LEAF - MetalTale.com<\/title>\n<meta name=\"robots\" content=\"index, follow, max-snippet:-1, max-image-preview:large, max-video-preview:-1\" \/>\n<link rel=\"canonical\" href=\"https:\/\/metaltale.com\/lv\/produkts\/metala-sienas-lampa-leaf\/\" \/>\n<meta property=\"og:locale\" content=\"lv_LV\" \/>\n<meta property=\"og:type\" content=\"article\" \/>\n<meta property=\"og:title\" content=\"Met\u0101la sienas lampa LEAF - MetalTale.com\" \/>\n<meta property=\"og:description\" content=\"Modelis CH.3786 Materi\u0101ls T\u0113rauds Kop\u0113jais augstums (cm ) 27 Kop\u0113jais platums (cm ) 6,5 Kop\u0113j\u0101 projekcija (cm ) 9,5 Mont\u0101\u017eas\" \/>\n<meta property=\"og:url\" content=\"https:\/\/metaltale.com\/lv\/produkts\/metala-sienas-lampa-leaf\/\" \/>\n<meta property=\"og:site_name\" content=\"MetalTale.com\" \/>\n<meta property=\"article:modified_time\" content=\"2025-01-26T11:11:13+00:00\" \/>\n<meta name=\"twitter:card\" content=\"summary_large_image\" \/>\n<meta name=\"twitter:label1\" content=\"Est. reading time\" \/>\n\t<meta name=\"twitter:data1\" content=\"1 minute\" \/>\n<script type=\"application\/ld+json\" class=\"yoast-schema-graph\">{\"@context\":\"https:\/\/schema.org\",\"@graph\":[{\"@type\":\"WebPage\",\"@id\":\"https:\/\/metaltale.com\/lv\/produkts\/metala-sienas-lampa-leaf\/\",\"url\":\"https:\/\/metaltale.com\/lv\/produkts\/metala-sienas-lampa-leaf\/\",\"name\":\"Met\u0101la sienas lampa LEAF - MetalTale.com\",\"isPartOf\":{\"@id\":\"https:\/\/metaltale.com\/lv\/#website\"},\"primaryImageOfPage\":{\"@id\":\"https:\/\/metaltale.com\/lv\/produkts\/metala-sienas-lampa-leaf\/#primaryimage\"},\"image\":{\"@id\":\"https:\/\/metaltale.com\/lv\/produkts\/metala-sienas-lampa-leaf\/#primaryimage\"},\"thumbnailUrl\":\"https:\/\/metaltale.com\/wp-content\/uploads\/2023\/12\/Metalinis-sieninis-x161viestuvas-LEAF.jpg\",\"datePublished\":\"2024-02-13T13:35:05+00:00\",\"dateModified\":\"2025-01-26T11:11:13+00:00\",\"breadcrumb\":{\"@id\":\"https:\/\/metaltale.com\/lv\/produkts\/metala-sienas-lampa-leaf\/#breadcrumb\"},\"inLanguage\":\"lv-LV\",\"potentialAction\":[{\"@type\":\"ReadAction\",\"target\":[\"https:\/\/metaltale.com\/lv\/produkts\/metala-sienas-lampa-leaf\/\"]}]},{\"@type\":\"ImageObject\",\"inLanguage\":\"lv-LV\",\"@id\":\"https:\/\/metaltale.com\/lv\/produkts\/metala-sienas-lampa-leaf\/#primaryimage\",\"url\":\"https:\/\/metaltale.com\/wp-content\/uploads\/2023\/12\/Metalinis-sieninis-x161viestuvas-LEAF.jpg\",\"contentUrl\":\"https:\/\/metaltale.com\/wp-content\/uploads\/2023\/12\/Metalinis-sieninis-x161viestuvas-LEAF.jpg\",\"width\":800,\"height\":800},{\"@type\":\"BreadcrumbList\",\"@id\":\"https:\/\/metaltale.com\/lv\/produkts\/metala-sienas-lampa-leaf\/#breadcrumb\",\"itemListElement\":[{\"@type\":\"ListItem\",\"position\":1,\"name\":\"Home\",\"item\":\"https:\/\/metaltale.com\/lv\/majas\/\"},{\"@type\":\"ListItem\",\"position\":2,\"name\":\"Veikals\",\"item\":\"https:\/\/metaltale.com\/lv\/shop\/\"},{\"@type\":\"ListItem\",\"position\":3,\"name\":\"Met\u0101la sienas lampa LEAF\"}]},{\"@type\":\"WebSite\",\"@id\":\"https:\/\/metaltale.com\/lv\/#website\",\"url\":\"https:\/\/metaltale.com\/lv\/\",\"name\":\"Metaltale.com\",\"description\":\"\",\"potentialAction\":[{\"@type\":\"SearchAction\",\"target\":{\"@type\":\"EntryPoint\",\"urlTemplate\":\"https:\/\/metaltale.com\/lv\/?s={search_term_string}\"},\"query-input\":{\"@type\":\"PropertyValueSpecification\",\"valueRequired\":true,\"valueName\":\"search_term_string\"}}],\"inLanguage\":\"lv-LV\"}]}<\/script>\n<!-- \/ Yoast SEO plugin. -->","yoast_head_json":{"title":"Met\u0101la sienas lampa LEAF - MetalTale.com","robots":{"index":"index","follow":"follow","max-snippet":"max-snippet:-1","max-image-preview":"max-image-preview:large","max-video-preview":"max-video-preview:-1"},"canonical":"https:\/\/metaltale.com\/lv\/produkts\/metala-sienas-lampa-leaf\/","og_locale":"lv_LV","og_type":"article","og_title":"Met\u0101la sienas lampa LEAF - MetalTale.com","og_description":"Modelis CH.3786 Materi\u0101ls T\u0113rauds Kop\u0113jais augstums (cm ) 27 Kop\u0113jais platums (cm ) 6,5 Kop\u0113j\u0101 projekcija (cm ) 9,5 Mont\u0101\u017eas","og_url":"https:\/\/metaltale.com\/lv\/produkts\/metala-sienas-lampa-leaf\/","og_site_name":"MetalTale.com","article_modified_time":"2025-01-26T11:11:13+00:00","twitter_card":"summary_large_image","twitter_misc":{"Est. reading time":"1 minute"},"schema":{"@context":"https:\/\/schema.org","@graph":[{"@type":"WebPage","@id":"https:\/\/metaltale.com\/lv\/produkts\/metala-sienas-lampa-leaf\/","url":"https:\/\/metaltale.com\/lv\/produkts\/metala-sienas-lampa-leaf\/","name":"Met\u0101la sienas lampa LEAF - MetalTale.com","isPartOf":{"@id":"https:\/\/metaltale.com\/lv\/#website"},"primaryImageOfPage":{"@id":"https:\/\/metaltale.com\/lv\/produkts\/metala-sienas-lampa-leaf\/#primaryimage"},"image":{"@id":"https:\/\/metaltale.com\/lv\/produkts\/metala-sienas-lampa-leaf\/#primaryimage"},"thumbnailUrl":"https:\/\/metaltale.com\/wp-content\/uploads\/2023\/12\/Metalinis-sieninis-x161viestuvas-LEAF.jpg","datePublished":"2024-02-13T13:35:05+00:00","dateModified":"2025-01-26T11:11:13+00:00","breadcrumb":{"@id":"https:\/\/metaltale.com\/lv\/produkts\/metala-sienas-lampa-leaf\/#breadcrumb"},"inLanguage":"lv-LV","potentialAction":[{"@type":"ReadAction","target":["https:\/\/metaltale.com\/lv\/produkts\/metala-sienas-lampa-leaf\/"]}]},{"@type":"ImageObject","inLanguage":"lv-LV","@id":"https:\/\/metaltale.com\/lv\/produkts\/metala-sienas-lampa-leaf\/#primaryimage","url":"https:\/\/metaltale.com\/wp-content\/uploads\/2023\/12\/Metalinis-sieninis-x161viestuvas-LEAF.jpg","contentUrl":"https:\/\/metaltale.com\/wp-content\/uploads\/2023\/12\/Metalinis-sieninis-x161viestuvas-LEAF.jpg","width":800,"height":800},{"@type":"BreadcrumbList","@id":"https:\/\/metaltale.com\/lv\/produkts\/metala-sienas-lampa-leaf\/#breadcrumb","itemListElement":[{"@type":"ListItem","position":1,"name":"Home","item":"https:\/\/metaltale.com\/lv\/majas\/"},{"@type":"ListItem","position":2,"name":"Veikals","item":"https:\/\/metaltale.com\/lv\/shop\/"},{"@type":"ListItem","position":3,"name":"Met\u0101la sienas lampa LEAF"}]},{"@type":"WebSite","@id":"https:\/\/metaltale.com\/lv\/#website","url":"https:\/\/metaltale.com\/lv\/","name":"Metaltale.com","description":"","potentialAction":[{"@type":"SearchAction","target":{"@type":"EntryPoint","urlTemplate":"https:\/\/metaltale.com\/lv\/?s={search_term_string}"},"query-input":{"@type":"PropertyValueSpecification","valueRequired":true,"valueName":"search_term_string"}}],"inLanguage":"lv-LV"}]}},"_links":{"self":[{"href":"https:\/\/metaltale.com\/lv\/wp-json\/wp\/v2\/product\/132887","targetHints":{"allow":["GET"]}}],"collection":[{"href":"https:\/\/metaltale.com\/lv\/wp-json\/wp\/v2\/product"}],"about":[{"href":"https:\/\/metaltale.com\/lv\/wp-json\/wp\/v2\/types\/product"}],"replies":[{"embeddable":true,"href":"https:\/\/metaltale.com\/lv\/wp-json\/wp\/v2\/comments?post=132887"}],"version-history":[{"count":0,"href":"https:\/\/metaltale.com\/lv\/wp-json\/wp\/v2\/product\/132887\/revisions"}],"wp:featuredmedia":[{"embeddable":true,"href":"https:\/\/metaltale.com\/lv\/wp-json\/wp\/v2\/media\/116864"}],"wp:attachment":[{"href":"https:\/\/metaltale.com\/lv\/wp-json\/wp\/v2\/media?parent=132887"}],"wp:term":[{"taxonomy":"product_brand","embeddable":true,"href":"https:\/\/metaltale.com\/lv\/wp-json\/wp\/v2\/product_brand?post=132887"},{"taxonomy":"product_cat","embeddable":true,"href":"https:\/\/metaltale.com\/lv\/wp-json\/wp\/v2\/product_cat?post=132887"},{"taxonomy":"product_tag","embeddable":true,"href":"https:\/\/metaltale.com\/lv\/wp-json\/wp\/v2\/product_tag?post=132887"}],"curies":[{"name":"wp","href":"https:\/\/api.w.org\/{rel}","templated":true}]}}