{"id":132884,"date":"2024-02-13T15:33:49","date_gmt":"2024-02-13T13:33:49","guid":{"rendered":"https:\/\/metaltale.com\/produktas\/metala-dvielu-turetajs-heart\/"},"modified":"2025-12-03T19:11:40","modified_gmt":"2025-12-03T17:11:40","slug":"metala-dvielu-turetajs-heart","status":"publish","type":"product","link":"https:\/\/metaltale.com\/lv\/produkts\/metala-dvielu-turetajs-heart\/","title":{"rendered":"Met\u0101la dvie\u013cu tur\u0113t\u0101js HEART"},"content":{"rendered":"<div class=\"prod_data\">\n<p><strong>Modelis<\/strong> CH.3856<br \/>\n<strong>Materi\u0101ls<\/strong> T\u0113rauds<br \/>\n<strong>Kop\u0113jais augstums (cm<\/strong> ) 23,5<br \/>\n<strong>Kop\u0113jais diametrs (cm<\/strong> ) 16<br \/>\n<strong>Kop\u0113j\u0101 projekcija (cm<\/strong> ) 6,5<br \/>\n<strong>Att\u0101lums starp<\/strong> caurumiem (<strong>cm<\/strong> ) 1,7<br \/>\nMont\u0101\u017eas skr\u016bves J\u0101<br \/>\nT\u0113rauda <strong>kr\u0101sa<\/strong><br \/>\n<strong>Apdare<\/strong> Lakots<\/p>\n<p>balstiek\u0101rta ir izgatavota no t\u0113rauda, t\u0101p\u0113c t\u0101 kalpos ilgu laiku.<\/p>\n<p>ori\u0123in\u0101ls lauku dizains<\/p>\n<p>ir iek\u013cauts skr\u016bvju komplekts \u0101trai uzst\u0101d\u012b\u0161anai.<\/p>\n<hr>\n<p>Sienas dvie\u013cu tur\u0113t\u0101js Heart b\u016bs ori\u0123in\u0101ls papildin\u0101jums m\u016bsu interjeriem. Viens no rakstur\u012bg\u0101kajiem tur\u0113t\u0101ja elementiem ir sirds formas pl\u0101ksn\u012bte. \u0160\u012b maig\u0101 un romantisk\u0101 apdare pie\u0161\u0137ir tur\u0113t\u0101jam \u0161armu un padara to unik\u0101lu. Lai pakarin\u0101tu dvieli, vienk\u0101r\u0161i uzlieciet to uz gredzena, kas ir piestiprin\u0101ts pie roktura. \u0160is praktiskais dizains nodro\u0161ina vieglu un \u0113rtu tur\u0113t\u0101ja lieto\u0161anu, \u013caujot dvieli uzglab\u0101t pieejam\u0101 un est\u0113tiski pievilc\u012bg\u0101 viet\u0101.<\/p>\n<\/div>\n","protected":false},"excerpt":{"rendered":"<p>Modelis CH.3856 Materi\u0101ls T\u0113rauds Kop\u0113jais augstums (cm ) 23,5 Kop\u0113jais diametrs (cm ) 16 Kop\u0113j\u0101 projekcija (cm ) 6,5 Att\u0101lums<\/p>\n","protected":false},"featured_media":117128,"comment_status":"open","ping_status":"closed","template":"","meta":{"_acf_changed":false,"pmpro_default_level":""},"product_brand":[],"product_cat":[23837,23872],"product_tag":[],"class_list":{"0":"post-132884","1":"product","2":"type-product","3":"status-publish","4":"has-post-thumbnail","6":"product_cat-mebeles-piederumi","7":"product_cat-ranksluosciu-kabyklos-lv","8":"pmpro-has-access","10":"first","11":"instock","12":"shipping-taxable","13":"purchasable","14":"product-type-simple"},"acf":[],"yoast_head":"<!-- This site is optimized with the Yoast SEO plugin v24.9 - https:\/\/yoast.com\/wordpress\/plugins\/seo\/ -->\n<title>Met\u0101la dvie\u013cu tur\u0113t\u0101js HEART - MetalTale.com<\/title>\n<meta name=\"robots\" content=\"index, follow, max-snippet:-1, max-image-preview:large, max-video-preview:-1\" \/>\n<link rel=\"canonical\" href=\"https:\/\/metaltale.com\/lv\/produkts\/metala-dvielu-turetajs-heart\/\" \/>\n<meta property=\"og:locale\" content=\"lv_LV\" \/>\n<meta property=\"og:type\" content=\"article\" \/>\n<meta property=\"og:title\" content=\"Met\u0101la dvie\u013cu tur\u0113t\u0101js HEART - MetalTale.com\" \/>\n<meta property=\"og:description\" content=\"Modelis CH.3856 Materi\u0101ls T\u0113rauds Kop\u0113jais augstums (cm ) 23,5 Kop\u0113jais diametrs (cm ) 16 Kop\u0113j\u0101 projekcija (cm ) 6,5 Att\u0101lums\" \/>\n<meta property=\"og:url\" content=\"https:\/\/metaltale.com\/lv\/produkts\/metala-dvielu-turetajs-heart\/\" \/>\n<meta property=\"og:site_name\" content=\"MetalTale.com\" \/>\n<meta property=\"article:modified_time\" content=\"2025-12-03T17:11:40+00:00\" \/>\n<meta property=\"og:image\" content=\"https:\/\/metaltale.com\/wp-content\/uploads\/2023\/12\/Metalinis-rankx161luosx10Dix173-laikiklis-HEART.jpg\" \/>\n\t<meta property=\"og:image:width\" content=\"800\" \/>\n\t<meta property=\"og:image:height\" content=\"800\" \/>\n\t<meta property=\"og:image:type\" content=\"image\/jpeg\" \/>\n<meta name=\"twitter:card\" content=\"summary_large_image\" \/>\n<meta name=\"twitter:label1\" content=\"Est. reading time\" \/>\n\t<meta name=\"twitter:data1\" content=\"1 minute\" \/>\n<script type=\"application\/ld+json\" class=\"yoast-schema-graph\">{\"@context\":\"https:\/\/schema.org\",\"@graph\":[{\"@type\":\"WebPage\",\"@id\":\"https:\/\/metaltale.com\/lv\/produkts\/metala-dvielu-turetajs-heart\/\",\"url\":\"https:\/\/metaltale.com\/lv\/produkts\/metala-dvielu-turetajs-heart\/\",\"name\":\"Met\u0101la dvie\u013cu tur\u0113t\u0101js HEART - MetalTale.com\",\"isPartOf\":{\"@id\":\"https:\/\/metaltale.com\/lv\/#website\"},\"primaryImageOfPage\":{\"@id\":\"https:\/\/metaltale.com\/lv\/produkts\/metala-dvielu-turetajs-heart\/#primaryimage\"},\"image\":{\"@id\":\"https:\/\/metaltale.com\/lv\/produkts\/metala-dvielu-turetajs-heart\/#primaryimage\"},\"thumbnailUrl\":\"https:\/\/metaltale.com\/wp-content\/uploads\/2023\/12\/Metalinis-rankx161luosx10Dix173-laikiklis-HEART.jpg\",\"datePublished\":\"2024-02-13T13:33:49+00:00\",\"dateModified\":\"2025-12-03T17:11:40+00:00\",\"breadcrumb\":{\"@id\":\"https:\/\/metaltale.com\/lv\/produkts\/metala-dvielu-turetajs-heart\/#breadcrumb\"},\"inLanguage\":\"lv-LV\",\"potentialAction\":[{\"@type\":\"ReadAction\",\"target\":[\"https:\/\/metaltale.com\/lv\/produkts\/metala-dvielu-turetajs-heart\/\"]}]},{\"@type\":\"ImageObject\",\"inLanguage\":\"lv-LV\",\"@id\":\"https:\/\/metaltale.com\/lv\/produkts\/metala-dvielu-turetajs-heart\/#primaryimage\",\"url\":\"https:\/\/metaltale.com\/wp-content\/uploads\/2023\/12\/Metalinis-rankx161luosx10Dix173-laikiklis-HEART.jpg\",\"contentUrl\":\"https:\/\/metaltale.com\/wp-content\/uploads\/2023\/12\/Metalinis-rankx161luosx10Dix173-laikiklis-HEART.jpg\",\"width\":800,\"height\":800,\"caption\":\"Met\u0101la dvie\u013cu tur\u0113t\u0101js HEART\"},{\"@type\":\"BreadcrumbList\",\"@id\":\"https:\/\/metaltale.com\/lv\/produkts\/metala-dvielu-turetajs-heart\/#breadcrumb\",\"itemListElement\":[{\"@type\":\"ListItem\",\"position\":1,\"name\":\"Home\",\"item\":\"https:\/\/metaltale.com\/lv\/majas\/\"},{\"@type\":\"ListItem\",\"position\":2,\"name\":\"Veikals\",\"item\":\"https:\/\/metaltale.com\/lv\/shop\/\"},{\"@type\":\"ListItem\",\"position\":3,\"name\":\"Met\u0101la dvie\u013cu tur\u0113t\u0101js HEART\"}]},{\"@type\":\"WebSite\",\"@id\":\"https:\/\/metaltale.com\/lv\/#website\",\"url\":\"https:\/\/metaltale.com\/lv\/\",\"name\":\"Metaltale.com\",\"description\":\"\",\"potentialAction\":[{\"@type\":\"SearchAction\",\"target\":{\"@type\":\"EntryPoint\",\"urlTemplate\":\"https:\/\/metaltale.com\/lv\/?s={search_term_string}\"},\"query-input\":{\"@type\":\"PropertyValueSpecification\",\"valueRequired\":true,\"valueName\":\"search_term_string\"}}],\"inLanguage\":\"lv-LV\"}]}<\/script>\n<!-- \/ Yoast SEO plugin. -->","yoast_head_json":{"title":"Met\u0101la dvie\u013cu tur\u0113t\u0101js HEART - MetalTale.com","robots":{"index":"index","follow":"follow","max-snippet":"max-snippet:-1","max-image-preview":"max-image-preview:large","max-video-preview":"max-video-preview:-1"},"canonical":"https:\/\/metaltale.com\/lv\/produkts\/metala-dvielu-turetajs-heart\/","og_locale":"lv_LV","og_type":"article","og_title":"Met\u0101la dvie\u013cu tur\u0113t\u0101js HEART - MetalTale.com","og_description":"Modelis CH.3856 Materi\u0101ls T\u0113rauds Kop\u0113jais augstums (cm ) 23,5 Kop\u0113jais diametrs (cm ) 16 Kop\u0113j\u0101 projekcija (cm ) 6,5 Att\u0101lums","og_url":"https:\/\/metaltale.com\/lv\/produkts\/metala-dvielu-turetajs-heart\/","og_site_name":"MetalTale.com","article_modified_time":"2025-12-03T17:11:40+00:00","og_image":[{"width":800,"height":800,"url":"https:\/\/metaltale.com\/wp-content\/uploads\/2023\/12\/Metalinis-rankx161luosx10Dix173-laikiklis-HEART.jpg","type":"image\/jpeg"}],"twitter_card":"summary_large_image","twitter_misc":{"Est. reading time":"1 minute"},"schema":{"@context":"https:\/\/schema.org","@graph":[{"@type":"WebPage","@id":"https:\/\/metaltale.com\/lv\/produkts\/metala-dvielu-turetajs-heart\/","url":"https:\/\/metaltale.com\/lv\/produkts\/metala-dvielu-turetajs-heart\/","name":"Met\u0101la dvie\u013cu tur\u0113t\u0101js HEART - MetalTale.com","isPartOf":{"@id":"https:\/\/metaltale.com\/lv\/#website"},"primaryImageOfPage":{"@id":"https:\/\/metaltale.com\/lv\/produkts\/metala-dvielu-turetajs-heart\/#primaryimage"},"image":{"@id":"https:\/\/metaltale.com\/lv\/produkts\/metala-dvielu-turetajs-heart\/#primaryimage"},"thumbnailUrl":"https:\/\/metaltale.com\/wp-content\/uploads\/2023\/12\/Metalinis-rankx161luosx10Dix173-laikiklis-HEART.jpg","datePublished":"2024-02-13T13:33:49+00:00","dateModified":"2025-12-03T17:11:40+00:00","breadcrumb":{"@id":"https:\/\/metaltale.com\/lv\/produkts\/metala-dvielu-turetajs-heart\/#breadcrumb"},"inLanguage":"lv-LV","potentialAction":[{"@type":"ReadAction","target":["https:\/\/metaltale.com\/lv\/produkts\/metala-dvielu-turetajs-heart\/"]}]},{"@type":"ImageObject","inLanguage":"lv-LV","@id":"https:\/\/metaltale.com\/lv\/produkts\/metala-dvielu-turetajs-heart\/#primaryimage","url":"https:\/\/metaltale.com\/wp-content\/uploads\/2023\/12\/Metalinis-rankx161luosx10Dix173-laikiklis-HEART.jpg","contentUrl":"https:\/\/metaltale.com\/wp-content\/uploads\/2023\/12\/Metalinis-rankx161luosx10Dix173-laikiklis-HEART.jpg","width":800,"height":800,"caption":"Met\u0101la dvie\u013cu tur\u0113t\u0101js HEART"},{"@type":"BreadcrumbList","@id":"https:\/\/metaltale.com\/lv\/produkts\/metala-dvielu-turetajs-heart\/#breadcrumb","itemListElement":[{"@type":"ListItem","position":1,"name":"Home","item":"https:\/\/metaltale.com\/lv\/majas\/"},{"@type":"ListItem","position":2,"name":"Veikals","item":"https:\/\/metaltale.com\/lv\/shop\/"},{"@type":"ListItem","position":3,"name":"Met\u0101la dvie\u013cu tur\u0113t\u0101js HEART"}]},{"@type":"WebSite","@id":"https:\/\/metaltale.com\/lv\/#website","url":"https:\/\/metaltale.com\/lv\/","name":"Metaltale.com","description":"","potentialAction":[{"@type":"SearchAction","target":{"@type":"EntryPoint","urlTemplate":"https:\/\/metaltale.com\/lv\/?s={search_term_string}"},"query-input":{"@type":"PropertyValueSpecification","valueRequired":true,"valueName":"search_term_string"}}],"inLanguage":"lv-LV"}]}},"_links":{"self":[{"href":"https:\/\/metaltale.com\/lv\/wp-json\/wp\/v2\/product\/132884","targetHints":{"allow":["GET"]}}],"collection":[{"href":"https:\/\/metaltale.com\/lv\/wp-json\/wp\/v2\/product"}],"about":[{"href":"https:\/\/metaltale.com\/lv\/wp-json\/wp\/v2\/types\/product"}],"replies":[{"embeddable":true,"href":"https:\/\/metaltale.com\/lv\/wp-json\/wp\/v2\/comments?post=132884"}],"version-history":[{"count":0,"href":"https:\/\/metaltale.com\/lv\/wp-json\/wp\/v2\/product\/132884\/revisions"}],"wp:featuredmedia":[{"embeddable":true,"href":"https:\/\/metaltale.com\/lv\/wp-json\/wp\/v2\/media\/117128"}],"wp:attachment":[{"href":"https:\/\/metaltale.com\/lv\/wp-json\/wp\/v2\/media?parent=132884"}],"wp:term":[{"taxonomy":"product_brand","embeddable":true,"href":"https:\/\/metaltale.com\/lv\/wp-json\/wp\/v2\/product_brand?post=132884"},{"taxonomy":"product_cat","embeddable":true,"href":"https:\/\/metaltale.com\/lv\/wp-json\/wp\/v2\/product_cat?post=132884"},{"taxonomy":"product_tag","embeddable":true,"href":"https:\/\/metaltale.com\/lv\/wp-json\/wp\/v2\/product_tag?post=132884"}],"curies":[{"name":"wp","href":"https:\/\/api.w.org\/{rel}","templated":true}]}}