{"id":132864,"date":"2024-02-13T15:33:49","date_gmt":"2024-02-13T13:33:49","guid":{"rendered":"https:\/\/metaltale.com\/produktas\/klikskis-drebem-flat-97-mm\/"},"modified":"2024-02-13T15:33:49","modified_gmt":"2024-02-13T13:33:49","slug":"klikskis-drebem-flat-97-mm","status":"publish","type":"product","link":"https:\/\/metaltale.com\/lv\/produkts\/klikskis-drebem-flat-97-mm\/","title":{"rendered":"Klik\u0161\u0137is dr\u0113b\u0113m FLAT 97 mm"},"content":{"rendered":"<div class=\"prod_data\">\n<p><strong>Modelis<\/strong> CH.51224<br \/>\n<strong>Materi\u0101ls<\/strong> T\u0113rauds<br \/>\n<strong>Kop\u0113jais augstums (cm<\/strong> ) 9,7<br \/>\n<strong>Kop\u0113jais platums (cm<\/strong> ) 1,4<br \/>\n<strong>Kop\u0113j\u0101 projekcija (cm<\/strong> ) 4,2<br \/>\n<strong>Veids<\/strong> Vienviet\u012bgs<br \/>\nT\u0113rauda <strong>kr\u0101sa<\/strong><br \/>\n<strong>Apdare<\/strong> Lakots<\/p>\n<p>tas ir izgatavots no t\u0113rauda, t\u0101p\u0113c kalpos daudzus gadus.<\/p>\n<p>ori\u0123in\u0101ls \u0101\u0137is ar ori\u0123in\u0101liem bultas formas uzga\u013ciem.<\/p>\n<p>komplekt\u0101 ir iek\u013cauts skr\u016bvju komplekts \u0101trai un \u0113rtai mont\u0101\u017eai.<\/p>\n<hr>\n<p>Izv\u0113loties pakaramos \u0101\u0137us, j\u016bs ieg\u016bsiet ne tikai praktisku vietu, kur pak\u0101rt dr\u0113bes, bet ar\u012b dekorat\u012bvu elementu, kas bag\u0101tin\u0101s j\u016bsu telpas izskatu. Pateicoties to iztur\u012bbai un stabilit\u0101tei, pakaramie \u0101\u0137i nodro\u0161ina ne tikai funkcionalit\u0101ti, bet ar\u012b ilgtermi\u0146a lieto\u0161anu. To zemniecisk\u0101 apdare pie\u0161\u0137ir tiem unik\u0101lu \u0161armu un raksturu.<\/p>\n<p>\u0100\u0137is izce\u013cas ar nel\u012bdzenaj\u0101m mal\u0101m, kas tam pie\u0161\u0137ir industri\u0101lu \u0161armu. Tam ir smalks izliekums gal\u0101, kas pie\u0161\u0137ir papildu \u0161armu un padara to ne tikai par praktisku priek\u0161metu, bet ar\u012b par stil\u012bgu rot\u0101jumu. Neapstr\u0101d\u0101t\u0101 kr\u0101sa, kas saglab\u0101 t\u0113rauda dabisko izskatu, pie\u0161\u0137ir tam raksturu un autentiskumu. Smalk\u0101, redzam\u0101 kr\u0101sas mai\u0146a pie\u0161\u0137ir tai smalku, dabisku izskatu, izce\u013cot t\u0101s s\u0101kotn\u0113jo est\u0113tiku.<\/p>\n<\/div>\n","protected":false},"excerpt":{"rendered":"<p>Modelis CH.51224 Materi\u0101ls T\u0113rauds Kop\u0113jais augstums (cm ) 9,7 Kop\u0113jais platums (cm ) 1,4 Kop\u0113j\u0101 projekcija (cm ) 4,2 Veids<\/p>\n","protected":false},"featured_media":116768,"comment_status":"open","ping_status":"closed","template":"","meta":{"_acf_changed":false,"pmpro_default_level":""},"product_brand":[],"product_cat":[23837,23862],"product_tag":[],"class_list":{"0":"post-132864","1":"product","2":"type-product","3":"status-publish","4":"has-post-thumbnail","6":"product_cat-mebeles-piederumi","7":"product_cat-pakabos-ir-kabliukai-lv","8":"pmpro-has-access","10":"first","11":"instock","12":"shipping-taxable","13":"purchasable","14":"product-type-simple"},"acf":[],"yoast_head":"<!-- This site is optimized with the Yoast SEO plugin v24.9 - https:\/\/yoast.com\/wordpress\/plugins\/seo\/ -->\n<title>Klik\u0161\u0137is dr\u0113b\u0113m FLAT 97 mm - MetalTale.com<\/title>\n<meta name=\"robots\" content=\"index, follow, max-snippet:-1, max-image-preview:large, max-video-preview:-1\" \/>\n<link rel=\"canonical\" href=\"https:\/\/metaltale.com\/lv\/produkts\/klikskis-drebem-flat-97-mm\/\" \/>\n<meta property=\"og:locale\" content=\"lv_LV\" \/>\n<meta property=\"og:type\" content=\"article\" \/>\n<meta property=\"og:title\" content=\"Klik\u0161\u0137is dr\u0113b\u0113m FLAT 97 mm - MetalTale.com\" \/>\n<meta property=\"og:description\" content=\"Modelis CH.51224 Materi\u0101ls T\u0113rauds Kop\u0113jais augstums (cm ) 9,7 Kop\u0113jais platums (cm ) 1,4 Kop\u0113j\u0101 projekcija (cm ) 4,2 Veids\" \/>\n<meta property=\"og:url\" content=\"https:\/\/metaltale.com\/lv\/produkts\/klikskis-drebem-flat-97-mm\/\" \/>\n<meta property=\"og:site_name\" content=\"MetalTale.com\" \/>\n<meta property=\"og:image\" content=\"https:\/\/metaltale.com\/wp-content\/uploads\/2023\/12\/Plokx161x10Dias-kablys.jpg\" \/>\n\t<meta property=\"og:image:width\" content=\"800\" \/>\n\t<meta property=\"og:image:height\" content=\"800\" \/>\n\t<meta property=\"og:image:type\" content=\"image\/jpeg\" \/>\n<meta name=\"twitter:card\" content=\"summary_large_image\" \/>\n<meta name=\"twitter:label1\" content=\"Est. reading time\" \/>\n\t<meta name=\"twitter:data1\" content=\"1 minute\" \/>\n<script type=\"application\/ld+json\" class=\"yoast-schema-graph\">{\"@context\":\"https:\/\/schema.org\",\"@graph\":[{\"@type\":\"WebPage\",\"@id\":\"https:\/\/metaltale.com\/lv\/produkts\/klikskis-drebem-flat-97-mm\/\",\"url\":\"https:\/\/metaltale.com\/lv\/produkts\/klikskis-drebem-flat-97-mm\/\",\"name\":\"Klik\u0161\u0137is dr\u0113b\u0113m FLAT 97 mm - MetalTale.com\",\"isPartOf\":{\"@id\":\"https:\/\/metaltale.com\/lv\/#website\"},\"primaryImageOfPage\":{\"@id\":\"https:\/\/metaltale.com\/lv\/produkts\/klikskis-drebem-flat-97-mm\/#primaryimage\"},\"image\":{\"@id\":\"https:\/\/metaltale.com\/lv\/produkts\/klikskis-drebem-flat-97-mm\/#primaryimage\"},\"thumbnailUrl\":\"https:\/\/metaltale.com\/wp-content\/uploads\/2023\/12\/Plokx161x10Dias-kablys.jpg\",\"datePublished\":\"2024-02-13T13:33:49+00:00\",\"breadcrumb\":{\"@id\":\"https:\/\/metaltale.com\/lv\/produkts\/klikskis-drebem-flat-97-mm\/#breadcrumb\"},\"inLanguage\":\"lv-LV\",\"potentialAction\":[{\"@type\":\"ReadAction\",\"target\":[\"https:\/\/metaltale.com\/lv\/produkts\/klikskis-drebem-flat-97-mm\/\"]}]},{\"@type\":\"ImageObject\",\"inLanguage\":\"lv-LV\",\"@id\":\"https:\/\/metaltale.com\/lv\/produkts\/klikskis-drebem-flat-97-mm\/#primaryimage\",\"url\":\"https:\/\/metaltale.com\/wp-content\/uploads\/2023\/12\/Plokx161x10Dias-kablys.jpg\",\"contentUrl\":\"https:\/\/metaltale.com\/wp-content\/uploads\/2023\/12\/Plokx161x10Dias-kablys.jpg\",\"width\":800,\"height\":800,\"caption\":\"Klik\u0161\u0137is dr\u0113b\u0113m FLAT 97 mm\"},{\"@type\":\"BreadcrumbList\",\"@id\":\"https:\/\/metaltale.com\/lv\/produkts\/klikskis-drebem-flat-97-mm\/#breadcrumb\",\"itemListElement\":[{\"@type\":\"ListItem\",\"position\":1,\"name\":\"Home\",\"item\":\"https:\/\/metaltale.com\/lv\/majas\/\"},{\"@type\":\"ListItem\",\"position\":2,\"name\":\"Veikals\",\"item\":\"https:\/\/metaltale.com\/lv\/shop\/\"},{\"@type\":\"ListItem\",\"position\":3,\"name\":\"Klik\u0161\u0137is dr\u0113b\u0113m FLAT 97 mm\"}]},{\"@type\":\"WebSite\",\"@id\":\"https:\/\/metaltale.com\/lv\/#website\",\"url\":\"https:\/\/metaltale.com\/lv\/\",\"name\":\"Metaltale.com\",\"description\":\"\",\"potentialAction\":[{\"@type\":\"SearchAction\",\"target\":{\"@type\":\"EntryPoint\",\"urlTemplate\":\"https:\/\/metaltale.com\/lv\/?s={search_term_string}\"},\"query-input\":{\"@type\":\"PropertyValueSpecification\",\"valueRequired\":true,\"valueName\":\"search_term_string\"}}],\"inLanguage\":\"lv-LV\"}]}<\/script>\n<!-- \/ Yoast SEO plugin. -->","yoast_head_json":{"title":"Klik\u0161\u0137is dr\u0113b\u0113m FLAT 97 mm - MetalTale.com","robots":{"index":"index","follow":"follow","max-snippet":"max-snippet:-1","max-image-preview":"max-image-preview:large","max-video-preview":"max-video-preview:-1"},"canonical":"https:\/\/metaltale.com\/lv\/produkts\/klikskis-drebem-flat-97-mm\/","og_locale":"lv_LV","og_type":"article","og_title":"Klik\u0161\u0137is dr\u0113b\u0113m FLAT 97 mm - MetalTale.com","og_description":"Modelis CH.51224 Materi\u0101ls T\u0113rauds Kop\u0113jais augstums (cm ) 9,7 Kop\u0113jais platums (cm ) 1,4 Kop\u0113j\u0101 projekcija (cm ) 4,2 Veids","og_url":"https:\/\/metaltale.com\/lv\/produkts\/klikskis-drebem-flat-97-mm\/","og_site_name":"MetalTale.com","og_image":[{"width":800,"height":800,"url":"https:\/\/metaltale.com\/wp-content\/uploads\/2023\/12\/Plokx161x10Dias-kablys.jpg","type":"image\/jpeg"}],"twitter_card":"summary_large_image","twitter_misc":{"Est. reading time":"1 minute"},"schema":{"@context":"https:\/\/schema.org","@graph":[{"@type":"WebPage","@id":"https:\/\/metaltale.com\/lv\/produkts\/klikskis-drebem-flat-97-mm\/","url":"https:\/\/metaltale.com\/lv\/produkts\/klikskis-drebem-flat-97-mm\/","name":"Klik\u0161\u0137is dr\u0113b\u0113m FLAT 97 mm - MetalTale.com","isPartOf":{"@id":"https:\/\/metaltale.com\/lv\/#website"},"primaryImageOfPage":{"@id":"https:\/\/metaltale.com\/lv\/produkts\/klikskis-drebem-flat-97-mm\/#primaryimage"},"image":{"@id":"https:\/\/metaltale.com\/lv\/produkts\/klikskis-drebem-flat-97-mm\/#primaryimage"},"thumbnailUrl":"https:\/\/metaltale.com\/wp-content\/uploads\/2023\/12\/Plokx161x10Dias-kablys.jpg","datePublished":"2024-02-13T13:33:49+00:00","breadcrumb":{"@id":"https:\/\/metaltale.com\/lv\/produkts\/klikskis-drebem-flat-97-mm\/#breadcrumb"},"inLanguage":"lv-LV","potentialAction":[{"@type":"ReadAction","target":["https:\/\/metaltale.com\/lv\/produkts\/klikskis-drebem-flat-97-mm\/"]}]},{"@type":"ImageObject","inLanguage":"lv-LV","@id":"https:\/\/metaltale.com\/lv\/produkts\/klikskis-drebem-flat-97-mm\/#primaryimage","url":"https:\/\/metaltale.com\/wp-content\/uploads\/2023\/12\/Plokx161x10Dias-kablys.jpg","contentUrl":"https:\/\/metaltale.com\/wp-content\/uploads\/2023\/12\/Plokx161x10Dias-kablys.jpg","width":800,"height":800,"caption":"Klik\u0161\u0137is dr\u0113b\u0113m FLAT 97 mm"},{"@type":"BreadcrumbList","@id":"https:\/\/metaltale.com\/lv\/produkts\/klikskis-drebem-flat-97-mm\/#breadcrumb","itemListElement":[{"@type":"ListItem","position":1,"name":"Home","item":"https:\/\/metaltale.com\/lv\/majas\/"},{"@type":"ListItem","position":2,"name":"Veikals","item":"https:\/\/metaltale.com\/lv\/shop\/"},{"@type":"ListItem","position":3,"name":"Klik\u0161\u0137is dr\u0113b\u0113m FLAT 97 mm"}]},{"@type":"WebSite","@id":"https:\/\/metaltale.com\/lv\/#website","url":"https:\/\/metaltale.com\/lv\/","name":"Metaltale.com","description":"","potentialAction":[{"@type":"SearchAction","target":{"@type":"EntryPoint","urlTemplate":"https:\/\/metaltale.com\/lv\/?s={search_term_string}"},"query-input":{"@type":"PropertyValueSpecification","valueRequired":true,"valueName":"search_term_string"}}],"inLanguage":"lv-LV"}]}},"_links":{"self":[{"href":"https:\/\/metaltale.com\/lv\/wp-json\/wp\/v2\/product\/132864","targetHints":{"allow":["GET"]}}],"collection":[{"href":"https:\/\/metaltale.com\/lv\/wp-json\/wp\/v2\/product"}],"about":[{"href":"https:\/\/metaltale.com\/lv\/wp-json\/wp\/v2\/types\/product"}],"replies":[{"embeddable":true,"href":"https:\/\/metaltale.com\/lv\/wp-json\/wp\/v2\/comments?post=132864"}],"version-history":[{"count":0,"href":"https:\/\/metaltale.com\/lv\/wp-json\/wp\/v2\/product\/132864\/revisions"}],"wp:featuredmedia":[{"embeddable":true,"href":"https:\/\/metaltale.com\/lv\/wp-json\/wp\/v2\/media\/116768"}],"wp:attachment":[{"href":"https:\/\/metaltale.com\/lv\/wp-json\/wp\/v2\/media?parent=132864"}],"wp:term":[{"taxonomy":"product_brand","embeddable":true,"href":"https:\/\/metaltale.com\/lv\/wp-json\/wp\/v2\/product_brand?post=132864"},{"taxonomy":"product_cat","embeddable":true,"href":"https:\/\/metaltale.com\/lv\/wp-json\/wp\/v2\/product_cat?post=132864"},{"taxonomy":"product_tag","embeddable":true,"href":"https:\/\/metaltale.com\/lv\/wp-json\/wp\/v2\/product_tag?post=132864"}],"curies":[{"name":"wp","href":"https:\/\/api.w.org\/{rel}","templated":true}]}}