{"id":132863,"date":"2024-02-13T15:33:49","date_gmt":"2024-02-13T13:33:49","guid":{"rendered":"https:\/\/metaltale.com\/produktas\/drebju-akis-pik-85-mm\/"},"modified":"2024-02-13T15:33:49","modified_gmt":"2024-02-13T13:33:49","slug":"drebju-akis-pik-85-mm","status":"publish","type":"product","link":"https:\/\/metaltale.com\/lv\/produkts\/drebju-akis-pik-85-mm\/","title":{"rendered":"Dr\u0113bju \u0101\u0137is PIK 85 mm"},"content":{"rendered":"<div class=\"prod_data\">\n<h2>M\u0113be\u013cu piederumi &#8211; <span class=\"TextRun SCXW64884806 BCX8\" lang=\"LT-LT\" data-contrast=\"auto\"><br \/>\n  <span class=\"FindHit SCXW64884806 BCX8\">PIEKARAMAIS \u0100\u0136IS 85 MM PIC<\/span><br \/>\n<\/span><span class=\"EOP SCXW64884806 BCX8\" data-ccp-props=\"{\"201341983\":0,\"335559739\":160,\"335559740\":259}\"> <\/span><\/h2>\n<p><strong>Modelis:<\/strong> CH.4933<br \/>\n<strong>Materi\u0101ls:<\/strong> t\u0113rauds<br \/>\n<strong>Kop\u0113jais augstums (cm<\/strong> ): 8,5<br \/>\n<strong>Kop\u0113jais platums (cm<\/strong> ): 2,5<br \/>\n<strong>Pamatnes izm\u0113ri (cm<\/strong> ): 3<br \/>\n<strong>Veids:<\/strong> vienviet\u012bgs<br \/>\n<strong>Mont\u0101\u017eas skr\u016bves:<\/strong> j\u0101<br \/>\n<strong>Kr\u0101sa:<\/strong> t\u0113rauda<br \/>\n<strong>Apdare:<\/strong> Lakots<\/p>\n<p>Ja mekl\u0113jat ori\u0123in\u0101lu lauku interjera dizainu, m\u016bsu produkti ir vislab\u0101k\u0101 izv\u0113le j\u016bsu m\u0101joklim. Zemnieciskie \u0101\u0137\u012b\u0161i ieder\u0113sies jebkur\u0101 telp\u0101, s\u0101kot no gaite\u0146a vai virtuves l\u012bdz vannas istabai vai gu\u013camistabai. \u0160iem \u0101\u0137iem ir rakstur\u012bga iztur\u012bba un vienk\u0101r\u0161\u012bba, t\u0101p\u0113c tie ir ide\u0101li piem\u0113roti ikvienam m\u0101joklim.<\/p>\n<p>\u0100\u0137a aug\u0161\u0113j\u0101 da\u013ca sast\u0101v no \u0161\u0137\u0113pa galvi\u0146as elementa. Lai nodro\u0161in\u0101tu dro\u0161u lieto\u0161anu, \u0101\u0137a gals ir viegli izliekts. Neapstr\u0101d\u0101t\u0101 t\u0113rauda kr\u0101sa v\u0113l vair\u0101k izce\u013c ska\u013cru\u0146a raksturu, t\u0101p\u0113c papildus savai galvenajai funkcijai tas b\u016bs ar\u012b ori\u0123in\u0101ls m\u0101jas rot\u0101jums.<\/p>\n<p>Izstr\u0101d\u0101jums ir izgatavots no t\u0113rauda, t\u0101p\u0113c tas kalpos daudzus gadus. Pieg\u0101d\u0101ts ar skr\u016bv\u0113m \u0101trai un vienm\u0113r\u012bgai uzst\u0101d\u012b\u0161anai.<\/p>\n<\/div>\n","protected":false},"excerpt":{"rendered":"<p>M\u0113be\u013cu piederumi &#8211; PIEKARAMAIS \u0100\u0136IS 85 MM PIC Modelis: CH.4933 Materi\u0101ls: t\u0113rauds Kop\u0113jais augstums (cm ): 8,5 Kop\u0113jais platums (cm<\/p>\n","protected":false},"featured_media":116731,"comment_status":"open","ping_status":"closed","template":"","meta":{"_acf_changed":false,"pmpro_default_level":""},"product_brand":[],"product_cat":[23837,23862],"product_tag":[],"class_list":{"0":"post-132863","1":"product","2":"type-product","3":"status-publish","4":"has-post-thumbnail","6":"product_cat-mebeles-piederumi","7":"product_cat-pakabos-ir-kabliukai-lv","8":"pmpro-has-access","10":"first","11":"instock","12":"shipping-taxable","13":"purchasable","14":"product-type-simple"},"acf":[],"yoast_head":"<!-- This site is optimized with the Yoast SEO plugin v24.9 - https:\/\/yoast.com\/wordpress\/plugins\/seo\/ -->\n<title>Dr\u0113bju \u0101\u0137is PIK 85 mm - MetalTale.com<\/title>\n<meta name=\"robots\" content=\"index, follow, max-snippet:-1, max-image-preview:large, max-video-preview:-1\" \/>\n<link rel=\"canonical\" href=\"https:\/\/metaltale.com\/lv\/produkts\/drebju-akis-pik-85-mm\/\" \/>\n<meta property=\"og:locale\" content=\"lv_LV\" \/>\n<meta property=\"og:type\" content=\"article\" \/>\n<meta property=\"og:title\" content=\"Dr\u0113bju \u0101\u0137is PIK 85 mm - MetalTale.com\" \/>\n<meta property=\"og:description\" content=\"M\u0113be\u013cu piederumi &#8211; PIEKARAMAIS \u0100\u0136IS 85 MM PIC Modelis: CH.4933 Materi\u0101ls: t\u0113rauds Kop\u0113jais augstums (cm ): 8,5 Kop\u0113jais platums (cm\" \/>\n<meta property=\"og:url\" content=\"https:\/\/metaltale.com\/lv\/produkts\/drebju-akis-pik-85-mm\/\" \/>\n<meta property=\"og:site_name\" content=\"MetalTale.com\" \/>\n<meta property=\"og:image\" content=\"https:\/\/metaltale.com\/wp-content\/uploads\/2023\/12\/Pakabos-kablys-PIK.jpg\" \/>\n\t<meta property=\"og:image:width\" content=\"800\" \/>\n\t<meta property=\"og:image:height\" content=\"800\" \/>\n\t<meta property=\"og:image:type\" content=\"image\/jpeg\" \/>\n<meta name=\"twitter:card\" content=\"summary_large_image\" \/>\n<meta name=\"twitter:label1\" content=\"Est. reading time\" \/>\n\t<meta name=\"twitter:data1\" content=\"1 minute\" \/>\n<script type=\"application\/ld+json\" class=\"yoast-schema-graph\">{\"@context\":\"https:\/\/schema.org\",\"@graph\":[{\"@type\":\"WebPage\",\"@id\":\"https:\/\/metaltale.com\/lv\/produkts\/drebju-akis-pik-85-mm\/\",\"url\":\"https:\/\/metaltale.com\/lv\/produkts\/drebju-akis-pik-85-mm\/\",\"name\":\"Dr\u0113bju \u0101\u0137is PIK 85 mm - MetalTale.com\",\"isPartOf\":{\"@id\":\"https:\/\/metaltale.com\/lv\/#website\"},\"primaryImageOfPage\":{\"@id\":\"https:\/\/metaltale.com\/lv\/produkts\/drebju-akis-pik-85-mm\/#primaryimage\"},\"image\":{\"@id\":\"https:\/\/metaltale.com\/lv\/produkts\/drebju-akis-pik-85-mm\/#primaryimage\"},\"thumbnailUrl\":\"https:\/\/metaltale.com\/wp-content\/uploads\/2023\/12\/Pakabos-kablys-PIK.jpg\",\"datePublished\":\"2024-02-13T13:33:49+00:00\",\"breadcrumb\":{\"@id\":\"https:\/\/metaltale.com\/lv\/produkts\/drebju-akis-pik-85-mm\/#breadcrumb\"},\"inLanguage\":\"lv-LV\",\"potentialAction\":[{\"@type\":\"ReadAction\",\"target\":[\"https:\/\/metaltale.com\/lv\/produkts\/drebju-akis-pik-85-mm\/\"]}]},{\"@type\":\"ImageObject\",\"inLanguage\":\"lv-LV\",\"@id\":\"https:\/\/metaltale.com\/lv\/produkts\/drebju-akis-pik-85-mm\/#primaryimage\",\"url\":\"https:\/\/metaltale.com\/wp-content\/uploads\/2023\/12\/Pakabos-kablys-PIK.jpg\",\"contentUrl\":\"https:\/\/metaltale.com\/wp-content\/uploads\/2023\/12\/Pakabos-kablys-PIK.jpg\",\"width\":800,\"height\":800,\"caption\":\"Piekares \u0101\u0137is PIK 85 mm\"},{\"@type\":\"BreadcrumbList\",\"@id\":\"https:\/\/metaltale.com\/lv\/produkts\/drebju-akis-pik-85-mm\/#breadcrumb\",\"itemListElement\":[{\"@type\":\"ListItem\",\"position\":1,\"name\":\"Home\",\"item\":\"https:\/\/metaltale.com\/lv\/majas\/\"},{\"@type\":\"ListItem\",\"position\":2,\"name\":\"Veikals\",\"item\":\"https:\/\/metaltale.com\/lv\/shop\/\"},{\"@type\":\"ListItem\",\"position\":3,\"name\":\"Dr\u0113bju \u0101\u0137is PIK 85 mm\"}]},{\"@type\":\"WebSite\",\"@id\":\"https:\/\/metaltale.com\/lv\/#website\",\"url\":\"https:\/\/metaltale.com\/lv\/\",\"name\":\"Metaltale.com\",\"description\":\"\",\"potentialAction\":[{\"@type\":\"SearchAction\",\"target\":{\"@type\":\"EntryPoint\",\"urlTemplate\":\"https:\/\/metaltale.com\/lv\/?s={search_term_string}\"},\"query-input\":{\"@type\":\"PropertyValueSpecification\",\"valueRequired\":true,\"valueName\":\"search_term_string\"}}],\"inLanguage\":\"lv-LV\"}]}<\/script>\n<!-- \/ Yoast SEO plugin. -->","yoast_head_json":{"title":"Dr\u0113bju \u0101\u0137is PIK 85 mm - MetalTale.com","robots":{"index":"index","follow":"follow","max-snippet":"max-snippet:-1","max-image-preview":"max-image-preview:large","max-video-preview":"max-video-preview:-1"},"canonical":"https:\/\/metaltale.com\/lv\/produkts\/drebju-akis-pik-85-mm\/","og_locale":"lv_LV","og_type":"article","og_title":"Dr\u0113bju \u0101\u0137is PIK 85 mm - MetalTale.com","og_description":"M\u0113be\u013cu piederumi &#8211; PIEKARAMAIS \u0100\u0136IS 85 MM PIC Modelis: CH.4933 Materi\u0101ls: t\u0113rauds Kop\u0113jais augstums (cm ): 8,5 Kop\u0113jais platums (cm","og_url":"https:\/\/metaltale.com\/lv\/produkts\/drebju-akis-pik-85-mm\/","og_site_name":"MetalTale.com","og_image":[{"width":800,"height":800,"url":"https:\/\/metaltale.com\/wp-content\/uploads\/2023\/12\/Pakabos-kablys-PIK.jpg","type":"image\/jpeg"}],"twitter_card":"summary_large_image","twitter_misc":{"Est. reading time":"1 minute"},"schema":{"@context":"https:\/\/schema.org","@graph":[{"@type":"WebPage","@id":"https:\/\/metaltale.com\/lv\/produkts\/drebju-akis-pik-85-mm\/","url":"https:\/\/metaltale.com\/lv\/produkts\/drebju-akis-pik-85-mm\/","name":"Dr\u0113bju \u0101\u0137is PIK 85 mm - MetalTale.com","isPartOf":{"@id":"https:\/\/metaltale.com\/lv\/#website"},"primaryImageOfPage":{"@id":"https:\/\/metaltale.com\/lv\/produkts\/drebju-akis-pik-85-mm\/#primaryimage"},"image":{"@id":"https:\/\/metaltale.com\/lv\/produkts\/drebju-akis-pik-85-mm\/#primaryimage"},"thumbnailUrl":"https:\/\/metaltale.com\/wp-content\/uploads\/2023\/12\/Pakabos-kablys-PIK.jpg","datePublished":"2024-02-13T13:33:49+00:00","breadcrumb":{"@id":"https:\/\/metaltale.com\/lv\/produkts\/drebju-akis-pik-85-mm\/#breadcrumb"},"inLanguage":"lv-LV","potentialAction":[{"@type":"ReadAction","target":["https:\/\/metaltale.com\/lv\/produkts\/drebju-akis-pik-85-mm\/"]}]},{"@type":"ImageObject","inLanguage":"lv-LV","@id":"https:\/\/metaltale.com\/lv\/produkts\/drebju-akis-pik-85-mm\/#primaryimage","url":"https:\/\/metaltale.com\/wp-content\/uploads\/2023\/12\/Pakabos-kablys-PIK.jpg","contentUrl":"https:\/\/metaltale.com\/wp-content\/uploads\/2023\/12\/Pakabos-kablys-PIK.jpg","width":800,"height":800,"caption":"Piekares \u0101\u0137is PIK 85 mm"},{"@type":"BreadcrumbList","@id":"https:\/\/metaltale.com\/lv\/produkts\/drebju-akis-pik-85-mm\/#breadcrumb","itemListElement":[{"@type":"ListItem","position":1,"name":"Home","item":"https:\/\/metaltale.com\/lv\/majas\/"},{"@type":"ListItem","position":2,"name":"Veikals","item":"https:\/\/metaltale.com\/lv\/shop\/"},{"@type":"ListItem","position":3,"name":"Dr\u0113bju \u0101\u0137is PIK 85 mm"}]},{"@type":"WebSite","@id":"https:\/\/metaltale.com\/lv\/#website","url":"https:\/\/metaltale.com\/lv\/","name":"Metaltale.com","description":"","potentialAction":[{"@type":"SearchAction","target":{"@type":"EntryPoint","urlTemplate":"https:\/\/metaltale.com\/lv\/?s={search_term_string}"},"query-input":{"@type":"PropertyValueSpecification","valueRequired":true,"valueName":"search_term_string"}}],"inLanguage":"lv-LV"}]}},"_links":{"self":[{"href":"https:\/\/metaltale.com\/lv\/wp-json\/wp\/v2\/product\/132863","targetHints":{"allow":["GET"]}}],"collection":[{"href":"https:\/\/metaltale.com\/lv\/wp-json\/wp\/v2\/product"}],"about":[{"href":"https:\/\/metaltale.com\/lv\/wp-json\/wp\/v2\/types\/product"}],"replies":[{"embeddable":true,"href":"https:\/\/metaltale.com\/lv\/wp-json\/wp\/v2\/comments?post=132863"}],"version-history":[{"count":0,"href":"https:\/\/metaltale.com\/lv\/wp-json\/wp\/v2\/product\/132863\/revisions"}],"wp:featuredmedia":[{"embeddable":true,"href":"https:\/\/metaltale.com\/lv\/wp-json\/wp\/v2\/media\/116731"}],"wp:attachment":[{"href":"https:\/\/metaltale.com\/lv\/wp-json\/wp\/v2\/media?parent=132863"}],"wp:term":[{"taxonomy":"product_brand","embeddable":true,"href":"https:\/\/metaltale.com\/lv\/wp-json\/wp\/v2\/product_brand?post=132863"},{"taxonomy":"product_cat","embeddable":true,"href":"https:\/\/metaltale.com\/lv\/wp-json\/wp\/v2\/product_cat?post=132863"},{"taxonomy":"product_tag","embeddable":true,"href":"https:\/\/metaltale.com\/lv\/wp-json\/wp\/v2\/product_tag?post=132863"}],"curies":[{"name":"wp","href":"https:\/\/api.w.org\/{rel}","templated":true}]}}