{"id":132861,"date":"2024-02-13T15:33:49","date_gmt":"2024-02-13T13:33:49","guid":{"rendered":"https:\/\/metaltale.com\/produktas\/klikskis-drebem-200-mm-arrow\/"},"modified":"2024-02-13T15:33:49","modified_gmt":"2024-02-13T13:33:49","slug":"klikskis-drebem-200-mm-arrow","status":"publish","type":"product","link":"https:\/\/metaltale.com\/lv\/produkts\/klikskis-drebem-200-mm-arrow\/","title":{"rendered":"Klik\u0161\u0137is dr\u0113b\u0113m 200 mm ARROW"},"content":{"rendered":"<div class=\"prod_data\">\n<p><strong>Modelis<\/strong> CH.4924<br \/>\n<strong>Materi\u0101ls<\/strong> T\u0113rauds<br \/>\n<strong>Kop\u0113jais augstums (cm<\/strong> ) 20<br \/>\n<strong>Kop\u0113jais platums (cm<\/strong> ) 3,3<br \/>\n<strong>Kop\u0113j\u0101 projekcija (cm<\/strong> ) 6,5<br \/>\n<strong>Sugas<\/strong> Dubult\u0101<br \/>\nMont\u0101\u017eas skr\u016bves J\u0101<br \/>\nT\u0113rauda <strong>kr\u0101sa<\/strong><br \/>\n<strong>Apdare<\/strong> Lakots<\/p>\n<p>tas ir izgatavots no t\u0113rauda, t\u0101p\u0113c kalpos daudzus gadus.<\/p>\n<p>dubults ori\u0123in\u0101ls \u0101\u0137is ar bultveida uzga\u013ciem<\/p>\n<p>komplekt\u0101 ir iek\u013cauts skr\u016bvju komplekts \u0101trai un vieglai mont\u0101\u017eai.<\/p>\n<hr>\n<p>Viena no zemniecisko \u0101\u0137u \u012bpa\u0161\u012bb\u0101m ir t\u0101, ka tie ir izgatavoti no iztur\u012bgiem materi\u0101liem, piem\u0113ram, \u010duguna vai t\u0113rauda. \u0100\u0137i ir \u013coti daudzpus\u012bgi dizaina elementi, kuriem ir gan praktiska, gan dekorat\u012bva funkcija.<\/p>\n<p>&#8220;Arrow&#8221; pakaramais \u0101\u0137is ir pabeigts ar diviem \u0101\u0137iem, kas piestiprin\u0101ti pie taisnst\u016brveida atz\u012bmes. Gan aug\u0161\u0113jais, gan apak\u0161\u0113jais gals ir apdarin\u0101ts ar nelieliem bultas galiem, kas izce\u013c izstr\u0101d\u0101juma ori\u0123in\u0101lo raksturu. Pakaramais \u0101\u0137is b\u016bs ne tikai praktisks priek\u0161mets, bet ar\u012b interesants interjera dekors.<\/p>\n<\/div>\n","protected":false},"excerpt":{"rendered":"<p>Modelis CH.4924 Materi\u0101ls T\u0113rauds Kop\u0113jais augstums (cm ) 20 Kop\u0113jais platums (cm ) 3,3 Kop\u0113j\u0101 projekcija (cm ) 6,5 Sugas<\/p>\n","protected":false},"featured_media":116659,"comment_status":"open","ping_status":"closed","template":"","meta":{"_acf_changed":false,"pmpro_default_level":""},"product_brand":[],"product_cat":[23837,23862],"product_tag":[],"class_list":{"0":"post-132861","1":"product","2":"type-product","3":"status-publish","4":"has-post-thumbnail","6":"product_cat-mebeles-piederumi","7":"product_cat-pakabos-ir-kabliukai-lv","8":"pmpro-has-access","10":"first","11":"instock","12":"shipping-taxable","13":"purchasable","14":"product-type-simple"},"acf":[],"yoast_head":"<!-- This site is optimized with the Yoast SEO plugin v24.9 - https:\/\/yoast.com\/wordpress\/plugins\/seo\/ -->\n<title>Klik\u0161\u0137is dr\u0113b\u0113m 200 mm ARROW - MetalTale.com<\/title>\n<meta name=\"robots\" content=\"index, follow, max-snippet:-1, max-image-preview:large, max-video-preview:-1\" \/>\n<link rel=\"canonical\" href=\"https:\/\/metaltale.com\/lv\/produkts\/klikskis-drebem-200-mm-arrow\/\" \/>\n<meta property=\"og:locale\" content=\"lv_LV\" \/>\n<meta property=\"og:type\" content=\"article\" \/>\n<meta property=\"og:title\" content=\"Klik\u0161\u0137is dr\u0113b\u0113m 200 mm ARROW - MetalTale.com\" \/>\n<meta property=\"og:description\" content=\"Modelis CH.4924 Materi\u0101ls T\u0113rauds Kop\u0113jais augstums (cm ) 20 Kop\u0113jais platums (cm ) 3,3 Kop\u0113j\u0101 projekcija (cm ) 6,5 Sugas\" \/>\n<meta property=\"og:url\" content=\"https:\/\/metaltale.com\/lv\/produkts\/klikskis-drebem-200-mm-arrow\/\" \/>\n<meta property=\"og:site_name\" content=\"MetalTale.com\" \/>\n<meta property=\"og:image\" content=\"https:\/\/metaltale.com\/wp-content\/uploads\/2023\/12\/ARROW-kablys.jpg\" \/>\n\t<meta property=\"og:image:width\" content=\"800\" \/>\n\t<meta property=\"og:image:height\" content=\"800\" \/>\n\t<meta property=\"og:image:type\" content=\"image\/jpeg\" \/>\n<meta name=\"twitter:card\" content=\"summary_large_image\" \/>\n<meta name=\"twitter:label1\" content=\"Est. reading time\" \/>\n\t<meta name=\"twitter:data1\" content=\"1 minute\" \/>\n<script type=\"application\/ld+json\" class=\"yoast-schema-graph\">{\"@context\":\"https:\/\/schema.org\",\"@graph\":[{\"@type\":\"WebPage\",\"@id\":\"https:\/\/metaltale.com\/lv\/produkts\/klikskis-drebem-200-mm-arrow\/\",\"url\":\"https:\/\/metaltale.com\/lv\/produkts\/klikskis-drebem-200-mm-arrow\/\",\"name\":\"Klik\u0161\u0137is dr\u0113b\u0113m 200 mm ARROW - MetalTale.com\",\"isPartOf\":{\"@id\":\"https:\/\/metaltale.com\/lv\/#website\"},\"primaryImageOfPage\":{\"@id\":\"https:\/\/metaltale.com\/lv\/produkts\/klikskis-drebem-200-mm-arrow\/#primaryimage\"},\"image\":{\"@id\":\"https:\/\/metaltale.com\/lv\/produkts\/klikskis-drebem-200-mm-arrow\/#primaryimage\"},\"thumbnailUrl\":\"https:\/\/metaltale.com\/wp-content\/uploads\/2023\/12\/ARROW-kablys.jpg\",\"datePublished\":\"2024-02-13T13:33:49+00:00\",\"breadcrumb\":{\"@id\":\"https:\/\/metaltale.com\/lv\/produkts\/klikskis-drebem-200-mm-arrow\/#breadcrumb\"},\"inLanguage\":\"lv-LV\",\"potentialAction\":[{\"@type\":\"ReadAction\",\"target\":[\"https:\/\/metaltale.com\/lv\/produkts\/klikskis-drebem-200-mm-arrow\/\"]}]},{\"@type\":\"ImageObject\",\"inLanguage\":\"lv-LV\",\"@id\":\"https:\/\/metaltale.com\/lv\/produkts\/klikskis-drebem-200-mm-arrow\/#primaryimage\",\"url\":\"https:\/\/metaltale.com\/wp-content\/uploads\/2023\/12\/ARROW-kablys.jpg\",\"contentUrl\":\"https:\/\/metaltale.com\/wp-content\/uploads\/2023\/12\/ARROW-kablys.jpg\",\"width\":800,\"height\":800,\"caption\":\"Klik\u0161\u0137is dr\u0113b\u0113m 200 mm ARROW\"},{\"@type\":\"BreadcrumbList\",\"@id\":\"https:\/\/metaltale.com\/lv\/produkts\/klikskis-drebem-200-mm-arrow\/#breadcrumb\",\"itemListElement\":[{\"@type\":\"ListItem\",\"position\":1,\"name\":\"Home\",\"item\":\"https:\/\/metaltale.com\/lv\/majas\/\"},{\"@type\":\"ListItem\",\"position\":2,\"name\":\"Veikals\",\"item\":\"https:\/\/metaltale.com\/lv\/shop\/\"},{\"@type\":\"ListItem\",\"position\":3,\"name\":\"Klik\u0161\u0137is dr\u0113b\u0113m 200 mm ARROW\"}]},{\"@type\":\"WebSite\",\"@id\":\"https:\/\/metaltale.com\/lv\/#website\",\"url\":\"https:\/\/metaltale.com\/lv\/\",\"name\":\"Metaltale.com\",\"description\":\"\",\"potentialAction\":[{\"@type\":\"SearchAction\",\"target\":{\"@type\":\"EntryPoint\",\"urlTemplate\":\"https:\/\/metaltale.com\/lv\/?s={search_term_string}\"},\"query-input\":{\"@type\":\"PropertyValueSpecification\",\"valueRequired\":true,\"valueName\":\"search_term_string\"}}],\"inLanguage\":\"lv-LV\"}]}<\/script>\n<!-- \/ Yoast SEO plugin. -->","yoast_head_json":{"title":"Klik\u0161\u0137is dr\u0113b\u0113m 200 mm ARROW - MetalTale.com","robots":{"index":"index","follow":"follow","max-snippet":"max-snippet:-1","max-image-preview":"max-image-preview:large","max-video-preview":"max-video-preview:-1"},"canonical":"https:\/\/metaltale.com\/lv\/produkts\/klikskis-drebem-200-mm-arrow\/","og_locale":"lv_LV","og_type":"article","og_title":"Klik\u0161\u0137is dr\u0113b\u0113m 200 mm ARROW - MetalTale.com","og_description":"Modelis CH.4924 Materi\u0101ls T\u0113rauds Kop\u0113jais augstums (cm ) 20 Kop\u0113jais platums (cm ) 3,3 Kop\u0113j\u0101 projekcija (cm ) 6,5 Sugas","og_url":"https:\/\/metaltale.com\/lv\/produkts\/klikskis-drebem-200-mm-arrow\/","og_site_name":"MetalTale.com","og_image":[{"width":800,"height":800,"url":"https:\/\/metaltale.com\/wp-content\/uploads\/2023\/12\/ARROW-kablys.jpg","type":"image\/jpeg"}],"twitter_card":"summary_large_image","twitter_misc":{"Est. reading time":"1 minute"},"schema":{"@context":"https:\/\/schema.org","@graph":[{"@type":"WebPage","@id":"https:\/\/metaltale.com\/lv\/produkts\/klikskis-drebem-200-mm-arrow\/","url":"https:\/\/metaltale.com\/lv\/produkts\/klikskis-drebem-200-mm-arrow\/","name":"Klik\u0161\u0137is dr\u0113b\u0113m 200 mm ARROW - MetalTale.com","isPartOf":{"@id":"https:\/\/metaltale.com\/lv\/#website"},"primaryImageOfPage":{"@id":"https:\/\/metaltale.com\/lv\/produkts\/klikskis-drebem-200-mm-arrow\/#primaryimage"},"image":{"@id":"https:\/\/metaltale.com\/lv\/produkts\/klikskis-drebem-200-mm-arrow\/#primaryimage"},"thumbnailUrl":"https:\/\/metaltale.com\/wp-content\/uploads\/2023\/12\/ARROW-kablys.jpg","datePublished":"2024-02-13T13:33:49+00:00","breadcrumb":{"@id":"https:\/\/metaltale.com\/lv\/produkts\/klikskis-drebem-200-mm-arrow\/#breadcrumb"},"inLanguage":"lv-LV","potentialAction":[{"@type":"ReadAction","target":["https:\/\/metaltale.com\/lv\/produkts\/klikskis-drebem-200-mm-arrow\/"]}]},{"@type":"ImageObject","inLanguage":"lv-LV","@id":"https:\/\/metaltale.com\/lv\/produkts\/klikskis-drebem-200-mm-arrow\/#primaryimage","url":"https:\/\/metaltale.com\/wp-content\/uploads\/2023\/12\/ARROW-kablys.jpg","contentUrl":"https:\/\/metaltale.com\/wp-content\/uploads\/2023\/12\/ARROW-kablys.jpg","width":800,"height":800,"caption":"Klik\u0161\u0137is dr\u0113b\u0113m 200 mm ARROW"},{"@type":"BreadcrumbList","@id":"https:\/\/metaltale.com\/lv\/produkts\/klikskis-drebem-200-mm-arrow\/#breadcrumb","itemListElement":[{"@type":"ListItem","position":1,"name":"Home","item":"https:\/\/metaltale.com\/lv\/majas\/"},{"@type":"ListItem","position":2,"name":"Veikals","item":"https:\/\/metaltale.com\/lv\/shop\/"},{"@type":"ListItem","position":3,"name":"Klik\u0161\u0137is dr\u0113b\u0113m 200 mm ARROW"}]},{"@type":"WebSite","@id":"https:\/\/metaltale.com\/lv\/#website","url":"https:\/\/metaltale.com\/lv\/","name":"Metaltale.com","description":"","potentialAction":[{"@type":"SearchAction","target":{"@type":"EntryPoint","urlTemplate":"https:\/\/metaltale.com\/lv\/?s={search_term_string}"},"query-input":{"@type":"PropertyValueSpecification","valueRequired":true,"valueName":"search_term_string"}}],"inLanguage":"lv-LV"}]}},"_links":{"self":[{"href":"https:\/\/metaltale.com\/lv\/wp-json\/wp\/v2\/product\/132861","targetHints":{"allow":["GET"]}}],"collection":[{"href":"https:\/\/metaltale.com\/lv\/wp-json\/wp\/v2\/product"}],"about":[{"href":"https:\/\/metaltale.com\/lv\/wp-json\/wp\/v2\/types\/product"}],"replies":[{"embeddable":true,"href":"https:\/\/metaltale.com\/lv\/wp-json\/wp\/v2\/comments?post=132861"}],"version-history":[{"count":0,"href":"https:\/\/metaltale.com\/lv\/wp-json\/wp\/v2\/product\/132861\/revisions"}],"wp:featuredmedia":[{"embeddable":true,"href":"https:\/\/metaltale.com\/lv\/wp-json\/wp\/v2\/media\/116659"}],"wp:attachment":[{"href":"https:\/\/metaltale.com\/lv\/wp-json\/wp\/v2\/media?parent=132861"}],"wp:term":[{"taxonomy":"product_brand","embeddable":true,"href":"https:\/\/metaltale.com\/lv\/wp-json\/wp\/v2\/product_brand?post=132861"},{"taxonomy":"product_cat","embeddable":true,"href":"https:\/\/metaltale.com\/lv\/wp-json\/wp\/v2\/product_cat?post=132861"},{"taxonomy":"product_tag","embeddable":true,"href":"https:\/\/metaltale.com\/lv\/wp-json\/wp\/v2\/product_tag?post=132861"}],"curies":[{"name":"wp","href":"https:\/\/api.w.org\/{rel}","templated":true}]}}