{"id":132857,"date":"2024-02-13T15:33:49","date_gmt":"2024-02-13T13:33:49","guid":{"rendered":"https:\/\/metaltale.com\/produktas\/klikskis-apgerbam-130-mm-heart\/"},"modified":"2025-06-07T10:28:13","modified_gmt":"2025-06-07T08:28:13","slug":"klikskis-apgerbam-130-mm-heart","status":"publish","type":"product","link":"https:\/\/metaltale.com\/lv\/produkts\/klikskis-apgerbam-130-mm-heart\/","title":{"rendered":"Klik\u0161\u0137is ap\u0123\u0113rbam 130 mm HEART"},"content":{"rendered":"<div class=\"prod_data\">\n<p><strong>Modelis<\/strong> CH.4817<br \/>\n<strong>Materi\u0101ls<\/strong> T\u0113rauds<br \/>\n<strong>Kop\u0113jais augstums (cm<\/strong> ) 13<br \/>\n<strong>Kop\u0113jais platums (cm<\/strong> ) 7,5<br \/>\n<strong>Kop\u0113j\u0101 projekcija (cm<\/strong> ) 6<br \/>\n<strong>Veids<\/strong> Vienviet\u012bgs<br \/>\nT\u0113rauda <strong>kr\u0101sa<\/strong><br \/>\n<strong>Apdare<\/strong> Lakots<\/p>\n<p>tas ir izgatavots no t\u0113rauda, t\u0101p\u0113c kalpos daudzus gadus.<\/p>\n<p>ori\u0123in\u0101ls \u0101\u0137is ar ori\u0123in\u0101liem bultas formas uzga\u013ciem.<\/p>\n<p>komplekt\u0101 ir iek\u013cauts skr\u016bvju komplekts, kas pal\u012bdz \u0101tri un bez probl\u0113m\u0101m veikt mont\u0101\u017eu.<\/p>\n<hr>\n<p>Rustik\u0101lo m\u0113be\u013cu aksesu\u0101ri ir ori\u0123in\u0101li rot\u0101jumi, kas kop\u0101 ar citiem elementiem pie\u0161\u0137ir interjeram unik\u0101lu atmosf\u0113ru. Zemnieciskie \u0101\u0137\u012b\u0161i ir lieliski piem\u0113roti da\u017e\u0101d\u0101m telp\u0101m: tos var novietot gaiten\u012b, gu\u013camistab\u0101, vannas istab\u0101 vai virtuv\u0113, lai izveidotu praktisku vietu ap\u0123\u0113rbu, dvie\u013cu vai virtuves piederumu pak\u0101r\u0161anai.<\/p>\n<p>\u0100\u0137a ori\u0123in\u0101lais dizains ir pateicoties t\u0101 sirds formas formai un neapstr\u0101d\u0101t\u0101 t\u0113rauda kr\u0101sai, kas v\u0113l vair\u0101k izce\u013c t\u0101 lauku raksturu. Lai nodro\u0161in\u0101tu izstr\u0101d\u0101juma iztur\u012bbu, \u0101\u0137is ir izgatavots no augst\u0101k\u0101s kvalit\u0101tes t\u0113rauda. Pateicoties savam raksturam, \u0101\u0137is neap\u0161aub\u0101mi atrad\u012bs daudz pielietojumu, ne tikai stingri funkcion\u0101lu, bet ar\u012b dekorat\u012bvu.<\/p>\n<\/div>\n","protected":false},"excerpt":{"rendered":"<p>Modelis CH.4817 Materi\u0101ls T\u0113rauds Kop\u0113jais augstums (cm ) 13 Kop\u0113jais platums (cm ) 7,5 Kop\u0113j\u0101 projekcija (cm ) 6 Veids<\/p>\n","protected":false},"featured_media":116683,"comment_status":"open","ping_status":"closed","template":"","meta":{"_acf_changed":false,"pmpro_default_level":""},"product_brand":[],"product_cat":[23837,23862],"product_tag":[],"class_list":{"0":"post-132857","1":"product","2":"type-product","3":"status-publish","4":"has-post-thumbnail","6":"product_cat-mebeles-piederumi","7":"product_cat-pakabos-ir-kabliukai-lv","8":"pmpro-has-access","10":"first","11":"instock","12":"shipping-taxable","13":"purchasable","14":"product-type-simple"},"acf":[],"yoast_head":"<!-- This site is optimized with the Yoast SEO plugin v24.9 - https:\/\/yoast.com\/wordpress\/plugins\/seo\/ -->\n<title>Klik\u0161\u0137is ap\u0123\u0113rbam 130 mm HEART - MetalTale.com<\/title>\n<meta name=\"robots\" content=\"index, follow, max-snippet:-1, max-image-preview:large, max-video-preview:-1\" \/>\n<link rel=\"canonical\" href=\"https:\/\/metaltale.com\/lv\/produkts\/klikskis-apgerbam-130-mm-heart\/\" \/>\n<meta property=\"og:locale\" content=\"lv_LV\" \/>\n<meta property=\"og:type\" content=\"article\" \/>\n<meta property=\"og:title\" content=\"Klik\u0161\u0137is ap\u0123\u0113rbam 130 mm HEART - MetalTale.com\" \/>\n<meta property=\"og:description\" content=\"Modelis CH.4817 Materi\u0101ls T\u0113rauds Kop\u0113jais augstums (cm ) 13 Kop\u0113jais platums (cm ) 7,5 Kop\u0113j\u0101 projekcija (cm ) 6 Veids\" \/>\n<meta property=\"og:url\" content=\"https:\/\/metaltale.com\/lv\/produkts\/klikskis-apgerbam-130-mm-heart\/\" \/>\n<meta property=\"og:site_name\" content=\"MetalTale.com\" \/>\n<meta property=\"article:modified_time\" content=\"2025-06-07T08:28:13+00:00\" \/>\n<meta property=\"og:image\" content=\"https:\/\/metaltale.com\/wp-content\/uploads\/2023\/12\/Pakabinamas-kablys-HEART.jpg\" \/>\n\t<meta property=\"og:image:width\" content=\"800\" \/>\n\t<meta property=\"og:image:height\" content=\"800\" \/>\n\t<meta property=\"og:image:type\" content=\"image\/jpeg\" \/>\n<meta name=\"twitter:card\" content=\"summary_large_image\" \/>\n<meta name=\"twitter:label1\" content=\"Est. reading time\" \/>\n\t<meta name=\"twitter:data1\" content=\"1 minute\" \/>\n<script type=\"application\/ld+json\" class=\"yoast-schema-graph\">{\"@context\":\"https:\/\/schema.org\",\"@graph\":[{\"@type\":\"WebPage\",\"@id\":\"https:\/\/metaltale.com\/lv\/produkts\/klikskis-apgerbam-130-mm-heart\/\",\"url\":\"https:\/\/metaltale.com\/lv\/produkts\/klikskis-apgerbam-130-mm-heart\/\",\"name\":\"Klik\u0161\u0137is ap\u0123\u0113rbam 130 mm HEART - MetalTale.com\",\"isPartOf\":{\"@id\":\"https:\/\/metaltale.com\/lv\/#website\"},\"primaryImageOfPage\":{\"@id\":\"https:\/\/metaltale.com\/lv\/produkts\/klikskis-apgerbam-130-mm-heart\/#primaryimage\"},\"image\":{\"@id\":\"https:\/\/metaltale.com\/lv\/produkts\/klikskis-apgerbam-130-mm-heart\/#primaryimage\"},\"thumbnailUrl\":\"https:\/\/metaltale.com\/wp-content\/uploads\/2023\/12\/Pakabinamas-kablys-HEART.jpg\",\"datePublished\":\"2024-02-13T13:33:49+00:00\",\"dateModified\":\"2025-06-07T08:28:13+00:00\",\"breadcrumb\":{\"@id\":\"https:\/\/metaltale.com\/lv\/produkts\/klikskis-apgerbam-130-mm-heart\/#breadcrumb\"},\"inLanguage\":\"lv-LV\",\"potentialAction\":[{\"@type\":\"ReadAction\",\"target\":[\"https:\/\/metaltale.com\/lv\/produkts\/klikskis-apgerbam-130-mm-heart\/\"]}]},{\"@type\":\"ImageObject\",\"inLanguage\":\"lv-LV\",\"@id\":\"https:\/\/metaltale.com\/lv\/produkts\/klikskis-apgerbam-130-mm-heart\/#primaryimage\",\"url\":\"https:\/\/metaltale.com\/wp-content\/uploads\/2023\/12\/Pakabinamas-kablys-HEART.jpg\",\"contentUrl\":\"https:\/\/metaltale.com\/wp-content\/uploads\/2023\/12\/Pakabinamas-kablys-HEART.jpg\",\"width\":800,\"height\":800,\"caption\":\"Klik\u0161\u0137is ap\u0123\u0113rbam 130 mm HEART\"},{\"@type\":\"BreadcrumbList\",\"@id\":\"https:\/\/metaltale.com\/lv\/produkts\/klikskis-apgerbam-130-mm-heart\/#breadcrumb\",\"itemListElement\":[{\"@type\":\"ListItem\",\"position\":1,\"name\":\"Home\",\"item\":\"https:\/\/metaltale.com\/lv\/majas\/\"},{\"@type\":\"ListItem\",\"position\":2,\"name\":\"Veikals\",\"item\":\"https:\/\/metaltale.com\/lv\/shop\/\"},{\"@type\":\"ListItem\",\"position\":3,\"name\":\"Klik\u0161\u0137is ap\u0123\u0113rbam 130 mm HEART\"}]},{\"@type\":\"WebSite\",\"@id\":\"https:\/\/metaltale.com\/lv\/#website\",\"url\":\"https:\/\/metaltale.com\/lv\/\",\"name\":\"Metaltale.com\",\"description\":\"\",\"potentialAction\":[{\"@type\":\"SearchAction\",\"target\":{\"@type\":\"EntryPoint\",\"urlTemplate\":\"https:\/\/metaltale.com\/lv\/?s={search_term_string}\"},\"query-input\":{\"@type\":\"PropertyValueSpecification\",\"valueRequired\":true,\"valueName\":\"search_term_string\"}}],\"inLanguage\":\"lv-LV\"}]}<\/script>\n<!-- \/ Yoast SEO plugin. -->","yoast_head_json":{"title":"Klik\u0161\u0137is ap\u0123\u0113rbam 130 mm HEART - MetalTale.com","robots":{"index":"index","follow":"follow","max-snippet":"max-snippet:-1","max-image-preview":"max-image-preview:large","max-video-preview":"max-video-preview:-1"},"canonical":"https:\/\/metaltale.com\/lv\/produkts\/klikskis-apgerbam-130-mm-heart\/","og_locale":"lv_LV","og_type":"article","og_title":"Klik\u0161\u0137is ap\u0123\u0113rbam 130 mm HEART - MetalTale.com","og_description":"Modelis CH.4817 Materi\u0101ls T\u0113rauds Kop\u0113jais augstums (cm ) 13 Kop\u0113jais platums (cm ) 7,5 Kop\u0113j\u0101 projekcija (cm ) 6 Veids","og_url":"https:\/\/metaltale.com\/lv\/produkts\/klikskis-apgerbam-130-mm-heart\/","og_site_name":"MetalTale.com","article_modified_time":"2025-06-07T08:28:13+00:00","og_image":[{"width":800,"height":800,"url":"https:\/\/metaltale.com\/wp-content\/uploads\/2023\/12\/Pakabinamas-kablys-HEART.jpg","type":"image\/jpeg"}],"twitter_card":"summary_large_image","twitter_misc":{"Est. reading time":"1 minute"},"schema":{"@context":"https:\/\/schema.org","@graph":[{"@type":"WebPage","@id":"https:\/\/metaltale.com\/lv\/produkts\/klikskis-apgerbam-130-mm-heart\/","url":"https:\/\/metaltale.com\/lv\/produkts\/klikskis-apgerbam-130-mm-heart\/","name":"Klik\u0161\u0137is ap\u0123\u0113rbam 130 mm HEART - MetalTale.com","isPartOf":{"@id":"https:\/\/metaltale.com\/lv\/#website"},"primaryImageOfPage":{"@id":"https:\/\/metaltale.com\/lv\/produkts\/klikskis-apgerbam-130-mm-heart\/#primaryimage"},"image":{"@id":"https:\/\/metaltale.com\/lv\/produkts\/klikskis-apgerbam-130-mm-heart\/#primaryimage"},"thumbnailUrl":"https:\/\/metaltale.com\/wp-content\/uploads\/2023\/12\/Pakabinamas-kablys-HEART.jpg","datePublished":"2024-02-13T13:33:49+00:00","dateModified":"2025-06-07T08:28:13+00:00","breadcrumb":{"@id":"https:\/\/metaltale.com\/lv\/produkts\/klikskis-apgerbam-130-mm-heart\/#breadcrumb"},"inLanguage":"lv-LV","potentialAction":[{"@type":"ReadAction","target":["https:\/\/metaltale.com\/lv\/produkts\/klikskis-apgerbam-130-mm-heart\/"]}]},{"@type":"ImageObject","inLanguage":"lv-LV","@id":"https:\/\/metaltale.com\/lv\/produkts\/klikskis-apgerbam-130-mm-heart\/#primaryimage","url":"https:\/\/metaltale.com\/wp-content\/uploads\/2023\/12\/Pakabinamas-kablys-HEART.jpg","contentUrl":"https:\/\/metaltale.com\/wp-content\/uploads\/2023\/12\/Pakabinamas-kablys-HEART.jpg","width":800,"height":800,"caption":"Klik\u0161\u0137is ap\u0123\u0113rbam 130 mm HEART"},{"@type":"BreadcrumbList","@id":"https:\/\/metaltale.com\/lv\/produkts\/klikskis-apgerbam-130-mm-heart\/#breadcrumb","itemListElement":[{"@type":"ListItem","position":1,"name":"Home","item":"https:\/\/metaltale.com\/lv\/majas\/"},{"@type":"ListItem","position":2,"name":"Veikals","item":"https:\/\/metaltale.com\/lv\/shop\/"},{"@type":"ListItem","position":3,"name":"Klik\u0161\u0137is ap\u0123\u0113rbam 130 mm HEART"}]},{"@type":"WebSite","@id":"https:\/\/metaltale.com\/lv\/#website","url":"https:\/\/metaltale.com\/lv\/","name":"Metaltale.com","description":"","potentialAction":[{"@type":"SearchAction","target":{"@type":"EntryPoint","urlTemplate":"https:\/\/metaltale.com\/lv\/?s={search_term_string}"},"query-input":{"@type":"PropertyValueSpecification","valueRequired":true,"valueName":"search_term_string"}}],"inLanguage":"lv-LV"}]}},"_links":{"self":[{"href":"https:\/\/metaltale.com\/lv\/wp-json\/wp\/v2\/product\/132857","targetHints":{"allow":["GET"]}}],"collection":[{"href":"https:\/\/metaltale.com\/lv\/wp-json\/wp\/v2\/product"}],"about":[{"href":"https:\/\/metaltale.com\/lv\/wp-json\/wp\/v2\/types\/product"}],"replies":[{"embeddable":true,"href":"https:\/\/metaltale.com\/lv\/wp-json\/wp\/v2\/comments?post=132857"}],"version-history":[{"count":0,"href":"https:\/\/metaltale.com\/lv\/wp-json\/wp\/v2\/product\/132857\/revisions"}],"wp:featuredmedia":[{"embeddable":true,"href":"https:\/\/metaltale.com\/lv\/wp-json\/wp\/v2\/media\/116683"}],"wp:attachment":[{"href":"https:\/\/metaltale.com\/lv\/wp-json\/wp\/v2\/media?parent=132857"}],"wp:term":[{"taxonomy":"product_brand","embeddable":true,"href":"https:\/\/metaltale.com\/lv\/wp-json\/wp\/v2\/product_brand?post=132857"},{"taxonomy":"product_cat","embeddable":true,"href":"https:\/\/metaltale.com\/lv\/wp-json\/wp\/v2\/product_cat?post=132857"},{"taxonomy":"product_tag","embeddable":true,"href":"https:\/\/metaltale.com\/lv\/wp-json\/wp\/v2\/product_tag?post=132857"}],"curies":[{"name":"wp","href":"https:\/\/api.w.org\/{rel}","templated":true}]}}