{"id":132839,"date":"2024-02-13T15:33:49","date_gmt":"2024-02-13T13:33:49","guid":{"rendered":"https:\/\/metaltale.com\/produktas\/kedes-durvju-sledzene-melna-155x40-mm\/"},"modified":"2024-02-13T15:33:49","modified_gmt":"2024-02-13T13:33:49","slug":"kedes-durvju-sledzene-melna-155x40-mm","status":"publish","type":"product","link":"https:\/\/metaltale.com\/lv\/produkts\/kedes-durvju-sledzene-melna-155x40-mm\/","title":{"rendered":"\u0136\u0113des durvju sl\u0113dzene melna 155&#215;40 mm"},"content":{"rendered":"<div class=\"prod_data\">\n<h2>M\u0113be\u013cu piederumi &#8211; <span class=\"TextRun SCXW118298593 BCX8\" lang=\"LT-LT\" data-contrast=\"auto\"><br \/>\n  <span class=\"NormalTextRun SCXW118298593 BCX8\">\u0136\u0112DES DURVJU SL\u0112DZENE <\/span><br \/>\n<\/span><span class=\"TextRun SCXW118298593 BCX8\" lang=\"LT-LT\" data-contrast=\"auto\"><br \/>\n  <span class=\"NormalTextRun SCXW118298593 BCX8\">JUODA <\/span><br \/>\n<\/span><span class=\"TextRun SCXW118298593 BCX8\" lang=\"LT-LT\" data-contrast=\"auto\"><br \/>\n  <span class=\"NormalTextRun SCXW118298593 BCX8\">155X40 MM<\/span><br \/>\n<\/span><span class=\"EOP SCXW118298593 BCX8\" data-ccp-props=\"{\"201341983\":0,\"335559739\":160,\"335559740\":259}\"> <\/span><\/h2>\n<p><strong>Modelis:<\/strong> AG.FF58<br \/>\n<strong>EAN:<\/strong> 5905369901287<br \/>\n<strong>Materi\u0101ls:<\/strong> t\u0113rauds<br \/>\n<strong>Pamatnes izm\u0113ri (cm)<\/strong>: 15,5 x 4,4<br \/>\n<strong>Mont\u0101\u017eas skr\u016bves:<\/strong> j\u0101<br \/>\n<strong>Kr\u0101sa:<\/strong> melna<br \/>\n<strong>Virsmas tips<\/strong>: nel\u012bdzena<\/p>\n<p>&#8211; 23 cm gara \u0137\u0113d\u012bte<br \/>\n&#8211; \u0101\u0137a izm\u0113ri: 6 x 2,5 cm<\/p>\n<p>Durvju \u0137\u0113de ir izstr\u0101d\u0101jums, kas paredz\u0113ts visiem, kuri nov\u0113rt\u0113 dro\u0161\u012bbu m\u0101j\u0101s un kuriem pat\u012bk ekskluz\u012bvi interjera akcenti. Vintage stila dizains un meln\u0101 kr\u0101sa ir harmonisks duets, kas ieder\u0113sies jebkur\u0101 m\u0101jas interjer\u0101, bet produkta augst\u0101 kvalit\u0101te garant\u0113 netrauc\u0113tu un dro\u0161u lieto\u0161anu.<\/p>\n<\/div>\n","protected":false},"excerpt":{"rendered":"<p>M\u0113be\u013cu piederumi &#8211; \u0136\u0112DES DURVJU SL\u0112DZENE JUODA 155X40 MM Modelis: AG.FF58 EAN: 5905369901287 Materi\u0101ls: t\u0113rauds Pamatnes izm\u0113ri (cm): 15,5 x<\/p>\n","protected":false},"featured_media":116459,"comment_status":"open","ping_status":"closed","template":"","meta":{"_acf_changed":false,"pmpro_default_level":""},"product_brand":[],"product_cat":[23889,23837,23890],"product_tag":[],"class_list":{"0":"post-132839","1":"product","2":"type-product","3":"status-publish","4":"has-post-thumbnail","6":"product_cat-duru-spynos-lv","7":"product_cat-mebeles-piederumi","8":"product_cat-spynos-lv","9":"pmpro-has-access","11":"first","12":"instock","13":"shipping-taxable","14":"purchasable","15":"product-type-simple"},"acf":[],"yoast_head":"<!-- This site is optimized with the Yoast SEO plugin v24.9 - https:\/\/yoast.com\/wordpress\/plugins\/seo\/ -->\n<title>\u0136\u0113des durvju sl\u0113dzene melna 155x40 mm - MetalTale.com<\/title>\n<meta name=\"robots\" content=\"index, follow, max-snippet:-1, max-image-preview:large, max-video-preview:-1\" \/>\n<link rel=\"canonical\" href=\"https:\/\/metaltale.com\/lv\/produkts\/kedes-durvju-sledzene-melna-155x40-mm\/\" \/>\n<meta property=\"og:locale\" content=\"lv_LV\" \/>\n<meta property=\"og:type\" content=\"article\" \/>\n<meta property=\"og:title\" content=\"\u0136\u0113des durvju sl\u0113dzene melna 155x40 mm - MetalTale.com\" \/>\n<meta property=\"og:description\" content=\"M\u0113be\u013cu piederumi &#8211; \u0136\u0112DES DURVJU SL\u0112DZENE JUODA 155X40 MM Modelis: AG.FF58 EAN: 5905369901287 Materi\u0101ls: t\u0113rauds Pamatnes izm\u0113ri (cm): 15,5 x\" \/>\n<meta property=\"og:url\" content=\"https:\/\/metaltale.com\/lv\/produkts\/kedes-durvju-sledzene-melna-155x40-mm\/\" \/>\n<meta property=\"og:site_name\" content=\"MetalTale.com\" \/>\n<meta name=\"twitter:card\" content=\"summary_large_image\" \/>\n<meta name=\"twitter:label1\" content=\"Est. reading time\" \/>\n\t<meta name=\"twitter:data1\" content=\"1 minute\" \/>\n<script type=\"application\/ld+json\" class=\"yoast-schema-graph\">{\"@context\":\"https:\/\/schema.org\",\"@graph\":[{\"@type\":\"WebPage\",\"@id\":\"https:\/\/metaltale.com\/lv\/produkts\/kedes-durvju-sledzene-melna-155x40-mm\/\",\"url\":\"https:\/\/metaltale.com\/lv\/produkts\/kedes-durvju-sledzene-melna-155x40-mm\/\",\"name\":\"\u0136\u0113des durvju sl\u0113dzene melna 155x40 mm - MetalTale.com\",\"isPartOf\":{\"@id\":\"https:\/\/metaltale.com\/lv\/#website\"},\"primaryImageOfPage\":{\"@id\":\"https:\/\/metaltale.com\/lv\/produkts\/kedes-durvju-sledzene-melna-155x40-mm\/#primaryimage\"},\"image\":{\"@id\":\"https:\/\/metaltale.com\/lv\/produkts\/kedes-durvju-sledzene-melna-155x40-mm\/#primaryimage\"},\"thumbnailUrl\":\"https:\/\/metaltale.com\/wp-content\/uploads\/2023\/12\/Grandininx117-durx173-spyna-155x40-mm-juoda.jpg\",\"datePublished\":\"2024-02-13T13:33:49+00:00\",\"breadcrumb\":{\"@id\":\"https:\/\/metaltale.com\/lv\/produkts\/kedes-durvju-sledzene-melna-155x40-mm\/#breadcrumb\"},\"inLanguage\":\"lv-LV\",\"potentialAction\":[{\"@type\":\"ReadAction\",\"target\":[\"https:\/\/metaltale.com\/lv\/produkts\/kedes-durvju-sledzene-melna-155x40-mm\/\"]}]},{\"@type\":\"ImageObject\",\"inLanguage\":\"lv-LV\",\"@id\":\"https:\/\/metaltale.com\/lv\/produkts\/kedes-durvju-sledzene-melna-155x40-mm\/#primaryimage\",\"url\":\"https:\/\/metaltale.com\/wp-content\/uploads\/2023\/12\/Grandininx117-durx173-spyna-155x40-mm-juoda.jpg\",\"contentUrl\":\"https:\/\/metaltale.com\/wp-content\/uploads\/2023\/12\/Grandininx117-durx173-spyna-155x40-mm-juoda.jpg\",\"width\":400,\"height\":400,\"caption\":\"\u0136\u0113des durvju sl\u0113dzene melna 155x40 mm\"},{\"@type\":\"BreadcrumbList\",\"@id\":\"https:\/\/metaltale.com\/lv\/produkts\/kedes-durvju-sledzene-melna-155x40-mm\/#breadcrumb\",\"itemListElement\":[{\"@type\":\"ListItem\",\"position\":1,\"name\":\"Home\",\"item\":\"https:\/\/metaltale.com\/lv\/majas\/\"},{\"@type\":\"ListItem\",\"position\":2,\"name\":\"Veikals\",\"item\":\"https:\/\/metaltale.com\/lv\/shop\/\"},{\"@type\":\"ListItem\",\"position\":3,\"name\":\"\u0136\u0113des durvju sl\u0113dzene melna 155&#215;40 mm\"}]},{\"@type\":\"WebSite\",\"@id\":\"https:\/\/metaltale.com\/lv\/#website\",\"url\":\"https:\/\/metaltale.com\/lv\/\",\"name\":\"Metaltale.com\",\"description\":\"\",\"potentialAction\":[{\"@type\":\"SearchAction\",\"target\":{\"@type\":\"EntryPoint\",\"urlTemplate\":\"https:\/\/metaltale.com\/lv\/?s={search_term_string}\"},\"query-input\":{\"@type\":\"PropertyValueSpecification\",\"valueRequired\":true,\"valueName\":\"search_term_string\"}}],\"inLanguage\":\"lv-LV\"}]}<\/script>\n<!-- \/ Yoast SEO plugin. -->","yoast_head_json":{"title":"\u0136\u0113des durvju sl\u0113dzene melna 155x40 mm - MetalTale.com","robots":{"index":"index","follow":"follow","max-snippet":"max-snippet:-1","max-image-preview":"max-image-preview:large","max-video-preview":"max-video-preview:-1"},"canonical":"https:\/\/metaltale.com\/lv\/produkts\/kedes-durvju-sledzene-melna-155x40-mm\/","og_locale":"lv_LV","og_type":"article","og_title":"\u0136\u0113des durvju sl\u0113dzene melna 155x40 mm - MetalTale.com","og_description":"M\u0113be\u013cu piederumi &#8211; \u0136\u0112DES DURVJU SL\u0112DZENE JUODA 155X40 MM Modelis: AG.FF58 EAN: 5905369901287 Materi\u0101ls: t\u0113rauds Pamatnes izm\u0113ri (cm): 15,5 x","og_url":"https:\/\/metaltale.com\/lv\/produkts\/kedes-durvju-sledzene-melna-155x40-mm\/","og_site_name":"MetalTale.com","twitter_card":"summary_large_image","twitter_misc":{"Est. reading time":"1 minute"},"schema":{"@context":"https:\/\/schema.org","@graph":[{"@type":"WebPage","@id":"https:\/\/metaltale.com\/lv\/produkts\/kedes-durvju-sledzene-melna-155x40-mm\/","url":"https:\/\/metaltale.com\/lv\/produkts\/kedes-durvju-sledzene-melna-155x40-mm\/","name":"\u0136\u0113des durvju sl\u0113dzene melna 155x40 mm - MetalTale.com","isPartOf":{"@id":"https:\/\/metaltale.com\/lv\/#website"},"primaryImageOfPage":{"@id":"https:\/\/metaltale.com\/lv\/produkts\/kedes-durvju-sledzene-melna-155x40-mm\/#primaryimage"},"image":{"@id":"https:\/\/metaltale.com\/lv\/produkts\/kedes-durvju-sledzene-melna-155x40-mm\/#primaryimage"},"thumbnailUrl":"https:\/\/metaltale.com\/wp-content\/uploads\/2023\/12\/Grandininx117-durx173-spyna-155x40-mm-juoda.jpg","datePublished":"2024-02-13T13:33:49+00:00","breadcrumb":{"@id":"https:\/\/metaltale.com\/lv\/produkts\/kedes-durvju-sledzene-melna-155x40-mm\/#breadcrumb"},"inLanguage":"lv-LV","potentialAction":[{"@type":"ReadAction","target":["https:\/\/metaltale.com\/lv\/produkts\/kedes-durvju-sledzene-melna-155x40-mm\/"]}]},{"@type":"ImageObject","inLanguage":"lv-LV","@id":"https:\/\/metaltale.com\/lv\/produkts\/kedes-durvju-sledzene-melna-155x40-mm\/#primaryimage","url":"https:\/\/metaltale.com\/wp-content\/uploads\/2023\/12\/Grandininx117-durx173-spyna-155x40-mm-juoda.jpg","contentUrl":"https:\/\/metaltale.com\/wp-content\/uploads\/2023\/12\/Grandininx117-durx173-spyna-155x40-mm-juoda.jpg","width":400,"height":400,"caption":"\u0136\u0113des durvju sl\u0113dzene melna 155x40 mm"},{"@type":"BreadcrumbList","@id":"https:\/\/metaltale.com\/lv\/produkts\/kedes-durvju-sledzene-melna-155x40-mm\/#breadcrumb","itemListElement":[{"@type":"ListItem","position":1,"name":"Home","item":"https:\/\/metaltale.com\/lv\/majas\/"},{"@type":"ListItem","position":2,"name":"Veikals","item":"https:\/\/metaltale.com\/lv\/shop\/"},{"@type":"ListItem","position":3,"name":"\u0136\u0113des durvju sl\u0113dzene melna 155&#215;40 mm"}]},{"@type":"WebSite","@id":"https:\/\/metaltale.com\/lv\/#website","url":"https:\/\/metaltale.com\/lv\/","name":"Metaltale.com","description":"","potentialAction":[{"@type":"SearchAction","target":{"@type":"EntryPoint","urlTemplate":"https:\/\/metaltale.com\/lv\/?s={search_term_string}"},"query-input":{"@type":"PropertyValueSpecification","valueRequired":true,"valueName":"search_term_string"}}],"inLanguage":"lv-LV"}]}},"_links":{"self":[{"href":"https:\/\/metaltale.com\/lv\/wp-json\/wp\/v2\/product\/132839","targetHints":{"allow":["GET"]}}],"collection":[{"href":"https:\/\/metaltale.com\/lv\/wp-json\/wp\/v2\/product"}],"about":[{"href":"https:\/\/metaltale.com\/lv\/wp-json\/wp\/v2\/types\/product"}],"replies":[{"embeddable":true,"href":"https:\/\/metaltale.com\/lv\/wp-json\/wp\/v2\/comments?post=132839"}],"version-history":[{"count":0,"href":"https:\/\/metaltale.com\/lv\/wp-json\/wp\/v2\/product\/132839\/revisions"}],"wp:featuredmedia":[{"embeddable":true,"href":"https:\/\/metaltale.com\/lv\/wp-json\/wp\/v2\/media\/116459"}],"wp:attachment":[{"href":"https:\/\/metaltale.com\/lv\/wp-json\/wp\/v2\/media?parent=132839"}],"wp:term":[{"taxonomy":"product_brand","embeddable":true,"href":"https:\/\/metaltale.com\/lv\/wp-json\/wp\/v2\/product_brand?post=132839"},{"taxonomy":"product_cat","embeddable":true,"href":"https:\/\/metaltale.com\/lv\/wp-json\/wp\/v2\/product_cat?post=132839"},{"taxonomy":"product_tag","embeddable":true,"href":"https:\/\/metaltale.com\/lv\/wp-json\/wp\/v2\/product_tag?post=132839"}],"curies":[{"name":"wp","href":"https:\/\/api.w.org\/{rel}","templated":true}]}}