{"id":132827,"date":"2024-02-13T15:35:05","date_gmt":"2024-02-13T13:35:05","guid":{"rendered":"https:\/\/metaltale.com\/produktas\/stavstava-vannas-istabas-maisitajs-flower-melns\/"},"modified":"2024-02-13T15:35:05","modified_gmt":"2024-02-13T13:35:05","slug":"stavstava-vannas-istabas-maisitajs-flower-melns","status":"publish","type":"product","link":"https:\/\/metaltale.com\/lv\/produkts\/stavstava-vannas-istabas-maisitajs-flower-melns\/","title":{"rendered":"St\u0101vst\u0101va vannas istabas mais\u012bt\u0101js FLOWER, melns"},"content":{"rendered":"<div class=\"prod_data\">\n<p><strong>Modelis<\/strong> WX.XT380-BLA<br \/>\nZiedu <strong>kolekcija<\/strong><br \/>\n<strong>Mais\u012bt\u0101ja tips<\/strong> Br\u012bvi st\u0101vo\u0161s<br \/>\n<strong>Iztekas garums (cm<\/strong> ) 14<br \/>\n<strong>Augstums l\u012bdz izsmidzin\u0101t\u0101jam (cm<\/strong> ) 71<br \/>\n<strong>Materi\u0101ls<\/strong> Misi\u0146\u0161<br \/>\n<strong>Kop\u0113jais augstums (cm<\/strong> ) 104<br \/>\n<strong>Pamatnes izm\u0113ri (cm<\/strong> ) 28<br \/>\n<strong>Du\u0161as galvas garums (cm<\/strong> ) 27<br \/>\n<strong>\u0160\u013c\u016btenes garums (cm<\/strong> ) 150<br \/>\n<strong>Att\u0101lums starp kr\u0101niem (cm<\/strong> ) 15<br \/>\n<strong>Perlators (aerators<\/strong> ) J\u0101<br \/>\n<strong>Rot\u0113jo\u0161s izsmidzin\u0101t\u0101js<\/strong> J\u0101<br \/>\nKr\u0101sa Melna<br \/>\n<strong>Apdare<\/strong> M\u012bksta, sat\u012bna efekts<\/p>\n<p>misi\u0146a past\u0101v\u012bgais mais\u012bt\u0101js<\/p>\n<p>groz\u0101ms izsmidzin\u0101t\u0101js<\/p>\n<p>keramikas galva &#8211; elements, kas nodro\u0161ina pareizu \u016bdens sadali.<\/p>\n<p>Aerators &#8211; \u016bdens pat\u0113ri\u0146a samazin\u0101\u0161anai<\/p>\n<p>ir iek\u013cauti visi instal\u0101cijai nepiecie\u0161amie elementi<\/p>\n<hr>\n<p>Br\u012bvi st\u0101vo\u0161ais vannas istabas kr\u0101ns Flower pie\u0161\u0137irs j\u016bsu vannas istabai mier\u012bgu un stil\u012bgu atmosf\u0113ru. Unik\u0101l\u0101 mat\u0113ti meln\u0101 apdare ar smalku vara berzi ne tikai nodro\u0161ina uzticamu funkcionalit\u0101ti, bet ar\u012b est\u0113tiski uzlabo vannas istabas telpu, pie\u0161\u0137irot tai retro \u0161armu. \u0160\u012b mais\u012bt\u0101ja rokas du\u0161a ir rot\u0101ta ar unik\u0101lu reljefu, kas pie\u0161\u0137ir \u0161armu un eleganci. Turkl\u0101t jauc\u0113jkr\u0101nus rot\u0101 ar\u012b burv\u012bgs z\u012bmogs, kas tiem pie\u0161\u0137ir unik\u0101lu izskatu. Tas viss veido viengabalainu kompoz\u012bciju, savuk\u0101rt zieda forma uz rokas du\u0161as pie\u0161\u0137ir mais\u012bt\u0101jam romantisku un ac\u012bm t\u012bkamu izskatu. Atkl\u0101jiet harmoniju starp funkcionalit\u0101ti un est\u0113tiku ar vannas istabas br\u012bvst\u0101vo\u0161o mais\u012bt\u0101ju Flower.<\/p>\n<\/div>\n","protected":false},"excerpt":{"rendered":"<p>Modelis WX.XT380-BLA Ziedu kolekcija Mais\u012bt\u0101ja tips Br\u012bvi st\u0101vo\u0161s Iztekas garums (cm ) 14 Augstums l\u012bdz izsmidzin\u0101t\u0101jam (cm ) 71 Materi\u0101ls<\/p>\n","protected":false},"featured_media":117992,"comment_status":"open","ping_status":"closed","template":"","meta":{"_acf_changed":false,"pmpro_default_level":""},"product_brand":[],"product_cat":[24073,24086],"product_tag":[],"class_list":{"0":"post-132827","1":"product","2":"type-product","3":"status-publish","4":"has-post-thumbnail","6":"product_cat-vannas-istabas-krani","7":"product_cat-vannas-istabas-krani-lv","8":"pmpro-has-access","10":"first","11":"instock","12":"shipping-taxable","13":"purchasable","14":"product-type-simple"},"acf":[],"yoast_head":"<!-- This site is optimized with the Yoast SEO plugin v24.9 - https:\/\/yoast.com\/wordpress\/plugins\/seo\/ -->\n<title>St\u0101vst\u0101va vannas istabas mais\u012bt\u0101js FLOWER, melns - MetalTale.com<\/title>\n<meta name=\"robots\" content=\"index, follow, max-snippet:-1, max-image-preview:large, max-video-preview:-1\" \/>\n<link rel=\"canonical\" href=\"https:\/\/metaltale.com\/lv\/produkts\/stavstava-vannas-istabas-maisitajs-flower-melns\/\" \/>\n<meta property=\"og:locale\" content=\"lv_LV\" \/>\n<meta property=\"og:type\" content=\"article\" \/>\n<meta property=\"og:title\" content=\"St\u0101vst\u0101va vannas istabas mais\u012bt\u0101js FLOWER, melns - MetalTale.com\" \/>\n<meta property=\"og:description\" content=\"Modelis WX.XT380-BLA Ziedu kolekcija Mais\u012bt\u0101ja tips Br\u012bvi st\u0101vo\u0161s Iztekas garums (cm ) 14 Augstums l\u012bdz izsmidzin\u0101t\u0101jam (cm ) 71 Materi\u0101ls\" \/>\n<meta property=\"og:url\" content=\"https:\/\/metaltale.com\/lv\/produkts\/stavstava-vannas-istabas-maisitajs-flower-melns\/\" \/>\n<meta property=\"og:site_name\" content=\"MetalTale.com\" \/>\n<meta property=\"og:image\" content=\"https:\/\/metaltale.com\/wp-content\/uploads\/2023\/12\/Grindinis-vonios-maix161ytuvas-juodas-FLOWER.jpg\" \/>\n\t<meta property=\"og:image:width\" content=\"800\" \/>\n\t<meta property=\"og:image:height\" content=\"800\" \/>\n\t<meta property=\"og:image:type\" content=\"image\/jpeg\" \/>\n<meta name=\"twitter:card\" content=\"summary_large_image\" \/>\n<meta name=\"twitter:label1\" content=\"Est. reading time\" \/>\n\t<meta name=\"twitter:data1\" content=\"1 minute\" \/>\n<script type=\"application\/ld+json\" class=\"yoast-schema-graph\">{\"@context\":\"https:\/\/schema.org\",\"@graph\":[{\"@type\":\"WebPage\",\"@id\":\"https:\/\/metaltale.com\/lv\/produkts\/stavstava-vannas-istabas-maisitajs-flower-melns\/\",\"url\":\"https:\/\/metaltale.com\/lv\/produkts\/stavstava-vannas-istabas-maisitajs-flower-melns\/\",\"name\":\"St\u0101vst\u0101va vannas istabas mais\u012bt\u0101js FLOWER, melns - MetalTale.com\",\"isPartOf\":{\"@id\":\"https:\/\/metaltale.com\/lv\/#website\"},\"primaryImageOfPage\":{\"@id\":\"https:\/\/metaltale.com\/lv\/produkts\/stavstava-vannas-istabas-maisitajs-flower-melns\/#primaryimage\"},\"image\":{\"@id\":\"https:\/\/metaltale.com\/lv\/produkts\/stavstava-vannas-istabas-maisitajs-flower-melns\/#primaryimage\"},\"thumbnailUrl\":\"https:\/\/metaltale.com\/wp-content\/uploads\/2023\/12\/Grindinis-vonios-maix161ytuvas-juodas-FLOWER.jpg\",\"datePublished\":\"2024-02-13T13:35:05+00:00\",\"breadcrumb\":{\"@id\":\"https:\/\/metaltale.com\/lv\/produkts\/stavstava-vannas-istabas-maisitajs-flower-melns\/#breadcrumb\"},\"inLanguage\":\"lv-LV\",\"potentialAction\":[{\"@type\":\"ReadAction\",\"target\":[\"https:\/\/metaltale.com\/lv\/produkts\/stavstava-vannas-istabas-maisitajs-flower-melns\/\"]}]},{\"@type\":\"ImageObject\",\"inLanguage\":\"lv-LV\",\"@id\":\"https:\/\/metaltale.com\/lv\/produkts\/stavstava-vannas-istabas-maisitajs-flower-melns\/#primaryimage\",\"url\":\"https:\/\/metaltale.com\/wp-content\/uploads\/2023\/12\/Grindinis-vonios-maix161ytuvas-juodas-FLOWER.jpg\",\"contentUrl\":\"https:\/\/metaltale.com\/wp-content\/uploads\/2023\/12\/Grindinis-vonios-maix161ytuvas-juodas-FLOWER.jpg\",\"width\":800,\"height\":800,\"caption\":\"St\u0101vst\u0101va vannas istabas mais\u012bt\u0101js FLOWER, melns\"},{\"@type\":\"BreadcrumbList\",\"@id\":\"https:\/\/metaltale.com\/lv\/produkts\/stavstava-vannas-istabas-maisitajs-flower-melns\/#breadcrumb\",\"itemListElement\":[{\"@type\":\"ListItem\",\"position\":1,\"name\":\"Home\",\"item\":\"https:\/\/metaltale.com\/lv\/majas\/\"},{\"@type\":\"ListItem\",\"position\":2,\"name\":\"Veikals\",\"item\":\"https:\/\/metaltale.com\/lv\/shop\/\"},{\"@type\":\"ListItem\",\"position\":3,\"name\":\"St\u0101vst\u0101va vannas istabas mais\u012bt\u0101js FLOWER, melns\"}]},{\"@type\":\"WebSite\",\"@id\":\"https:\/\/metaltale.com\/lv\/#website\",\"url\":\"https:\/\/metaltale.com\/lv\/\",\"name\":\"Metaltale.com\",\"description\":\"\",\"potentialAction\":[{\"@type\":\"SearchAction\",\"target\":{\"@type\":\"EntryPoint\",\"urlTemplate\":\"https:\/\/metaltale.com\/lv\/?s={search_term_string}\"},\"query-input\":{\"@type\":\"PropertyValueSpecification\",\"valueRequired\":true,\"valueName\":\"search_term_string\"}}],\"inLanguage\":\"lv-LV\"}]}<\/script>\n<!-- \/ Yoast SEO plugin. -->","yoast_head_json":{"title":"St\u0101vst\u0101va vannas istabas mais\u012bt\u0101js FLOWER, melns - MetalTale.com","robots":{"index":"index","follow":"follow","max-snippet":"max-snippet:-1","max-image-preview":"max-image-preview:large","max-video-preview":"max-video-preview:-1"},"canonical":"https:\/\/metaltale.com\/lv\/produkts\/stavstava-vannas-istabas-maisitajs-flower-melns\/","og_locale":"lv_LV","og_type":"article","og_title":"St\u0101vst\u0101va vannas istabas mais\u012bt\u0101js FLOWER, melns - MetalTale.com","og_description":"Modelis WX.XT380-BLA Ziedu kolekcija Mais\u012bt\u0101ja tips Br\u012bvi st\u0101vo\u0161s Iztekas garums (cm ) 14 Augstums l\u012bdz izsmidzin\u0101t\u0101jam (cm ) 71 Materi\u0101ls","og_url":"https:\/\/metaltale.com\/lv\/produkts\/stavstava-vannas-istabas-maisitajs-flower-melns\/","og_site_name":"MetalTale.com","og_image":[{"width":800,"height":800,"url":"https:\/\/metaltale.com\/wp-content\/uploads\/2023\/12\/Grindinis-vonios-maix161ytuvas-juodas-FLOWER.jpg","type":"image\/jpeg"}],"twitter_card":"summary_large_image","twitter_misc":{"Est. reading time":"1 minute"},"schema":{"@context":"https:\/\/schema.org","@graph":[{"@type":"WebPage","@id":"https:\/\/metaltale.com\/lv\/produkts\/stavstava-vannas-istabas-maisitajs-flower-melns\/","url":"https:\/\/metaltale.com\/lv\/produkts\/stavstava-vannas-istabas-maisitajs-flower-melns\/","name":"St\u0101vst\u0101va vannas istabas mais\u012bt\u0101js FLOWER, melns - MetalTale.com","isPartOf":{"@id":"https:\/\/metaltale.com\/lv\/#website"},"primaryImageOfPage":{"@id":"https:\/\/metaltale.com\/lv\/produkts\/stavstava-vannas-istabas-maisitajs-flower-melns\/#primaryimage"},"image":{"@id":"https:\/\/metaltale.com\/lv\/produkts\/stavstava-vannas-istabas-maisitajs-flower-melns\/#primaryimage"},"thumbnailUrl":"https:\/\/metaltale.com\/wp-content\/uploads\/2023\/12\/Grindinis-vonios-maix161ytuvas-juodas-FLOWER.jpg","datePublished":"2024-02-13T13:35:05+00:00","breadcrumb":{"@id":"https:\/\/metaltale.com\/lv\/produkts\/stavstava-vannas-istabas-maisitajs-flower-melns\/#breadcrumb"},"inLanguage":"lv-LV","potentialAction":[{"@type":"ReadAction","target":["https:\/\/metaltale.com\/lv\/produkts\/stavstava-vannas-istabas-maisitajs-flower-melns\/"]}]},{"@type":"ImageObject","inLanguage":"lv-LV","@id":"https:\/\/metaltale.com\/lv\/produkts\/stavstava-vannas-istabas-maisitajs-flower-melns\/#primaryimage","url":"https:\/\/metaltale.com\/wp-content\/uploads\/2023\/12\/Grindinis-vonios-maix161ytuvas-juodas-FLOWER.jpg","contentUrl":"https:\/\/metaltale.com\/wp-content\/uploads\/2023\/12\/Grindinis-vonios-maix161ytuvas-juodas-FLOWER.jpg","width":800,"height":800,"caption":"St\u0101vst\u0101va vannas istabas mais\u012bt\u0101js FLOWER, melns"},{"@type":"BreadcrumbList","@id":"https:\/\/metaltale.com\/lv\/produkts\/stavstava-vannas-istabas-maisitajs-flower-melns\/#breadcrumb","itemListElement":[{"@type":"ListItem","position":1,"name":"Home","item":"https:\/\/metaltale.com\/lv\/majas\/"},{"@type":"ListItem","position":2,"name":"Veikals","item":"https:\/\/metaltale.com\/lv\/shop\/"},{"@type":"ListItem","position":3,"name":"St\u0101vst\u0101va vannas istabas mais\u012bt\u0101js FLOWER, melns"}]},{"@type":"WebSite","@id":"https:\/\/metaltale.com\/lv\/#website","url":"https:\/\/metaltale.com\/lv\/","name":"Metaltale.com","description":"","potentialAction":[{"@type":"SearchAction","target":{"@type":"EntryPoint","urlTemplate":"https:\/\/metaltale.com\/lv\/?s={search_term_string}"},"query-input":{"@type":"PropertyValueSpecification","valueRequired":true,"valueName":"search_term_string"}}],"inLanguage":"lv-LV"}]}},"_links":{"self":[{"href":"https:\/\/metaltale.com\/lv\/wp-json\/wp\/v2\/product\/132827","targetHints":{"allow":["GET"]}}],"collection":[{"href":"https:\/\/metaltale.com\/lv\/wp-json\/wp\/v2\/product"}],"about":[{"href":"https:\/\/metaltale.com\/lv\/wp-json\/wp\/v2\/types\/product"}],"replies":[{"embeddable":true,"href":"https:\/\/metaltale.com\/lv\/wp-json\/wp\/v2\/comments?post=132827"}],"version-history":[{"count":0,"href":"https:\/\/metaltale.com\/lv\/wp-json\/wp\/v2\/product\/132827\/revisions"}],"wp:featuredmedia":[{"embeddable":true,"href":"https:\/\/metaltale.com\/lv\/wp-json\/wp\/v2\/media\/117992"}],"wp:attachment":[{"href":"https:\/\/metaltale.com\/lv\/wp-json\/wp\/v2\/media?parent=132827"}],"wp:term":[{"taxonomy":"product_brand","embeddable":true,"href":"https:\/\/metaltale.com\/lv\/wp-json\/wp\/v2\/product_brand?post=132827"},{"taxonomy":"product_cat","embeddable":true,"href":"https:\/\/metaltale.com\/lv\/wp-json\/wp\/v2\/product_cat?post=132827"},{"taxonomy":"product_tag","embeddable":true,"href":"https:\/\/metaltale.com\/lv\/wp-json\/wp\/v2\/product_tag?post=132827"}],"curies":[{"name":"wp","href":"https:\/\/api.w.org\/{rel}","templated":true}]}}