{"id":132825,"date":"2024-02-13T15:35:05","date_gmt":"2024-02-13T13:35:05","guid":{"rendered":"https:\/\/metaltale.com\/produktas\/gridas-vannas-istabas-maisitajs-york-melns\/"},"modified":"2024-02-13T15:35:05","modified_gmt":"2024-02-13T13:35:05","slug":"gridas-vannas-istabas-maisitajs-york-melns","status":"publish","type":"product","link":"https:\/\/metaltale.com\/lv\/produkts\/gridas-vannas-istabas-maisitajs-york-melns\/","title":{"rendered":"Gr\u012bdas vannas istabas mais\u012bt\u0101js YORK, melns"},"content":{"rendered":"<div class=\"prod_data\">\n<p><strong>Modelis<\/strong> WX.XT381-BLA<br \/>\n<strong>Mais\u012bt\u0101ja tips<\/strong> Br\u012bvi st\u0101vo\u0161s<br \/>\n<strong>Iztekas garums (cm<\/strong> ) 11<br \/>\n<strong>Augstums l\u012bdz izsmidzin\u0101t\u0101jam (cm<\/strong> ) 71<br \/>\n<strong>Materi\u0101ls<\/strong> Misi\u0146\u0161<br \/>\n<strong> [cm]Kop\u0113jais garums<\/strong> 101<strong> <\/strong><br \/>\n<strong>Pamatnes izm\u0113ri (cm<\/strong> ) 28<br \/>\n<strong>Du\u0161as galvas garums (cm<\/strong> ) 20<br \/>\n<strong>\u0160\u013c\u016btenes garums (cm<\/strong> ) 150<br \/>\n<strong>Att\u0101lums starp kr\u0101niem (cm<\/strong> ) 15<br \/>\n<strong>Perlators (aerators<\/strong> ) N\u0113<br \/>\n<strong>Rot\u0113jo\u0161s izsmidzin\u0101t\u0101js<\/strong> J\u0101<br \/>\nKr\u0101sa Melna<br \/>\n<strong>Apdare<\/strong> M\u012bksta, sat\u012bna efekts<\/p>\n<p>misi\u0146a past\u0101v\u012bgais mais\u012bt\u0101js<\/p>\n<p>groz\u0101ms izsmidzin\u0101t\u0101js<\/p>\n<p>keramikas galva &#8211; elements, kas nodro\u0161ina pareizu \u016bdens sadali.<\/p>\n<p>Aerators &#8211; \u016bdens pat\u0113ri\u0146a samazin\u0101\u0161anai<\/p>\n<p>Komplekt\u0101 ir iek\u013cauti visi uzst\u0101d\u012b\u0161anai nepiecie\u0161amie komponenti<\/p>\n<hr>\n<p>Vannas istaba ar br\u012bvi st\u0101vo\u0161u vannu ir sapnis visiem relaks\u0113jo\u0161u vannu cien\u012bt\u0101jiem. Br\u012bvi st\u0101vo\u0161\u0101s vannas izstaro izsmalcin\u0101tu stilu, pie\u0161\u0137irot m\u016bsu peldvietai karaliskas pirts atmosf\u0113ru. Lai saglab\u0101tu stilistisko viengabalain\u012bbu, ir v\u0113rts ieguld\u012bt ar\u012b pareiz\u0101 mikser\u012b. Br\u012bvi st\u0101vo\u0161ais vannas mais\u012bt\u0101js ir stil\u012bgs risin\u0101jums, kas lieliski iederas vannas istabas retro stil\u0101. T\u0101 iespaid\u012bgais augstums un bag\u0101t\u012bg\u0101 ornamentika padara to ne tikai par funkcion\u0101lu, bet ar\u012b dekorat\u012bvu centr\u0101lo elementu. Gr\u012bdas kr\u0101ns atg\u0101dina tradicion\u0101los galda kr\u0101nus, un t\u0101 iztur\u012bgais dizains garant\u0113 \u0113rtu un vienk\u0101r\u0161u lieto\u0161anu.<\/p>\n<\/div>\n","protected":false},"excerpt":{"rendered":"<p>Modelis WX.XT381-BLA Mais\u012bt\u0101ja tips Br\u012bvi st\u0101vo\u0161s Iztekas garums (cm ) 11 Augstums l\u012bdz izsmidzin\u0101t\u0101jam (cm ) 71 Materi\u0101ls Misi\u0146\u0161 [cm]Kop\u0113jais<\/p>\n","protected":false},"featured_media":118058,"comment_status":"open","ping_status":"closed","template":"","meta":{"_acf_changed":false,"pmpro_default_level":""},"product_brand":[],"product_cat":[24073,24086],"product_tag":[],"class_list":{"0":"post-132825","1":"product","2":"type-product","3":"status-publish","4":"has-post-thumbnail","6":"product_cat-vannas-istabas-krani","7":"product_cat-vannas-istabas-krani-lv","8":"pmpro-has-access","10":"first","11":"instock","12":"shipping-taxable","13":"purchasable","14":"product-type-simple"},"acf":[],"yoast_head":"<!-- This site is optimized with the Yoast SEO plugin v24.9 - https:\/\/yoast.com\/wordpress\/plugins\/seo\/ -->\n<title>Gr\u012bdas vannas istabas mais\u012bt\u0101js YORK, melns - MetalTale.com<\/title>\n<meta name=\"robots\" content=\"index, follow, max-snippet:-1, max-image-preview:large, max-video-preview:-1\" \/>\n<link rel=\"canonical\" href=\"https:\/\/metaltale.com\/lv\/produkts\/gridas-vannas-istabas-maisitajs-york-melns\/\" \/>\n<meta property=\"og:locale\" content=\"lv_LV\" \/>\n<meta property=\"og:type\" content=\"article\" \/>\n<meta property=\"og:title\" content=\"Gr\u012bdas vannas istabas mais\u012bt\u0101js YORK, melns - MetalTale.com\" \/>\n<meta property=\"og:description\" content=\"Modelis WX.XT381-BLA Mais\u012bt\u0101ja tips Br\u012bvi st\u0101vo\u0161s Iztekas garums (cm ) 11 Augstums l\u012bdz izsmidzin\u0101t\u0101jam (cm ) 71 Materi\u0101ls Misi\u0146\u0161 [cm]Kop\u0113jais\" \/>\n<meta property=\"og:url\" content=\"https:\/\/metaltale.com\/lv\/produkts\/gridas-vannas-istabas-maisitajs-york-melns\/\" \/>\n<meta property=\"og:site_name\" content=\"MetalTale.com\" \/>\n<meta property=\"og:image\" content=\"https:\/\/metaltale.com\/wp-content\/uploads\/2023\/12\/Grindinis-vonios-maix161ytuvas-juodas-YORK.jpg\" \/>\n\t<meta property=\"og:image:width\" content=\"800\" \/>\n\t<meta property=\"og:image:height\" content=\"800\" \/>\n\t<meta property=\"og:image:type\" content=\"image\/jpeg\" \/>\n<meta name=\"twitter:card\" content=\"summary_large_image\" \/>\n<meta name=\"twitter:label1\" content=\"Est. reading time\" \/>\n\t<meta name=\"twitter:data1\" content=\"1 minute\" \/>\n<script type=\"application\/ld+json\" class=\"yoast-schema-graph\">{\"@context\":\"https:\/\/schema.org\",\"@graph\":[{\"@type\":\"WebPage\",\"@id\":\"https:\/\/metaltale.com\/lv\/produkts\/gridas-vannas-istabas-maisitajs-york-melns\/\",\"url\":\"https:\/\/metaltale.com\/lv\/produkts\/gridas-vannas-istabas-maisitajs-york-melns\/\",\"name\":\"Gr\u012bdas vannas istabas mais\u012bt\u0101js YORK, melns - MetalTale.com\",\"isPartOf\":{\"@id\":\"https:\/\/metaltale.com\/lv\/#website\"},\"primaryImageOfPage\":{\"@id\":\"https:\/\/metaltale.com\/lv\/produkts\/gridas-vannas-istabas-maisitajs-york-melns\/#primaryimage\"},\"image\":{\"@id\":\"https:\/\/metaltale.com\/lv\/produkts\/gridas-vannas-istabas-maisitajs-york-melns\/#primaryimage\"},\"thumbnailUrl\":\"https:\/\/metaltale.com\/wp-content\/uploads\/2023\/12\/Grindinis-vonios-maix161ytuvas-juodas-YORK.jpg\",\"datePublished\":\"2024-02-13T13:35:05+00:00\",\"breadcrumb\":{\"@id\":\"https:\/\/metaltale.com\/lv\/produkts\/gridas-vannas-istabas-maisitajs-york-melns\/#breadcrumb\"},\"inLanguage\":\"lv-LV\",\"potentialAction\":[{\"@type\":\"ReadAction\",\"target\":[\"https:\/\/metaltale.com\/lv\/produkts\/gridas-vannas-istabas-maisitajs-york-melns\/\"]}]},{\"@type\":\"ImageObject\",\"inLanguage\":\"lv-LV\",\"@id\":\"https:\/\/metaltale.com\/lv\/produkts\/gridas-vannas-istabas-maisitajs-york-melns\/#primaryimage\",\"url\":\"https:\/\/metaltale.com\/wp-content\/uploads\/2023\/12\/Grindinis-vonios-maix161ytuvas-juodas-YORK.jpg\",\"contentUrl\":\"https:\/\/metaltale.com\/wp-content\/uploads\/2023\/12\/Grindinis-vonios-maix161ytuvas-juodas-YORK.jpg\",\"width\":800,\"height\":800,\"caption\":\"Gr\u012bdas vannas istabas mais\u012bt\u0101js YORK, melns\"},{\"@type\":\"BreadcrumbList\",\"@id\":\"https:\/\/metaltale.com\/lv\/produkts\/gridas-vannas-istabas-maisitajs-york-melns\/#breadcrumb\",\"itemListElement\":[{\"@type\":\"ListItem\",\"position\":1,\"name\":\"Home\",\"item\":\"https:\/\/metaltale.com\/lv\/majas\/\"},{\"@type\":\"ListItem\",\"position\":2,\"name\":\"Veikals\",\"item\":\"https:\/\/metaltale.com\/lv\/shop\/\"},{\"@type\":\"ListItem\",\"position\":3,\"name\":\"Gr\u012bdas vannas istabas mais\u012bt\u0101js YORK, melns\"}]},{\"@type\":\"WebSite\",\"@id\":\"https:\/\/metaltale.com\/lv\/#website\",\"url\":\"https:\/\/metaltale.com\/lv\/\",\"name\":\"Metaltale.com\",\"description\":\"\",\"potentialAction\":[{\"@type\":\"SearchAction\",\"target\":{\"@type\":\"EntryPoint\",\"urlTemplate\":\"https:\/\/metaltale.com\/lv\/?s={search_term_string}\"},\"query-input\":{\"@type\":\"PropertyValueSpecification\",\"valueRequired\":true,\"valueName\":\"search_term_string\"}}],\"inLanguage\":\"lv-LV\"}]}<\/script>\n<!-- \/ Yoast SEO plugin. -->","yoast_head_json":{"title":"Gr\u012bdas vannas istabas mais\u012bt\u0101js YORK, melns - MetalTale.com","robots":{"index":"index","follow":"follow","max-snippet":"max-snippet:-1","max-image-preview":"max-image-preview:large","max-video-preview":"max-video-preview:-1"},"canonical":"https:\/\/metaltale.com\/lv\/produkts\/gridas-vannas-istabas-maisitajs-york-melns\/","og_locale":"lv_LV","og_type":"article","og_title":"Gr\u012bdas vannas istabas mais\u012bt\u0101js YORK, melns - MetalTale.com","og_description":"Modelis WX.XT381-BLA Mais\u012bt\u0101ja tips Br\u012bvi st\u0101vo\u0161s Iztekas garums (cm ) 11 Augstums l\u012bdz izsmidzin\u0101t\u0101jam (cm ) 71 Materi\u0101ls Misi\u0146\u0161 [cm]Kop\u0113jais","og_url":"https:\/\/metaltale.com\/lv\/produkts\/gridas-vannas-istabas-maisitajs-york-melns\/","og_site_name":"MetalTale.com","og_image":[{"width":800,"height":800,"url":"https:\/\/metaltale.com\/wp-content\/uploads\/2023\/12\/Grindinis-vonios-maix161ytuvas-juodas-YORK.jpg","type":"image\/jpeg"}],"twitter_card":"summary_large_image","twitter_misc":{"Est. reading time":"1 minute"},"schema":{"@context":"https:\/\/schema.org","@graph":[{"@type":"WebPage","@id":"https:\/\/metaltale.com\/lv\/produkts\/gridas-vannas-istabas-maisitajs-york-melns\/","url":"https:\/\/metaltale.com\/lv\/produkts\/gridas-vannas-istabas-maisitajs-york-melns\/","name":"Gr\u012bdas vannas istabas mais\u012bt\u0101js YORK, melns - MetalTale.com","isPartOf":{"@id":"https:\/\/metaltale.com\/lv\/#website"},"primaryImageOfPage":{"@id":"https:\/\/metaltale.com\/lv\/produkts\/gridas-vannas-istabas-maisitajs-york-melns\/#primaryimage"},"image":{"@id":"https:\/\/metaltale.com\/lv\/produkts\/gridas-vannas-istabas-maisitajs-york-melns\/#primaryimage"},"thumbnailUrl":"https:\/\/metaltale.com\/wp-content\/uploads\/2023\/12\/Grindinis-vonios-maix161ytuvas-juodas-YORK.jpg","datePublished":"2024-02-13T13:35:05+00:00","breadcrumb":{"@id":"https:\/\/metaltale.com\/lv\/produkts\/gridas-vannas-istabas-maisitajs-york-melns\/#breadcrumb"},"inLanguage":"lv-LV","potentialAction":[{"@type":"ReadAction","target":["https:\/\/metaltale.com\/lv\/produkts\/gridas-vannas-istabas-maisitajs-york-melns\/"]}]},{"@type":"ImageObject","inLanguage":"lv-LV","@id":"https:\/\/metaltale.com\/lv\/produkts\/gridas-vannas-istabas-maisitajs-york-melns\/#primaryimage","url":"https:\/\/metaltale.com\/wp-content\/uploads\/2023\/12\/Grindinis-vonios-maix161ytuvas-juodas-YORK.jpg","contentUrl":"https:\/\/metaltale.com\/wp-content\/uploads\/2023\/12\/Grindinis-vonios-maix161ytuvas-juodas-YORK.jpg","width":800,"height":800,"caption":"Gr\u012bdas vannas istabas mais\u012bt\u0101js YORK, melns"},{"@type":"BreadcrumbList","@id":"https:\/\/metaltale.com\/lv\/produkts\/gridas-vannas-istabas-maisitajs-york-melns\/#breadcrumb","itemListElement":[{"@type":"ListItem","position":1,"name":"Home","item":"https:\/\/metaltale.com\/lv\/majas\/"},{"@type":"ListItem","position":2,"name":"Veikals","item":"https:\/\/metaltale.com\/lv\/shop\/"},{"@type":"ListItem","position":3,"name":"Gr\u012bdas vannas istabas mais\u012bt\u0101js YORK, melns"}]},{"@type":"WebSite","@id":"https:\/\/metaltale.com\/lv\/#website","url":"https:\/\/metaltale.com\/lv\/","name":"Metaltale.com","description":"","potentialAction":[{"@type":"SearchAction","target":{"@type":"EntryPoint","urlTemplate":"https:\/\/metaltale.com\/lv\/?s={search_term_string}"},"query-input":{"@type":"PropertyValueSpecification","valueRequired":true,"valueName":"search_term_string"}}],"inLanguage":"lv-LV"}]}},"_links":{"self":[{"href":"https:\/\/metaltale.com\/lv\/wp-json\/wp\/v2\/product\/132825","targetHints":{"allow":["GET"]}}],"collection":[{"href":"https:\/\/metaltale.com\/lv\/wp-json\/wp\/v2\/product"}],"about":[{"href":"https:\/\/metaltale.com\/lv\/wp-json\/wp\/v2\/types\/product"}],"replies":[{"embeddable":true,"href":"https:\/\/metaltale.com\/lv\/wp-json\/wp\/v2\/comments?post=132825"}],"version-history":[{"count":0,"href":"https:\/\/metaltale.com\/lv\/wp-json\/wp\/v2\/product\/132825\/revisions"}],"wp:featuredmedia":[{"embeddable":true,"href":"https:\/\/metaltale.com\/lv\/wp-json\/wp\/v2\/media\/118058"}],"wp:attachment":[{"href":"https:\/\/metaltale.com\/lv\/wp-json\/wp\/v2\/media?parent=132825"}],"wp:term":[{"taxonomy":"product_brand","embeddable":true,"href":"https:\/\/metaltale.com\/lv\/wp-json\/wp\/v2\/product_brand?post=132825"},{"taxonomy":"product_cat","embeddable":true,"href":"https:\/\/metaltale.com\/lv\/wp-json\/wp\/v2\/product_cat?post=132825"},{"taxonomy":"product_tag","embeddable":true,"href":"https:\/\/metaltale.com\/lv\/wp-json\/wp\/v2\/product_tag?post=132825"}],"curies":[{"name":"wp","href":"https:\/\/api.w.org\/{rel}","templated":true}]}}