{"id":132816,"date":"2024-02-13T15:35:05","date_gmt":"2024-02-13T13:35:05","guid":{"rendered":"https:\/\/metaltale.com\/produktas\/cuguna-skeru-rullis-ar-dzutu-lark\/"},"modified":"2024-02-13T15:35:05","modified_gmt":"2024-02-13T13:35:05","slug":"cuguna-skeru-rullis-ar-dzutu-lark","status":"publish","type":"product","link":"https:\/\/metaltale.com\/lv\/produkts\/cuguna-skeru-rullis-ar-dzutu-lark\/","title":{"rendered":"\u010cuguna \u0161\u0137\u0113ru rullis ar d\u017eutu LARK"},"content":{"rendered":"<div class=\"prod_data\">\n<p><strong>Modelis<\/strong> CH.3464<br \/>\n<strong>Materi\u0101ls<\/strong> Koks, \u010duguns<br \/>\n<strong>Kop\u0113jais augstums (cm<\/strong> ) 20,5<br \/>\n<strong>Kop\u0113jais diametrs (cm<\/strong> ) 13,5<br \/>\n<strong>Kr\u0101sa<\/strong> Melna, koks &#8211; dab\u012bg\u0101 e\u013c\u013ca<br \/>\n<strong>Apdare<\/strong> Lakots<\/p>\n<p>Rustik\u0101ls dr\u0113bnieka rullis uz \u010duguna pamatnes<\/p>\n<p>Komplekt\u0101 ietilpst: \u010duguna spole, d\u017eutas un t\u0113rauda grieznes<\/p>\n<hr>\n<p>\u0160ujam\u0101 spole ir ne tikai praktisks \u0161\u016b\u0161anas r\u012bks, bet ar\u012b gaum\u012bgs un stil\u012bgs lauku stila elements. T\u0101 ir izgatavota no \u010duguna, kas ir \u013coti iztur\u012bgs materi\u0101ls, t\u0101p\u0113c rullis kalpo ilgu laiku. Komplekt\u0101 ietilpst ar\u012b dzelzs \u0161\u0137\u0113res un d\u017eutas virve. Uz ru\u013c\u013ca eso\u0161ais skudru skudru kalns ir burv\u012bgs papildin\u0101jums, kas pie\u0161\u0137ir izstr\u0101d\u0101jumam lauku raksturu. \u0160\u012b \u010duguna spol\u012bte ir ne tikai praktisks r\u012bks \u0161uv\u0113jiem un \u0161\u016b\u0161anas entuziastiem, bet ar\u012b skaists dekorat\u012bvs elements.<\/p>\n<\/div>\n","protected":false},"excerpt":{"rendered":"<p>Modelis CH.3464 Materi\u0101ls Koks, \u010duguns Kop\u0113jais augstums (cm ) 20,5 Kop\u0113jais diametrs (cm ) 13,5 Kr\u0101sa Melna, koks &#8211; dab\u012bg\u0101<\/p>\n","protected":false},"featured_media":117087,"comment_status":"open","ping_status":"closed","template":"","meta":{"_acf_changed":false,"pmpro_default_level":""},"product_brand":[],"product_cat":[24068,24055],"product_tag":[],"class_list":{"0":"post-132816","1":"product","2":"type-product","3":"status-publish","4":"has-post-thumbnail","6":"product_cat-neparasti-rotajumi","7":"product_cat-rotajumi","8":"pmpro-has-access","10":"first","11":"instock","12":"shipping-taxable","13":"purchasable","14":"product-type-simple"},"acf":[],"yoast_head":"<!-- This site is optimized with the Yoast SEO plugin v24.9 - https:\/\/yoast.com\/wordpress\/plugins\/seo\/ -->\n<title>\u010cuguna \u0161\u0137\u0113ru rullis ar d\u017eutu LARK - MetalTale.com<\/title>\n<meta name=\"robots\" content=\"index, follow, max-snippet:-1, max-image-preview:large, max-video-preview:-1\" \/>\n<link rel=\"canonical\" href=\"https:\/\/metaltale.com\/lv\/produkts\/cuguna-skeru-rullis-ar-dzutu-lark\/\" \/>\n<meta property=\"og:locale\" content=\"lv_LV\" \/>\n<meta property=\"og:type\" content=\"article\" \/>\n<meta property=\"og:title\" content=\"\u010cuguna \u0161\u0137\u0113ru rullis ar d\u017eutu LARK - MetalTale.com\" \/>\n<meta property=\"og:description\" content=\"Modelis CH.3464 Materi\u0101ls Koks, \u010duguns Kop\u0113jais augstums (cm ) 20,5 Kop\u0113jais diametrs (cm ) 13,5 Kr\u0101sa Melna, koks &#8211; dab\u012bg\u0101\" \/>\n<meta property=\"og:url\" content=\"https:\/\/metaltale.com\/lv\/produkts\/cuguna-skeru-rullis-ar-dzutu-lark\/\" \/>\n<meta property=\"og:site_name\" content=\"MetalTale.com\" \/>\n<meta property=\"og:image\" content=\"https:\/\/metaltale.com\/wp-content\/uploads\/2023\/12\/Ketaus-x17Eirklix173-ritx117-su-dx17Eiutu-SKOWRONEK.jpg\" \/>\n\t<meta property=\"og:image:width\" content=\"800\" \/>\n\t<meta property=\"og:image:height\" content=\"800\" \/>\n\t<meta property=\"og:image:type\" content=\"image\/jpeg\" \/>\n<meta name=\"twitter:card\" content=\"summary_large_image\" \/>\n<meta name=\"twitter:label1\" content=\"Est. reading time\" \/>\n\t<meta name=\"twitter:data1\" content=\"1 minute\" \/>\n<script type=\"application\/ld+json\" class=\"yoast-schema-graph\">{\"@context\":\"https:\/\/schema.org\",\"@graph\":[{\"@type\":\"WebPage\",\"@id\":\"https:\/\/metaltale.com\/lv\/produkts\/cuguna-skeru-rullis-ar-dzutu-lark\/\",\"url\":\"https:\/\/metaltale.com\/lv\/produkts\/cuguna-skeru-rullis-ar-dzutu-lark\/\",\"name\":\"\u010cuguna \u0161\u0137\u0113ru rullis ar d\u017eutu LARK - MetalTale.com\",\"isPartOf\":{\"@id\":\"https:\/\/metaltale.com\/lv\/#website\"},\"primaryImageOfPage\":{\"@id\":\"https:\/\/metaltale.com\/lv\/produkts\/cuguna-skeru-rullis-ar-dzutu-lark\/#primaryimage\"},\"image\":{\"@id\":\"https:\/\/metaltale.com\/lv\/produkts\/cuguna-skeru-rullis-ar-dzutu-lark\/#primaryimage\"},\"thumbnailUrl\":\"https:\/\/metaltale.com\/wp-content\/uploads\/2023\/12\/Ketaus-x17Eirklix173-ritx117-su-dx17Eiutu-SKOWRONEK.jpg\",\"datePublished\":\"2024-02-13T13:35:05+00:00\",\"breadcrumb\":{\"@id\":\"https:\/\/metaltale.com\/lv\/produkts\/cuguna-skeru-rullis-ar-dzutu-lark\/#breadcrumb\"},\"inLanguage\":\"lv-LV\",\"potentialAction\":[{\"@type\":\"ReadAction\",\"target\":[\"https:\/\/metaltale.com\/lv\/produkts\/cuguna-skeru-rullis-ar-dzutu-lark\/\"]}]},{\"@type\":\"ImageObject\",\"inLanguage\":\"lv-LV\",\"@id\":\"https:\/\/metaltale.com\/lv\/produkts\/cuguna-skeru-rullis-ar-dzutu-lark\/#primaryimage\",\"url\":\"https:\/\/metaltale.com\/wp-content\/uploads\/2023\/12\/Ketaus-x17Eirklix173-ritx117-su-dx17Eiutu-SKOWRONEK.jpg\",\"contentUrl\":\"https:\/\/metaltale.com\/wp-content\/uploads\/2023\/12\/Ketaus-x17Eirklix173-ritx117-su-dx17Eiutu-SKOWRONEK.jpg\",\"width\":800,\"height\":800},{\"@type\":\"BreadcrumbList\",\"@id\":\"https:\/\/metaltale.com\/lv\/produkts\/cuguna-skeru-rullis-ar-dzutu-lark\/#breadcrumb\",\"itemListElement\":[{\"@type\":\"ListItem\",\"position\":1,\"name\":\"Home\",\"item\":\"https:\/\/metaltale.com\/lv\/majas\/\"},{\"@type\":\"ListItem\",\"position\":2,\"name\":\"Veikals\",\"item\":\"https:\/\/metaltale.com\/lv\/shop\/\"},{\"@type\":\"ListItem\",\"position\":3,\"name\":\"\u010cuguna \u0161\u0137\u0113ru rullis ar d\u017eutu LARK\"}]},{\"@type\":\"WebSite\",\"@id\":\"https:\/\/metaltale.com\/lv\/#website\",\"url\":\"https:\/\/metaltale.com\/lv\/\",\"name\":\"Metaltale.com\",\"description\":\"\",\"potentialAction\":[{\"@type\":\"SearchAction\",\"target\":{\"@type\":\"EntryPoint\",\"urlTemplate\":\"https:\/\/metaltale.com\/lv\/?s={search_term_string}\"},\"query-input\":{\"@type\":\"PropertyValueSpecification\",\"valueRequired\":true,\"valueName\":\"search_term_string\"}}],\"inLanguage\":\"lv-LV\"}]}<\/script>\n<!-- \/ Yoast SEO plugin. -->","yoast_head_json":{"title":"\u010cuguna \u0161\u0137\u0113ru rullis ar d\u017eutu LARK - MetalTale.com","robots":{"index":"index","follow":"follow","max-snippet":"max-snippet:-1","max-image-preview":"max-image-preview:large","max-video-preview":"max-video-preview:-1"},"canonical":"https:\/\/metaltale.com\/lv\/produkts\/cuguna-skeru-rullis-ar-dzutu-lark\/","og_locale":"lv_LV","og_type":"article","og_title":"\u010cuguna \u0161\u0137\u0113ru rullis ar d\u017eutu LARK - MetalTale.com","og_description":"Modelis CH.3464 Materi\u0101ls Koks, \u010duguns Kop\u0113jais augstums (cm ) 20,5 Kop\u0113jais diametrs (cm ) 13,5 Kr\u0101sa Melna, koks &#8211; dab\u012bg\u0101","og_url":"https:\/\/metaltale.com\/lv\/produkts\/cuguna-skeru-rullis-ar-dzutu-lark\/","og_site_name":"MetalTale.com","og_image":[{"width":800,"height":800,"url":"https:\/\/metaltale.com\/wp-content\/uploads\/2023\/12\/Ketaus-x17Eirklix173-ritx117-su-dx17Eiutu-SKOWRONEK.jpg","type":"image\/jpeg"}],"twitter_card":"summary_large_image","twitter_misc":{"Est. reading time":"1 minute"},"schema":{"@context":"https:\/\/schema.org","@graph":[{"@type":"WebPage","@id":"https:\/\/metaltale.com\/lv\/produkts\/cuguna-skeru-rullis-ar-dzutu-lark\/","url":"https:\/\/metaltale.com\/lv\/produkts\/cuguna-skeru-rullis-ar-dzutu-lark\/","name":"\u010cuguna \u0161\u0137\u0113ru rullis ar d\u017eutu LARK - MetalTale.com","isPartOf":{"@id":"https:\/\/metaltale.com\/lv\/#website"},"primaryImageOfPage":{"@id":"https:\/\/metaltale.com\/lv\/produkts\/cuguna-skeru-rullis-ar-dzutu-lark\/#primaryimage"},"image":{"@id":"https:\/\/metaltale.com\/lv\/produkts\/cuguna-skeru-rullis-ar-dzutu-lark\/#primaryimage"},"thumbnailUrl":"https:\/\/metaltale.com\/wp-content\/uploads\/2023\/12\/Ketaus-x17Eirklix173-ritx117-su-dx17Eiutu-SKOWRONEK.jpg","datePublished":"2024-02-13T13:35:05+00:00","breadcrumb":{"@id":"https:\/\/metaltale.com\/lv\/produkts\/cuguna-skeru-rullis-ar-dzutu-lark\/#breadcrumb"},"inLanguage":"lv-LV","potentialAction":[{"@type":"ReadAction","target":["https:\/\/metaltale.com\/lv\/produkts\/cuguna-skeru-rullis-ar-dzutu-lark\/"]}]},{"@type":"ImageObject","inLanguage":"lv-LV","@id":"https:\/\/metaltale.com\/lv\/produkts\/cuguna-skeru-rullis-ar-dzutu-lark\/#primaryimage","url":"https:\/\/metaltale.com\/wp-content\/uploads\/2023\/12\/Ketaus-x17Eirklix173-ritx117-su-dx17Eiutu-SKOWRONEK.jpg","contentUrl":"https:\/\/metaltale.com\/wp-content\/uploads\/2023\/12\/Ketaus-x17Eirklix173-ritx117-su-dx17Eiutu-SKOWRONEK.jpg","width":800,"height":800},{"@type":"BreadcrumbList","@id":"https:\/\/metaltale.com\/lv\/produkts\/cuguna-skeru-rullis-ar-dzutu-lark\/#breadcrumb","itemListElement":[{"@type":"ListItem","position":1,"name":"Home","item":"https:\/\/metaltale.com\/lv\/majas\/"},{"@type":"ListItem","position":2,"name":"Veikals","item":"https:\/\/metaltale.com\/lv\/shop\/"},{"@type":"ListItem","position":3,"name":"\u010cuguna \u0161\u0137\u0113ru rullis ar d\u017eutu LARK"}]},{"@type":"WebSite","@id":"https:\/\/metaltale.com\/lv\/#website","url":"https:\/\/metaltale.com\/lv\/","name":"Metaltale.com","description":"","potentialAction":[{"@type":"SearchAction","target":{"@type":"EntryPoint","urlTemplate":"https:\/\/metaltale.com\/lv\/?s={search_term_string}"},"query-input":{"@type":"PropertyValueSpecification","valueRequired":true,"valueName":"search_term_string"}}],"inLanguage":"lv-LV"}]}},"_links":{"self":[{"href":"https:\/\/metaltale.com\/lv\/wp-json\/wp\/v2\/product\/132816","targetHints":{"allow":["GET"]}}],"collection":[{"href":"https:\/\/metaltale.com\/lv\/wp-json\/wp\/v2\/product"}],"about":[{"href":"https:\/\/metaltale.com\/lv\/wp-json\/wp\/v2\/types\/product"}],"replies":[{"embeddable":true,"href":"https:\/\/metaltale.com\/lv\/wp-json\/wp\/v2\/comments?post=132816"}],"version-history":[{"count":0,"href":"https:\/\/metaltale.com\/lv\/wp-json\/wp\/v2\/product\/132816\/revisions"}],"wp:featuredmedia":[{"embeddable":true,"href":"https:\/\/metaltale.com\/lv\/wp-json\/wp\/v2\/media\/117087"}],"wp:attachment":[{"href":"https:\/\/metaltale.com\/lv\/wp-json\/wp\/v2\/media?parent=132816"}],"wp:term":[{"taxonomy":"product_brand","embeddable":true,"href":"https:\/\/metaltale.com\/lv\/wp-json\/wp\/v2\/product_brand?post=132816"},{"taxonomy":"product_cat","embeddable":true,"href":"https:\/\/metaltale.com\/lv\/wp-json\/wp\/v2\/product_cat?post=132816"},{"taxonomy":"product_tag","embeddable":true,"href":"https:\/\/metaltale.com\/lv\/wp-json\/wp\/v2\/product_tag?post=132816"}],"curies":[{"name":"wp","href":"https:\/\/api.w.org\/{rel}","templated":true}]}}