{"id":132815,"date":"2024-02-13T15:35:05","date_gmt":"2024-02-13T13:35:05","guid":{"rendered":"https:\/\/metaltale.com\/produktas\/cuguna-skeru-rullis-ar-dzutu-wrobelek\/"},"modified":"2024-02-13T15:35:05","modified_gmt":"2024-02-13T13:35:05","slug":"cuguna-skeru-rullis-ar-dzutu-wrobelek","status":"publish","type":"product","link":"https:\/\/metaltale.com\/lv\/produkts\/cuguna-skeru-rullis-ar-dzutu-wrobelek\/","title":{"rendered":"\u010cuguna \u0161\u0137\u0113ru rullis ar d\u017eutu WR\u00d3BELEK"},"content":{"rendered":"<div class=\"prod_data\"><strong>Modelis<\/strong> CH.23400  <br \/><strong>Materi\u0101ls<\/strong> Ketus  <br \/><strong>Kop\u0113jais augstums (cm<\/strong> ) 25,5  <br \/><strong>Kop\u0113jais platums (cm<\/strong> ) 15  <br \/><strong>Pamatnes izm\u0113ri (cm)<\/strong> 15&#215;10  <br \/><strong>Kr\u0101sa<\/strong> Melna  <\/p>\n<p>Rustik\u0101ls dr\u0113bnieka rullis uz \u010duguna pamatnes<\/p>\n<p>Komplekt\u0101 ietilpst: \u010duguna spole, d\u017eutas un t\u0113rauda grieznes<\/p>\n<hr>\n<p>Elegantais \u0161\u016b\u0161anas rull\u012btis, kas \u0161eit ir pied\u0101v\u0101ts, ir izgatavots ar visliel\u0101ko r\u016bp\u012bbu un uzman\u012bbu deta\u013c\u0101m. Izstr\u0101d\u0101jums ir izgatavots no \u010duguna, kas ir \u012bpa\u0161i iztur\u012bgs materi\u0101ls, un tas noz\u012bm\u0113, ka rullis kalpos ilgu laiku. Ru\u013clim ir ar\u012b t\u0113rauda \u0161\u0137\u0113res, kas ir lielisks papildin\u0101jums komplektam, un d\u017eutas virve, kas var noder\u0113t lauku projektiem. Izstr\u0101d\u0101juma dekorat\u012bvais elements ir zvirbulis, kas novietots uz spoles. \u0160\u012b burv\u012bg\u0101 deta\u013ca pie\u0161\u0137ir neatk\u0101rtojamu \u0161armu un ir unik\u0101ls dekorat\u012bvs elements.<\/p>\n<\/div>\n","protected":false},"excerpt":{"rendered":"<p>Modelis CH.23400 Materi\u0101ls Ketus Kop\u0113jais augstums (cm ) 25,5 Kop\u0113jais platums (cm ) 15 Pamatnes izm\u0113ri (cm) 15&#215;10 Kr\u0101sa Melna<\/p>\n","protected":false},"featured_media":117036,"comment_status":"open","ping_status":"closed","template":"","meta":{"_acf_changed":false,"pmpro_default_level":""},"product_brand":[],"product_cat":[24068],"product_tag":[],"class_list":{"0":"post-132815","1":"product","2":"type-product","3":"status-publish","4":"has-post-thumbnail","6":"product_cat-neparasti-rotajumi","7":"pmpro-has-access","9":"first","10":"instock","11":"shipping-taxable","12":"purchasable","13":"product-type-simple"},"acf":[],"yoast_head":"<!-- This site is optimized with the Yoast SEO plugin v24.9 - https:\/\/yoast.com\/wordpress\/plugins\/seo\/ -->\n<title>\u010cuguna \u0161\u0137\u0113ru rullis ar d\u017eutu WR\u00d3BELEK - MetalTale.com<\/title>\n<meta name=\"robots\" content=\"index, follow, max-snippet:-1, max-image-preview:large, max-video-preview:-1\" \/>\n<link rel=\"canonical\" href=\"https:\/\/metaltale.com\/lv\/produkts\/cuguna-skeru-rullis-ar-dzutu-wrobelek\/\" \/>\n<meta property=\"og:locale\" content=\"lv_LV\" \/>\n<meta property=\"og:type\" content=\"article\" \/>\n<meta property=\"og:title\" content=\"\u010cuguna \u0161\u0137\u0113ru rullis ar d\u017eutu WR\u00d3BELEK - MetalTale.com\" \/>\n<meta property=\"og:description\" content=\"Modelis CH.23400 Materi\u0101ls Ketus Kop\u0113jais augstums (cm ) 25,5 Kop\u0113jais platums (cm ) 15 Pamatnes izm\u0113ri (cm) 15&#215;10 Kr\u0101sa Melna\" \/>\n<meta property=\"og:url\" content=\"https:\/\/metaltale.com\/lv\/produkts\/cuguna-skeru-rullis-ar-dzutu-wrobelek\/\" \/>\n<meta property=\"og:site_name\" content=\"MetalTale.com\" \/>\n<meta name=\"twitter:card\" content=\"summary_large_image\" \/>\n<meta name=\"twitter:label1\" content=\"Est. reading time\" \/>\n\t<meta name=\"twitter:data1\" content=\"1 minute\" \/>\n<script type=\"application\/ld+json\" class=\"yoast-schema-graph\">{\"@context\":\"https:\/\/schema.org\",\"@graph\":[{\"@type\":\"WebPage\",\"@id\":\"https:\/\/metaltale.com\/lv\/produkts\/cuguna-skeru-rullis-ar-dzutu-wrobelek\/\",\"url\":\"https:\/\/metaltale.com\/lv\/produkts\/cuguna-skeru-rullis-ar-dzutu-wrobelek\/\",\"name\":\"\u010cuguna \u0161\u0137\u0113ru rullis ar d\u017eutu WR\u00d3BELEK - MetalTale.com\",\"isPartOf\":{\"@id\":\"https:\/\/metaltale.com\/lv\/#website\"},\"primaryImageOfPage\":{\"@id\":\"https:\/\/metaltale.com\/lv\/produkts\/cuguna-skeru-rullis-ar-dzutu-wrobelek\/#primaryimage\"},\"image\":{\"@id\":\"https:\/\/metaltale.com\/lv\/produkts\/cuguna-skeru-rullis-ar-dzutu-wrobelek\/#primaryimage\"},\"thumbnailUrl\":\"https:\/\/metaltale.com\/wp-content\/uploads\/2023\/12\/Ketaus-x17Eirklix173-ritx117-su-dx17Eiutu-WRxD3BELEK.jpg\",\"datePublished\":\"2024-02-13T13:35:05+00:00\",\"breadcrumb\":{\"@id\":\"https:\/\/metaltale.com\/lv\/produkts\/cuguna-skeru-rullis-ar-dzutu-wrobelek\/#breadcrumb\"},\"inLanguage\":\"lv-LV\",\"potentialAction\":[{\"@type\":\"ReadAction\",\"target\":[\"https:\/\/metaltale.com\/lv\/produkts\/cuguna-skeru-rullis-ar-dzutu-wrobelek\/\"]}]},{\"@type\":\"ImageObject\",\"inLanguage\":\"lv-LV\",\"@id\":\"https:\/\/metaltale.com\/lv\/produkts\/cuguna-skeru-rullis-ar-dzutu-wrobelek\/#primaryimage\",\"url\":\"https:\/\/metaltale.com\/wp-content\/uploads\/2023\/12\/Ketaus-x17Eirklix173-ritx117-su-dx17Eiutu-WRxD3BELEK.jpg\",\"contentUrl\":\"https:\/\/metaltale.com\/wp-content\/uploads\/2023\/12\/Ketaus-x17Eirklix173-ritx117-su-dx17Eiutu-WRxD3BELEK.jpg\",\"width\":800,\"height\":800},{\"@type\":\"BreadcrumbList\",\"@id\":\"https:\/\/metaltale.com\/lv\/produkts\/cuguna-skeru-rullis-ar-dzutu-wrobelek\/#breadcrumb\",\"itemListElement\":[{\"@type\":\"ListItem\",\"position\":1,\"name\":\"Home\",\"item\":\"https:\/\/metaltale.com\/lv\/majas\/\"},{\"@type\":\"ListItem\",\"position\":2,\"name\":\"Veikals\",\"item\":\"https:\/\/metaltale.com\/lv\/shop\/\"},{\"@type\":\"ListItem\",\"position\":3,\"name\":\"\u010cuguna \u0161\u0137\u0113ru rullis ar d\u017eutu WR\u00d3BELEK\"}]},{\"@type\":\"WebSite\",\"@id\":\"https:\/\/metaltale.com\/lv\/#website\",\"url\":\"https:\/\/metaltale.com\/lv\/\",\"name\":\"Metaltale.com\",\"description\":\"\",\"potentialAction\":[{\"@type\":\"SearchAction\",\"target\":{\"@type\":\"EntryPoint\",\"urlTemplate\":\"https:\/\/metaltale.com\/lv\/?s={search_term_string}\"},\"query-input\":{\"@type\":\"PropertyValueSpecification\",\"valueRequired\":true,\"valueName\":\"search_term_string\"}}],\"inLanguage\":\"lv-LV\"}]}<\/script>\n<!-- \/ Yoast SEO plugin. -->","yoast_head_json":{"title":"\u010cuguna \u0161\u0137\u0113ru rullis ar d\u017eutu WR\u00d3BELEK - MetalTale.com","robots":{"index":"index","follow":"follow","max-snippet":"max-snippet:-1","max-image-preview":"max-image-preview:large","max-video-preview":"max-video-preview:-1"},"canonical":"https:\/\/metaltale.com\/lv\/produkts\/cuguna-skeru-rullis-ar-dzutu-wrobelek\/","og_locale":"lv_LV","og_type":"article","og_title":"\u010cuguna \u0161\u0137\u0113ru rullis ar d\u017eutu WR\u00d3BELEK - MetalTale.com","og_description":"Modelis CH.23400 Materi\u0101ls Ketus Kop\u0113jais augstums (cm ) 25,5 Kop\u0113jais platums (cm ) 15 Pamatnes izm\u0113ri (cm) 15&#215;10 Kr\u0101sa Melna","og_url":"https:\/\/metaltale.com\/lv\/produkts\/cuguna-skeru-rullis-ar-dzutu-wrobelek\/","og_site_name":"MetalTale.com","twitter_card":"summary_large_image","twitter_misc":{"Est. reading time":"1 minute"},"schema":{"@context":"https:\/\/schema.org","@graph":[{"@type":"WebPage","@id":"https:\/\/metaltale.com\/lv\/produkts\/cuguna-skeru-rullis-ar-dzutu-wrobelek\/","url":"https:\/\/metaltale.com\/lv\/produkts\/cuguna-skeru-rullis-ar-dzutu-wrobelek\/","name":"\u010cuguna \u0161\u0137\u0113ru rullis ar d\u017eutu WR\u00d3BELEK - MetalTale.com","isPartOf":{"@id":"https:\/\/metaltale.com\/lv\/#website"},"primaryImageOfPage":{"@id":"https:\/\/metaltale.com\/lv\/produkts\/cuguna-skeru-rullis-ar-dzutu-wrobelek\/#primaryimage"},"image":{"@id":"https:\/\/metaltale.com\/lv\/produkts\/cuguna-skeru-rullis-ar-dzutu-wrobelek\/#primaryimage"},"thumbnailUrl":"https:\/\/metaltale.com\/wp-content\/uploads\/2023\/12\/Ketaus-x17Eirklix173-ritx117-su-dx17Eiutu-WRxD3BELEK.jpg","datePublished":"2024-02-13T13:35:05+00:00","breadcrumb":{"@id":"https:\/\/metaltale.com\/lv\/produkts\/cuguna-skeru-rullis-ar-dzutu-wrobelek\/#breadcrumb"},"inLanguage":"lv-LV","potentialAction":[{"@type":"ReadAction","target":["https:\/\/metaltale.com\/lv\/produkts\/cuguna-skeru-rullis-ar-dzutu-wrobelek\/"]}]},{"@type":"ImageObject","inLanguage":"lv-LV","@id":"https:\/\/metaltale.com\/lv\/produkts\/cuguna-skeru-rullis-ar-dzutu-wrobelek\/#primaryimage","url":"https:\/\/metaltale.com\/wp-content\/uploads\/2023\/12\/Ketaus-x17Eirklix173-ritx117-su-dx17Eiutu-WRxD3BELEK.jpg","contentUrl":"https:\/\/metaltale.com\/wp-content\/uploads\/2023\/12\/Ketaus-x17Eirklix173-ritx117-su-dx17Eiutu-WRxD3BELEK.jpg","width":800,"height":800},{"@type":"BreadcrumbList","@id":"https:\/\/metaltale.com\/lv\/produkts\/cuguna-skeru-rullis-ar-dzutu-wrobelek\/#breadcrumb","itemListElement":[{"@type":"ListItem","position":1,"name":"Home","item":"https:\/\/metaltale.com\/lv\/majas\/"},{"@type":"ListItem","position":2,"name":"Veikals","item":"https:\/\/metaltale.com\/lv\/shop\/"},{"@type":"ListItem","position":3,"name":"\u010cuguna \u0161\u0137\u0113ru rullis ar d\u017eutu WR\u00d3BELEK"}]},{"@type":"WebSite","@id":"https:\/\/metaltale.com\/lv\/#website","url":"https:\/\/metaltale.com\/lv\/","name":"Metaltale.com","description":"","potentialAction":[{"@type":"SearchAction","target":{"@type":"EntryPoint","urlTemplate":"https:\/\/metaltale.com\/lv\/?s={search_term_string}"},"query-input":{"@type":"PropertyValueSpecification","valueRequired":true,"valueName":"search_term_string"}}],"inLanguage":"lv-LV"}]}},"_links":{"self":[{"href":"https:\/\/metaltale.com\/lv\/wp-json\/wp\/v2\/product\/132815","targetHints":{"allow":["GET"]}}],"collection":[{"href":"https:\/\/metaltale.com\/lv\/wp-json\/wp\/v2\/product"}],"about":[{"href":"https:\/\/metaltale.com\/lv\/wp-json\/wp\/v2\/types\/product"}],"replies":[{"embeddable":true,"href":"https:\/\/metaltale.com\/lv\/wp-json\/wp\/v2\/comments?post=132815"}],"version-history":[{"count":0,"href":"https:\/\/metaltale.com\/lv\/wp-json\/wp\/v2\/product\/132815\/revisions"}],"wp:featuredmedia":[{"embeddable":true,"href":"https:\/\/metaltale.com\/lv\/wp-json\/wp\/v2\/media\/117036"}],"wp:attachment":[{"href":"https:\/\/metaltale.com\/lv\/wp-json\/wp\/v2\/media?parent=132815"}],"wp:term":[{"taxonomy":"product_brand","embeddable":true,"href":"https:\/\/metaltale.com\/lv\/wp-json\/wp\/v2\/product_brand?post=132815"},{"taxonomy":"product_cat","embeddable":true,"href":"https:\/\/metaltale.com\/lv\/wp-json\/wp\/v2\/product_cat?post=132815"},{"taxonomy":"product_tag","embeddable":true,"href":"https:\/\/metaltale.com\/lv\/wp-json\/wp\/v2\/product_tag?post=132815"}],"curies":[{"name":"wp","href":"https:\/\/api.w.org\/{rel}","templated":true}]}}