{"id":132809,"date":"2024-02-13T15:35:05","date_gmt":"2024-02-13T13:35:05","guid":{"rendered":"https:\/\/metaltale.com\/produktas\/cuguna-skeru-rullis-ar-dzutas-trefl\/"},"modified":"2024-02-13T15:35:05","modified_gmt":"2024-02-13T13:35:05","slug":"cuguna-skeru-rullis-ar-dzutas-trefl","status":"publish","type":"product","link":"https:\/\/metaltale.com\/lv\/produkts\/cuguna-skeru-rullis-ar-dzutas-trefl\/","title":{"rendered":"\u010cuguna \u0161\u0137\u0113ru rullis ar d\u017eutas TREFL"},"content":{"rendered":"<div class=\"prod_data\"><strong>Modelis<\/strong> CH.3458  <br \/><strong>Materi\u0101ls<\/strong> Ketus  <br \/><strong>Kop\u0113jais augstums (cm<\/strong> ) 25,5  <br \/><strong>Kop\u0113jais platums (cm<\/strong> ) 15  <br \/><strong>Kr\u0101sa<\/strong> Melna  <br \/><strong>Apdare<\/strong> mat\u0113ta  <\/p>\n<p>Rustik\u0101ls dr\u0113bnieka rullis uz \u010duguna pamatnes<\/p>\n<p>Komplekt\u0101 ietilpst: \u010duguna rullis, d\u017eutas un \u0161\u0137\u0113res.<\/p>\n<hr>\n<p>Rustik\u0101ls dr\u0113bnieka rullis ir ne tikai dekorat\u012bvs interjera elements, bet ar\u012b \u013coti praktisks instruments. Spir\u0101le ir r\u016bp\u012bgi izgatavota no iztur\u012bga \u010duguna, kas nodro\u0161ina ilgu kalpo\u0161anas laiku un stabilit\u0101ti. Turkl\u0101t \u010duguna est\u0113tika pie\u0161\u0137ir tam lauku \u0161armu un industri\u0101lu raksturu. \u0160\u0137\u0113res un d\u017eutas ru\u013clis var b\u016bt ori\u0123in\u0101ls galda, galda vai citas biroja telpas rot\u0101jums. Tas neap\u0161aub\u0101mi ir skaists interjera dizaina elements, kas iepriecin\u0101s visus lauku atmosf\u0113ras cien\u012bt\u0101jus.<\/p>\n<\/div>\n","protected":false},"excerpt":{"rendered":"<p>Modelis CH.3458 Materi\u0101ls Ketus Kop\u0113jais augstums (cm ) 25,5 Kop\u0113jais platums (cm ) 15 Kr\u0101sa Melna Apdare mat\u0113ta Rustik\u0101ls dr\u0113bnieka<\/p>\n","protected":false},"featured_media":117006,"comment_status":"open","ping_status":"closed","template":"","meta":{"_acf_changed":false,"pmpro_default_level":""},"product_brand":[],"product_cat":[24068],"product_tag":[],"class_list":{"0":"post-132809","1":"product","2":"type-product","3":"status-publish","4":"has-post-thumbnail","6":"product_cat-neparasti-rotajumi","7":"pmpro-has-access","9":"first","10":"instock","11":"shipping-taxable","12":"purchasable","13":"product-type-simple"},"acf":[],"yoast_head":"<!-- This site is optimized with the Yoast SEO plugin v24.9 - https:\/\/yoast.com\/wordpress\/plugins\/seo\/ -->\n<title>\u010cuguna \u0161\u0137\u0113ru rullis ar d\u017eutas TREFL - MetalTale.com<\/title>\n<meta name=\"robots\" content=\"index, follow, max-snippet:-1, max-image-preview:large, max-video-preview:-1\" \/>\n<link rel=\"canonical\" href=\"https:\/\/metaltale.com\/lv\/produkts\/cuguna-skeru-rullis-ar-dzutas-trefl\/\" \/>\n<meta property=\"og:locale\" content=\"lv_LV\" \/>\n<meta property=\"og:type\" content=\"article\" \/>\n<meta property=\"og:title\" content=\"\u010cuguna \u0161\u0137\u0113ru rullis ar d\u017eutas TREFL - MetalTale.com\" \/>\n<meta property=\"og:description\" content=\"Modelis CH.3458 Materi\u0101ls Ketus Kop\u0113jais augstums (cm ) 25,5 Kop\u0113jais platums (cm ) 15 Kr\u0101sa Melna Apdare mat\u0113ta Rustik\u0101ls dr\u0113bnieka\" \/>\n<meta property=\"og:url\" content=\"https:\/\/metaltale.com\/lv\/produkts\/cuguna-skeru-rullis-ar-dzutas-trefl\/\" \/>\n<meta property=\"og:site_name\" content=\"MetalTale.com\" \/>\n<meta name=\"twitter:card\" content=\"summary_large_image\" \/>\n<meta name=\"twitter:label1\" content=\"Est. reading time\" \/>\n\t<meta name=\"twitter:data1\" content=\"1 minute\" \/>\n<script type=\"application\/ld+json\" class=\"yoast-schema-graph\">{\"@context\":\"https:\/\/schema.org\",\"@graph\":[{\"@type\":\"WebPage\",\"@id\":\"https:\/\/metaltale.com\/lv\/produkts\/cuguna-skeru-rullis-ar-dzutas-trefl\/\",\"url\":\"https:\/\/metaltale.com\/lv\/produkts\/cuguna-skeru-rullis-ar-dzutas-trefl\/\",\"name\":\"\u010cuguna \u0161\u0137\u0113ru rullis ar d\u017eutas TREFL - MetalTale.com\",\"isPartOf\":{\"@id\":\"https:\/\/metaltale.com\/lv\/#website\"},\"primaryImageOfPage\":{\"@id\":\"https:\/\/metaltale.com\/lv\/produkts\/cuguna-skeru-rullis-ar-dzutas-trefl\/#primaryimage\"},\"image\":{\"@id\":\"https:\/\/metaltale.com\/lv\/produkts\/cuguna-skeru-rullis-ar-dzutas-trefl\/#primaryimage\"},\"thumbnailUrl\":\"https:\/\/metaltale.com\/wp-content\/uploads\/2023\/12\/Ketaus-x17Eirklix173-ritx117-su-dx17Eiuto-TREFL.jpg\",\"datePublished\":\"2024-02-13T13:35:05+00:00\",\"breadcrumb\":{\"@id\":\"https:\/\/metaltale.com\/lv\/produkts\/cuguna-skeru-rullis-ar-dzutas-trefl\/#breadcrumb\"},\"inLanguage\":\"lv-LV\",\"potentialAction\":[{\"@type\":\"ReadAction\",\"target\":[\"https:\/\/metaltale.com\/lv\/produkts\/cuguna-skeru-rullis-ar-dzutas-trefl\/\"]}]},{\"@type\":\"ImageObject\",\"inLanguage\":\"lv-LV\",\"@id\":\"https:\/\/metaltale.com\/lv\/produkts\/cuguna-skeru-rullis-ar-dzutas-trefl\/#primaryimage\",\"url\":\"https:\/\/metaltale.com\/wp-content\/uploads\/2023\/12\/Ketaus-x17Eirklix173-ritx117-su-dx17Eiuto-TREFL.jpg\",\"contentUrl\":\"https:\/\/metaltale.com\/wp-content\/uploads\/2023\/12\/Ketaus-x17Eirklix173-ritx117-su-dx17Eiuto-TREFL.jpg\",\"width\":800,\"height\":800},{\"@type\":\"BreadcrumbList\",\"@id\":\"https:\/\/metaltale.com\/lv\/produkts\/cuguna-skeru-rullis-ar-dzutas-trefl\/#breadcrumb\",\"itemListElement\":[{\"@type\":\"ListItem\",\"position\":1,\"name\":\"Home\",\"item\":\"https:\/\/metaltale.com\/lv\/majas\/\"},{\"@type\":\"ListItem\",\"position\":2,\"name\":\"Veikals\",\"item\":\"https:\/\/metaltale.com\/lv\/shop\/\"},{\"@type\":\"ListItem\",\"position\":3,\"name\":\"\u010cuguna \u0161\u0137\u0113ru rullis ar d\u017eutas TREFL\"}]},{\"@type\":\"WebSite\",\"@id\":\"https:\/\/metaltale.com\/lv\/#website\",\"url\":\"https:\/\/metaltale.com\/lv\/\",\"name\":\"Metaltale.com\",\"description\":\"\",\"potentialAction\":[{\"@type\":\"SearchAction\",\"target\":{\"@type\":\"EntryPoint\",\"urlTemplate\":\"https:\/\/metaltale.com\/lv\/?s={search_term_string}\"},\"query-input\":{\"@type\":\"PropertyValueSpecification\",\"valueRequired\":true,\"valueName\":\"search_term_string\"}}],\"inLanguage\":\"lv-LV\"}]}<\/script>\n<!-- \/ Yoast SEO plugin. -->","yoast_head_json":{"title":"\u010cuguna \u0161\u0137\u0113ru rullis ar d\u017eutas TREFL - MetalTale.com","robots":{"index":"index","follow":"follow","max-snippet":"max-snippet:-1","max-image-preview":"max-image-preview:large","max-video-preview":"max-video-preview:-1"},"canonical":"https:\/\/metaltale.com\/lv\/produkts\/cuguna-skeru-rullis-ar-dzutas-trefl\/","og_locale":"lv_LV","og_type":"article","og_title":"\u010cuguna \u0161\u0137\u0113ru rullis ar d\u017eutas TREFL - MetalTale.com","og_description":"Modelis CH.3458 Materi\u0101ls Ketus Kop\u0113jais augstums (cm ) 25,5 Kop\u0113jais platums (cm ) 15 Kr\u0101sa Melna Apdare mat\u0113ta Rustik\u0101ls dr\u0113bnieka","og_url":"https:\/\/metaltale.com\/lv\/produkts\/cuguna-skeru-rullis-ar-dzutas-trefl\/","og_site_name":"MetalTale.com","twitter_card":"summary_large_image","twitter_misc":{"Est. reading time":"1 minute"},"schema":{"@context":"https:\/\/schema.org","@graph":[{"@type":"WebPage","@id":"https:\/\/metaltale.com\/lv\/produkts\/cuguna-skeru-rullis-ar-dzutas-trefl\/","url":"https:\/\/metaltale.com\/lv\/produkts\/cuguna-skeru-rullis-ar-dzutas-trefl\/","name":"\u010cuguna \u0161\u0137\u0113ru rullis ar d\u017eutas TREFL - MetalTale.com","isPartOf":{"@id":"https:\/\/metaltale.com\/lv\/#website"},"primaryImageOfPage":{"@id":"https:\/\/metaltale.com\/lv\/produkts\/cuguna-skeru-rullis-ar-dzutas-trefl\/#primaryimage"},"image":{"@id":"https:\/\/metaltale.com\/lv\/produkts\/cuguna-skeru-rullis-ar-dzutas-trefl\/#primaryimage"},"thumbnailUrl":"https:\/\/metaltale.com\/wp-content\/uploads\/2023\/12\/Ketaus-x17Eirklix173-ritx117-su-dx17Eiuto-TREFL.jpg","datePublished":"2024-02-13T13:35:05+00:00","breadcrumb":{"@id":"https:\/\/metaltale.com\/lv\/produkts\/cuguna-skeru-rullis-ar-dzutas-trefl\/#breadcrumb"},"inLanguage":"lv-LV","potentialAction":[{"@type":"ReadAction","target":["https:\/\/metaltale.com\/lv\/produkts\/cuguna-skeru-rullis-ar-dzutas-trefl\/"]}]},{"@type":"ImageObject","inLanguage":"lv-LV","@id":"https:\/\/metaltale.com\/lv\/produkts\/cuguna-skeru-rullis-ar-dzutas-trefl\/#primaryimage","url":"https:\/\/metaltale.com\/wp-content\/uploads\/2023\/12\/Ketaus-x17Eirklix173-ritx117-su-dx17Eiuto-TREFL.jpg","contentUrl":"https:\/\/metaltale.com\/wp-content\/uploads\/2023\/12\/Ketaus-x17Eirklix173-ritx117-su-dx17Eiuto-TREFL.jpg","width":800,"height":800},{"@type":"BreadcrumbList","@id":"https:\/\/metaltale.com\/lv\/produkts\/cuguna-skeru-rullis-ar-dzutas-trefl\/#breadcrumb","itemListElement":[{"@type":"ListItem","position":1,"name":"Home","item":"https:\/\/metaltale.com\/lv\/majas\/"},{"@type":"ListItem","position":2,"name":"Veikals","item":"https:\/\/metaltale.com\/lv\/shop\/"},{"@type":"ListItem","position":3,"name":"\u010cuguna \u0161\u0137\u0113ru rullis ar d\u017eutas TREFL"}]},{"@type":"WebSite","@id":"https:\/\/metaltale.com\/lv\/#website","url":"https:\/\/metaltale.com\/lv\/","name":"Metaltale.com","description":"","potentialAction":[{"@type":"SearchAction","target":{"@type":"EntryPoint","urlTemplate":"https:\/\/metaltale.com\/lv\/?s={search_term_string}"},"query-input":{"@type":"PropertyValueSpecification","valueRequired":true,"valueName":"search_term_string"}}],"inLanguage":"lv-LV"}]}},"_links":{"self":[{"href":"https:\/\/metaltale.com\/lv\/wp-json\/wp\/v2\/product\/132809","targetHints":{"allow":["GET"]}}],"collection":[{"href":"https:\/\/metaltale.com\/lv\/wp-json\/wp\/v2\/product"}],"about":[{"href":"https:\/\/metaltale.com\/lv\/wp-json\/wp\/v2\/types\/product"}],"replies":[{"embeddable":true,"href":"https:\/\/metaltale.com\/lv\/wp-json\/wp\/v2\/comments?post=132809"}],"version-history":[{"count":0,"href":"https:\/\/metaltale.com\/lv\/wp-json\/wp\/v2\/product\/132809\/revisions"}],"wp:featuredmedia":[{"embeddable":true,"href":"https:\/\/metaltale.com\/lv\/wp-json\/wp\/v2\/media\/117006"}],"wp:attachment":[{"href":"https:\/\/metaltale.com\/lv\/wp-json\/wp\/v2\/media?parent=132809"}],"wp:term":[{"taxonomy":"product_brand","embeddable":true,"href":"https:\/\/metaltale.com\/lv\/wp-json\/wp\/v2\/product_brand?post=132809"},{"taxonomy":"product_cat","embeddable":true,"href":"https:\/\/metaltale.com\/lv\/wp-json\/wp\/v2\/product_cat?post=132809"},{"taxonomy":"product_tag","embeddable":true,"href":"https:\/\/metaltale.com\/lv\/wp-json\/wp\/v2\/product_tag?post=132809"}],"curies":[{"name":"wp","href":"https:\/\/api.w.org\/{rel}","templated":true}]}}