{"id":132806,"date":"2024-02-13T15:35:05","date_gmt":"2024-02-13T13:35:05","guid":{"rendered":"https:\/\/metaltale.com\/produktas\/dekorativa-tapa-toper-95-mm\/"},"modified":"2025-11-24T08:09:04","modified_gmt":"2025-11-24T06:09:04","slug":"dekorativa-tapa-toper-95-mm","status":"publish","type":"product","link":"https:\/\/metaltale.com\/lv\/produkts\/dekorativa-tapa-toper-95-mm\/","title":{"rendered":"Dekorat\u012bv\u0101 tapa TOPER 95 mm"},"content":{"rendered":"<div class=\"prod_data\">\n<p><strong>Modelis<\/strong> CH.9604-B-PRGR<br \/>\n<strong>Materi\u0101ls<\/strong> T\u0113rauds<br \/>\n<strong>Kop\u0113jais augstums (cm<\/strong> ) 9,5<br \/>\n<strong>Kop\u0113jais platums (cm<\/strong> ) 2<br \/>\nT\u0113rauda <strong>kr\u0101sa<\/strong><br \/>\n<strong>Apdare<\/strong> Lakots<\/p>\n<p>Rustik\u0101lu interjera atmosf\u0113ru rada ne tikai labi izv\u0113l\u0113tas m\u0113beles, bet ar\u012b \u0161\u0137ietami mazi un nelieli aksesu\u0101ri, kas, apvienoti vienot\u0101 veselum\u0101, akcent\u0113 dekor\u0113t\u0101s telpas unik\u0101lo noska\u0146u.<\/p>\n<p>\u0160\u012b ar rok\u0101m kalt\u0101 dekorat\u012bv\u0101 tapa ir izgatavota no t\u0113rauda, kas nodro\u0161ina iztur\u012bbu, iztur\u012bbu un iztur\u012bbu pret boj\u0101jumiem. Pateicoties roku kal\u0161anas procesam, tapai ir unik\u0101las deta\u013cas, piem\u0113ram, smalkas l\u012bnijas un fakt\u016bras, kas pie\u0161\u0137ir tai lauku \u0161armu un autentisku izskatu. \u0160\u012b ar rok\u0101m kalt\u0101 dekorat\u012bv\u0101 piespraude ir ne tikai est\u0113tisks aksesu\u0101rs, bet ar\u012b meistar\u012bbas un aizraut\u012bbas izpausme. T\u0101s lauku raksturs padara to ide\u0101li piem\u0113rotu industri\u0101lam, rustik\u0101lam vai vintage interjeram, pie\u0161\u0137irot tam neatk\u0101rtojamu atmosf\u0113ru un \u0161armu.<\/p>\n<\/div>\n","protected":false},"excerpt":{"rendered":"<p>Modelis CH.9604-B-PRGR Materi\u0101ls T\u0113rauds Kop\u0113jais augstums (cm ) 9,5 Kop\u0113jais platums (cm ) 2 T\u0113rauda kr\u0101sa Apdare Lakots Rustik\u0101lu interjera<\/p>\n","protected":false},"featured_media":116941,"comment_status":"open","ping_status":"closed","template":"","meta":{"_acf_changed":false,"pmpro_default_level":""},"product_brand":[],"product_cat":[24061,23837],"product_tag":[],"class_list":{"0":"post-132806","1":"product","2":"type-product","3":"status-publish","4":"has-post-thumbnail","6":"product_cat-naglas-un-tapas","7":"product_cat-mebeles-piederumi","8":"pmpro-has-access","10":"first","11":"instock","12":"shipping-taxable","13":"purchasable","14":"product-type-simple"},"acf":[],"yoast_head":"<!-- This site is optimized with the Yoast SEO plugin v24.9 - https:\/\/yoast.com\/wordpress\/plugins\/seo\/ -->\n<title>Dekorat\u012bv\u0101 tapa TOPER 95 mm - MetalTale.com<\/title>\n<meta name=\"robots\" content=\"index, follow, max-snippet:-1, max-image-preview:large, max-video-preview:-1\" \/>\n<link rel=\"canonical\" href=\"https:\/\/metaltale.com\/lv\/produkts\/dekorativa-tapa-toper-95-mm\/\" \/>\n<meta property=\"og:locale\" content=\"lv_LV\" \/>\n<meta property=\"og:type\" content=\"article\" \/>\n<meta property=\"og:title\" content=\"Dekorat\u012bv\u0101 tapa TOPER 95 mm - MetalTale.com\" \/>\n<meta property=\"og:description\" content=\"Modelis CH.9604-B-PRGR Materi\u0101ls T\u0113rauds Kop\u0113jais augstums (cm ) 9,5 Kop\u0113jais platums (cm ) 2 T\u0113rauda kr\u0101sa Apdare Lakots Rustik\u0101lu interjera\" \/>\n<meta property=\"og:url\" content=\"https:\/\/metaltale.com\/lv\/produkts\/dekorativa-tapa-toper-95-mm\/\" \/>\n<meta property=\"og:site_name\" content=\"MetalTale.com\" \/>\n<meta property=\"article:modified_time\" content=\"2025-11-24T06:09:04+00:00\" \/>\n<meta property=\"og:image\" content=\"https:\/\/metaltale.com\/wp-content\/uploads\/2023\/12\/TOPER-dekoratyvinx117-smeigx117-130-mm.jpg\" \/>\n\t<meta property=\"og:image:width\" content=\"800\" \/>\n\t<meta property=\"og:image:height\" content=\"800\" \/>\n\t<meta property=\"og:image:type\" content=\"image\/jpeg\" \/>\n<meta name=\"twitter:card\" content=\"summary_large_image\" \/>\n<meta name=\"twitter:label1\" content=\"Est. reading time\" \/>\n\t<meta name=\"twitter:data1\" content=\"1 minute\" \/>\n<script type=\"application\/ld+json\" class=\"yoast-schema-graph\">{\"@context\":\"https:\/\/schema.org\",\"@graph\":[{\"@type\":\"WebPage\",\"@id\":\"https:\/\/metaltale.com\/lv\/produkts\/dekorativa-tapa-toper-95-mm\/\",\"url\":\"https:\/\/metaltale.com\/lv\/produkts\/dekorativa-tapa-toper-95-mm\/\",\"name\":\"Dekorat\u012bv\u0101 tapa TOPER 95 mm - MetalTale.com\",\"isPartOf\":{\"@id\":\"https:\/\/metaltale.com\/lv\/#website\"},\"primaryImageOfPage\":{\"@id\":\"https:\/\/metaltale.com\/lv\/produkts\/dekorativa-tapa-toper-95-mm\/#primaryimage\"},\"image\":{\"@id\":\"https:\/\/metaltale.com\/lv\/produkts\/dekorativa-tapa-toper-95-mm\/#primaryimage\"},\"thumbnailUrl\":\"https:\/\/metaltale.com\/wp-content\/uploads\/2023\/12\/TOPER-dekoratyvinx117-smeigx117-130-mm.jpg\",\"datePublished\":\"2024-02-13T13:35:05+00:00\",\"dateModified\":\"2025-11-24T06:09:04+00:00\",\"breadcrumb\":{\"@id\":\"https:\/\/metaltale.com\/lv\/produkts\/dekorativa-tapa-toper-95-mm\/#breadcrumb\"},\"inLanguage\":\"lv-LV\",\"potentialAction\":[{\"@type\":\"ReadAction\",\"target\":[\"https:\/\/metaltale.com\/lv\/produkts\/dekorativa-tapa-toper-95-mm\/\"]}]},{\"@type\":\"ImageObject\",\"inLanguage\":\"lv-LV\",\"@id\":\"https:\/\/metaltale.com\/lv\/produkts\/dekorativa-tapa-toper-95-mm\/#primaryimage\",\"url\":\"https:\/\/metaltale.com\/wp-content\/uploads\/2023\/12\/TOPER-dekoratyvinx117-smeigx117-130-mm.jpg\",\"contentUrl\":\"https:\/\/metaltale.com\/wp-content\/uploads\/2023\/12\/TOPER-dekoratyvinx117-smeigx117-130-mm.jpg\",\"width\":800,\"height\":800,\"caption\":\"Dekorat\u012bv\u0101 tapa TOPER 130 mm\"},{\"@type\":\"BreadcrumbList\",\"@id\":\"https:\/\/metaltale.com\/lv\/produkts\/dekorativa-tapa-toper-95-mm\/#breadcrumb\",\"itemListElement\":[{\"@type\":\"ListItem\",\"position\":1,\"name\":\"Home\",\"item\":\"https:\/\/metaltale.com\/lv\/majas\/\"},{\"@type\":\"ListItem\",\"position\":2,\"name\":\"Veikals\",\"item\":\"https:\/\/metaltale.com\/lv\/shop\/\"},{\"@type\":\"ListItem\",\"position\":3,\"name\":\"Dekorat\u012bv\u0101 tapa TOPER 95 mm\"}]},{\"@type\":\"WebSite\",\"@id\":\"https:\/\/metaltale.com\/lv\/#website\",\"url\":\"https:\/\/metaltale.com\/lv\/\",\"name\":\"Metaltale.com\",\"description\":\"\",\"potentialAction\":[{\"@type\":\"SearchAction\",\"target\":{\"@type\":\"EntryPoint\",\"urlTemplate\":\"https:\/\/metaltale.com\/lv\/?s={search_term_string}\"},\"query-input\":{\"@type\":\"PropertyValueSpecification\",\"valueRequired\":true,\"valueName\":\"search_term_string\"}}],\"inLanguage\":\"lv-LV\"}]}<\/script>\n<!-- \/ Yoast SEO plugin. -->","yoast_head_json":{"title":"Dekorat\u012bv\u0101 tapa TOPER 95 mm - MetalTale.com","robots":{"index":"index","follow":"follow","max-snippet":"max-snippet:-1","max-image-preview":"max-image-preview:large","max-video-preview":"max-video-preview:-1"},"canonical":"https:\/\/metaltale.com\/lv\/produkts\/dekorativa-tapa-toper-95-mm\/","og_locale":"lv_LV","og_type":"article","og_title":"Dekorat\u012bv\u0101 tapa TOPER 95 mm - MetalTale.com","og_description":"Modelis CH.9604-B-PRGR Materi\u0101ls T\u0113rauds Kop\u0113jais augstums (cm ) 9,5 Kop\u0113jais platums (cm ) 2 T\u0113rauda kr\u0101sa Apdare Lakots Rustik\u0101lu interjera","og_url":"https:\/\/metaltale.com\/lv\/produkts\/dekorativa-tapa-toper-95-mm\/","og_site_name":"MetalTale.com","article_modified_time":"2025-11-24T06:09:04+00:00","og_image":[{"width":800,"height":800,"url":"https:\/\/metaltale.com\/wp-content\/uploads\/2023\/12\/TOPER-dekoratyvinx117-smeigx117-130-mm.jpg","type":"image\/jpeg"}],"twitter_card":"summary_large_image","twitter_misc":{"Est. reading time":"1 minute"},"schema":{"@context":"https:\/\/schema.org","@graph":[{"@type":"WebPage","@id":"https:\/\/metaltale.com\/lv\/produkts\/dekorativa-tapa-toper-95-mm\/","url":"https:\/\/metaltale.com\/lv\/produkts\/dekorativa-tapa-toper-95-mm\/","name":"Dekorat\u012bv\u0101 tapa TOPER 95 mm - MetalTale.com","isPartOf":{"@id":"https:\/\/metaltale.com\/lv\/#website"},"primaryImageOfPage":{"@id":"https:\/\/metaltale.com\/lv\/produkts\/dekorativa-tapa-toper-95-mm\/#primaryimage"},"image":{"@id":"https:\/\/metaltale.com\/lv\/produkts\/dekorativa-tapa-toper-95-mm\/#primaryimage"},"thumbnailUrl":"https:\/\/metaltale.com\/wp-content\/uploads\/2023\/12\/TOPER-dekoratyvinx117-smeigx117-130-mm.jpg","datePublished":"2024-02-13T13:35:05+00:00","dateModified":"2025-11-24T06:09:04+00:00","breadcrumb":{"@id":"https:\/\/metaltale.com\/lv\/produkts\/dekorativa-tapa-toper-95-mm\/#breadcrumb"},"inLanguage":"lv-LV","potentialAction":[{"@type":"ReadAction","target":["https:\/\/metaltale.com\/lv\/produkts\/dekorativa-tapa-toper-95-mm\/"]}]},{"@type":"ImageObject","inLanguage":"lv-LV","@id":"https:\/\/metaltale.com\/lv\/produkts\/dekorativa-tapa-toper-95-mm\/#primaryimage","url":"https:\/\/metaltale.com\/wp-content\/uploads\/2023\/12\/TOPER-dekoratyvinx117-smeigx117-130-mm.jpg","contentUrl":"https:\/\/metaltale.com\/wp-content\/uploads\/2023\/12\/TOPER-dekoratyvinx117-smeigx117-130-mm.jpg","width":800,"height":800,"caption":"Dekorat\u012bv\u0101 tapa TOPER 130 mm"},{"@type":"BreadcrumbList","@id":"https:\/\/metaltale.com\/lv\/produkts\/dekorativa-tapa-toper-95-mm\/#breadcrumb","itemListElement":[{"@type":"ListItem","position":1,"name":"Home","item":"https:\/\/metaltale.com\/lv\/majas\/"},{"@type":"ListItem","position":2,"name":"Veikals","item":"https:\/\/metaltale.com\/lv\/shop\/"},{"@type":"ListItem","position":3,"name":"Dekorat\u012bv\u0101 tapa TOPER 95 mm"}]},{"@type":"WebSite","@id":"https:\/\/metaltale.com\/lv\/#website","url":"https:\/\/metaltale.com\/lv\/","name":"Metaltale.com","description":"","potentialAction":[{"@type":"SearchAction","target":{"@type":"EntryPoint","urlTemplate":"https:\/\/metaltale.com\/lv\/?s={search_term_string}"},"query-input":{"@type":"PropertyValueSpecification","valueRequired":true,"valueName":"search_term_string"}}],"inLanguage":"lv-LV"}]}},"_links":{"self":[{"href":"https:\/\/metaltale.com\/lv\/wp-json\/wp\/v2\/product\/132806","targetHints":{"allow":["GET"]}}],"collection":[{"href":"https:\/\/metaltale.com\/lv\/wp-json\/wp\/v2\/product"}],"about":[{"href":"https:\/\/metaltale.com\/lv\/wp-json\/wp\/v2\/types\/product"}],"replies":[{"embeddable":true,"href":"https:\/\/metaltale.com\/lv\/wp-json\/wp\/v2\/comments?post=132806"}],"version-history":[{"count":0,"href":"https:\/\/metaltale.com\/lv\/wp-json\/wp\/v2\/product\/132806\/revisions"}],"wp:featuredmedia":[{"embeddable":true,"href":"https:\/\/metaltale.com\/lv\/wp-json\/wp\/v2\/media\/116941"}],"wp:attachment":[{"href":"https:\/\/metaltale.com\/lv\/wp-json\/wp\/v2\/media?parent=132806"}],"wp:term":[{"taxonomy":"product_brand","embeddable":true,"href":"https:\/\/metaltale.com\/lv\/wp-json\/wp\/v2\/product_brand?post=132806"},{"taxonomy":"product_cat","embeddable":true,"href":"https:\/\/metaltale.com\/lv\/wp-json\/wp\/v2\/product_cat?post=132806"},{"taxonomy":"product_tag","embeddable":true,"href":"https:\/\/metaltale.com\/lv\/wp-json\/wp\/v2\/product_tag?post=132806"}],"curies":[{"name":"wp","href":"https:\/\/api.w.org\/{rel}","templated":true}]}}