{"id":132803,"date":"2024-02-13T15:35:05","date_gmt":"2024-02-13T13:35:05","guid":{"rendered":"https:\/\/metaltale.com\/produktas\/dekorativa-tapa-flat\/"},"modified":"2024-02-13T15:35:05","modified_gmt":"2024-02-13T13:35:05","slug":"dekorativa-tapa-flat","status":"publish","type":"product","link":"https:\/\/metaltale.com\/lv\/produkts\/dekorativa-tapa-flat\/","title":{"rendered":"Dekorat\u012bv\u0101 tapa FLAT"},"content":{"rendered":"<div class=\"prod_data\">\n<p><strong>Modelis<\/strong> CH.9657-C<br \/>\n<strong>Materi\u0101ls<\/strong> T\u0113rauds<br \/>\n<strong>Kop\u0113jais augstums (cm<\/strong> ) 10,3<br \/>\n<strong>Kop\u0113jais diametrs (cm<\/strong> ) 5<br \/>\nT\u0113rauda <strong>kr\u0101sa<\/strong><br \/>\n<strong>Apdare<\/strong> Lakots<\/p>\n<p>Nagu galvi\u0146a, kas ir galvenais apdares elements uz daudziem lauku priek\u0161metiem, p\u0113c dizaina atg\u0101dina tradicion\u0101l\u0101s apdares naglas, kas m\u0113be\u013cu nozar\u0113 izmantotas jau paaudz\u0113m ilgi. Katru no tiem r\u016bp\u012bgi ar rok\u0101m izgatavo m\u016bsu prasm\u012bgie meistari, radot autentisku vintage saj\u016btu.<\/p>\n<p>Turkl\u0101t katra naglu futr\u0101\u013ca ori\u0123in\u0101l\u0101s formas izce\u013c \u0161\u012b \u0101rk\u0101rt\u012bgi v\u0113rt\u012bg\u0101 priek\u0161meta unikalit\u0101ti. Katra nagla ir r\u016bp\u012bgi impregn\u0113ta, lai nodro\u0161in\u0101tu ne tikai iztur\u012bbu, bet ar\u012b iztur\u012bgu lieto\u0161anu.<\/p>\n<\/div>\n","protected":false},"excerpt":{"rendered":"<p>Modelis CH.9657-C Materi\u0101ls T\u0113rauds Kop\u0113jais augstums (cm ) 10,3 Kop\u0113jais diametrs (cm ) 5 T\u0113rauda kr\u0101sa Apdare Lakots Nagu galvi\u0146a,<\/p>\n","protected":false},"featured_media":116989,"comment_status":"open","ping_status":"closed","template":"","meta":{"_acf_changed":false,"pmpro_default_level":""},"product_brand":[],"product_cat":[24061,23837],"product_tag":[],"class_list":{"0":"post-132803","1":"product","2":"type-product","3":"status-publish","4":"has-post-thumbnail","6":"product_cat-naglas-un-tapas","7":"product_cat-mebeles-piederumi","8":"pmpro-has-access","10":"first","11":"instock","12":"shipping-taxable","13":"purchasable","14":"product-type-simple"},"acf":[],"yoast_head":"<!-- This site is optimized with the Yoast SEO plugin v24.9 - https:\/\/yoast.com\/wordpress\/plugins\/seo\/ -->\n<title>Dekorat\u012bv\u0101 tapa FLAT - MetalTale.com<\/title>\n<meta name=\"robots\" content=\"index, follow, max-snippet:-1, max-image-preview:large, max-video-preview:-1\" \/>\n<link rel=\"canonical\" href=\"https:\/\/metaltale.com\/lv\/produkts\/dekorativa-tapa-flat\/\" \/>\n<meta property=\"og:locale\" content=\"lv_LV\" \/>\n<meta property=\"og:type\" content=\"article\" \/>\n<meta property=\"og:title\" content=\"Dekorat\u012bv\u0101 tapa FLAT - MetalTale.com\" \/>\n<meta property=\"og:description\" content=\"Modelis CH.9657-C Materi\u0101ls T\u0113rauds Kop\u0113jais augstums (cm ) 10,3 Kop\u0113jais diametrs (cm ) 5 T\u0113rauda kr\u0101sa Apdare Lakots Nagu galvi\u0146a,\" \/>\n<meta property=\"og:url\" content=\"https:\/\/metaltale.com\/lv\/produkts\/dekorativa-tapa-flat\/\" \/>\n<meta property=\"og:site_name\" content=\"MetalTale.com\" \/>\n<meta property=\"og:image\" content=\"https:\/\/metaltale.com\/wp-content\/uploads\/2023\/12\/Dekoratyviniai-kaltiniai-smeigtukai-FLAT.jpg\" \/>\n\t<meta property=\"og:image:width\" content=\"800\" \/>\n\t<meta property=\"og:image:height\" content=\"800\" \/>\n\t<meta property=\"og:image:type\" content=\"image\/jpeg\" \/>\n<meta name=\"twitter:card\" content=\"summary_large_image\" \/>\n<meta name=\"twitter:label1\" content=\"Est. reading time\" \/>\n\t<meta name=\"twitter:data1\" content=\"1 minute\" \/>\n<script type=\"application\/ld+json\" class=\"yoast-schema-graph\">{\"@context\":\"https:\/\/schema.org\",\"@graph\":[{\"@type\":\"WebPage\",\"@id\":\"https:\/\/metaltale.com\/lv\/produkts\/dekorativa-tapa-flat\/\",\"url\":\"https:\/\/metaltale.com\/lv\/produkts\/dekorativa-tapa-flat\/\",\"name\":\"Dekorat\u012bv\u0101 tapa FLAT - MetalTale.com\",\"isPartOf\":{\"@id\":\"https:\/\/metaltale.com\/lv\/#website\"},\"primaryImageOfPage\":{\"@id\":\"https:\/\/metaltale.com\/lv\/produkts\/dekorativa-tapa-flat\/#primaryimage\"},\"image\":{\"@id\":\"https:\/\/metaltale.com\/lv\/produkts\/dekorativa-tapa-flat\/#primaryimage\"},\"thumbnailUrl\":\"https:\/\/metaltale.com\/wp-content\/uploads\/2023\/12\/Dekoratyviniai-kaltiniai-smeigtukai-FLAT.jpg\",\"datePublished\":\"2024-02-13T13:35:05+00:00\",\"breadcrumb\":{\"@id\":\"https:\/\/metaltale.com\/lv\/produkts\/dekorativa-tapa-flat\/#breadcrumb\"},\"inLanguage\":\"lv-LV\",\"potentialAction\":[{\"@type\":\"ReadAction\",\"target\":[\"https:\/\/metaltale.com\/lv\/produkts\/dekorativa-tapa-flat\/\"]}]},{\"@type\":\"ImageObject\",\"inLanguage\":\"lv-LV\",\"@id\":\"https:\/\/metaltale.com\/lv\/produkts\/dekorativa-tapa-flat\/#primaryimage\",\"url\":\"https:\/\/metaltale.com\/wp-content\/uploads\/2023\/12\/Dekoratyviniai-kaltiniai-smeigtukai-FLAT.jpg\",\"contentUrl\":\"https:\/\/metaltale.com\/wp-content\/uploads\/2023\/12\/Dekoratyviniai-kaltiniai-smeigtukai-FLAT.jpg\",\"width\":800,\"height\":800,\"caption\":\"Dekorat\u012bv\u0101 tapa FLAT\"},{\"@type\":\"BreadcrumbList\",\"@id\":\"https:\/\/metaltale.com\/lv\/produkts\/dekorativa-tapa-flat\/#breadcrumb\",\"itemListElement\":[{\"@type\":\"ListItem\",\"position\":1,\"name\":\"Home\",\"item\":\"https:\/\/metaltale.com\/lv\/majas\/\"},{\"@type\":\"ListItem\",\"position\":2,\"name\":\"Veikals\",\"item\":\"https:\/\/metaltale.com\/lv\/shop\/\"},{\"@type\":\"ListItem\",\"position\":3,\"name\":\"Dekorat\u012bv\u0101 tapa FLAT\"}]},{\"@type\":\"WebSite\",\"@id\":\"https:\/\/metaltale.com\/lv\/#website\",\"url\":\"https:\/\/metaltale.com\/lv\/\",\"name\":\"Metaltale.com\",\"description\":\"\",\"potentialAction\":[{\"@type\":\"SearchAction\",\"target\":{\"@type\":\"EntryPoint\",\"urlTemplate\":\"https:\/\/metaltale.com\/lv\/?s={search_term_string}\"},\"query-input\":{\"@type\":\"PropertyValueSpecification\",\"valueRequired\":true,\"valueName\":\"search_term_string\"}}],\"inLanguage\":\"lv-LV\"}]}<\/script>\n<!-- \/ Yoast SEO plugin. -->","yoast_head_json":{"title":"Dekorat\u012bv\u0101 tapa FLAT - MetalTale.com","robots":{"index":"index","follow":"follow","max-snippet":"max-snippet:-1","max-image-preview":"max-image-preview:large","max-video-preview":"max-video-preview:-1"},"canonical":"https:\/\/metaltale.com\/lv\/produkts\/dekorativa-tapa-flat\/","og_locale":"lv_LV","og_type":"article","og_title":"Dekorat\u012bv\u0101 tapa FLAT - MetalTale.com","og_description":"Modelis CH.9657-C Materi\u0101ls T\u0113rauds Kop\u0113jais augstums (cm ) 10,3 Kop\u0113jais diametrs (cm ) 5 T\u0113rauda kr\u0101sa Apdare Lakots Nagu galvi\u0146a,","og_url":"https:\/\/metaltale.com\/lv\/produkts\/dekorativa-tapa-flat\/","og_site_name":"MetalTale.com","og_image":[{"width":800,"height":800,"url":"https:\/\/metaltale.com\/wp-content\/uploads\/2023\/12\/Dekoratyviniai-kaltiniai-smeigtukai-FLAT.jpg","type":"image\/jpeg"}],"twitter_card":"summary_large_image","twitter_misc":{"Est. reading time":"1 minute"},"schema":{"@context":"https:\/\/schema.org","@graph":[{"@type":"WebPage","@id":"https:\/\/metaltale.com\/lv\/produkts\/dekorativa-tapa-flat\/","url":"https:\/\/metaltale.com\/lv\/produkts\/dekorativa-tapa-flat\/","name":"Dekorat\u012bv\u0101 tapa FLAT - MetalTale.com","isPartOf":{"@id":"https:\/\/metaltale.com\/lv\/#website"},"primaryImageOfPage":{"@id":"https:\/\/metaltale.com\/lv\/produkts\/dekorativa-tapa-flat\/#primaryimage"},"image":{"@id":"https:\/\/metaltale.com\/lv\/produkts\/dekorativa-tapa-flat\/#primaryimage"},"thumbnailUrl":"https:\/\/metaltale.com\/wp-content\/uploads\/2023\/12\/Dekoratyviniai-kaltiniai-smeigtukai-FLAT.jpg","datePublished":"2024-02-13T13:35:05+00:00","breadcrumb":{"@id":"https:\/\/metaltale.com\/lv\/produkts\/dekorativa-tapa-flat\/#breadcrumb"},"inLanguage":"lv-LV","potentialAction":[{"@type":"ReadAction","target":["https:\/\/metaltale.com\/lv\/produkts\/dekorativa-tapa-flat\/"]}]},{"@type":"ImageObject","inLanguage":"lv-LV","@id":"https:\/\/metaltale.com\/lv\/produkts\/dekorativa-tapa-flat\/#primaryimage","url":"https:\/\/metaltale.com\/wp-content\/uploads\/2023\/12\/Dekoratyviniai-kaltiniai-smeigtukai-FLAT.jpg","contentUrl":"https:\/\/metaltale.com\/wp-content\/uploads\/2023\/12\/Dekoratyviniai-kaltiniai-smeigtukai-FLAT.jpg","width":800,"height":800,"caption":"Dekorat\u012bv\u0101 tapa FLAT"},{"@type":"BreadcrumbList","@id":"https:\/\/metaltale.com\/lv\/produkts\/dekorativa-tapa-flat\/#breadcrumb","itemListElement":[{"@type":"ListItem","position":1,"name":"Home","item":"https:\/\/metaltale.com\/lv\/majas\/"},{"@type":"ListItem","position":2,"name":"Veikals","item":"https:\/\/metaltale.com\/lv\/shop\/"},{"@type":"ListItem","position":3,"name":"Dekorat\u012bv\u0101 tapa FLAT"}]},{"@type":"WebSite","@id":"https:\/\/metaltale.com\/lv\/#website","url":"https:\/\/metaltale.com\/lv\/","name":"Metaltale.com","description":"","potentialAction":[{"@type":"SearchAction","target":{"@type":"EntryPoint","urlTemplate":"https:\/\/metaltale.com\/lv\/?s={search_term_string}"},"query-input":{"@type":"PropertyValueSpecification","valueRequired":true,"valueName":"search_term_string"}}],"inLanguage":"lv-LV"}]}},"_links":{"self":[{"href":"https:\/\/metaltale.com\/lv\/wp-json\/wp\/v2\/product\/132803","targetHints":{"allow":["GET"]}}],"collection":[{"href":"https:\/\/metaltale.com\/lv\/wp-json\/wp\/v2\/product"}],"about":[{"href":"https:\/\/metaltale.com\/lv\/wp-json\/wp\/v2\/types\/product"}],"replies":[{"embeddable":true,"href":"https:\/\/metaltale.com\/lv\/wp-json\/wp\/v2\/comments?post=132803"}],"version-history":[{"count":0,"href":"https:\/\/metaltale.com\/lv\/wp-json\/wp\/v2\/product\/132803\/revisions"}],"wp:featuredmedia":[{"embeddable":true,"href":"https:\/\/metaltale.com\/lv\/wp-json\/wp\/v2\/media\/116989"}],"wp:attachment":[{"href":"https:\/\/metaltale.com\/lv\/wp-json\/wp\/v2\/media?parent=132803"}],"wp:term":[{"taxonomy":"product_brand","embeddable":true,"href":"https:\/\/metaltale.com\/lv\/wp-json\/wp\/v2\/product_brand?post=132803"},{"taxonomy":"product_cat","embeddable":true,"href":"https:\/\/metaltale.com\/lv\/wp-json\/wp\/v2\/product_cat?post=132803"},{"taxonomy":"product_tag","embeddable":true,"href":"https:\/\/metaltale.com\/lv\/wp-json\/wp\/v2\/product_tag?post=132803"}],"curies":[{"name":"wp","href":"https:\/\/api.w.org\/{rel}","templated":true}]}}