{"id":132800,"date":"2024-02-13T15:35:05","date_gmt":"2024-02-13T13:35:05","guid":{"rendered":"https:\/\/metaltale.com\/produktas\/metala-svecturis-edward\/"},"modified":"2024-02-13T15:35:05","modified_gmt":"2024-02-13T13:35:05","slug":"metala-svecturis-edward","status":"publish","type":"product","link":"https:\/\/metaltale.com\/lv\/produkts\/metala-svecturis-edward\/","title":{"rendered":"Met\u0101la sve\u010dturis EDWARD"},"content":{"rendered":"<div class=\"prod_data\"><strong>Modelis<\/strong> CH.8926  <br \/><strong>Materi\u0101ls<\/strong> T\u0113rauds  <br \/><strong>Kop\u0113jais augstums (cm<\/strong> ) 17,5  <br \/><strong>Kop\u0113jais diametrs (cm<\/strong> ) 6  <br \/>T\u0113rauda kr\u0101sa <br \/><strong>Apdare<\/strong> Lakots  <\/p>\n<p>t\u0113rauda sve\u010du tur\u0113t\u0101js &#8211; iztur\u012bbas garantija<\/p>\n<p>redzamas \u0101mura p\u0113das &#8211; lauku akcents<\/p>\n<p>Sveces tur\u0113t\u0101jam izv\u0113lieties sveci ar diametru 2,2 cm.<\/p>\n<hr>\n<p>Rustik\u0101li rot\u0101jumi ir lielisks veids, k\u0101 izcelt m\u016bsu interjeru. To dabiskie materi\u0101li, vienk\u0101r\u0161\u0101s formas un rustik\u0101l\u0101s deta\u013cas k\u013c\u016bs par neat\u0146emamiem m\u016bsu interjera dizaina elementiem.<\/p>\n<p>\u0160is Edvarda laikmeta sve\u010dturis ir izgatavots no t\u0113rauda, kas tam pie\u0161\u0137ir stabilit\u0101ti un iztur\u012bbu, un uz t\u0101 ir kal\u0161anas p\u0113das. Pamatnei ir dekorat\u012bvas deta\u013cas, kas piesaist\u012bs uzman\u012bbu. Viens no \u0161\u012b sve\u010dtura unik\u0101lajiem elementiem ir augst\u0101 k\u0101ja, kas beidzas ar kausu vienai svecei. \u0160is slaidais un harmoniskais dizains rada skaistu centr\u0101lo punktu, kas lieliski iederas lauku interjer\u0101.<\/p>\n<\/div>\n","protected":false},"excerpt":{"rendered":"<p>Modelis CH.8926 Materi\u0101ls T\u0113rauds Kop\u0113jais augstums (cm ) 17,5 Kop\u0113jais diametrs (cm ) 6 T\u0113rauda kr\u0101sa Apdare Lakots t\u0113rauda sve\u010du<\/p>\n","protected":false},"featured_media":116960,"comment_status":"open","ping_status":"closed","template":"","meta":{"_acf_changed":false,"pmpro_default_level":""},"product_brand":[],"product_cat":[24105],"product_tag":[],"class_list":{"0":"post-132800","1":"product","2":"type-product","3":"status-publish","4":"has-post-thumbnail","6":"product_cat-uzcelamie-svecturi","7":"pmpro-has-access","9":"first","10":"instock","11":"shipping-taxable","12":"purchasable","13":"product-type-simple"},"acf":[],"yoast_head":"<!-- This site is optimized with the Yoast SEO plugin v24.9 - https:\/\/yoast.com\/wordpress\/plugins\/seo\/ -->\n<title>Met\u0101la sve\u010dturis EDWARD - MetalTale.com<\/title>\n<meta name=\"robots\" content=\"index, follow, max-snippet:-1, max-image-preview:large, max-video-preview:-1\" \/>\n<link rel=\"canonical\" href=\"https:\/\/metaltale.com\/lv\/produkts\/metala-svecturis-edward\/\" \/>\n<meta property=\"og:locale\" content=\"lv_LV\" \/>\n<meta property=\"og:type\" content=\"article\" \/>\n<meta property=\"og:title\" content=\"Met\u0101la sve\u010dturis EDWARD - MetalTale.com\" \/>\n<meta property=\"og:description\" content=\"Modelis CH.8926 Materi\u0101ls T\u0113rauds Kop\u0113jais augstums (cm ) 17,5 Kop\u0113jais diametrs (cm ) 6 T\u0113rauda kr\u0101sa Apdare Lakots t\u0113rauda sve\u010du\" \/>\n<meta property=\"og:url\" content=\"https:\/\/metaltale.com\/lv\/produkts\/metala-svecturis-edward\/\" \/>\n<meta property=\"og:site_name\" content=\"MetalTale.com\" \/>\n<meta name=\"twitter:card\" content=\"summary_large_image\" \/>\n<meta name=\"twitter:label1\" content=\"Est. reading time\" \/>\n\t<meta name=\"twitter:data1\" content=\"1 minute\" \/>\n<script type=\"application\/ld+json\" class=\"yoast-schema-graph\">{\"@context\":\"https:\/\/schema.org\",\"@graph\":[{\"@type\":\"WebPage\",\"@id\":\"https:\/\/metaltale.com\/lv\/produkts\/metala-svecturis-edward\/\",\"url\":\"https:\/\/metaltale.com\/lv\/produkts\/metala-svecturis-edward\/\",\"name\":\"Met\u0101la sve\u010dturis EDWARD - MetalTale.com\",\"isPartOf\":{\"@id\":\"https:\/\/metaltale.com\/lv\/#website\"},\"primaryImageOfPage\":{\"@id\":\"https:\/\/metaltale.com\/lv\/produkts\/metala-svecturis-edward\/#primaryimage\"},\"image\":{\"@id\":\"https:\/\/metaltale.com\/lv\/produkts\/metala-svecturis-edward\/#primaryimage\"},\"thumbnailUrl\":\"https:\/\/metaltale.com\/wp-content\/uploads\/2023\/12\/Stovintis-metalinis-x17Evakidx117s-laikiklis-EDWARD.jpg\",\"datePublished\":\"2024-02-13T13:35:05+00:00\",\"breadcrumb\":{\"@id\":\"https:\/\/metaltale.com\/lv\/produkts\/metala-svecturis-edward\/#breadcrumb\"},\"inLanguage\":\"lv-LV\",\"potentialAction\":[{\"@type\":\"ReadAction\",\"target\":[\"https:\/\/metaltale.com\/lv\/produkts\/metala-svecturis-edward\/\"]}]},{\"@type\":\"ImageObject\",\"inLanguage\":\"lv-LV\",\"@id\":\"https:\/\/metaltale.com\/lv\/produkts\/metala-svecturis-edward\/#primaryimage\",\"url\":\"https:\/\/metaltale.com\/wp-content\/uploads\/2023\/12\/Stovintis-metalinis-x17Evakidx117s-laikiklis-EDWARD.jpg\",\"contentUrl\":\"https:\/\/metaltale.com\/wp-content\/uploads\/2023\/12\/Stovintis-metalinis-x17Evakidx117s-laikiklis-EDWARD.jpg\",\"width\":800,\"height\":800},{\"@type\":\"BreadcrumbList\",\"@id\":\"https:\/\/metaltale.com\/lv\/produkts\/metala-svecturis-edward\/#breadcrumb\",\"itemListElement\":[{\"@type\":\"ListItem\",\"position\":1,\"name\":\"Home\",\"item\":\"https:\/\/metaltale.com\/lv\/majas\/\"},{\"@type\":\"ListItem\",\"position\":2,\"name\":\"Veikals\",\"item\":\"https:\/\/metaltale.com\/lv\/shop\/\"},{\"@type\":\"ListItem\",\"position\":3,\"name\":\"Met\u0101la sve\u010dturis EDWARD\"}]},{\"@type\":\"WebSite\",\"@id\":\"https:\/\/metaltale.com\/lv\/#website\",\"url\":\"https:\/\/metaltale.com\/lv\/\",\"name\":\"Metaltale.com\",\"description\":\"\",\"potentialAction\":[{\"@type\":\"SearchAction\",\"target\":{\"@type\":\"EntryPoint\",\"urlTemplate\":\"https:\/\/metaltale.com\/lv\/?s={search_term_string}\"},\"query-input\":{\"@type\":\"PropertyValueSpecification\",\"valueRequired\":true,\"valueName\":\"search_term_string\"}}],\"inLanguage\":\"lv-LV\"}]}<\/script>\n<!-- \/ Yoast SEO plugin. -->","yoast_head_json":{"title":"Met\u0101la sve\u010dturis EDWARD - MetalTale.com","robots":{"index":"index","follow":"follow","max-snippet":"max-snippet:-1","max-image-preview":"max-image-preview:large","max-video-preview":"max-video-preview:-1"},"canonical":"https:\/\/metaltale.com\/lv\/produkts\/metala-svecturis-edward\/","og_locale":"lv_LV","og_type":"article","og_title":"Met\u0101la sve\u010dturis EDWARD - MetalTale.com","og_description":"Modelis CH.8926 Materi\u0101ls T\u0113rauds Kop\u0113jais augstums (cm ) 17,5 Kop\u0113jais diametrs (cm ) 6 T\u0113rauda kr\u0101sa Apdare Lakots t\u0113rauda sve\u010du","og_url":"https:\/\/metaltale.com\/lv\/produkts\/metala-svecturis-edward\/","og_site_name":"MetalTale.com","twitter_card":"summary_large_image","twitter_misc":{"Est. reading time":"1 minute"},"schema":{"@context":"https:\/\/schema.org","@graph":[{"@type":"WebPage","@id":"https:\/\/metaltale.com\/lv\/produkts\/metala-svecturis-edward\/","url":"https:\/\/metaltale.com\/lv\/produkts\/metala-svecturis-edward\/","name":"Met\u0101la sve\u010dturis EDWARD - MetalTale.com","isPartOf":{"@id":"https:\/\/metaltale.com\/lv\/#website"},"primaryImageOfPage":{"@id":"https:\/\/metaltale.com\/lv\/produkts\/metala-svecturis-edward\/#primaryimage"},"image":{"@id":"https:\/\/metaltale.com\/lv\/produkts\/metala-svecturis-edward\/#primaryimage"},"thumbnailUrl":"https:\/\/metaltale.com\/wp-content\/uploads\/2023\/12\/Stovintis-metalinis-x17Evakidx117s-laikiklis-EDWARD.jpg","datePublished":"2024-02-13T13:35:05+00:00","breadcrumb":{"@id":"https:\/\/metaltale.com\/lv\/produkts\/metala-svecturis-edward\/#breadcrumb"},"inLanguage":"lv-LV","potentialAction":[{"@type":"ReadAction","target":["https:\/\/metaltale.com\/lv\/produkts\/metala-svecturis-edward\/"]}]},{"@type":"ImageObject","inLanguage":"lv-LV","@id":"https:\/\/metaltale.com\/lv\/produkts\/metala-svecturis-edward\/#primaryimage","url":"https:\/\/metaltale.com\/wp-content\/uploads\/2023\/12\/Stovintis-metalinis-x17Evakidx117s-laikiklis-EDWARD.jpg","contentUrl":"https:\/\/metaltale.com\/wp-content\/uploads\/2023\/12\/Stovintis-metalinis-x17Evakidx117s-laikiklis-EDWARD.jpg","width":800,"height":800},{"@type":"BreadcrumbList","@id":"https:\/\/metaltale.com\/lv\/produkts\/metala-svecturis-edward\/#breadcrumb","itemListElement":[{"@type":"ListItem","position":1,"name":"Home","item":"https:\/\/metaltale.com\/lv\/majas\/"},{"@type":"ListItem","position":2,"name":"Veikals","item":"https:\/\/metaltale.com\/lv\/shop\/"},{"@type":"ListItem","position":3,"name":"Met\u0101la sve\u010dturis EDWARD"}]},{"@type":"WebSite","@id":"https:\/\/metaltale.com\/lv\/#website","url":"https:\/\/metaltale.com\/lv\/","name":"Metaltale.com","description":"","potentialAction":[{"@type":"SearchAction","target":{"@type":"EntryPoint","urlTemplate":"https:\/\/metaltale.com\/lv\/?s={search_term_string}"},"query-input":{"@type":"PropertyValueSpecification","valueRequired":true,"valueName":"search_term_string"}}],"inLanguage":"lv-LV"}]}},"_links":{"self":[{"href":"https:\/\/metaltale.com\/lv\/wp-json\/wp\/v2\/product\/132800","targetHints":{"allow":["GET"]}}],"collection":[{"href":"https:\/\/metaltale.com\/lv\/wp-json\/wp\/v2\/product"}],"about":[{"href":"https:\/\/metaltale.com\/lv\/wp-json\/wp\/v2\/types\/product"}],"replies":[{"embeddable":true,"href":"https:\/\/metaltale.com\/lv\/wp-json\/wp\/v2\/comments?post=132800"}],"version-history":[{"count":0,"href":"https:\/\/metaltale.com\/lv\/wp-json\/wp\/v2\/product\/132800\/revisions"}],"wp:featuredmedia":[{"embeddable":true,"href":"https:\/\/metaltale.com\/lv\/wp-json\/wp\/v2\/media\/116960"}],"wp:attachment":[{"href":"https:\/\/metaltale.com\/lv\/wp-json\/wp\/v2\/media?parent=132800"}],"wp:term":[{"taxonomy":"product_brand","embeddable":true,"href":"https:\/\/metaltale.com\/lv\/wp-json\/wp\/v2\/product_brand?post=132800"},{"taxonomy":"product_cat","embeddable":true,"href":"https:\/\/metaltale.com\/lv\/wp-json\/wp\/v2\/product_cat?post=132800"},{"taxonomy":"product_tag","embeddable":true,"href":"https:\/\/metaltale.com\/lv\/wp-json\/wp\/v2\/product_tag?post=132800"}],"curies":[{"name":"wp","href":"https:\/\/api.w.org\/{rel}","templated":true}]}}