{"id":132793,"date":"2024-02-13T15:35:05","date_gmt":"2024-02-13T13:35:05","guid":{"rendered":"https:\/\/metaltale.com\/produktas\/metala-sienas-lampa-screamed\/"},"modified":"2024-02-13T15:35:05","modified_gmt":"2024-02-13T13:35:05","slug":"metala-sienas-lampa-screamed","status":"publish","type":"product","link":"https:\/\/metaltale.com\/lv\/produkts\/metala-sienas-lampa-screamed\/","title":{"rendered":"Met\u0101la sienas lampa SCREAMED"},"content":{"rendered":"<div class=\"prod_data\"><strong>Modelis<\/strong> CH.3745  <br \/><strong>Materi\u0101ls<\/strong> T\u0113rauds  <br \/><strong>Kop\u0113jais augstums (cm<\/strong> ) 37  <br \/><strong>Kop\u0113jais platums (cm<\/strong> ) 11  <br \/><strong>Kop\u0113j\u0101 projekcija (cm<\/strong> ) 10,5  <br \/><strong>Mont\u0101\u017eas skr\u016bves<\/strong> J\u0101  <br \/>T\u0113rauda kr\u0101sa <br \/><strong>Apdare<\/strong> Lakots  <\/p>\n<p>augsts sienas sve\u010du tur\u0113t\u0101js, kas \u013cauj ietaup\u012bt vietu uz galda virsmas vai galda.<\/p>\n<p>izgatavots no t\u0113rauda, lai nodro\u0161in\u0101tu produkta iztur\u012bbu.<\/p>\n<p>caurumi stabilai piekarei<\/p>\n<p>Piem\u0113rots svec\u0113m ar diametru l\u012bdz 2,2 cm.<\/p>\n<hr>\n<p>Sienas sve\u010dturis ir izgatavots no t\u0113rauda, kas noz\u012bm\u0113, ka tas ilgi rot\u0101s m\u016bsu interjeru. Pie sienas piestiprin\u0101mais sve\u010dturis ir ori\u0123in\u0101la apgaismojuma ideja, kas pie\u0161\u0137ir telp\u0101m intimit\u0101ti un m\u0101j\u012bgumu. Produkts ir ar\u012b lieliska alternat\u012bva tradicion\u0101lajiem sienas gaismek\u013ciem. Sve\u010du tur\u0113t\u0101jam ir dekorat\u012bvs gals ar sav\u012btiem galiem, kas lieliski iederas zemnieciskaj\u0101 stil\u0101.<\/p>\n<\/div>\n","protected":false},"excerpt":{"rendered":"<p>Modelis CH.3745 Materi\u0101ls T\u0113rauds Kop\u0113jais augstums (cm ) 37 Kop\u0113jais platums (cm ) 11 Kop\u0113j\u0101 projekcija (cm ) 10,5 Mont\u0101\u017eas<\/p>\n","protected":false},"featured_media":116887,"comment_status":"open","ping_status":"closed","template":"","meta":{"_acf_changed":false,"pmpro_default_level":""},"product_brand":[],"product_cat":[24104],"product_tag":[],"class_list":{"0":"post-132793","1":"product","2":"type-product","3":"status-publish","4":"has-post-thumbnail","6":"product_cat-piekaramie-svecturi","7":"pmpro-has-access","9":"first","10":"instock","11":"shipping-taxable","12":"purchasable","13":"product-type-simple"},"acf":[],"yoast_head":"<!-- This site is optimized with the Yoast SEO plugin v24.9 - https:\/\/yoast.com\/wordpress\/plugins\/seo\/ -->\n<title>Met\u0101la sienas lampa SCREAMED - MetalTale.com<\/title>\n<meta name=\"robots\" content=\"index, follow, max-snippet:-1, max-image-preview:large, max-video-preview:-1\" \/>\n<link rel=\"canonical\" href=\"https:\/\/metaltale.com\/lv\/produkts\/metala-sienas-lampa-screamed\/\" \/>\n<meta property=\"og:locale\" content=\"lv_LV\" \/>\n<meta property=\"og:type\" content=\"article\" \/>\n<meta property=\"og:title\" content=\"Met\u0101la sienas lampa SCREAMED - MetalTale.com\" \/>\n<meta property=\"og:description\" content=\"Modelis CH.3745 Materi\u0101ls T\u0113rauds Kop\u0113jais augstums (cm ) 37 Kop\u0113jais platums (cm ) 11 Kop\u0113j\u0101 projekcija (cm ) 10,5 Mont\u0101\u017eas\" \/>\n<meta property=\"og:url\" content=\"https:\/\/metaltale.com\/lv\/produkts\/metala-sienas-lampa-screamed\/\" \/>\n<meta property=\"og:site_name\" content=\"MetalTale.com\" \/>\n<meta name=\"twitter:card\" content=\"summary_large_image\" \/>\n<meta name=\"twitter:label1\" content=\"Est. reading time\" \/>\n\t<meta name=\"twitter:data1\" content=\"1 minute\" \/>\n<script type=\"application\/ld+json\" class=\"yoast-schema-graph\">{\"@context\":\"https:\/\/schema.org\",\"@graph\":[{\"@type\":\"WebPage\",\"@id\":\"https:\/\/metaltale.com\/lv\/produkts\/metala-sienas-lampa-screamed\/\",\"url\":\"https:\/\/metaltale.com\/lv\/produkts\/metala-sienas-lampa-screamed\/\",\"name\":\"Met\u0101la sienas lampa SCREAMED - MetalTale.com\",\"isPartOf\":{\"@id\":\"https:\/\/metaltale.com\/lv\/#website\"},\"primaryImageOfPage\":{\"@id\":\"https:\/\/metaltale.com\/lv\/produkts\/metala-sienas-lampa-screamed\/#primaryimage\"},\"image\":{\"@id\":\"https:\/\/metaltale.com\/lv\/produkts\/metala-sienas-lampa-screamed\/#primaryimage\"},\"thumbnailUrl\":\"https:\/\/metaltale.com\/wp-content\/uploads\/2023\/12\/Metalinis-sieninis-x161viestuvas-SCREAMED.jpg\",\"datePublished\":\"2024-02-13T13:35:05+00:00\",\"breadcrumb\":{\"@id\":\"https:\/\/metaltale.com\/lv\/produkts\/metala-sienas-lampa-screamed\/#breadcrumb\"},\"inLanguage\":\"lv-LV\",\"potentialAction\":[{\"@type\":\"ReadAction\",\"target\":[\"https:\/\/metaltale.com\/lv\/produkts\/metala-sienas-lampa-screamed\/\"]}]},{\"@type\":\"ImageObject\",\"inLanguage\":\"lv-LV\",\"@id\":\"https:\/\/metaltale.com\/lv\/produkts\/metala-sienas-lampa-screamed\/#primaryimage\",\"url\":\"https:\/\/metaltale.com\/wp-content\/uploads\/2023\/12\/Metalinis-sieninis-x161viestuvas-SCREAMED.jpg\",\"contentUrl\":\"https:\/\/metaltale.com\/wp-content\/uploads\/2023\/12\/Metalinis-sieninis-x161viestuvas-SCREAMED.jpg\",\"width\":800,\"height\":800},{\"@type\":\"BreadcrumbList\",\"@id\":\"https:\/\/metaltale.com\/lv\/produkts\/metala-sienas-lampa-screamed\/#breadcrumb\",\"itemListElement\":[{\"@type\":\"ListItem\",\"position\":1,\"name\":\"Home\",\"item\":\"https:\/\/metaltale.com\/lv\/majas\/\"},{\"@type\":\"ListItem\",\"position\":2,\"name\":\"Veikals\",\"item\":\"https:\/\/metaltale.com\/lv\/shop\/\"},{\"@type\":\"ListItem\",\"position\":3,\"name\":\"Met\u0101la sienas lampa SCREAMED\"}]},{\"@type\":\"WebSite\",\"@id\":\"https:\/\/metaltale.com\/lv\/#website\",\"url\":\"https:\/\/metaltale.com\/lv\/\",\"name\":\"Metaltale.com\",\"description\":\"\",\"potentialAction\":[{\"@type\":\"SearchAction\",\"target\":{\"@type\":\"EntryPoint\",\"urlTemplate\":\"https:\/\/metaltale.com\/lv\/?s={search_term_string}\"},\"query-input\":{\"@type\":\"PropertyValueSpecification\",\"valueRequired\":true,\"valueName\":\"search_term_string\"}}],\"inLanguage\":\"lv-LV\"}]}<\/script>\n<!-- \/ Yoast SEO plugin. -->","yoast_head_json":{"title":"Met\u0101la sienas lampa SCREAMED - MetalTale.com","robots":{"index":"index","follow":"follow","max-snippet":"max-snippet:-1","max-image-preview":"max-image-preview:large","max-video-preview":"max-video-preview:-1"},"canonical":"https:\/\/metaltale.com\/lv\/produkts\/metala-sienas-lampa-screamed\/","og_locale":"lv_LV","og_type":"article","og_title":"Met\u0101la sienas lampa SCREAMED - MetalTale.com","og_description":"Modelis CH.3745 Materi\u0101ls T\u0113rauds Kop\u0113jais augstums (cm ) 37 Kop\u0113jais platums (cm ) 11 Kop\u0113j\u0101 projekcija (cm ) 10,5 Mont\u0101\u017eas","og_url":"https:\/\/metaltale.com\/lv\/produkts\/metala-sienas-lampa-screamed\/","og_site_name":"MetalTale.com","twitter_card":"summary_large_image","twitter_misc":{"Est. reading time":"1 minute"},"schema":{"@context":"https:\/\/schema.org","@graph":[{"@type":"WebPage","@id":"https:\/\/metaltale.com\/lv\/produkts\/metala-sienas-lampa-screamed\/","url":"https:\/\/metaltale.com\/lv\/produkts\/metala-sienas-lampa-screamed\/","name":"Met\u0101la sienas lampa SCREAMED - MetalTale.com","isPartOf":{"@id":"https:\/\/metaltale.com\/lv\/#website"},"primaryImageOfPage":{"@id":"https:\/\/metaltale.com\/lv\/produkts\/metala-sienas-lampa-screamed\/#primaryimage"},"image":{"@id":"https:\/\/metaltale.com\/lv\/produkts\/metala-sienas-lampa-screamed\/#primaryimage"},"thumbnailUrl":"https:\/\/metaltale.com\/wp-content\/uploads\/2023\/12\/Metalinis-sieninis-x161viestuvas-SCREAMED.jpg","datePublished":"2024-02-13T13:35:05+00:00","breadcrumb":{"@id":"https:\/\/metaltale.com\/lv\/produkts\/metala-sienas-lampa-screamed\/#breadcrumb"},"inLanguage":"lv-LV","potentialAction":[{"@type":"ReadAction","target":["https:\/\/metaltale.com\/lv\/produkts\/metala-sienas-lampa-screamed\/"]}]},{"@type":"ImageObject","inLanguage":"lv-LV","@id":"https:\/\/metaltale.com\/lv\/produkts\/metala-sienas-lampa-screamed\/#primaryimage","url":"https:\/\/metaltale.com\/wp-content\/uploads\/2023\/12\/Metalinis-sieninis-x161viestuvas-SCREAMED.jpg","contentUrl":"https:\/\/metaltale.com\/wp-content\/uploads\/2023\/12\/Metalinis-sieninis-x161viestuvas-SCREAMED.jpg","width":800,"height":800},{"@type":"BreadcrumbList","@id":"https:\/\/metaltale.com\/lv\/produkts\/metala-sienas-lampa-screamed\/#breadcrumb","itemListElement":[{"@type":"ListItem","position":1,"name":"Home","item":"https:\/\/metaltale.com\/lv\/majas\/"},{"@type":"ListItem","position":2,"name":"Veikals","item":"https:\/\/metaltale.com\/lv\/shop\/"},{"@type":"ListItem","position":3,"name":"Met\u0101la sienas lampa SCREAMED"}]},{"@type":"WebSite","@id":"https:\/\/metaltale.com\/lv\/#website","url":"https:\/\/metaltale.com\/lv\/","name":"Metaltale.com","description":"","potentialAction":[{"@type":"SearchAction","target":{"@type":"EntryPoint","urlTemplate":"https:\/\/metaltale.com\/lv\/?s={search_term_string}"},"query-input":{"@type":"PropertyValueSpecification","valueRequired":true,"valueName":"search_term_string"}}],"inLanguage":"lv-LV"}]}},"_links":{"self":[{"href":"https:\/\/metaltale.com\/lv\/wp-json\/wp\/v2\/product\/132793","targetHints":{"allow":["GET"]}}],"collection":[{"href":"https:\/\/metaltale.com\/lv\/wp-json\/wp\/v2\/product"}],"about":[{"href":"https:\/\/metaltale.com\/lv\/wp-json\/wp\/v2\/types\/product"}],"replies":[{"embeddable":true,"href":"https:\/\/metaltale.com\/lv\/wp-json\/wp\/v2\/comments?post=132793"}],"version-history":[{"count":0,"href":"https:\/\/metaltale.com\/lv\/wp-json\/wp\/v2\/product\/132793\/revisions"}],"wp:featuredmedia":[{"embeddable":true,"href":"https:\/\/metaltale.com\/lv\/wp-json\/wp\/v2\/media\/116887"}],"wp:attachment":[{"href":"https:\/\/metaltale.com\/lv\/wp-json\/wp\/v2\/media?parent=132793"}],"wp:term":[{"taxonomy":"product_brand","embeddable":true,"href":"https:\/\/metaltale.com\/lv\/wp-json\/wp\/v2\/product_brand?post=132793"},{"taxonomy":"product_cat","embeddable":true,"href":"https:\/\/metaltale.com\/lv\/wp-json\/wp\/v2\/product_cat?post=132793"},{"taxonomy":"product_tag","embeddable":true,"href":"https:\/\/metaltale.com\/lv\/wp-json\/wp\/v2\/product_tag?post=132793"}],"curies":[{"name":"wp","href":"https:\/\/api.w.org\/{rel}","templated":true}]}}