{"id":132791,"date":"2024-04-29T10:54:05","date_gmt":"2024-04-29T08:54:05","guid":{"rendered":"https:\/\/metaltale.com\/produktas\/viktorijas-laikmeta-velas-zavetajs\/"},"modified":"2024-04-29T10:54:05","modified_gmt":"2024-04-29T08:54:05","slug":"viktorijas-laikmeta-velas-zavetajs","status":"publish","type":"product","link":"https:\/\/metaltale.com\/lv\/produkts\/viktorijas-laikmeta-velas-zavetajs\/","title":{"rendered":"Viktorijas laikmeta ve\u013cas \u017e\u0101v\u0113t\u0101js"},"content":{"rendered":"<div class=\"prod_data\">\n<p>4015 <strong>modelis<\/strong><br \/>\n<strong>Materi\u0101ls<\/strong> T\u0113rauds, \u010duguns<br \/>\nT\u0113rauda <strong>kr\u0101sa<\/strong><br \/>\n<strong>PAPILDU INFORM\u0100CIJA <\/strong>Virve un koka d\u012bbe\u013ci nav iek\u013cauti komplekt\u0101<\/p>\n<p>19. gadsimta Lielbrit\u0101nij\u0101 Viktorijas laikmetu raksturoja iev\u0113rojams tehnolo\u0123iju, tostarp sadz\u012bves tehnikas, progress.<\/p>\n<p>Pirms m\u016bsdienu ve\u013cas ma\u0161\u012bnu un ve\u013cas \u017e\u0101v\u0113t\u0101ju par\u0101d\u012b\u0161an\u0101s ve\u013cas mazg\u0101\u0161ana pras\u012bja daudz laika un bie\u017ei vien tika veikta ar rok\u0101m. P\u0113c mazg\u0101\u0161anas dr\u0113bes bija j\u0101\u017e\u0101v\u0113, bet bie\u017ei vien ir ierobe\u017eota telpa un laika apst\u0101k\u013ci, \u012bpa\u0161i pils\u0113t\u0101s.<\/p>\n<p>Tajos laikos m\u0101jok\u013cos parasti bija augsti griesti un nelielas virtuves vai ve\u013cas mazg\u0101tavas, kur\u0101s var\u0113ja pak\u0101rt dr\u0113bes \u017e\u0101v\u0113\u0161anai. Dr\u0113bju \u017e\u0101v\u0113t\u0101js tika projekt\u0113ts t\u0101, lai maksim\u0101li izmantotu vertik\u0101lo telpu, izmantojot pacel\u0161anas meh\u0101nismu un virvi, ar ko \u017e\u0101v\u0113t\u0101ju pacelt un nolaist no griestiem. Tas \u013c\u0101va efekt\u012bvi \u017e\u0101v\u0113t ve\u013cu kr\u0101sn\u012b, vienlaikus samazinot lieko ve\u013cas daudzumu uz gr\u012bdas.<\/p>\n<p>\u0160o v\u0113sturisko sadz\u012bves risin\u0101jumu var atrast vintage cien\u012bt\u0101ju m\u0101j\u0101s k\u0101 dekorat\u012bvu deta\u013cu modernos m\u0101jok\u013cos, pat m\u016bsdien\u012bgos interjeros &#8211; gar\u0161augu \u017e\u0101v\u0113\u0161anai vai vara trauku piek\u0101r\u0161anai virs virtuves salas. Da\u017ei cilv\u0113ki \u0161o \u017e\u0101v\u0113t\u0101ju izmanto vecmod\u012bgi, taupot vietu, un ve\u013cu \u017e\u0101v\u0113 tr\u012bs reizes \u0101tr\u0101k nek\u0101 parasti.<\/p>\n<\/div>\n","protected":false},"excerpt":{"rendered":"<p>4015 modelis Materi\u0101ls T\u0113rauds, \u010duguns T\u0113rauda kr\u0101sa PAPILDU INFORM\u0100CIJA Virve un koka d\u012bbe\u013ci nav iek\u013cauti komplekt\u0101 19. gadsimta Lielbrit\u0101nij\u0101 Viktorijas<\/p>\n","protected":false},"featured_media":132236,"comment_status":"open","ping_status":"closed","template":"","meta":{"_acf_changed":false,"pmpro_default_level":""},"product_brand":[],"product_cat":[24125,24055,24069],"product_tag":[],"class_list":{"0":"post-132791","1":"product","2":"type-product","3":"status-publish","4":"has-post-thumbnail","6":"product_cat-piekares-un-sliedes","7":"product_cat-rotajumi","8":"product_cat-virtuves-rotajumi","9":"pmpro-has-access","11":"first","12":"instock","13":"shipping-taxable","14":"purchasable","15":"product-type-simple"},"acf":[],"yoast_head":"<!-- This site is optimized with the Yoast SEO plugin v24.9 - https:\/\/yoast.com\/wordpress\/plugins\/seo\/ -->\n<title>Viktorijas laikmeta ve\u013cas \u017e\u0101v\u0113t\u0101js - MetalTale.com<\/title>\n<meta name=\"robots\" content=\"index, follow, max-snippet:-1, max-image-preview:large, max-video-preview:-1\" \/>\n<link rel=\"canonical\" href=\"https:\/\/metaltale.com\/lv\/produkts\/viktorijas-laikmeta-velas-zavetajs\/\" \/>\n<meta property=\"og:locale\" content=\"lv_LV\" \/>\n<meta property=\"og:type\" content=\"article\" \/>\n<meta property=\"og:title\" content=\"Viktorijas laikmeta ve\u013cas \u017e\u0101v\u0113t\u0101js - MetalTale.com\" \/>\n<meta property=\"og:description\" content=\"4015 modelis Materi\u0101ls T\u0113rauds, \u010duguns T\u0113rauda kr\u0101sa PAPILDU INFORM\u0100CIJA Virve un koka d\u012bbe\u013ci nav iek\u013cauti komplekt\u0101 19. gadsimta Lielbrit\u0101nij\u0101 Viktorijas\" \/>\n<meta property=\"og:url\" content=\"https:\/\/metaltale.com\/lv\/produkts\/viktorijas-laikmeta-velas-zavetajs\/\" \/>\n<meta property=\"og:site_name\" content=\"MetalTale.com\" \/>\n<meta name=\"twitter:card\" content=\"summary_large_image\" \/>\n<meta name=\"twitter:label1\" content=\"Est. reading time\" \/>\n\t<meta name=\"twitter:data1\" content=\"1 minute\" \/>\n<script type=\"application\/ld+json\" class=\"yoast-schema-graph\">{\"@context\":\"https:\/\/schema.org\",\"@graph\":[{\"@type\":\"WebPage\",\"@id\":\"https:\/\/metaltale.com\/lv\/produkts\/viktorijas-laikmeta-velas-zavetajs\/\",\"url\":\"https:\/\/metaltale.com\/lv\/produkts\/viktorijas-laikmeta-velas-zavetajs\/\",\"name\":\"Viktorijas laikmeta ve\u013cas \u017e\u0101v\u0113t\u0101js - MetalTale.com\",\"isPartOf\":{\"@id\":\"https:\/\/metaltale.com\/lv\/#website\"},\"primaryImageOfPage\":{\"@id\":\"https:\/\/metaltale.com\/lv\/produkts\/viktorijas-laikmeta-velas-zavetajs\/#primaryimage\"},\"image\":{\"@id\":\"https:\/\/metaltale.com\/lv\/produkts\/viktorijas-laikmeta-velas-zavetajs\/#primaryimage\"},\"thumbnailUrl\":\"https:\/\/metaltale.com\/wp-content\/uploads\/2024\/04\/20240429_104631-scaled-e1714381910471.jpg\",\"datePublished\":\"2024-04-29T08:54:05+00:00\",\"breadcrumb\":{\"@id\":\"https:\/\/metaltale.com\/lv\/produkts\/viktorijas-laikmeta-velas-zavetajs\/#breadcrumb\"},\"inLanguage\":\"lv-LV\",\"potentialAction\":[{\"@type\":\"ReadAction\",\"target\":[\"https:\/\/metaltale.com\/lv\/produkts\/viktorijas-laikmeta-velas-zavetajs\/\"]}]},{\"@type\":\"ImageObject\",\"inLanguage\":\"lv-LV\",\"@id\":\"https:\/\/metaltale.com\/lv\/produkts\/viktorijas-laikmeta-velas-zavetajs\/#primaryimage\",\"url\":\"https:\/\/metaltale.com\/wp-content\/uploads\/2024\/04\/20240429_104631-scaled-e1714381910471.jpg\",\"contentUrl\":\"https:\/\/metaltale.com\/wp-content\/uploads\/2024\/04\/20240429_104631-scaled-e1714381910471.jpg\",\"width\":1557,\"height\":1557},{\"@type\":\"BreadcrumbList\",\"@id\":\"https:\/\/metaltale.com\/lv\/produkts\/viktorijas-laikmeta-velas-zavetajs\/#breadcrumb\",\"itemListElement\":[{\"@type\":\"ListItem\",\"position\":1,\"name\":\"Home\",\"item\":\"https:\/\/metaltale.com\/lv\/majas\/\"},{\"@type\":\"ListItem\",\"position\":2,\"name\":\"Veikals\",\"item\":\"https:\/\/metaltale.com\/lv\/shop\/\"},{\"@type\":\"ListItem\",\"position\":3,\"name\":\"Viktorijas laikmeta ve\u013cas \u017e\u0101v\u0113t\u0101js\"}]},{\"@type\":\"WebSite\",\"@id\":\"https:\/\/metaltale.com\/lv\/#website\",\"url\":\"https:\/\/metaltale.com\/lv\/\",\"name\":\"Metaltale.com\",\"description\":\"\",\"potentialAction\":[{\"@type\":\"SearchAction\",\"target\":{\"@type\":\"EntryPoint\",\"urlTemplate\":\"https:\/\/metaltale.com\/lv\/?s={search_term_string}\"},\"query-input\":{\"@type\":\"PropertyValueSpecification\",\"valueRequired\":true,\"valueName\":\"search_term_string\"}}],\"inLanguage\":\"lv-LV\"}]}<\/script>\n<!-- \/ Yoast SEO plugin. -->","yoast_head_json":{"title":"Viktorijas laikmeta ve\u013cas \u017e\u0101v\u0113t\u0101js - MetalTale.com","robots":{"index":"index","follow":"follow","max-snippet":"max-snippet:-1","max-image-preview":"max-image-preview:large","max-video-preview":"max-video-preview:-1"},"canonical":"https:\/\/metaltale.com\/lv\/produkts\/viktorijas-laikmeta-velas-zavetajs\/","og_locale":"lv_LV","og_type":"article","og_title":"Viktorijas laikmeta ve\u013cas \u017e\u0101v\u0113t\u0101js - MetalTale.com","og_description":"4015 modelis Materi\u0101ls T\u0113rauds, \u010duguns T\u0113rauda kr\u0101sa PAPILDU INFORM\u0100CIJA Virve un koka d\u012bbe\u013ci nav iek\u013cauti komplekt\u0101 19. gadsimta Lielbrit\u0101nij\u0101 Viktorijas","og_url":"https:\/\/metaltale.com\/lv\/produkts\/viktorijas-laikmeta-velas-zavetajs\/","og_site_name":"MetalTale.com","twitter_card":"summary_large_image","twitter_misc":{"Est. reading time":"1 minute"},"schema":{"@context":"https:\/\/schema.org","@graph":[{"@type":"WebPage","@id":"https:\/\/metaltale.com\/lv\/produkts\/viktorijas-laikmeta-velas-zavetajs\/","url":"https:\/\/metaltale.com\/lv\/produkts\/viktorijas-laikmeta-velas-zavetajs\/","name":"Viktorijas laikmeta ve\u013cas \u017e\u0101v\u0113t\u0101js - MetalTale.com","isPartOf":{"@id":"https:\/\/metaltale.com\/lv\/#website"},"primaryImageOfPage":{"@id":"https:\/\/metaltale.com\/lv\/produkts\/viktorijas-laikmeta-velas-zavetajs\/#primaryimage"},"image":{"@id":"https:\/\/metaltale.com\/lv\/produkts\/viktorijas-laikmeta-velas-zavetajs\/#primaryimage"},"thumbnailUrl":"https:\/\/metaltale.com\/wp-content\/uploads\/2024\/04\/20240429_104631-scaled-e1714381910471.jpg","datePublished":"2024-04-29T08:54:05+00:00","breadcrumb":{"@id":"https:\/\/metaltale.com\/lv\/produkts\/viktorijas-laikmeta-velas-zavetajs\/#breadcrumb"},"inLanguage":"lv-LV","potentialAction":[{"@type":"ReadAction","target":["https:\/\/metaltale.com\/lv\/produkts\/viktorijas-laikmeta-velas-zavetajs\/"]}]},{"@type":"ImageObject","inLanguage":"lv-LV","@id":"https:\/\/metaltale.com\/lv\/produkts\/viktorijas-laikmeta-velas-zavetajs\/#primaryimage","url":"https:\/\/metaltale.com\/wp-content\/uploads\/2024\/04\/20240429_104631-scaled-e1714381910471.jpg","contentUrl":"https:\/\/metaltale.com\/wp-content\/uploads\/2024\/04\/20240429_104631-scaled-e1714381910471.jpg","width":1557,"height":1557},{"@type":"BreadcrumbList","@id":"https:\/\/metaltale.com\/lv\/produkts\/viktorijas-laikmeta-velas-zavetajs\/#breadcrumb","itemListElement":[{"@type":"ListItem","position":1,"name":"Home","item":"https:\/\/metaltale.com\/lv\/majas\/"},{"@type":"ListItem","position":2,"name":"Veikals","item":"https:\/\/metaltale.com\/lv\/shop\/"},{"@type":"ListItem","position":3,"name":"Viktorijas laikmeta ve\u013cas \u017e\u0101v\u0113t\u0101js"}]},{"@type":"WebSite","@id":"https:\/\/metaltale.com\/lv\/#website","url":"https:\/\/metaltale.com\/lv\/","name":"Metaltale.com","description":"","potentialAction":[{"@type":"SearchAction","target":{"@type":"EntryPoint","urlTemplate":"https:\/\/metaltale.com\/lv\/?s={search_term_string}"},"query-input":{"@type":"PropertyValueSpecification","valueRequired":true,"valueName":"search_term_string"}}],"inLanguage":"lv-LV"}]}},"_links":{"self":[{"href":"https:\/\/metaltale.com\/lv\/wp-json\/wp\/v2\/product\/132791","targetHints":{"allow":["GET"]}}],"collection":[{"href":"https:\/\/metaltale.com\/lv\/wp-json\/wp\/v2\/product"}],"about":[{"href":"https:\/\/metaltale.com\/lv\/wp-json\/wp\/v2\/types\/product"}],"replies":[{"embeddable":true,"href":"https:\/\/metaltale.com\/lv\/wp-json\/wp\/v2\/comments?post=132791"}],"version-history":[{"count":0,"href":"https:\/\/metaltale.com\/lv\/wp-json\/wp\/v2\/product\/132791\/revisions"}],"wp:featuredmedia":[{"embeddable":true,"href":"https:\/\/metaltale.com\/lv\/wp-json\/wp\/v2\/media\/132236"}],"wp:attachment":[{"href":"https:\/\/metaltale.com\/lv\/wp-json\/wp\/v2\/media?parent=132791"}],"wp:term":[{"taxonomy":"product_brand","embeddable":true,"href":"https:\/\/metaltale.com\/lv\/wp-json\/wp\/v2\/product_brand?post=132791"},{"taxonomy":"product_cat","embeddable":true,"href":"https:\/\/metaltale.com\/lv\/wp-json\/wp\/v2\/product_cat?post=132791"},{"taxonomy":"product_tag","embeddable":true,"href":"https:\/\/metaltale.com\/lv\/wp-json\/wp\/v2\/product_tag?post=132791"}],"curies":[{"name":"wp","href":"https:\/\/api.w.org\/{rel}","templated":true}]}}