{"id":132763,"date":"2024-02-13T15:37:15","date_gmt":"2024-02-13T13:37:15","guid":{"rendered":"https:\/\/metaltale.com\/?post_type=product&#038;p=132763"},"modified":"2024-10-16T20:21:23","modified_gmt":"2024-10-16T18:21:23","slug":"3d-attels-loft-city-150x55-cm","status":"publish","type":"product","link":"https:\/\/metaltale.com\/lv\/produkts\/3d-attels-loft-city-150x55-cm\/","title":{"rendered":"3D att\u0113ls LOFT CITY 150&#215;55 cm"},"content":{"rendered":"<div class=\"prod_data\"><strong>Modelis<\/strong> PT.F21002  <br \/><strong>EAN.<\/strong>  5907772073766  <br \/><strong>Platums (cm)<\/strong> 150  <br \/><strong>Augstums (cm<\/strong> ) 55  <br \/><strong>Biezums (cm<\/strong> ) 6,5  <br \/><strong>Materi\u0101ls<\/strong> Koks, kokskaidu pl\u0101tne, plastmasa  <br \/><strong>Orient\u0101cija<\/strong> Horizont\u0101l\u0101  <br \/>\u0112kas \/ objekti ar <strong>mot\u012bviem<\/strong>  <\/p>\n<p>&#8211; Ap\u0161uvuma un plastmasas 3D skats<br \/>&#8211; koka r\u0101mis veido iztur\u012bgu konstrukciju, kas pasarg\u0101 att\u0113lu no izkrop\u013cojumiem.<br \/>&#8211; re\u0101li izci\u013c\u0146i  <br \/>&#8211; Ton\u0113tas kr\u0101sas garant\u0113 apdares daudzpus\u012bbu un m\u016b\u017e\u012bgumu.<br \/>&#8211; impregn\u0113\u0161ana ar bezkr\u0101sainu laku nodro\u0161ina kr\u0101sas notur\u012bbu un iztur\u012bbu pret skr\u0101p\u0113jumiem.<br \/>&#8211; m\u016bsdien\u012bga kompoz\u012bcija, kas atg\u0101dina pils\u0113tas panor\u0101mu ar debesskr\u0101pjiem, kas \u0161\u0137\u0113rso debesis.<\/p>\n<hr>\n<p>\u0160is unik\u0101lais 3D telpiskais att\u0113ls ar neparastu formu un unik\u0101l\u0101m kr\u0101s\u0101m ir ori\u0123in\u0101ls dekors un ori\u0123in\u0101la d\u0101vanas ideja. Stil\u012bg\u0101 zelta un sudraba to\u0146u kombin\u0101cija un dizainera izmantot\u0101 plastmasa rada p\u0101rsteidzo\u0161u kompoz\u012bciju &#8211; pils\u0113tas panor\u0101mu, kas atspogu\u013cojas \u016bden\u012b. Vai ar\u012b kaut ko pavisam citu? Interpret\u0101cijas br\u012bv\u012bba pie\u0161\u0137ir gleznai dzi\u013cumu un nosl\u0113pumain\u012bbu. \u0160\u012b sienas dekora m\u016b\u017e\u012bgais raksturs izpau\u017eas t\u0101 vienk\u0101r\u0161aj\u0101 form\u0101 un klasiskaj\u0101 form\u0101 &#8211; pla\u0161s taisnst\u016bris lieliski izskat\u0101s virs gultas vai kumodes. Liels 3D met\u0101la att\u0113ls b\u016bs piem\u0113rots ar\u012b liel\u0101k\u0101s telp\u0101s. Izgatavots ar rok\u0101m, lai garant\u0113tu katra izstr\u0101d\u0101juma unikalit\u0101ti. Komplekt\u0101 iek\u013cautie mont\u0101\u017eas kron\u0161teini nodro\u0161ina vienk\u0101r\u0161u un iztur\u012bgu stiprin\u0101jumu. Virsm\u0101 redzamie nobr\u0101zumi un citi izkrop\u013cojumi ir t\u012b\u0161s efekts, kas att\u0113lam pie\u0161\u0137ir dzi\u013cumu. Lakas impregn\u0113\u0161ana aizsarg\u0101 virsmu pret boj\u0101jumiem.<\/p>\n<\/div>\n","protected":false},"excerpt":{"rendered":"<p>Modelis PT.F21002 EAN. 5907772073766 Platums (cm) 150 Augstums (cm ) 55 Biezums (cm ) 6,5 Materi\u0101ls Koks, kokskaidu pl\u0101tne, plastmasa<\/p>\n","protected":false},"featured_media":130127,"comment_status":"open","ping_status":"closed","template":"","meta":{"_acf_changed":false,"pmpro_default_level":""},"product_brand":[],"product_cat":[24055,23908],"product_tag":[],"class_list":{"0":"post-132763","1":"product","2":"type-product","3":"status-publish","4":"has-post-thumbnail","6":"product_cat-rotajumi","7":"product_cat-3d-paveikslai-lv","8":"pmpro-has-access","10":"first","11":"instock","12":"shipping-taxable","13":"purchasable","14":"product-type-simple"},"acf":[],"yoast_head":"<!-- This site is optimized with the Yoast SEO plugin v24.9 - https:\/\/yoast.com\/wordpress\/plugins\/seo\/ -->\n<title>3D att\u0113ls LOFT CITY 150x55 cm - MetalTale.com<\/title>\n<meta name=\"robots\" content=\"index, follow, max-snippet:-1, max-image-preview:large, max-video-preview:-1\" \/>\n<link rel=\"canonical\" href=\"https:\/\/metaltale.com\/lv\/produkts\/3d-attels-loft-city-150x55-cm\/\" \/>\n<meta property=\"og:locale\" content=\"lv_LV\" \/>\n<meta property=\"og:type\" content=\"article\" \/>\n<meta property=\"og:title\" content=\"3D att\u0113ls LOFT CITY 150x55 cm - MetalTale.com\" \/>\n<meta property=\"og:description\" content=\"Modelis PT.F21002 EAN. 5907772073766 Platums (cm) 150 Augstums (cm ) 55 Biezums (cm ) 6,5 Materi\u0101ls Koks, kokskaidu pl\u0101tne, plastmasa\" \/>\n<meta property=\"og:url\" content=\"https:\/\/metaltale.com\/lv\/produkts\/3d-attels-loft-city-150x55-cm\/\" \/>\n<meta property=\"og:site_name\" content=\"MetalTale.com\" \/>\n<meta property=\"article:modified_time\" content=\"2024-10-16T18:21:23+00:00\" \/>\n<meta property=\"og:image\" content=\"http:\/\/metaltale.com\/wp-content\/uploads\/2024\/01\/3D-vaizdas-LOFT-CITY-150x55-cm.jpg\" \/>\n\t<meta property=\"og:image:width\" content=\"800\" \/>\n\t<meta property=\"og:image:height\" content=\"800\" \/>\n\t<meta property=\"og:image:type\" content=\"image\/jpeg\" \/>\n<meta name=\"twitter:card\" content=\"summary_large_image\" \/>\n<meta name=\"twitter:label1\" content=\"Est. reading time\" \/>\n\t<meta name=\"twitter:data1\" content=\"1 minute\" \/>\n<script type=\"application\/ld+json\" class=\"yoast-schema-graph\">{\"@context\":\"https:\/\/schema.org\",\"@graph\":[{\"@type\":\"WebPage\",\"@id\":\"https:\/\/metaltale.com\/lv\/produkts\/3d-attels-loft-city-150x55-cm\/\",\"url\":\"https:\/\/metaltale.com\/lv\/produkts\/3d-attels-loft-city-150x55-cm\/\",\"name\":\"3D att\u0113ls LOFT CITY 150x55 cm - MetalTale.com\",\"isPartOf\":{\"@id\":\"https:\/\/metaltale.com\/lv\/#website\"},\"primaryImageOfPage\":{\"@id\":\"https:\/\/metaltale.com\/lv\/produkts\/3d-attels-loft-city-150x55-cm\/#primaryimage\"},\"image\":{\"@id\":\"https:\/\/metaltale.com\/lv\/produkts\/3d-attels-loft-city-150x55-cm\/#primaryimage\"},\"thumbnailUrl\":\"https:\/\/metaltale.com\/wp-content\/uploads\/2024\/01\/3D-vaizdas-LOFT-CITY-150x55-cm.jpg\",\"datePublished\":\"2024-02-13T13:37:15+00:00\",\"dateModified\":\"2024-10-16T18:21:23+00:00\",\"breadcrumb\":{\"@id\":\"https:\/\/metaltale.com\/lv\/produkts\/3d-attels-loft-city-150x55-cm\/#breadcrumb\"},\"inLanguage\":\"lv-LV\",\"potentialAction\":[{\"@type\":\"ReadAction\",\"target\":[\"https:\/\/metaltale.com\/lv\/produkts\/3d-attels-loft-city-150x55-cm\/\"]}]},{\"@type\":\"ImageObject\",\"inLanguage\":\"lv-LV\",\"@id\":\"https:\/\/metaltale.com\/lv\/produkts\/3d-attels-loft-city-150x55-cm\/#primaryimage\",\"url\":\"https:\/\/metaltale.com\/wp-content\/uploads\/2024\/01\/3D-vaizdas-LOFT-CITY-150x55-cm.jpg\",\"contentUrl\":\"https:\/\/metaltale.com\/wp-content\/uploads\/2024\/01\/3D-vaizdas-LOFT-CITY-150x55-cm.jpg\",\"width\":800,\"height\":800},{\"@type\":\"BreadcrumbList\",\"@id\":\"https:\/\/metaltale.com\/lv\/produkts\/3d-attels-loft-city-150x55-cm\/#breadcrumb\",\"itemListElement\":[{\"@type\":\"ListItem\",\"position\":1,\"name\":\"Home\",\"item\":\"https:\/\/metaltale.com\/lv\/majas\/\"},{\"@type\":\"ListItem\",\"position\":2,\"name\":\"Veikals\",\"item\":\"https:\/\/metaltale.com\/lv\/shop\/\"},{\"@type\":\"ListItem\",\"position\":3,\"name\":\"3D att\u0113ls LOFT CITY 150&#215;55 cm\"}]},{\"@type\":\"WebSite\",\"@id\":\"https:\/\/metaltale.com\/lv\/#website\",\"url\":\"https:\/\/metaltale.com\/lv\/\",\"name\":\"Metaltale.com\",\"description\":\"\",\"potentialAction\":[{\"@type\":\"SearchAction\",\"target\":{\"@type\":\"EntryPoint\",\"urlTemplate\":\"https:\/\/metaltale.com\/lv\/?s={search_term_string}\"},\"query-input\":{\"@type\":\"PropertyValueSpecification\",\"valueRequired\":true,\"valueName\":\"search_term_string\"}}],\"inLanguage\":\"lv-LV\"}]}<\/script>\n<!-- \/ Yoast SEO plugin. -->","yoast_head_json":{"title":"3D att\u0113ls LOFT CITY 150x55 cm - MetalTale.com","robots":{"index":"index","follow":"follow","max-snippet":"max-snippet:-1","max-image-preview":"max-image-preview:large","max-video-preview":"max-video-preview:-1"},"canonical":"https:\/\/metaltale.com\/lv\/produkts\/3d-attels-loft-city-150x55-cm\/","og_locale":"lv_LV","og_type":"article","og_title":"3D att\u0113ls LOFT CITY 150x55 cm - MetalTale.com","og_description":"Modelis PT.F21002 EAN. 5907772073766 Platums (cm) 150 Augstums (cm ) 55 Biezums (cm ) 6,5 Materi\u0101ls Koks, kokskaidu pl\u0101tne, plastmasa","og_url":"https:\/\/metaltale.com\/lv\/produkts\/3d-attels-loft-city-150x55-cm\/","og_site_name":"MetalTale.com","article_modified_time":"2024-10-16T18:21:23+00:00","og_image":[{"width":800,"height":800,"url":"http:\/\/metaltale.com\/wp-content\/uploads\/2024\/01\/3D-vaizdas-LOFT-CITY-150x55-cm.jpg","type":"image\/jpeg"}],"twitter_card":"summary_large_image","twitter_misc":{"Est. reading time":"1 minute"},"schema":{"@context":"https:\/\/schema.org","@graph":[{"@type":"WebPage","@id":"https:\/\/metaltale.com\/lv\/produkts\/3d-attels-loft-city-150x55-cm\/","url":"https:\/\/metaltale.com\/lv\/produkts\/3d-attels-loft-city-150x55-cm\/","name":"3D att\u0113ls LOFT CITY 150x55 cm - MetalTale.com","isPartOf":{"@id":"https:\/\/metaltale.com\/lv\/#website"},"primaryImageOfPage":{"@id":"https:\/\/metaltale.com\/lv\/produkts\/3d-attels-loft-city-150x55-cm\/#primaryimage"},"image":{"@id":"https:\/\/metaltale.com\/lv\/produkts\/3d-attels-loft-city-150x55-cm\/#primaryimage"},"thumbnailUrl":"https:\/\/metaltale.com\/wp-content\/uploads\/2024\/01\/3D-vaizdas-LOFT-CITY-150x55-cm.jpg","datePublished":"2024-02-13T13:37:15+00:00","dateModified":"2024-10-16T18:21:23+00:00","breadcrumb":{"@id":"https:\/\/metaltale.com\/lv\/produkts\/3d-attels-loft-city-150x55-cm\/#breadcrumb"},"inLanguage":"lv-LV","potentialAction":[{"@type":"ReadAction","target":["https:\/\/metaltale.com\/lv\/produkts\/3d-attels-loft-city-150x55-cm\/"]}]},{"@type":"ImageObject","inLanguage":"lv-LV","@id":"https:\/\/metaltale.com\/lv\/produkts\/3d-attels-loft-city-150x55-cm\/#primaryimage","url":"https:\/\/metaltale.com\/wp-content\/uploads\/2024\/01\/3D-vaizdas-LOFT-CITY-150x55-cm.jpg","contentUrl":"https:\/\/metaltale.com\/wp-content\/uploads\/2024\/01\/3D-vaizdas-LOFT-CITY-150x55-cm.jpg","width":800,"height":800},{"@type":"BreadcrumbList","@id":"https:\/\/metaltale.com\/lv\/produkts\/3d-attels-loft-city-150x55-cm\/#breadcrumb","itemListElement":[{"@type":"ListItem","position":1,"name":"Home","item":"https:\/\/metaltale.com\/lv\/majas\/"},{"@type":"ListItem","position":2,"name":"Veikals","item":"https:\/\/metaltale.com\/lv\/shop\/"},{"@type":"ListItem","position":3,"name":"3D att\u0113ls LOFT CITY 150&#215;55 cm"}]},{"@type":"WebSite","@id":"https:\/\/metaltale.com\/lv\/#website","url":"https:\/\/metaltale.com\/lv\/","name":"Metaltale.com","description":"","potentialAction":[{"@type":"SearchAction","target":{"@type":"EntryPoint","urlTemplate":"https:\/\/metaltale.com\/lv\/?s={search_term_string}"},"query-input":{"@type":"PropertyValueSpecification","valueRequired":true,"valueName":"search_term_string"}}],"inLanguage":"lv-LV"}]}},"_links":{"self":[{"href":"https:\/\/metaltale.com\/lv\/wp-json\/wp\/v2\/product\/132763","targetHints":{"allow":["GET"]}}],"collection":[{"href":"https:\/\/metaltale.com\/lv\/wp-json\/wp\/v2\/product"}],"about":[{"href":"https:\/\/metaltale.com\/lv\/wp-json\/wp\/v2\/types\/product"}],"replies":[{"embeddable":true,"href":"https:\/\/metaltale.com\/lv\/wp-json\/wp\/v2\/comments?post=132763"}],"version-history":[{"count":1,"href":"https:\/\/metaltale.com\/lv\/wp-json\/wp\/v2\/product\/132763\/revisions"}],"predecessor-version":[{"id":141057,"href":"https:\/\/metaltale.com\/lv\/wp-json\/wp\/v2\/product\/132763\/revisions\/141057"}],"wp:featuredmedia":[{"embeddable":true,"href":"https:\/\/metaltale.com\/lv\/wp-json\/wp\/v2\/media\/130127"}],"wp:attachment":[{"href":"https:\/\/metaltale.com\/lv\/wp-json\/wp\/v2\/media?parent=132763"}],"wp:term":[{"taxonomy":"product_brand","embeddable":true,"href":"https:\/\/metaltale.com\/lv\/wp-json\/wp\/v2\/product_brand?post=132763"},{"taxonomy":"product_cat","embeddable":true,"href":"https:\/\/metaltale.com\/lv\/wp-json\/wp\/v2\/product_cat?post=132763"},{"taxonomy":"product_tag","embeddable":true,"href":"https:\/\/metaltale.com\/lv\/wp-json\/wp\/v2\/product_tag?post=132763"}],"curies":[{"name":"wp","href":"https:\/\/api.w.org\/{rel}","templated":true}]}}